{"id":10586,"date":"2022-11-20T18:30:56","date_gmt":"2022-11-20T16:30:56","guid":{"rendered":"https:\/\/marsuyhdistys.net\/home\/?page_id=10586"},"modified":"2025-02-02T19:48:24","modified_gmt":"2025-02-02T17:48:24","slug":"nayttelytulokset-2024","status":"publish","type":"page","link":"https:\/\/marsuyhdistys.net\/home\/nayttelytulokset-2024\/","title":{"rendered":"N\u00e4yttelytulokset 2024"},"content":{"rendered":"<p>Oulu 4.2.2024 <\/p>\n<p>Lemmikkiluokka1 Katja Oraj\u00e4rvi-Kotikangas<\/p>\n<p>Lemmikkiluokka2 Laura Moilanen<\/p>\n<p>Sile\u00e4karvaisten ulkomuoto-spesiaali, tuomari Elisa Svento<\/p>\n<p><a href=\"https:\/\/marsuyhdistys.net\/home\/wp-content\/uploads\/2024\/02\/sileiden-spesiaali-1.pdf\">Sile\u00e4karvaisten ulkomuoto- spesiaali Elisa Svento<\/a><\/p>\n<p><a href=\"https:\/\/marsuyhdistys.net\/home\/wp-content\/uploads\/2024\/02\/Oulu-lemmikkio-katja.pdf\">Lemmikki1 Katja Oraj\u00e4rvi-Kotikangas<\/a><\/p>\n<p><a href=\"https:\/\/marsuyhdistys.net\/home\/wp-content\/uploads\/2024\/02\/Lemmikkiluokka-2-Laura-Moilanen.pdf\">Lemmikkiluokka 2 Laura Moilanen<\/a><\/p>\n<hr>\n<p>9.3.2024 Osjh, Oulu <\/p>\n<p>Tuomari Lea Rahtu-Korpela<\/p>\n<p><a href=\"https:\/\/marsuyhdistys.net\/home\/wp-content\/uploads\/2024\/04\/Marsujen_tulokset.docx\">Tulokset<\/a><\/p>\n<hr \/>\n<p>20.-21.4 Helsinki Juhlan\u00e4yttely<\/p>\n<p>Ulkomuotoluokat<\/p>\n<p>Lauantai<br \/>Tuomari Jens Lindgren, SE<br \/><a href=\"https:\/\/marsuyhdistys.net\/home\/wp-content\/uploads\/2024\/04\/umljensla.pdf\">Tulokset<\/a><\/p>\n<p>Sunnuntai<br \/>Tuomari Sophie Louise Barnard, GB<br \/><a href=\"https:\/\/marsuyhdistys.net\/home\/wp-content\/uploads\/2024\/04\/sophiejunsu.pdf\">Tulokset juniorit<\/a><br \/><a href=\"https:\/\/marsuyhdistys.net\/home\/wp-content\/uploads\/2024\/04\/sophieaiksu.pdf\">Tulokset aikuiset<\/a><\/p>\n<p>Lemmikkiluokat<\/p>\n<p>Lauantai<\/p>\n<p>Juhlalemmikki Elisa Svento<\/p>\n<p><a href=\"https:\/\/marsuyhdistys.net\/home\/wp-content\/uploads\/2024\/04\/Lemmikkijuhla.pdf\">Tulokset<\/a>\u00a0<\/p>\n<p>Englantilainen lemmikkiluokka<br \/>Tuomari Sophie Louise Barnard, GB<br \/><a href=\"https:\/\/marsuyhdistys.net\/home\/wp-content\/uploads\/2024\/04\/sophieenkkulem.pdf\">Tulokset<\/a><\/p>\n<p>Sunnuntai<br \/>Lemmikki Tuomari Katja Oraj\u00e4rvi-Kotikangas<br \/><a href=\"https:\/\/marsuyhdistys.net\/home\/wp-content\/uploads\/2024\/04\/Lemmikki.pdf\">Tulokset<\/a><\/p>\n<hr \/>\n<p>25.5.2024, OSJH, Oulu, Lemmikkituomari: Elisa Svento<\/p>\n<p><a href=\"https:\/\/marsuyhdistys.net\/home\/wp-content\/uploads\/2024\/11\/Osjh-25.5.2024.pdf\">Tulokset<\/a><\/p>\n<hr \/>\n<p>15.6.2024 Triplan\u00e4yttely, Orrbyn Byahus, Ruotsi<\/p>\n<p><span data-contrast=\"auto\">Uml: Susanne Bornel\u00f6w (GB) <\/span><span data-ccp-props=\"{&quot;201341983&quot;:0,&quot;335559739&quot;:160,&quot;335559740&quot;:279}\">\u00a0<\/span><\/p>\n<p><span data-contrast=\"auto\">Marsuja: 50<\/span><span data-ccp-props=\"{&quot;201341983&quot;:0,&quot;335559739&quot;:160,&quot;335559740&quot;:279}\">\u00a0<\/span><\/p>\n<p><a href=\"https:\/\/marsuyhdistys.net\/home\/wp-content\/uploads\/2024\/06\/Triplanayttely-UML.pdf\">TULOKSET Triplan\u00e4yttely UML<\/a><\/p>\n<p>Lemmikkiluokka: Susanne Bornel\u00f6w (GB)<\/p>\n<p>Marsuja: 15 kpl<\/p>\n<p>TULOKSET T<a href=\"https:\/\/marsuyhdistys.net\/home\/wp-content\/uploads\/2024\/06\/Triplanayttely-lemmikki.pdf\">riplan\u00e4yttely lemmikki<\/a><\/p>\n<hr \/>\n<p>13.7.2024 Jurva<\/p>\n<p>UML 1 &amp; Lemmikkiluokka 1 Annfrid Kjelbergsengen (NO)<\/p>\n<p><a href=\"https:\/\/marsuyhdistys.net\/home\/wp-content\/uploads\/2024\/08\/jurva13.7.24ulkomuoto1annfrid.pdf\">TULOKSET UML<\/a><\/p>\n<p><a href=\"https:\/\/marsuyhdistys.net\/home\/wp-content\/uploads\/2024\/08\/JURVA-lemmikki1-annfrid.pdf\">TULOKSET LEMMIKKILUOKKA<\/a>\u00a0<\/p>\n<p>UML 2 &amp; Lemmikkiluokka 2 Lea Rahtu Korpela<\/p>\n<p><a href=\"https:\/\/marsuyhdistys.net\/home\/wp-content\/uploads\/2024\/08\/jurva13.7.24ulkomuoto2Lea.pdf\">TULOKSET UML<\/a>\u00a0<\/p>\n<p><a href=\"https:\/\/marsuyhdistys.net\/home\/wp-content\/uploads\/2024\/08\/JURVA-lemmikki2-lea-rahtu-korpela.pdf\">TULOKSET LEMMIKKILUOKKA<\/a><\/p>\n<p>\u00a0<\/p>\n<hr \/>\n<p>7.9.2024, OSJH, Oulu, lemmikkituomari: Laura Moilanen<\/p>\n<p><a href=\"https:\/\/marsuyhdistys.net\/home\/wp-content\/uploads\/2024\/11\/Lemmikkiluokan-tuloskaavakeSMY7.9.docx\">Tulokset<\/a><\/p>\n<hr \/>\n<h3>14.-15.9.2024 Nordic Champion Results<\/h3>\n<p>Kokonaispisteet maittain \/ points by country<\/p>\n<p>1.Finland 1470p<\/p>\n<p>2.Norway 405p<\/p>\n<p>3.Sweden 100p<\/p>\n<p><a href=\"https:\/\/marsuyhdistys.net\/home\/wp-content\/uploads\/2024\/09\/Juvenile-purebred-adult-2.pdf\">Juvenile purebred JUNIOR &amp; ADULT<\/a><\/p>\n<p><a href=\"https:\/\/marsuyhdistys.net\/home\/wp-content\/uploads\/2024\/09\/Purebred-junior.pdf\">PUREBRED JUNIOR<\/a><\/p>\n<p><a href=\"https:\/\/marsuyhdistys.net\/home\/wp-content\/uploads\/2024\/09\/PUREBRED-ADULT-1-1.pdf\">PUREBRED ADULT <\/a><\/p>\n<p><a href=\"https:\/\/marsuyhdistys.net\/home\/wp-content\/uploads\/2024\/09\/KASVATTAJA-JA-JALOSTUSLUOKAN-TULOKSET-.pdf\">KASVATTAJA-JA JALOSTUSLUOKAN TULOKSET<\/a><\/p>\n<p><a href=\"https:\/\/marsuyhdistys.net\/home\/wp-content\/uploads\/2024\/10\/PET-CHILDREN-CLASS.pdf\">PET CHILDREN CLASS<\/a><\/p>\n<p><a href=\"https:\/\/marsuyhdistys.net\/home\/wp-content\/uploads\/2024\/09\/PET-CLASS-RESULTS.pdf\">PET CLASS JUNIOR &amp; ADULT<\/a><\/p>\n<hr class=\"wp-block-separator has-alpha-channel-opacity\"\/>\n<p> <span style=\"font-size: revert; color: initial;\">2.11.2024 Osjh, Oulu, Maikkula, Lemmikkituomari Katja Oraj\u00e4rvi-Kotikangas<\/span>    <\/p>\n<p><a href=\"https:\/\/marsuyhdistys.net\/home\/wp-content\/uploads\/2024\/11\/marsut_tulokset_marraskuu.pdf\">Lemmikkiluokka tulokset<\/a><\/p>\n<hr class=\"wp-block-separator has-alpha-channel-opacity\"\/>\n<p>9.11.2024 GRAND GALA HELSINKI<\/p>\n<p>Ulkomuotoluokat <br \/>Tuomari Tom Erik Feragen, NO<br \/><a href=\"https:\/\/marsuyhdistys.net\/home\/wp-content\/uploads\/2024\/12\/Grandgalajunior9.11.24.pdf\">Tulokset Grand Gala Junior<\/a><\/p>\n<p><a href=\"https:\/\/marsuyhdistys.net\/home\/wp-content\/uploads\/2024\/12\/Grandgala9.11.24.pdf\">Tulokset Grand gala 6kk-&gt;<\/a><\/p>\n<p>Tuomari Tommi L\u00e5ngstr\u00f6m<br \/><a href=\"https:\/\/marsuyhdistys.net\/home\/wp-content\/uploads\/2024\/12\/2ulkomuotoluokkaTommi9.11.24.pdf\">Tulokset ulkomuotoluokka 2<\/a><\/p>\n<p>Lemmikkiluokat<br \/>Tuomari Juulia Makiki<br \/><a href=\"https:\/\/marsuyhdistys.net\/home\/wp-content\/uploads\/2024\/12\/GrandGalaLemmikki9.11.24.pdf\">Tulokset Grand Gala Lemmikki<\/a><\/p>\n<p>Tuomari Tom Erik Feragen, NO<br \/><a href=\"https:\/\/marsuyhdistys.net\/home\/wp-content\/uploads\/2024\/12\/2Lemmikki9.11.24.pdf\">Tulokset Lemmikki2<\/a><\/p>\n<hr class=\"wp-block-separator has-alpha-channel-opacity\"\/>\n","protected":false},"excerpt":{"rendered":"<p>Oulu 4.2.2024 Lemmikkiluokka1 Katja Oraj\u00e4rvi-Kotikangas Lemmikkiluokka2 Laura Moilanen Sile\u00e4karvaisten ulkomuoto-spesiaali, tuomari Elisa Svento Sile\u00e4karvaisten ulkomuoto- spesiaali Elisa Svento Lemmikki1 Katja Oraj\u00e4rvi-Kotikangas Lemmikkiluokka 2 Laura Moilanen 9.3.2024 Osjh, Oulu Tuomari Lea Rahtu-Korpela Tulokset 20.-21.4 Helsinki Juhlan\u00e4yttely Ulkomuotoluokat LauantaiTuomari Jens Lindgren, SETulokset &hellip; <a href=\"https:\/\/marsuyhdistys.net\/home\/nayttelytulokset-2024\/\">Lue loppuun <span class=\"meta-nav\">&rarr;<\/span><\/a><\/p>\n","protected":false},"author":20,"featured_media":0,"parent":0,"menu_order":0,"comment_status":"closed","ping_status":"closed","template":"","meta":{"footnotes":"","_links_to":"","_links_to_target":""},"class_list":["post-10586","page","type-page","status-publish","hentry"],"_links":{"self":[{"href":"https:\/\/marsuyhdistys.net\/home\/wp-json\/wp\/v2\/pages\/10586","targetHints":{"allow":["GET"]}}],"collection":[{"href":"https:\/\/marsuyhdistys.net\/home\/wp-json\/wp\/v2\/pages"}],"about":[{"href":"https:\/\/marsuyhdistys.net\/home\/wp-json\/wp\/v2\/types\/page"}],"author":[{"embeddable":true,"href":"https:\/\/marsuyhdistys.net\/home\/wp-json\/wp\/v2\/users\/20"}],"replies":[{"embeddable":true,"href":"https:\/\/marsuyhdistys.net\/home\/wp-json\/wp\/v2\/comments?post=10586"}],"version-history":[{"count":41,"href":"https:\/\/marsuyhdistys.net\/home\/wp-json\/wp\/v2\/pages\/10586\/revisions"}],"predecessor-version":[{"id":12516,"href":"https:\/\/marsuyhdistys.net\/home\/wp-json\/wp\/v2\/pages\/10586\/revisions\/12516"}],"wp:attachment":[{"href":"https:\/\/marsuyhdistys.net\/home\/wp-json\/wp\/v2\/media?parent=10586"}],"curies":[{"name":"wp","href":"https:\/\/api.w.org\/{rel}","templated":true}]}}