{"id":10750,"date":"2023-01-21T17:40:53","date_gmt":"2023-01-21T15:40:53","guid":{"rendered":"https:\/\/marsuyhdistys.net\/home\/?page_id=10750"},"modified":"2023-11-06T10:29:27","modified_gmt":"2023-11-06T08:29:27","slug":"valiot-2023","status":"publish","type":"page","link":"https:\/\/marsuyhdistys.net\/home\/valiot-2023\/","title":{"rendered":"VALIOT 2023"},"content":{"rendered":"<h3><strong>FI JMVA (Suomen Juniormuotovalio)<\/strong><\/h3>\n<p>Blue Moon&#8217;s It&#8217;s Sunny On Sunday M217-22<\/p>\n<p>Nonself buff california black, naaras<\/p>\n<p>Kasv.&amp; om.Laura Moilanen<\/p>\n<hr>\n<p>JJV-23 Almond&#8217;s Apinatarhat\u00e4ti M80-23<\/p>\n<p>Englannin crest, buff, naaras&nbsp;<\/p>\n<p>Kasv.&amp; om.Lea Rahtu-Korpela<\/p>\n<hr>\n<h3 class=\"wp-block-heading\"><strong>FI MVA&nbsp;(&nbsp;Suomen&nbsp;Muotovalio&nbsp;)<\/strong><\/h3>\n<p><span data-contrast=\"auto\">Almond\u2019s Hellytt\u00e4v\u00e4 Helmi\u00e4inen M12-20<\/span><span data-ccp-props=\"{&quot;201341983&quot;:0,&quot;335559739&quot;:160,&quot;335559740&quot;:259}\">\u00a0<\/span><\/p>\n<p><span data-contrast=\"auto\">Englannincrest, cream, naaras<\/span><span data-ccp-props=\"{&quot;201341983&quot;:0,&quot;335559739&quot;:160,&quot;335559740&quot;:259}\">\u00a0<\/span><\/p>\n<p><span data-contrast=\"auto\">Kasv. Lea Rahtu-Korpela om.Jarna Jansson<\/span><span data-ccp-props=\"{&quot;201341983&quot;:0,&quot;335559739&quot;:160,&quot;335559740&quot;:259}\">\u00a0<\/span><\/p>\n<hr \/>\n<p><span data-contrast=\"auto\">Malaxis Znick Znack M15-23<\/span><span data-ccp-props=\"{&quot;201341983&quot;:0,&quot;335559739&quot;:160,&quot;335559740&quot;:259}\">\u00a0<\/span><\/p>\n<p><span data-contrast=\"auto\">Teddy, black\/golden\/white, uros<\/span><span data-ccp-props=\"{&quot;201341983&quot;:0,&quot;335559739&quot;:160,&quot;335559740&quot;:259}\">\u00a0<\/span><\/p>\n<p><span data-contrast=\"auto\">Kasv. Jens Lindgren om.Isabella Hynninen<\/span><span data-ccp-props=\"{&quot;201341983&quot;:0,&quot;335559739&quot;:160,&quot;335559740&quot;:259}\">\u00a0<\/span><\/p>\n<hr \/>\n<p>She&#8217;s My Collar M120-22<\/p>\n<p>Nonself, brindle, naaras<\/p>\n<p>KLasv. &amp; om. Reetta Isomaa<\/p>\n<hr \/>\n<p>FI JMVA HugAlan Helena M103-22<\/p>\n<p>Teddy, white\/lilac\/buff, naaras<\/p>\n<p>Kasv. &amp; om.Katja Oraj\u00e4rvi-Kotikangas<\/p>\n<hr \/>\n<p>S MVA Sweet Bum&#8217;s One Happy Hippo M210-22<\/p>\n<p>Skinny, tricolor, uros<\/p>\n<p>om. Reetta Isomaa &amp; Leena Pirinen<\/p>\n<hr \/>\n<p>Kj\u00e6rs B\u00f8rge M110-22<\/p>\n<p>Skinny, golden agouti, uros<\/p>\n<p>Kasv. Susanne Kj\u00e6r Om. Henna Rinta-Kiikka<\/p>\n<hr \/>\n<p>Almon&#8217;s Sunshine M122-21<\/p>\n<p>Nonself, buff california chocolate, naaras<\/p>\n<p>Kasv.&amp; om.Lea Rahtu-Korpela<\/p>\n<hr \/>\n<p>Almond&#8217;s Hihkuva Hienohelma M171-22<\/p>\n<p>Englannincrest, p.e white, naaras<\/p>\n<p>Kasv.Lea Rahtu-Korpela om.Tommi Korpela<\/p>\n<hr \/>\n<p>Almond&#8217;s Lion King M128-21<\/p>\n<p>Self, buff, uros<\/p>\n<p>Kasv.&amp; om.Lea Rahtu-Korpela<\/p>\n<hr \/>\n<p>VV9-22 VROP-22 Almond&#8217;s Penelope Featherington M130-21<\/p>\n<p>Englannincrest, cream, naaras<\/p>\n<p>Kasv.&amp; om.Lea Rahtu-Korpela<\/p>\n<hr \/>\n<p>Ennenkuulumatoon Rausku M125-22<\/p>\n<p>Skinny, goldenagouti\/golden, uros<\/p>\n<p>Kasv.Henna Rinta-Kiikka om.Jaakko Isomaa<\/p>\n<hr \/>\n<p>Ennenkuulumatoon Haukka M128-22<\/p>\n<p>Skinny, black\/white, uros<\/p>\n<p>Kasv.&amp; om.Henna Rinta-Kiikka<\/p>\n<hr \/>\n<p>Jaanuskan Jelena M168-22<\/p>\n<p>Skinny, blac\/golden, naaras<\/p>\n<p>Kasv.Jaana Peltola om.Emilia Niinikoski<\/p>\n<p>_______________________________________________________________________________________________________________<\/p>\n<p>Arctic Rose Carnival Of Light M192-20<\/p>\n<p>Self cream, uros<\/p>\n<p>Kasv.Elisa Svento Om.Tuija Anttonen<\/p>\n<p>______________________________________________________________________________________________________________<\/p>\n<p>Almond&#8217;s Romance M133-21<\/p>\n<p>Englannin crest buff california black, uros<\/p>\n<p>Kasv.&amp; om.Lea Rahtu-Korpela<\/p>\n<p>______________________________________________________________________________________________________________<\/p>\n<p>FI JMVA JJV-23 Almond&#8217;s Apinatarhat\u00e4ti M80-23<\/p>\n<p>Englannin crest, buff, naaras<\/p>\n<p>Kasv.&amp; om.Lea Rahtu-Korpela<\/p>\n<p>______________________________________________________________________________________________________________<\/p>\n<p>VV10-22 Almond&#8217;s Iik Mik\u00e4 Iltavilli M175-22<\/p>\n<p>Englannin crest, PEW, naaras<\/p>\n<p>Kasv.&amp; om.Lea Rahtu-Korpela<\/p>\n<p>______________________________________________________________________________________________________________<\/p>\n<p>Jaanuskan Iso-H M7-22<\/p>\n<p>Skinny, tsw, uros<\/p>\n<p>Kasv.&amp; om.Jaana Peltola<\/p>\n<p>_____________________________________________________________________________________________________________<\/p>\n<p>S MVA Sweet Bum&#8217;s Bug the Vaseline Fingers M65-23<\/p>\n<p>Nonself, black magpie, uros<\/p>\n<p>Kasv.Reetta Isomaa Om. Anna-Stiina Isomaa<\/p>\n<p>___________________________________________________________________________________________________________<\/p>\n<p>Maailman Tuuri M18-20<\/p>\n<p>Abessiinialainen, brindle, uros<\/p>\n<p>Kasv.Aida Depner Om.Aino Depner<\/p>\n<p>__________________________________________________________________________________________________________<\/p>\n<p>Almond&#8217;s Mr Matthew M52-22<\/p>\n<p>Nonself, buff roan, uros<\/p>\n<p>Kasv.Lea Rahtu-Korpela Om.Sofia Sirvi\u00f6<\/p>\n<p>_________________________________________________________________________________________________________<\/p>\n<h3>FI MMVA (Suomen Megamuotovalio)<\/h3>\n<p>FI &amp; S MVA MSCH GP\u00a0 JV-23 JVL-23 Almond&#8217;s Colin Bridgerton M129-21<\/p>\n<p>Self, cream, uros<\/p>\n<p>Kasv. Lea Rahtu-Korpela Om.Sara Sirvi\u00f6<\/p>\n<p>__________________________________________________________________________________________________________<\/p>\n<p>FI &amp; SMVA MSCH VV5-22 GG-22 EPJY VPET-22 Blue Moon&#8217;s Bestia Vincet M105-21<\/p>\n<p>Nonself p.e golden roan, naaras<\/p>\n<p>Kasv.&amp;om.Laura Moilanen<\/p>\n<hr \/>\n<h3><strong>EL (Eliittilemmikki)<\/strong><\/h3>\n<p><span data-ccp-props=\"{&quot;201341983&quot;:0,&quot;335559739&quot;:160,&quot;335559740&quot;:259}\">\u00a0<\/span><span data-contrast=\"auto\">Katinkas Caspian<\/span><span data-ccp-props=\"{&quot;201341983&quot;:0,&quot;335559739&quot;:160,&quot;335559740&quot;:259}\">\u00a0<\/span><\/p>\n<p><span data-contrast=\"auto\">Abessiinialainen, brindle, uros<\/span><span data-ccp-props=\"{&quot;201341983&quot;:0,&quot;335559739&quot;:160,&quot;335559740&quot;:259}\">\u00a0<\/span><\/p>\n<p><span data-contrast=\"auto\">Om. Jarna Jansson<\/span><span data-ccp-props=\"{&quot;201341983&quot;:0,&quot;335559739&quot;:160,&quot;335559740&quot;:259}\">\u00a0<\/span><\/p>\n<hr \/>\n<p>Rhinestone Eyes<\/p>\n<p>Nonself, tortoiseshell, naaras<\/p>\n<p>Om.Reetta Isomaa<\/p>\n<hr \/>\n<p>Blue Moon&#8217;s Heffalump<\/p>\n<p>Englannincrest kuviollinen cream california, uros<\/p>\n<p>Om. Laura Moilanen<\/p>\n<p>_______________________________________________________________________________________________________________<\/p>\n<p>Delfoin Palau<\/p>\n<p>Sheltie golden california chocolate, naaras<\/p>\n<p>Om.Iina \u00c5lander<\/p>\n<p>_______________________________________________________________________________________________________________<\/p>\n<p>Arctic Rose Hey Jude<\/p>\n<p>Self, lemon, naaras<\/p>\n<p>Om.Siiri Anttonen<\/p>\n<p>_______________________________________________________________________________________________________________<\/p>\n<p>FI &amp; S MVA MSCH GP JV-23 JVL-23 FI MMVA Almond\u2019s Colin Bridgerton<\/p>\n<p>Self cream, uros<\/p>\n<p>Om.Sara Sirvi\u00f6<\/p>\n<p>_____________________________________________________________________________________________________________<\/p>\n<p>St\u00f6pseln\u00e4sans Flibbertigibbet<\/p>\n<p>Risteytys, chocolate otter, uros<\/p>\n<p>Om.Sanni Taimioja<\/p>\n<p>_____________________________________________________________________________________________________________<\/p>\n<p>FI &amp; S MVA Arctic Rose Carnival Of Light<\/p>\n<p>Self, cream, uros<\/p>\n<p>Om.Siiri Anttonen<\/p>\n<p>______________________________________________________________________________________________________________<\/p>\n<h3><strong>MEL (Megaeliittilemmikki)<\/strong><\/h3>\n<p>EL Blue Moon&#8217;s Heffalump<\/p>\n<p>Nonself cream california black, uros<\/p>\n<p>Om.Laura Moilanen<\/p>\n","protected":false},"excerpt":{"rendered":"<p>FI JMVA (Suomen Juniormuotovalio) Blue Moon&#8217;s It&#8217;s Sunny On Sunday M217-22 Nonself buff california black, naaras Kasv.&amp; om.Laura Moilanen JJV-23 Almond&#8217;s Apinatarhat\u00e4ti M80-23 Englannin crest, buff, naaras&nbsp; Kasv.&amp; om.Lea Rahtu-Korpela FI MVA&nbsp;(&nbsp;Suomen&nbsp;Muotovalio&nbsp;) Almond\u2019s Hellytt\u00e4v\u00e4 Helmi\u00e4inen M12-20\u00a0 Englannincrest, cream, naaras\u00a0 Kasv. &hellip; <a href=\"https:\/\/marsuyhdistys.net\/home\/valiot-2023\/\">Lue loppuun <span class=\"meta-nav\">&rarr;<\/span><\/a><\/p>\n","protected":false},"author":20,"featured_media":0,"parent":0,"menu_order":0,"comment_status":"closed","ping_status":"closed","template":"","meta":{"footnotes":"","_links_to":"","_links_to_target":""},"class_list":["post-10750","page","type-page","status-publish","hentry"],"_links":{"self":[{"href":"https:\/\/marsuyhdistys.net\/home\/wp-json\/wp\/v2\/pages\/10750","targetHints":{"allow":["GET"]}}],"collection":[{"href":"https:\/\/marsuyhdistys.net\/home\/wp-json\/wp\/v2\/pages"}],"about":[{"href":"https:\/\/marsuyhdistys.net\/home\/wp-json\/wp\/v2\/types\/page"}],"author":[{"embeddable":true,"href":"https:\/\/marsuyhdistys.net\/home\/wp-json\/wp\/v2\/users\/20"}],"replies":[{"embeddable":true,"href":"https:\/\/marsuyhdistys.net\/home\/wp-json\/wp\/v2\/comments?post=10750"}],"version-history":[{"count":37,"href":"https:\/\/marsuyhdistys.net\/home\/wp-json\/wp\/v2\/pages\/10750\/revisions"}],"predecessor-version":[{"id":12785,"href":"https:\/\/marsuyhdistys.net\/home\/wp-json\/wp\/v2\/pages\/10750\/revisions\/12785"}],"wp:attachment":[{"href":"https:\/\/marsuyhdistys.net\/home\/wp-json\/wp\/v2\/media?parent=10750"}],"curies":[{"name":"wp","href":"https:\/\/api.w.org\/{rel}","templated":true}]}}