{"id":12,"date":"2012-07-01T20:52:22","date_gmt":"2012-07-01T18:52:22","guid":{"rendered":"http:\/\/marsuyhdistys.net\/home\/?page_id=12"},"modified":"2026-04-15T13:17:02","modified_gmt":"2026-04-15T11:17:02","slug":"tapahtumat","status":"publish","type":"page","link":"https:\/\/marsuyhdistys.net\/home\/yhdistys\/tapahtumat\/","title":{"rendered":"Yhteystiedot"},"content":{"rendered":"<p><span style=\"color: #000000;\"><strong>2026<\/strong><\/span><\/p>\n<ul>\n<li><span style=\"color: #000000;\"><strong>Puheenjohtaja: <\/strong>smy.puheenjohtaja@gmail.com <br \/>Kati F\u00e4ldt<\/span><span style=\"color: #000000;\"><strong><br \/><\/strong><\/span><\/li>\n<li><span style=\"color: #000000;\"><strong>Varapuheenjohtaja:<\/strong> <br \/>Laura Moilanen<\/span><\/li>\n<li><span style=\"color: #000000;\"><strong>Hallituksen sihteeri:<\/strong> smy.sihteeri@gmail.com <br \/>Ramona Savolainen<br \/><\/span><\/li>\n<li><span style=\"color: #000000;\"><strong>Hallitus:<\/strong> smy.hallitus@gmail.com<\/span><br \/><span style=\"color: #000000;\">Kati F\u00e4ldt, Kirsi Ruotsalainen, Laura Moilanen, Ramona Savolainen, Reetta Nevalainen, Hannamari Poutanen, Juulia Makiki<br \/><\/span><\/li>\n<li><span style=\"color: #000000;\"><strong>J\u00e4sensihteeri:<\/strong>\u00a0 smyjasenasiat@gmail.com <\/span><span style=\"color: #000000;\">Kati F\u00e4ldt<\/span><\/li>\n<li><span style=\"color: #000000;\"><strong>Rahastonhoitaja:<\/strong> smy.rahis@gmail.com<\/span><br \/><span style=\"color: #000000;\">Kirsi Ruotsalainen<\/span><span style=\"color: #000000;\"><br \/><\/span><\/li>\n<li><span style=\"color: #000000;\"><strong>Marsu Magazine:<\/strong> marsu.magazine@gmail.com<\/span><\/li>\n<li><span style=\"color: #000000;\"><strong>P\u00e4\u00e4toimittajat:<br \/>&#8211;\u00a0<\/strong>Lehti 1: Laura Moilanen, Kirsi Ruotsalainen, Hannamari Poutanen<br \/><\/span>&#8211; Lehti 2: Reetta Nevalainen, Ramona Savolainen, Kati F\u00e4ldt, Juulia Makiki<\/li>\n<li><strong>Lehden taittaja:<\/strong> Laura Moilanen<br \/><strong>Muu lehtitiimi:<\/strong> Hallitus\u00a0<\/li>\n<li><span style=\"color: #000000;\"><strong>Kotisivut:<\/strong> smy.kotisivut@gmail.com<\/span><\/li>\n<li><span style=\"color: #000000;\"><strong>Kotisivuvastaavat:<\/strong> Reetta Nevalainen\u00a0<\/span><\/li>\n<li><strong>Tiedotusvastaava:<\/strong> Hallitus<\/li>\n<li><strong>Somevastaavat:<\/strong> Reetta Nevalainen, Laura Moilanen, Hannamari Savolainen, Ramona Savolainen<\/li>\n<li><span style=\"color: #000000;\"><strong>Rekister\u00f6innit:<\/strong> s\u00e4hk\u00f6inen rekister\u00f6inti smy.rekisteroinnit@gmail.com<br \/>Henna Rinta-Kiikka, Hannamari Poutanen, Juulia Makiki, Katja Oraj\u00e4rvi-Kotikangas<\/span><br \/><span style=\"color: #000000;\">paperinen rekister\u00f6inti Kirsi Ruotsalainen, Lammintie 340, 17410 Viitaila, p.040-550 9295<br \/><\/span><\/li>\n<li><span style=\"color: #000000;\"><strong>Kasvattajanimik\u00e4sittelij\u00e4:<\/strong> Kirsi Ruotsalainen ja Laura Moilanen<\/span><\/li>\n<li><strong>Kasvatusneuvojat:\u00a0<\/strong>smy.kasvatusasiat@gmail.com<br \/>Kirsi Ruotsalainen ja Laura Moilanen<\/li>\n<li><span style=\"color: #000000;\"><strong>FI MVA-, EL, MEGAMUOTOVALIO- ja MEL-hakemukset:<\/strong><br \/>Sanni Taimioja<\/span><span style=\"color: #000000;\"><br \/>Hakemukset l\u00f6yd\u00e4t kohdasta <a style=\"color: #000000;\" href=\"http:\/\/marsuyhdistys.net\/home\/?page_id=55\">lomakkeet ja linkit<\/a>.<\/span><\/li>\n<li><span style=\"color: #000000;\"><strong>Toiminnantarkastajat:<\/strong> (2026) Katja Oraj\u00e4rvi-Kotikangas ja Anna Kuhanen<\/span><span style=\"color: #000000;\"><br \/><strong>Varalla:<\/strong> Elisa Svento ja Noora Sarenius<br \/><\/span><\/li>\n<li><span style=\"color: #000000;\"><strong>Standarditoimikunta:<\/strong> standarditoimikunta@gmail.com<\/span><\/li>\n<li><span style=\"color: #000000;\"><strong>Koulutusvastaava:<\/strong> Kirsi Ruotsalainen ja Hanna Haliseva<\/span><\/li>\n<li><span style=\"color: #000000;\"><strong>Sponsorivastaava:<\/strong> Reetta Nevalainen<\/span><\/li>\n<li><span style=\"color: #000000;\"><strong>Palkintokordinaattori:<\/strong> Reetta Nevalainen<br \/><\/span><\/li>\n<li><span style=\"color: #000000;\"><strong>Infovastaava:<\/strong> Hallitus<\/span><\/li>\n<li><strong>Marsurekisteri: <\/strong><span style=\"color: #000000;\">Henna Rinta-Kiikka, Hannamari Poutanen, Juulia Makiki <\/span><\/li>\n<li><span style=\"color: #000000;\"><strong>VV-pisteet: <\/strong>Kati F\u00e4ldt<\/span><\/li>\n<li><strong>Nordic vastaava:<\/strong>\u00a0Laura Moilanen<\/li>\n<li><strong>EE-koordinaattori:\u00a0<\/strong>Hanna Haliseva<\/li>\n<\/ul>\n<p><span style=\"color: #000000;\"><strong>Ulkomuototuomarit<\/strong><\/span><\/p>\n<ul>\n<li><span style=\"color: #000000;\"><strong>Katja Kivipuro (kaikki rodut), Turku<br \/><\/strong>aniaras (@) gmail.com, p. 040 &#8211; 5411 967<\/span><\/li>\n<li><span style=\"color: #000000;\"><strong>Hanna Haliseva (kaikki rodut)<br \/><\/strong>hanna.haliseva (@) gmail.com<br \/><\/span><\/li>\n<li><span style=\"color: #000000;\"><strong>Tommi L\u00e5ngstr\u00f6m (kaikki rodut), Lohja<br \/><\/strong>tommi.langstrom (@) gmail.com, p. 0400-918942<\/span><\/li>\n<li><span style=\"color: #000000;\"><span style=\"color: #000000;\"><strong>Lea Rahtu-Korpela (kaikki rodut), Oulu<\/strong><br \/>lea.rahtu-korpela (@) outlook.com, p.040-77 680 17<\/span><\/span><\/li>\n<li><strong>Elisa Svento (sile\u00e4karvaiset), Oulu<br \/><\/strong>elisa.svento (@) gmail.com, p.044-5207005<\/li>\n<li><strong>Aida Depner (kaikki rodut),\u00a0H\u00e4meenlinna<\/strong><br \/>maailmalla (@) gmail.com, p.044-36 80 994<\/li>\n<li><span style=\"color: #000000;\"><strong>UML-tuomarioppilaat: <\/strong>P\u00e4ivi Tiitinen, Elisa Svento (suoritettu sile\u00e4karvaiset ja karkeakarvaiset), Katja Oraj\u00e4rvi-Kotikangas, Laura Moilanen<br \/><\/span><\/li>\n<\/ul>\n<p><span style=\"color: #000000;\"><strong>Lemmikki-tuomarit<\/strong><\/span><\/p>\n<ul>\n<li><span style=\"color: #000000;\"><strong>Katja Kivipuro, Turku<\/strong><br \/>aniaras (@) gmail.com, p.040 &#8211; 54 11 967<\/span><\/li>\n<li><span style=\"color: #000000;\"><strong>Kirsi Ruotsalainen,\u00a0Viitaila<\/strong><br \/>delfoinkasvatus (@)gmail.com, p.040-550 9295<\/span><\/li>\n<li><span style=\"color: #000000;\"><strong>Heli Vaaralahti,\u00a0Jalasj\u00e4rvi<\/strong><br \/>vaaralahti (@) hotmail.com, p.044 &#8211; 518 8214<\/span><\/li>\n<li><span style=\"color: #000000;\"><strong>Aida Depner,\u00a0H\u00e4meenlinna<\/strong><br \/>maailmalla (@) gmail.com, p.044-36 80 994<\/span><\/li>\n<li><span style=\"color: #000000;\"><strong>Lea Rahtu-Korpela,\u00a0Oulu<\/strong><br \/>lea.rahtu-korpela (@) outlook.com, p.040-77 680 17<\/span><\/li>\n<li><span style=\"color: #000000;\"><strong>Annukka Juntunen,\u00a0Helsinki<\/strong><br \/>annukka (@) flyingcavies.net<\/span><\/li>\n<li><span style=\"color: #000000;\"><strong>Katriina Hautala, Ylih\u00e4rm\u00e4<\/strong><br \/>katriina.hautala (@) netikka.fi<\/span><\/li>\n<li><span style=\"color: #000000;\"><strong>Elisa Svento, Oulu<\/strong><br \/>elisa.svento (@) gmail.com<\/span><span style=\"color: #000000;\"><br \/><\/span><\/li>\n<li><span style=\"color: #000000;\"><strong>P\u00e4ivi Tiitinen, Lahti<\/strong><\/span><br \/><span style=\"color: #000000;\"> Paivi.tiitinen (@) gmail.com<\/span><\/li>\n<li><span style=\"color: #000000;\"><strong>Jessica Nurmiranta, Lemp\u00e4\u00e4l\u00e4<\/strong><\/span><br \/><span style=\"color: #000000;\"> jessica.nurmiranta (@) gmail.com, p. 040-7538693<\/span><\/li>\n<li><strong>Henna Rinta-Kiikka, Kuopio<br \/><\/strong><span style=\"color: #000000;\">henna.rintakiikka (@) gmail.com, p. 0400673518<\/span><\/li>\n<li><strong>Sini Nuutinen, Kuopio<\/strong><br \/>metalstars1 (@) gmail.com<\/li>\n<li><strong>Ari Nuutinen, Kuopio<\/strong><br \/>metalstars1 (@) gmail.com<\/li>\n<li><strong>Katja Oraj\u00e4rvi-Kotikangas, Pyh\u00e4joki, Oulunl\u00e4\u00e4ni<\/strong><br \/>hugalan1 (@) gmail.com<\/li>\n<li><strong>Juulia Makiki<\/strong>, Kirkkonummi <a href=\"mailto:jupa.kh@gmail.com\" target=\"_blank\" rel=\"noopener\">jupa.kh@gmail.com<\/a><\/li>\n<li><strong>Sanni Taimioja, Loviisa<br \/><\/strong><span class=\"_5yl5\">staimioja (@)gmail.com<\/span><\/li>\n<li><strong>Hanna Haliseva <\/strong>hanna.haliseva (@) gmail.com<\/li>\n<li>\n<div dir=\"auto\"><strong>Laura Moilanen<\/strong> OULU<\/div>\n<div dir=\"auto\"><a href=\"mailto:bluemoons.marsut@gmail.com\" target=\"_blank\" rel=\"noopener\">bluemoons.marsut@gmail.com<\/a>\u00a0<\/div>\n<div dir=\"auto\">P. 040 4436 470<\/div>\n<\/li>\n<li><strong>Reetta Nevalainen <\/strong>Alavus<br \/>reetta.isomaa@gmail.com<br \/>P. 0451612552<\/li>\n<\/ul>\n<ul>\n<li><span style=\"color: #000000;\"><strong>Lemmikki-tuomarioppilaat: <\/strong>Jessica Sakala, Ville Toivonen<\/span><\/li>\n<\/ul>\n","protected":false},"excerpt":{"rendered":"<p>2026 Puheenjohtaja: smy.puheenjohtaja@gmail.com Kati F\u00e4ldt Varapuheenjohtaja: Laura Moilanen Hallituksen sihteeri: smy.sihteeri@gmail.com Ramona Savolainen Hallitus: smy.hallitus@gmail.comKati F\u00e4ldt, Kirsi Ruotsalainen, Laura Moilanen, Ramona Savolainen, Reetta Nevalainen, Hannamari Poutanen, Juulia Makiki J\u00e4sensihteeri:\u00a0 smyjasenasiat@gmail.com Kati F\u00e4ldt Rahastonhoitaja: smy.rahis@gmail.comKirsi Ruotsalainen Marsu Magazine: marsu.magazine@gmail.com P\u00e4\u00e4toimittajat:&#8211;\u00a0Lehti 1: &hellip; <a href=\"https:\/\/marsuyhdistys.net\/home\/yhdistys\/tapahtumat\/\">Lue loppuun <span class=\"meta-nav\">&rarr;<\/span><\/a><\/p>\n","protected":false},"author":10,"featured_media":0,"parent":9,"menu_order":2,"comment_status":"closed","ping_status":"closed","template":"","meta":{"footnotes":"","_links_to":"","_links_to_target":""},"class_list":["post-12","page","type-page","status-publish","hentry"],"_links":{"self":[{"href":"https:\/\/marsuyhdistys.net\/home\/wp-json\/wp\/v2\/pages\/12","targetHints":{"allow":["GET"]}}],"collection":[{"href":"https:\/\/marsuyhdistys.net\/home\/wp-json\/wp\/v2\/pages"}],"about":[{"href":"https:\/\/marsuyhdistys.net\/home\/wp-json\/wp\/v2\/types\/page"}],"author":[{"embeddable":true,"href":"https:\/\/marsuyhdistys.net\/home\/wp-json\/wp\/v2\/users\/10"}],"replies":[{"embeddable":true,"href":"https:\/\/marsuyhdistys.net\/home\/wp-json\/wp\/v2\/comments?post=12"}],"version-history":[{"count":183,"href":"https:\/\/marsuyhdistys.net\/home\/wp-json\/wp\/v2\/pages\/12\/revisions"}],"predecessor-version":[{"id":13271,"href":"https:\/\/marsuyhdistys.net\/home\/wp-json\/wp\/v2\/pages\/12\/revisions\/13271"}],"up":[{"embeddable":true,"href":"https:\/\/marsuyhdistys.net\/home\/wp-json\/wp\/v2\/pages\/9"}],"wp:attachment":[{"href":"https:\/\/marsuyhdistys.net\/home\/wp-json\/wp\/v2\/media?parent=12"}],"curies":[{"name":"wp","href":"https:\/\/api.w.org\/{rel}","templated":true}]}}