{"id":128,"date":"2012-08-22T16:09:11","date_gmt":"2012-08-22T14:09:11","guid":{"rendered":"http:\/\/marsuyhdistys.net\/home\/?page_id=128"},"modified":"2021-03-23T09:33:03","modified_gmt":"2021-03-23T07:33:03","slug":"englannin-crest-yksivarinen","status":"publish","type":"page","link":"https:\/\/marsuyhdistys.net\/home\/kaikki-marsusta\/rodut\/englannin-crest-yksivarinen\/","title":{"rendered":"Englannincrest yksiv\u00e4rinen"},"content":{"rendered":"<p>Lyhytkarvainen marsu jolla on crest eli py\u00f6rre otsassa. Crest on saman v\u00e4rinen kuin muu turkki. Hyv\u00e4ksytty kaikissa hyv\u00e4ksytyiss\u00e4 v\u00e4reiss\u00e4.<\/p>\n<div class=\"wp-block-image\">\n<figure class=\"aligncenter is-resized\"><a href=\"http:\/\/marsuyhdistys.net\/home\/wp-content\/uploads\/2012\/08\/Dark-eyed-white.jpg\"><img loading=\"lazy\" decoding=\"async\" src=\"http:\/\/marsuyhdistys.net\/home\/wp-content\/uploads\/2012\/08\/Dark-eyed-white.jpg\" alt=\"magpie\" class=\"wp-image-1788\" width=\"443\" height=\"214\"\/><\/a><figcaption>Engl. crest d.e white <\/figcaption><\/figure>\n<\/div>\n<div class=\"wp-block-image\">\n<figure class=\"aligncenter is-resized\"><img loading=\"lazy\" decoding=\"async\" src=\"http:\/\/marsuyhdistys.net\/home\/wp-content\/uploads\/2021\/03\/cr-pew-valmis-1024x685.jpg\" alt=\"\" class=\"wp-image-7739\" width=\"451\" height=\"300\"\/><figcaption>Engl. crest p.e white  <\/figcaption><\/figure>\n<\/div>\n<div class=\"wp-block-image\">\n<figure class=\"aligncenter is-resized\"><img loading=\"lazy\" decoding=\"async\" src=\"http:\/\/marsuyhdistys.net\/home\/wp-content\/uploads\/2021\/03\/cr-deg-valmis-1024x685.jpg\" alt=\"\" class=\"wp-image-7741\" width=\"459\" height=\"305\"\/><figcaption>Engl. crest d.e. golden  <\/figcaption><\/figure>\n<\/div>\n<div class=\"wp-block-image\">\n<figure class=\"aligncenter is-resized\"><img loading=\"lazy\" decoding=\"async\" src=\"http:\/\/marsuyhdistys.net\/home\/wp-content\/uploads\/2021\/03\/Eng-crest-pe-golden-valmis-1024x487.jpg\" alt=\"\" class=\"wp-image-7719\" width=\"460\" height=\"218\" srcset=\"https:\/\/marsuyhdistys.net\/home\/wp-content\/uploads\/2021\/03\/Eng-crest-pe-golden-valmis-1024x487.jpg 1024w, https:\/\/marsuyhdistys.net\/home\/wp-content\/uploads\/2021\/03\/Eng-crest-pe-golden-valmis-300x143.jpg 300w, https:\/\/marsuyhdistys.net\/home\/wp-content\/uploads\/2021\/03\/Eng-crest-pe-golden-valmis-768x365.jpg 768w\" sizes=\"auto, (max-width: 460px) 100vw, 460px\" \/><figcaption>Engl. crest p.e golden <\/figcaption><\/figure>\n<\/div>\n<div class=\"wp-block-image\">\n<figure class=\"aligncenter is-resized\"><img loading=\"lazy\" decoding=\"async\" src=\"http:\/\/marsuyhdistys.net\/home\/wp-content\/uploads\/2021\/03\/Engl-crest-saffron-valmis-1024x542.jpg\" alt=\"\" class=\"wp-image-7736\" width=\"452\" height=\"238\" srcset=\"https:\/\/marsuyhdistys.net\/home\/wp-content\/uploads\/2021\/03\/Engl-crest-saffron-valmis-1024x542.jpg 1024w, https:\/\/marsuyhdistys.net\/home\/wp-content\/uploads\/2021\/03\/Engl-crest-saffron-valmis-300x159.jpg 300w, https:\/\/marsuyhdistys.net\/home\/wp-content\/uploads\/2021\/03\/Engl-crest-saffron-valmis-768x406.jpg 768w\" sizes=\"auto, (max-width: 452px) 100vw, 452px\" \/><figcaption>Engl. crest saffron<\/figcaption><\/figure>\n<\/div>\n<div class=\"wp-block-image\">\n<figure class=\"aligncenter is-resized\"><img loading=\"lazy\" decoding=\"async\" src=\"http:\/\/marsuyhdistys.net\/home\/wp-content\/uploads\/2021\/03\/cr-cream-valmis-1024x660.jpg\" alt=\"\" class=\"wp-image-7742\" width=\"462\" height=\"297\" srcset=\"https:\/\/marsuyhdistys.net\/home\/wp-content\/uploads\/2021\/03\/cr-cream-valmis-1024x660.jpg 1024w, https:\/\/marsuyhdistys.net\/home\/wp-content\/uploads\/2021\/03\/cr-cream-valmis-300x193.jpg 300w, https:\/\/marsuyhdistys.net\/home\/wp-content\/uploads\/2021\/03\/cr-cream-valmis-768x495.jpg 768w\" sizes=\"auto, (max-width: 462px) 100vw, 462px\" \/><figcaption>Engl. crest cream<\/figcaption><\/figure>\n<\/div>\n<div class=\"wp-block-image\">\n<figure class=\"aligncenter is-resized\"><img loading=\"lazy\" decoding=\"async\" src=\"http:\/\/marsuyhdistys.net\/home\/wp-content\/uploads\/2021\/03\/cr-black-valmis-1024x656.jpg\" alt=\"\" class=\"wp-image-7743\" width=\"471\" height=\"301\" srcset=\"https:\/\/marsuyhdistys.net\/home\/wp-content\/uploads\/2021\/03\/cr-black-valmis-1024x656.jpg 1024w, https:\/\/marsuyhdistys.net\/home\/wp-content\/uploads\/2021\/03\/cr-black-valmis-300x192.jpg 300w, https:\/\/marsuyhdistys.net\/home\/wp-content\/uploads\/2021\/03\/cr-black-valmis-768x492.jpg 768w\" sizes=\"auto, (max-width: 471px) 100vw, 471px\" \/><figcaption>Engl. crest black<\/figcaption><\/figure>\n<\/div>\n","protected":false},"excerpt":{"rendered":"<p>Lyhytkarvainen marsu jolla on crest eli py\u00f6rre otsassa. Crest on saman v\u00e4rinen kuin muu turkki. Hyv\u00e4ksytty kaikissa hyv\u00e4ksytyiss\u00e4 v\u00e4reiss\u00e4.<\/p>\n","protected":false},"author":10,"featured_media":0,"parent":162,"menu_order":40,"comment_status":"closed","ping_status":"closed","template":"","meta":{"footnotes":"","_links_to":"","_links_to_target":""},"class_list":["post-128","page","type-page","status-publish","hentry"],"_links":{"self":[{"href":"https:\/\/marsuyhdistys.net\/home\/wp-json\/wp\/v2\/pages\/128","targetHints":{"allow":["GET"]}}],"collection":[{"href":"https:\/\/marsuyhdistys.net\/home\/wp-json\/wp\/v2\/pages"}],"about":[{"href":"https:\/\/marsuyhdistys.net\/home\/wp-json\/wp\/v2\/types\/page"}],"author":[{"embeddable":true,"href":"https:\/\/marsuyhdistys.net\/home\/wp-json\/wp\/v2\/users\/10"}],"replies":[{"embeddable":true,"href":"https:\/\/marsuyhdistys.net\/home\/wp-json\/wp\/v2\/comments?post=128"}],"version-history":[{"count":24,"href":"https:\/\/marsuyhdistys.net\/home\/wp-json\/wp\/v2\/pages\/128\/revisions"}],"predecessor-version":[{"id":7744,"href":"https:\/\/marsuyhdistys.net\/home\/wp-json\/wp\/v2\/pages\/128\/revisions\/7744"}],"up":[{"embeddable":true,"href":"https:\/\/marsuyhdistys.net\/home\/wp-json\/wp\/v2\/pages\/162"}],"wp:attachment":[{"href":"https:\/\/marsuyhdistys.net\/home\/wp-json\/wp\/v2\/media?parent=128"}],"curies":[{"name":"wp","href":"https:\/\/api.w.org\/{rel}","templated":true}]}}