{"id":1291,"date":"2013-10-08T22:13:45","date_gmt":"2013-10-08T20:13:45","guid":{"rendered":"http:\/\/marsuyhdistys.net\/home\/?page_id=1291"},"modified":"2026-01-29T13:36:23","modified_gmt":"2026-01-29T11:36:23","slug":"jaseneksi-2","status":"publish","type":"page","link":"https:\/\/marsuyhdistys.net\/home\/jasenille\/jaseneksi-2\/","title":{"rendered":"J\u00e4seneksi"},"content":{"rendered":"<p><a href=\"http:\/\/marsuyhdistys.net\/home\/wp-content\/uploads\/2013\/10\/pet_to8.jpg\"><img loading=\"lazy\" decoding=\"async\" class=\"size-medium wp-image-1930 aligncenter\" src=\"http:\/\/marsuyhdistys.net\/home\/wp-content\/uploads\/2013\/10\/pet_to8-300x140.jpg\" alt=\"pet_to8\" width=\"300\" height=\"140\" srcset=\"https:\/\/marsuyhdistys.net\/home\/wp-content\/uploads\/2013\/10\/pet_to8-300x140.jpg 300w, https:\/\/marsuyhdistys.net\/home\/wp-content\/uploads\/2013\/10\/pet_to8.jpg 400w\" sizes=\"auto, (max-width: 300px) 100vw, 300px\" \/><\/a><span style=\"color: #000000;\">Suomen Marsuyhdistykseen voivat liitty\u00e4 kaikki marsunomistajat ja kaikki marsuista kiinnostuneet henkil\u00f6t.<\/span><\/p>\n<p><span style=\"color: #000000;\">Jokainen j\u00e4sen saa kaksi kertaa vuodessa ilmestyv\u00e4n j\u00e4senlehden sek\u00e4 etuja mm. n\u00e4yttelymaksuissa. Jokaisella yli 15-vuotiaalla j\u00e4senell\u00e4 on on SMY:n virallisissa kokouksissa oikeus yhteen \u00e4\u00e4neen.<\/span><\/p>\n<p>HUOM! Kesken vuotta liittyess\u00e4si saat menneet jo julkaistut lehdet s\u00e4hk\u00f6isen\u00e4 pdf versiona.<\/p>\n<h2><span style=\"color: #000000;\">Ilmoittautumisohje<\/span><\/h2>\n<p><span style=\"color: #000000;\">1. <strong>Vuoden 2026 j\u00e4senmaksut ovat seuraavat: Vuosij\u00e4senyys paperilehdell\u00e4 (sis.2 MarsuMagazine\u00e4) 28\u20ac ja digilehdentilaajalle vuosij\u00e4senyys on 15\u20ac. Perheenj\u00e4sen 10\u20ac kun taloudessa vuosij\u00e4sen.<\/strong><\/span><\/p>\n<p><span style=\"color: #000000;\">2. Maksa j\u00e4senmaksu\/ j\u00e4senmaksut Suomen Marsuyhdistys ry:n tilille<\/span><br \/><span style=\"color: #000000;\"> <strong>Nordea\u00a0FI74 1469 3000 0265 06 k\u00e4ytt\u00e4en viitenumeroa 2600<\/strong>.\u00a0<\/span><\/p>\n<p><span style=\"color: #000000;\"> 3. <strong>L\u00e4het\u00e4 kuitti sek\u00e4 tietosi (nimi ja kotiosoite)<\/strong>\u00a0j\u00e4senrekisterin hoitajalle smyjasenasiat@gmail.com<\/span><\/p>\n<p><!-- \n\n\n\n\n\n\n\n\n\n\n\n\n\n\n\n\n\n<p><span style=\"color: #000000;\"> 3. T\u00e4yt\u00e4 alla oleva j\u00e4seneksi ilmoittautumiskaavake huolella ja liit\u00e4 siihen kuitti maksetusta maksusta.<strong>TAI l\u00e4het\u00e4 kuitti ja alla pyydetyt tiedot postilla j\u00e4senrekisterin hoitajalle (katso <a href=\"http:\/\/marsuyhdistys.net\/home\/?page_id=12\">yhteystiedot<\/a>) smyjasenasiat@gmail.com<\/strong><\/span><\/p>\n\n\n\n\n\n\n\n\n\n\n\n\n\n\n\n\n\n\n<br \/>\n\n\n\n\n\n\n\n\n\n\n\n\n\n\n\n\n\n<p><span style=\"color: #000000;\"> 4. Paina L\u00e4het\u00e4-nappia. Perille menneest\u00e4 j\u00e4senilmoittautumisesta saat vahvistuksen s\u00e4hk\u00f6postiisi. Jos et saa vahvistusta, olethan viipym\u00e4tt\u00e4 yhteydess\u00e4 j\u00e4sensihteeriin.<\/span><\/p>\n\n\n\n\n\n\n\n\n\n\n\n\n\n\n\n\n\n\n--><\/p>\n<p><span style=\"color: #000000;\"><strong>Osoitteenmuutos<\/strong><\/span><\/p>\n<p><span style=\"color: #000000;\">Osoitteenmuutokset on suotavaa tehd\u00e4 ajoissa. Jos lehti on toimitettu vanhaan osoitteeseen ilman ilmoitusta osoitteen muuttumisesta SMY:n j\u00e4senrekisteriin, ei uutta lehte\u00e4 toimiteta. Osoitteenmuutos t\u00e4ytyy ilmoittaa itse j\u00e4sensihteerille.\u00a0<\/span><span style=\"color: #000000;\"> Marsuyhdistys ei saa osoitteenmuutostietoja mist\u00e4\u00e4n muualta.<\/span><\/p>\n<p><span style=\"color: #000000;\">Mik\u00e4li tied\u00e4t maksaneesi j\u00e4senmaksun eik\u00e4 lehte\u00e4 kuulu ja\/tai tied\u00e4t unohtaneesi ilmoittaa yhteystiedot tai j\u00e4senen nimen, niin pyydet\u00e4\u00e4n ottamaan yhteytt\u00e4 j\u00e4sensihteeriin\u00a0<a style=\"color: #000000;\" href=\"mailto:smyjasenasiat@gmail.com\">smyjasenasiat@gmail.com<\/a>.<\/span><\/p>\n<p><span style=\"color: #000000;\"><strong style=\"line-height: 1.71429; font-size: 1rem;\">Uusi j\u00e4sen<\/strong><\/span><\/p>\n<p><span style=\"color: #000000;\">Maksaessasi j\u00e4senmaksun keskell\u00e4 vuotta tulet saamaan jo ilmestyneet j\u00e4senlehdet takautuvasti s\u00e4hk\u00f6isen\u00e4 pdf versiona.\u00a0<\/span><\/p>\n<p><span style=\"color: #000000;\"><strong>Vanha j\u00e4sen\u00a0<\/strong><\/span><\/p>\n<p><span style=\"color: #000000;\">Yhdistys ei l\u00e4het\u00e4 j\u00e4senmaksuistaan laskuja. J\u00e4senmaksu tulee maksaa tammikuussa oma-aloitteisesti <strong>sek\u00e4 ilmoittaa tiedot j\u00e4sensihteerille<\/strong>, jolloin se ei aiheuta j\u00e4senyyden katkeamista ja lehden poisj\u00e4\u00e4mist\u00e4. J\u00e4senelle ei tule mit\u00e4\u00e4n erillist\u00e4 ilmoitusta uudistettavasta j\u00e4senmaksusta, ainoastaan vuoden viimeisess\u00e4 lehdess\u00e4 on muistutus asiasta.<\/span><\/p>\n<p><span style=\"color: #000000;\"><strong>Kasvattajat<\/strong><\/span><\/p>\n<p><span style=\"color: #000000;\">J\u00e4senmaksu tulee maksaa tammikuun aikana. <\/span><span style=\"color: #000000;\">Mik\u00e4li maksusuoritusta ei olla suoritettu mainitun kuun aikana, poistuu h\u00e4nen tietonsa kasvattajalistalta niin lehdest\u00e4 kuin kotisivuiltakin. Kasvattajilta poistuvat j\u00e4senetujen lis\u00e4ksi my\u00f6s kasvattajanimi, <strong>mik\u00e4li maksu <\/strong>unohtuu.<\/span><\/p>\n<p><span style=\"color: #000000;\">\u00a0<\/span><\/p>\n<h2 class=\"wp-block-heading\"><\/h2>\n","protected":false},"excerpt":{"rendered":"<p>Suomen Marsuyhdistykseen voivat liitty\u00e4 kaikki marsunomistajat ja kaikki marsuista kiinnostuneet henkil\u00f6t. Jokainen j\u00e4sen saa kaksi kertaa vuodessa ilmestyv\u00e4n j\u00e4senlehden sek\u00e4 etuja mm. n\u00e4yttelymaksuissa. Jokaisella yli 15-vuotiaalla j\u00e4senell\u00e4 on on SMY:n virallisissa kokouksissa oikeus yhteen \u00e4\u00e4neen. HUOM! Kesken vuotta liittyess\u00e4si saat &hellip; <a href=\"https:\/\/marsuyhdistys.net\/home\/jasenille\/jaseneksi-2\/\">Lue loppuun <span class=\"meta-nav\">&rarr;<\/span><\/a><\/p>\n","protected":false},"author":10,"featured_media":0,"parent":13058,"menu_order":10,"comment_status":"closed","ping_status":"closed","template":"","meta":{"footnotes":"","_links_to":"","_links_to_target":""},"class_list":["post-1291","page","type-page","status-publish","hentry"],"_links":{"self":[{"href":"https:\/\/marsuyhdistys.net\/home\/wp-json\/wp\/v2\/pages\/1291","targetHints":{"allow":["GET"]}}],"collection":[{"href":"https:\/\/marsuyhdistys.net\/home\/wp-json\/wp\/v2\/pages"}],"about":[{"href":"https:\/\/marsuyhdistys.net\/home\/wp-json\/wp\/v2\/types\/page"}],"author":[{"embeddable":true,"href":"https:\/\/marsuyhdistys.net\/home\/wp-json\/wp\/v2\/users\/10"}],"replies":[{"embeddable":true,"href":"https:\/\/marsuyhdistys.net\/home\/wp-json\/wp\/v2\/comments?post=1291"}],"version-history":[{"count":47,"href":"https:\/\/marsuyhdistys.net\/home\/wp-json\/wp\/v2\/pages\/1291\/revisions"}],"predecessor-version":[{"id":12878,"href":"https:\/\/marsuyhdistys.net\/home\/wp-json\/wp\/v2\/pages\/1291\/revisions\/12878"}],"up":[{"embeddable":true,"href":"https:\/\/marsuyhdistys.net\/home\/wp-json\/wp\/v2\/pages\/13058"}],"wp:attachment":[{"href":"https:\/\/marsuyhdistys.net\/home\/wp-json\/wp\/v2\/media?parent=1291"}],"curies":[{"name":"wp","href":"https:\/\/api.w.org\/{rel}","templated":true}]}}