{"id":13058,"date":"2026-01-28T17:27:28","date_gmt":"2026-01-28T15:27:28","guid":{"rendered":"https:\/\/marsuyhdistys.net\/home\/?page_id=13058"},"modified":"2026-01-28T17:36:08","modified_gmt":"2026-01-28T15:36:08","slug":"jasenille","status":"publish","type":"page","link":"https:\/\/marsuyhdistys.net\/home\/jasenille\/","title":{"rendered":"J\u00e4senille"},"content":{"rendered":"<h2 style=\"text-align: center;\">J\u00c4SENEDUT 2026:\u00a0<\/h2>\n<h2 style=\"text-align: center;\"><a href=\"https:\/\/marsuyhdistys.net\/home\/wp-content\/uploads\/2025\/11\/IMG_20251108_162901-2.jpg\"><img loading=\"lazy\" decoding=\"async\" class=\"alignnone size-medium wp-image-12806\" src=\"https:\/\/marsuyhdistys.net\/home\/wp-content\/uploads\/2025\/11\/IMG_20251108_162901-2-300x298.jpg\" alt=\"\" width=\"300\" height=\"298\" srcset=\"https:\/\/marsuyhdistys.net\/home\/wp-content\/uploads\/2025\/11\/IMG_20251108_162901-2-300x298.jpg 300w, https:\/\/marsuyhdistys.net\/home\/wp-content\/uploads\/2025\/11\/IMG_20251108_162901-2-1024x1019.jpg 1024w, https:\/\/marsuyhdistys.net\/home\/wp-content\/uploads\/2025\/11\/IMG_20251108_162901-2-150x150.jpg 150w, https:\/\/marsuyhdistys.net\/home\/wp-content\/uploads\/2025\/11\/IMG_20251108_162901-2-768x764.jpg 768w, https:\/\/marsuyhdistys.net\/home\/wp-content\/uploads\/2025\/11\/IMG_20251108_162901-2-1536x1528.jpg 1536w, https:\/\/marsuyhdistys.net\/home\/wp-content\/uploads\/2025\/11\/IMG_20251108_162901-2.jpg 1756w\" sizes=\"auto, (max-width: 300px) 100vw, 300px\" \/><\/a><\/h2>\n<p style=\"font-weight: 400; text-align: center;\"><em>CUNIPIC \u2013 Hyvinvointia pienille yst\u00e4ville!<\/em><\/p>\n<p style=\"font-weight: 400; text-align: center;\"><em>Cunipic t\u00e4ysravinnot ovat maistuvaa ja ravitsevaa ruokaa, joka tukee lemmikkisi terveytt\u00e4 ja hyvinvointia joka p\u00e4iv\u00e4. Tuotemerkin takaa l\u00f6ytyy my\u00f6s laadukkaat herkut, hein\u00e4t sek\u00e4 kuivikkeet. Saatavilla Suomesta FINNEROn maahantuomana.<\/em><\/p>\n<p style=\"text-align: center;\">FINNERO tarjoaa Suomen Marsuyhdistys ry. j\u00e4senille -20% alennuksen ostoista verkkokaupassa. Toimintaohjeet saat j\u00e4sensihteerilt\u00e4. FINNEROn verkkosivuille p\u00e4\u00e4set <a href=\"https:\/\/www.finnero.fi\/\">T\u00c4ST\u00c4<\/a>!<\/p>\n<h2 style=\"text-align: center;\"><a href=\"https:\/\/marsuyhdistys.net\/home\/wp-content\/uploads\/2025\/01\/tierran-lemmikkipuoti-logo-vaaka-vihrea.png\"><img loading=\"lazy\" decoding=\"async\" class=\"alignnone size-medium wp-image-12499\" src=\"https:\/\/marsuyhdistys.net\/home\/wp-content\/uploads\/2025\/01\/tierran-lemmikkipuoti-logo-vaaka-vihrea-300x90.png\" alt=\"\" width=\"300\" height=\"90\" srcset=\"https:\/\/marsuyhdistys.net\/home\/wp-content\/uploads\/2025\/01\/tierran-lemmikkipuoti-logo-vaaka-vihrea-300x90.png 300w, https:\/\/marsuyhdistys.net\/home\/wp-content\/uploads\/2025\/01\/tierran-lemmikkipuoti-logo-vaaka-vihrea-1024x307.png 1024w, https:\/\/marsuyhdistys.net\/home\/wp-content\/uploads\/2025\/01\/tierran-lemmikkipuoti-logo-vaaka-vihrea-768x230.png 768w, https:\/\/marsuyhdistys.net\/home\/wp-content\/uploads\/2025\/01\/tierran-lemmikkipuoti-logo-vaaka-vihrea.png 1200w\" sizes=\"auto, (max-width: 300px) 100vw, 300px\" \/><\/a><\/h2>\n<p style=\"text-align: center;\">Tierran Lemmikkipuoti tarjoaa Suomen Marsuyhdistys ry. j\u00e4senille -10% alennuksen ostoista verkkokaupassa. Alennuskoodin saat j\u00e4sensihteerilt\u00e4. Tierran Lemmikkipuodin verkkosivuille p\u00e4\u00e4set <a href=\"https:\/\/www.tierranlemmikkipuoti.fi\/\">T\u00c4ST\u00c4<\/a>!<\/p>\n<h2 style=\"text-align: center;\"><a href=\"https:\/\/marsuyhdistys.net\/home\/wp-content\/uploads\/2026\/01\/HugAlan-puttiikki-3.webp\"><img loading=\"lazy\" decoding=\"async\" class=\"alignnone size-medium wp-image-12886\" src=\"https:\/\/marsuyhdistys.net\/home\/wp-content\/uploads\/2026\/01\/HugAlan-puttiikki-3-300x300.webp\" alt=\"\" width=\"300\" height=\"300\" srcset=\"https:\/\/marsuyhdistys.net\/home\/wp-content\/uploads\/2026\/01\/HugAlan-puttiikki-3-300x300.webp 300w, https:\/\/marsuyhdistys.net\/home\/wp-content\/uploads\/2026\/01\/HugAlan-puttiikki-3-150x150.webp 150w, https:\/\/marsuyhdistys.net\/home\/wp-content\/uploads\/2026\/01\/HugAlan-puttiikki-3.webp 500w\" sizes=\"auto, (max-width: 300px) 100vw, 300px\" \/><\/a><\/h2>\n<p style=\"text-align: center;\">HugAlan Puttiikki tarjoaa Suomen Marsuyhdistys ry. j\u00e4senille -5% alennuksen ostoista verkkokaupassa. Alennuskoodin saat j\u00e4sensihteerilt\u00e4. HugAlan Puttiikkiin p\u00e4\u00e4set <a href=\"https:\/\/www.hugalanputtiikki.com\/verkkokauppa\/\">T\u00c4ST\u00c4<\/a>!<\/p>\n<p style=\"text-align: center;\"><a href=\"https:\/\/marsuyhdistys.net\/home\/wp-content\/uploads\/2023\/07\/lataus-2.png\"><img loading=\"lazy\" decoding=\"async\" class=\"alignnone size-full wp-image-11409\" src=\"https:\/\/marsuyhdistys.net\/home\/wp-content\/uploads\/2023\/07\/lataus-2.png\" alt=\"\" width=\"267\" height=\"189\" \/><\/a><\/p>\n<p style=\"text-align: center;\">Megael\u00e4in tarjoaa Suomen Marsuyhdistys ry. j\u00e4senille -3% alennuksen ostoista myym\u00e4l\u00e4ss\u00e4. Toimintaohjeet saat j\u00e4sensihteerilt\u00e4. Megael\u00e4imen verkkosivuille p\u00e4\u00e4set <a href=\"https:\/\/www.megaelain.fi\/\">T\u00c4ST\u00c4<\/a>!<\/p>\n<h2 style=\"text-align: center;\">J\u00e4senedut ovat k\u00e4yt\u00f6ss\u00e4 ainoastaan SMY:n j\u00e4senille!<\/h2>\n","protected":false},"excerpt":{"rendered":"<p>J\u00c4SENEDUT 2026:\u00a0 CUNIPIC \u2013 Hyvinvointia pienille yst\u00e4ville! Cunipic t\u00e4ysravinnot ovat maistuvaa ja ravitsevaa ruokaa, joka tukee lemmikkisi terveytt\u00e4 ja hyvinvointia joka p\u00e4iv\u00e4. Tuotemerkin takaa l\u00f6ytyy my\u00f6s laadukkaat herkut, hein\u00e4t sek\u00e4 kuivikkeet. Saatavilla Suomesta FINNEROn maahantuomana. FINNERO tarjoaa Suomen Marsuyhdistys ry. &hellip; <a href=\"https:\/\/marsuyhdistys.net\/home\/jasenille\/\">Lue loppuun <span class=\"meta-nav\">&rarr;<\/span><\/a><\/p>\n","protected":false},"author":25,"featured_media":0,"parent":0,"menu_order":0,"comment_status":"closed","ping_status":"closed","template":"","meta":{"footnotes":"","_links_to":"","_links_to_target":""},"class_list":["post-13058","page","type-page","status-publish","hentry"],"_links":{"self":[{"href":"https:\/\/marsuyhdistys.net\/home\/wp-json\/wp\/v2\/pages\/13058","targetHints":{"allow":["GET"]}}],"collection":[{"href":"https:\/\/marsuyhdistys.net\/home\/wp-json\/wp\/v2\/pages"}],"about":[{"href":"https:\/\/marsuyhdistys.net\/home\/wp-json\/wp\/v2\/types\/page"}],"author":[{"embeddable":true,"href":"https:\/\/marsuyhdistys.net\/home\/wp-json\/wp\/v2\/users\/25"}],"replies":[{"embeddable":true,"href":"https:\/\/marsuyhdistys.net\/home\/wp-json\/wp\/v2\/comments?post=13058"}],"version-history":[{"count":5,"href":"https:\/\/marsuyhdistys.net\/home\/wp-json\/wp\/v2\/pages\/13058\/revisions"}],"predecessor-version":[{"id":13067,"href":"https:\/\/marsuyhdistys.net\/home\/wp-json\/wp\/v2\/pages\/13058\/revisions\/13067"}],"wp:attachment":[{"href":"https:\/\/marsuyhdistys.net\/home\/wp-json\/wp\/v2\/media?parent=13058"}],"curies":[{"name":"wp","href":"https:\/\/api.w.org\/{rel}","templated":true}]}}