{"id":132,"date":"2012-09-17T11:16:59","date_gmt":"2012-09-17T09:16:59","guid":{"rendered":"http:\/\/marsuyhdistys.net\/home\/?page_id=132"},"modified":"2021-03-23T19:14:28","modified_gmt":"2021-03-23T17:14:28","slug":"eglannin-crest-kuvioitu","status":"publish","type":"page","link":"https:\/\/marsuyhdistys.net\/home\/kaikki-marsusta\/rodut\/eglannin-crest-kuvioitu\/","title":{"rendered":"Englannincrest kuvioitu"},"content":{"rendered":"<p><span style=\"color: #000000;\">Lyhytkarvainen marsu jolla on crest eli py\u00f6rre otsassa. Crest on saman v\u00e4rinen kuin muu turkki. Hyv\u00e4ksytty kaikissa hyv\u00e4ksytyiss\u00e4 kuvioissa, ohessa muutamia esimerkkej\u00e4.<\/span><\/p>\n<div class=\"wp-block-image\">\n<figure class=\"aligncenter is-resized\"><img loading=\"lazy\" decoding=\"async\" src=\"http:\/\/marsuyhdistys.net\/home\/wp-content\/uploads\/2021\/03\/dalmis-cr-valmis-1024x594.jpg\" alt=\"\" class=\"wp-image-7734\" width=\"483\" height=\"279\" srcset=\"https:\/\/marsuyhdistys.net\/home\/wp-content\/uploads\/2021\/03\/dalmis-cr-valmis-1024x594.jpg 1024w, https:\/\/marsuyhdistys.net\/home\/wp-content\/uploads\/2021\/03\/dalmis-cr-valmis-300x174.jpg 300w, https:\/\/marsuyhdistys.net\/home\/wp-content\/uploads\/2021\/03\/dalmis-cr-valmis-768x446.jpg 768w\" sizes=\"auto, (max-width: 483px) 100vw, 483px\" \/><figcaption>Engl.crest black dalmatian   <\/figcaption><\/figure>\n<\/div>\n<div class=\"wp-block-image\">\n<figure class=\"aligncenter is-resized\"><img loading=\"lazy\" decoding=\"async\" src=\"http:\/\/marsuyhdistys.net\/home\/wp-content\/uploads\/2021\/03\/Img0075.jpg\" alt=\"\" class=\"wp-image-7723\" width=\"475\" height=\"256\" srcset=\"https:\/\/marsuyhdistys.net\/home\/wp-content\/uploads\/2021\/03\/Img0075.jpg 450w, https:\/\/marsuyhdistys.net\/home\/wp-content\/uploads\/2021\/03\/Img0075-300x163.jpg 300w\" sizes=\"auto, (max-width: 475px) 100vw, 475px\" \/><figcaption>Engl.crest black himalaya <\/figcaption><\/figure>\n<\/div>\n<div class=\"wp-block-image\">\n<figure class=\"aligncenter is-resized\"><img loading=\"lazy\" decoding=\"async\" src=\"http:\/\/marsuyhdistys.net\/home\/wp-content\/uploads\/2021\/03\/eng_crest_silver_agouti-valmis-1024x606.jpg\" alt=\"\" class=\"wp-image-7725\" width=\"467\" height=\"275\" srcset=\"https:\/\/marsuyhdistys.net\/home\/wp-content\/uploads\/2021\/03\/eng_crest_silver_agouti-valmis-1024x606.jpg 1024w, https:\/\/marsuyhdistys.net\/home\/wp-content\/uploads\/2021\/03\/eng_crest_silver_agouti-valmis-300x178.jpg 300w\" sizes=\"auto, (max-width: 467px) 100vw, 467px\" \/><figcaption>Engl.crest silver agouti <\/figcaption><\/figure>\n<\/div>\n<div class=\"wp-block-image\">\n<figure class=\"aligncenter is-resized\"><img loading=\"lazy\" decoding=\"async\" src=\"http:\/\/marsuyhdistys.net\/home\/wp-content\/uploads\/2021\/03\/cr-tw-pieni-valmis.jpg-valmis.jpg\" alt=\"\" class=\"wp-image-7747\" width=\"474\" height=\"271\" srcset=\"https:\/\/marsuyhdistys.net\/home\/wp-content\/uploads\/2021\/03\/cr-tw-pieni-valmis.jpg-valmis.jpg 840w, https:\/\/marsuyhdistys.net\/home\/wp-content\/uploads\/2021\/03\/cr-tw-pieni-valmis.jpg-valmis-300x172.jpg 300w, https:\/\/marsuyhdistys.net\/home\/wp-content\/uploads\/2021\/03\/cr-tw-pieni-valmis.jpg-valmis-768x441.jpg 768w\" sizes=\"auto, (max-width: 474px) 100vw, 474px\" \/><figcaption>Engl.crest tortoiseshell &amp; white<\/figcaption><\/figure>\n<\/div>\n","protected":false},"excerpt":{"rendered":"<p>Lyhytkarvainen marsu jolla on crest eli py\u00f6rre otsassa. Crest on saman v\u00e4rinen kuin muu turkki. Hyv\u00e4ksytty kaikissa hyv\u00e4ksytyiss\u00e4 kuvioissa, ohessa muutamia esimerkkej\u00e4.<\/p>\n","protected":false},"author":10,"featured_media":0,"parent":162,"menu_order":50,"comment_status":"closed","ping_status":"closed","template":"","meta":{"footnotes":"","_links_to":"","_links_to_target":""},"class_list":["post-132","page","type-page","status-publish","hentry"],"_links":{"self":[{"href":"https:\/\/marsuyhdistys.net\/home\/wp-json\/wp\/v2\/pages\/132","targetHints":{"allow":["GET"]}}],"collection":[{"href":"https:\/\/marsuyhdistys.net\/home\/wp-json\/wp\/v2\/pages"}],"about":[{"href":"https:\/\/marsuyhdistys.net\/home\/wp-json\/wp\/v2\/types\/page"}],"author":[{"embeddable":true,"href":"https:\/\/marsuyhdistys.net\/home\/wp-json\/wp\/v2\/users\/10"}],"replies":[{"embeddable":true,"href":"https:\/\/marsuyhdistys.net\/home\/wp-json\/wp\/v2\/comments?post=132"}],"version-history":[{"count":20,"href":"https:\/\/marsuyhdistys.net\/home\/wp-json\/wp\/v2\/pages\/132\/revisions"}],"predecessor-version":[{"id":7749,"href":"https:\/\/marsuyhdistys.net\/home\/wp-json\/wp\/v2\/pages\/132\/revisions\/7749"}],"up":[{"embeddable":true,"href":"https:\/\/marsuyhdistys.net\/home\/wp-json\/wp\/v2\/pages\/162"}],"wp:attachment":[{"href":"https:\/\/marsuyhdistys.net\/home\/wp-json\/wp\/v2\/media?parent=132"}],"curies":[{"name":"wp","href":"https:\/\/api.w.org\/{rel}","templated":true}]}}