{"id":13317,"date":"2026-04-30T12:52:51","date_gmt":"2026-04-30T10:52:51","guid":{"rendered":"https:\/\/marsuyhdistys.net\/home\/?page_id=13317"},"modified":"2026-04-30T12:54:30","modified_gmt":"2026-04-30T10:54:30","slug":"judges","status":"publish","type":"page","link":"https:\/\/marsuyhdistys.net\/home\/judges\/","title":{"rendered":"Judges"},"content":{"rendered":"<p><span style=\"color: #000000;\"><strong>All round judges<\/strong><\/span><\/p>\n<ul>\n<li><span style=\"color: #000000;\"><strong>Katja Kivipuro (all breed), Turku<br \/>\n<\/strong>aniaras@gmail.com, p. +358405411 967<\/span><\/li>\n<li><span style=\"color: #000000;\"><strong>Hanna Haliseva (all breed)<br \/>\n<\/strong>hanna.haliseva@gmail.com<br \/>\n<\/span><\/li>\n<li><span style=\"color: #000000;\"><strong>Tommi L\u00e5ngstr\u00f6m (all breed), Lohja<br \/>\n<\/strong>tommi.langstrom@gmail.com, p. +358400918942<\/span><\/li>\n<li><span style=\"color: #000000;\"><strong>Lea Rahtu-Korpela (all breed), Oulu<\/strong><br \/>\nlea.rahtu-korpela@outlook.com, p. +358407768017<\/span><\/li>\n<li><strong>Aida Depner (all breed), H\u00e4meenlinna<br \/>\n<\/strong>maailmalla@gmail.com, p. +358443680994<\/li>\n<\/ul>\n<p><strong>Special judges<\/strong><\/p>\n<ul>\n<li><strong>Elisa Svento (smooth- and rough-haired), Oulu<br \/>\n<\/strong>elisa.svento@gmail.com, p. +358445207005<\/li>\n<li><span style=\"color: #000000;\"><strong>Judge trainee: <\/strong>P\u00e4ivi Tiitinen, Elisa Svento,<br \/>\nKatja Oraj\u00e4rvi-Kotikangas, Laura Moilanen<br \/>\n<\/span><\/li>\n<\/ul>\n<p><span style=\"color: #000000;\"><strong>Pet judges<\/strong><\/span><\/p>\n<ul>\n<li><span style=\"color: #000000;\"><strong>Katja Kivipuro, Turku<\/strong><br \/>\naniaras@gmail.com, p. +358405411967<\/span><\/li>\n<li><span style=\"color: #000000;\"><strong>Kirsi Ruotsalainen,\u00a0Viitaila<\/strong><br \/>\ndelfoinkasvatus@gmail.com, p. +358405509295<\/span><\/li>\n<li><span style=\"color: #000000;\"><strong>Heli Vaaralahti,\u00a0Jalasj\u00e4rvi<\/strong><br \/>\nvaaralahti@hotmail.com, p. +358445188214<\/span><\/li>\n<li><span style=\"color: #000000;\"><strong>Aida Depner,\u00a0H\u00e4meenlinna<\/strong><br \/>\nmaailmalla@gmail.com, p. +358443680994<\/span><\/li>\n<li><span style=\"color: #000000;\"><strong>Lea Rahtu-Korpela,\u00a0Oulu<\/strong><br \/>\nlea.rahtu-korpela@outlook.com, p. +3584077 680 17<\/span><\/li>\n<li><span style=\"color: #000000;\"><strong>Annukka Juntunen,\u00a0Helsinki<\/strong><br \/>\nannukka@flyingcavies.net<\/span><\/li>\n<li><span style=\"color: #000000;\"><strong>Katriina Hautala, Ylih\u00e4rm\u00e4<\/strong><br \/>\nkatriina.hautala@netikka.fi<\/span><\/li>\n<li><span style=\"color: #000000;\"><strong>Elisa Svento, Oulu<\/strong><br \/>\nelisa.svento@gmail.com<\/span><span style=\"color: #000000;\"><br \/>\n<\/span><\/li>\n<li><span style=\"color: #000000;\"><strong>P\u00e4ivi Tiitinen, Lahti<\/strong><\/span><br \/>\n<span style=\"color: #000000;\"> Paivi.tiitinen@gmail.com<\/span><\/li>\n<li><span style=\"color: #000000;\"><strong>Jessica Nurmiranta, Lemp\u00e4\u00e4l\u00e4<\/strong><\/span><br \/>\n<span style=\"color: #000000;\"> jessica.nurmiranta@gmail.com, p. +358407538693<\/span><\/li>\n<li><strong>Henna Rinta-Kiikka, Kuopio<br \/>\n<\/strong><span style=\"color: #000000;\">henna.rintakiikka@gmail.com, p. +358400673518<\/span><\/li>\n<li><strong>Sini Nuutinen, Kuopio<\/strong><br \/>\nmetalstars1@gmail.com<\/li>\n<li><strong>Ari Nuutinen, Kuopio<\/strong><br \/>\nmetalstars1@gmail.com<\/li>\n<li><strong>Katja Oraj\u00e4rvi-Kotikangas, Pyh\u00e4joki, Oulunl\u00e4\u00e4ni<\/strong><br \/>\nhugalan1@gmail.com<\/li>\n<li><strong>Juulia Makiki<\/strong>, <strong>Kirkkonummi<\/strong><br \/>\n<a href=\"mailto:jupa.kh@gmail.com\" target=\"_blank\" rel=\"noopener\">jupa.kh@gmail.com<\/a><\/li>\n<li><strong>Sanni Taimioja, Loviisa<\/strong><br \/>\n<span class=\"_5yl5\">staimioja@gmail.com<\/span><\/li>\n<li><strong>Hanna Haliseva<br \/>\n<\/strong>hanna.haliseva@gmail.com<\/li>\n<li>\n<div dir=\"auto\"><strong>Laura Moilanen,<\/strong> <strong>Oulu<\/strong><\/div>\n<div dir=\"auto\">bluemoons.marsut@gmail.com, p. +35840 4436 470<\/div>\n<\/li>\n<li><strong>Reetta Nevalainen, Alavus<\/strong><br \/>\nreetta.isomaa@gmail.com, p. +358451612552<\/li>\n<\/ul>\n<ul>\n<li><span style=\"color: #000000;\"><strong>Judge trainee: <\/strong>Jessica Sakala, Ville Toivonen<\/span><\/li>\n<\/ul>\n","protected":false},"excerpt":{"rendered":"<p>All round judges Katja Kivipuro (all breed), Turku aniaras@gmail.com, p. +358405411 967 Hanna Haliseva (all breed) hanna.haliseva@gmail.com Tommi L\u00e5ngstr\u00f6m (all breed), Lohja tommi.langstrom@gmail.com, p. +358400918942 Lea Rahtu-Korpela (all breed), Oulu lea.rahtu-korpela@outlook.com, p. +358407768017 Aida Depner (all breed), H\u00e4meenlinna maailmalla@gmail.com, p. &hellip; <a href=\"https:\/\/marsuyhdistys.net\/home\/judges\/\">Lue loppuun <span class=\"meta-nav\">&rarr;<\/span><\/a><\/p>\n","protected":false},"author":25,"featured_media":0,"parent":0,"menu_order":1,"comment_status":"closed","ping_status":"closed","template":"","meta":{"footnotes":"","_links_to":"","_links_to_target":""},"class_list":["post-13317","page","type-page","status-publish","hentry"],"_links":{"self":[{"href":"https:\/\/marsuyhdistys.net\/home\/wp-json\/wp\/v2\/pages\/13317","targetHints":{"allow":["GET"]}}],"collection":[{"href":"https:\/\/marsuyhdistys.net\/home\/wp-json\/wp\/v2\/pages"}],"about":[{"href":"https:\/\/marsuyhdistys.net\/home\/wp-json\/wp\/v2\/types\/page"}],"author":[{"embeddable":true,"href":"https:\/\/marsuyhdistys.net\/home\/wp-json\/wp\/v2\/users\/25"}],"replies":[{"embeddable":true,"href":"https:\/\/marsuyhdistys.net\/home\/wp-json\/wp\/v2\/comments?post=13317"}],"version-history":[{"count":6,"href":"https:\/\/marsuyhdistys.net\/home\/wp-json\/wp\/v2\/pages\/13317\/revisions"}],"predecessor-version":[{"id":13325,"href":"https:\/\/marsuyhdistys.net\/home\/wp-json\/wp\/v2\/pages\/13317\/revisions\/13325"}],"wp:attachment":[{"href":"https:\/\/marsuyhdistys.net\/home\/wp-json\/wp\/v2\/media?parent=13317"}],"curies":[{"name":"wp","href":"https:\/\/api.w.org\/{rel}","templated":true}]}}