{"id":14,"date":"2012-07-01T20:52:56","date_gmt":"2012-07-01T18:52:56","guid":{"rendered":"http:\/\/marsuyhdistys.net\/home\/?page_id=14"},"modified":"2019-01-05T15:51:08","modified_gmt":"2019-01-05T13:51:08","slug":"kaikki-marsusta","status":"publish","type":"page","link":"https:\/\/marsuyhdistys.net\/home\/kaikki-marsusta\/","title":{"rendered":"Kaikki marsuista"},"content":{"rendered":"<ul class=\"wp-block-list\">\n<li><a href=\"http:\/\/marsuyhdistys.net\/home\/?page_id=2051\"><strong>Marsuista yleisesti<\/strong><\/a><\/li>\n<li><a href=\"http:\/\/marsuyhdistys.net\/home\/?page_id=72\"><strong>Majoitus<\/strong><\/a><\/li>\n<li><a href=\"http:\/\/marsuyhdistys.net\/home\/?page_id=69\"><strong>Perushoito<\/strong><\/a><\/li>\n<li><strong><a href=\"http:\/\/marsuyhdistys.net\/home\/?page_id=74\">Ruokinta<\/a><\/strong><\/li>\n<li><strong><a href=\"http:\/\/marsuyhdistys.net\/home\/?page_id=76\">Virikkeet ja liikunta<\/a><\/strong><\/li>\n<li><strong><a href=\"http:\/\/marsuyhdistys.net\/home\/?page_id=162\">Rodut ja standardit<\/a><\/strong><\/li>\n<li><a href=\"http:\/\/marsuyhdistys.net\/home\/?page_id=463\"><strong>Terveydenhuolto<\/strong><\/a><\/li>\n<\/ul>\n<p>Marsu on sosiaalinen laumael\u00e4in, joka touhuaa p\u00e4\u00e4asiassa p\u00e4ivisin.<\/p>\n<p>Marsu on laumael\u00e4in, joten niit\u00e4 t\u00e4ytyy olla v\u00e4hint\u00e4\u00e4n kaksi. Paras virike marsulle on toinen lajitoveri. Marsu puhuu marsua, joten ihminen tai kani ei milloinkaan korvaa lajitoverin seuraa. Ei ole mit\u00e4\u00e4n tekosyyt\u00e4 miksi marsuja tulisi hankkia vain yksi. Marsujen tulee olla samaa sukupuolta, mik\u00e4li niiden ei haluta lis\u00e4\u00e4ntyv\u00e4n. Poikasesta asti yhdess\u00e4 asuneet urokset tulevat yleens\u00e4 hyvin toimeen kesken\u00e4\u00e4n, kunhan niill\u00e4 on riitt\u00e4v\u00e4sti tilaa. My\u00f6s aikuinen uros usein hyv\u00e4ksyy kaverikseen urospoikasen. Naaraat tulevat hyvin toimeen kesken\u00e4\u00e4n isommissakin laumoissa.<\/p>\n<p>-Latinankielinen nimi kesymarsulle cavia porcellus.<br \/>-Marsu on kotoisin Etel\u00e4-Amerikasta. Tutkimusmatkailijat toivat marsun Eurooppaan 1700 luvulla ja helpon k\u00e4sitelt\u00e4vyyden ja s\u00e4yse\u00e4n luonteensa ansiosta siit\u00e4 tuli suosittu lemmikki.<br \/>-Etel\u00e4-Amerikassa marsu on edelleen merkitt\u00e4v\u00e4 ruokael\u00e4in sek\u00e4 parannuskeino.<br \/>-Marsuja on pidetty kotiel\u00e4imin\u00e4 jo 7000 vuotta.<br \/>-Marsujen elinik\u00e4 on keskim\u00e4\u00e4rin 4-6 vuotta, mutta tarinoita on jopa 10v supermarsuista.<br \/>-Keskim\u00e4\u00e4r\u00e4inen paino on noin kilon. Naaraat yleens\u00e4 hieman v\u00e4hemm\u00e4n ja urokset enemm\u00e4n.<br \/>-Marsulla on 20 hammasta. Niist\u00e4 nelj\u00e4 on n\u00e4kyviss\u00e4 etuhampaina: kaksi ylh\u00e4\u00e4ll\u00e4 ja kaksi alhaalla. Takahampaita ei n\u00e4y. Hampaat kasvavat jatkuvasti, joten on t\u00e4rke\u00e4\u00e4, ett\u00e4 marsulla on pureskeltavaa.<br \/>-Takatassuissa on kolme varvasta ja etutassuissa nelj\u00e4.<br \/>-Marsuilla on karvattomat l\u00e4isk\u00e4t korvien takana ja etutassujen sivussa.<br \/>-Marsun n\u00e4k\u00f6kentt\u00e4 on 340 astetta ja sill\u00e4 on huono syvyysn\u00e4k\u00f6.<br \/>-Marsu sy\u00f6 joskus omia papanoitaan yll\u00e4pit\u00e4\u00e4kseen suoliston bakteeritasapainoa.<br \/>-Marsu sy\u00f6 paljon, jopa 6% kehonsa painosta p\u00e4ivitt\u00e4in.<br \/>-Marsun pestess\u00e4 itse\u00e4\u00e4n se eritt\u00e4\u00e4 silmist\u00e4\u00e4n valkoista &#8220;pesumaitoa&#8221;.<br \/>-Naaraat tulevat sukukypsiksi 4\u20136 viikon ik\u00e4isin\u00e4 ja urokset 5-8 viikon ik\u00e4isin\u00e4. Marsun tiineys kest\u00e4\u00e4 63-69 vuorokautta ja poikasia syntyy keskim\u00e4\u00e4rin 3-4 kerrallaan. Marsu ei rakenna pes\u00e4\u00e4. Poikaset painavat syntyess\u00e4\u00e4n 50-110 grammaa. Marsunpoikaset syntyv\u00e4t hyvin valmiina: karvat p\u00e4\u00e4ll\u00e4 ja silm\u00e4t auki sek\u00e4 ovat valmiita maistelemaan hein\u00e4\u00e4, pelletti\u00e4 ja tuoreruokaa jo pari p\u00e4iv\u00e4\u00e4 syntym\u00e4ns\u00e4 j\u00e4lkeen. Poikaset imev\u00e4t emonsa maitoa noin nelj\u00e4 viikkoa. Marsun luovutusik\u00e4 on 5 viikkoa ja suositeltu paino 300g.<br \/>-Marsut \u00e4\u00e4ntelev\u00e4t kesken\u00e4\u00e4n runsaasti. Niill\u00e4 on laaja valikoima erilaisia \u00e4\u00e4ni\u00e4, joita ihminen voi oppia hyvinkin helposti ymm\u00e4rt\u00e4m\u00e4\u00e4n.<br \/>-Innostuessaan marsu voi hyp\u00e4hdell\u00e4 paikallaan, nakella niskojaan, rynt\u00e4ill\u00e4 riehakkaasti ymp\u00e4riins\u00e4 ja s\u00e4tkytell\u00e4 vallattomasti. Marsuharrastajat kutsuvat t\u00e4t\u00e4 popcornailuksi. Kun n\u00e4et, tied\u00e4t miksi.<\/p>\n","protected":false},"excerpt":{"rendered":"<p>Marsuista yleisesti Majoitus Perushoito Ruokinta Virikkeet ja liikunta Rodut ja standardit Terveydenhuolto Marsu on sosiaalinen laumael\u00e4in, joka touhuaa p\u00e4\u00e4asiassa p\u00e4ivisin. Marsu on laumael\u00e4in, joten niit\u00e4 t\u00e4ytyy olla v\u00e4hint\u00e4\u00e4n kaksi. Paras virike marsulle on toinen lajitoveri. Marsu puhuu marsua, joten ihminen &hellip; <a href=\"https:\/\/marsuyhdistys.net\/home\/kaikki-marsusta\/\">Lue loppuun <span class=\"meta-nav\">&rarr;<\/span><\/a><\/p>\n","protected":false},"author":10,"featured_media":0,"parent":0,"menu_order":10,"comment_status":"closed","ping_status":"closed","template":"","meta":{"footnotes":"","_links_to":"","_links_to_target":""},"class_list":["post-14","page","type-page","status-publish","hentry"],"_links":{"self":[{"href":"https:\/\/marsuyhdistys.net\/home\/wp-json\/wp\/v2\/pages\/14","targetHints":{"allow":["GET"]}}],"collection":[{"href":"https:\/\/marsuyhdistys.net\/home\/wp-json\/wp\/v2\/pages"}],"about":[{"href":"https:\/\/marsuyhdistys.net\/home\/wp-json\/wp\/v2\/types\/page"}],"author":[{"embeddable":true,"href":"https:\/\/marsuyhdistys.net\/home\/wp-json\/wp\/v2\/users\/10"}],"replies":[{"embeddable":true,"href":"https:\/\/marsuyhdistys.net\/home\/wp-json\/wp\/v2\/comments?post=14"}],"version-history":[{"count":21,"href":"https:\/\/marsuyhdistys.net\/home\/wp-json\/wp\/v2\/pages\/14\/revisions"}],"predecessor-version":[{"id":6570,"href":"https:\/\/marsuyhdistys.net\/home\/wp-json\/wp\/v2\/pages\/14\/revisions\/6570"}],"wp:attachment":[{"href":"https:\/\/marsuyhdistys.net\/home\/wp-json\/wp\/v2\/media?parent=14"}],"curies":[{"name":"wp","href":"https:\/\/api.w.org\/{rel}","templated":true}]}}