{"id":1426,"date":"2013-11-16T16:19:01","date_gmt":"2013-11-16T14:19:01","guid":{"rendered":"http:\/\/marsuyhdistys.net\/home\/?page_id=1426"},"modified":"2026-01-29T13:59:19","modified_gmt":"2026-01-29T11:59:19","slug":"vuosikokouspoytakirjat","status":"publish","type":"page","link":"https:\/\/marsuyhdistys.net\/home\/yhdistys\/vuosikokouspoytakirjat\/","title":{"rendered":"Vuosikokousten p\u00f6yt\u00e4kirjat"},"content":{"rendered":"<p><a href=\"https:\/\/marsuyhdistys.net\/home\/wp-content\/uploads\/2025\/11\/Smy-Syyskokous-2025-1.pdf\">Syyskokous 2025<\/a><\/p>\n<p><a href=\"https:\/\/marsuyhdistys.net\/home\/wp-content\/uploads\/2025\/06\/Kevatkokous-2025-esityslista-ja-poytakirja-liitteineen.pdf\">Kev\u00e4tkokous 2025 <\/a><\/p>\n<p><a href=\"https:\/\/marsuyhdistys.net\/home\/wp-content\/uploads\/2025\/03\/Kopio_-SYYSKOKOUS-2024.pdf\">Syyskokous 2024<\/a><\/p>\n<p><a href=\"https:\/\/marsuyhdistys.net\/home\/wp-content\/uploads\/2024\/10\/2024kevatkok.pdf\">Kev\u00e4tkokous 2024<\/a><\/p>\n<p><a href=\"https:\/\/marsuyhdistys.net\/home\/wp-content\/uploads\/2023\/12\/syyskokous2023poytakirja-2.pdf\">Syyskokous 2023<\/a><br \/>\n<a href=\"https:\/\/marsuyhdistys.net\/home\/wp-content\/uploads\/2023\/05\/suomenmarsuyhdistysrykevatkok2023muokattu2-2.pdf\">Kev\u00e4tkokous 2023<\/a><\/p>\n<p><a href=\"https:\/\/marsuyhdistys.net\/home\/wp-content\/uploads\/2023\/03\/korjattu-Suomen-Marsuyhdistyksen-syyskokouksen-p\u00f6yt\u00e4kirja.docx.pdf\">Syyskokous 2022\u00a0 <\/a><\/p>\n<p><a href=\"https:\/\/marsuyhdistys.net\/home\/wp-content\/uploads\/2023\/07\/Liite-syyskokous-2022.pdf\">+Liitteet syys 2022<\/a><\/p>\n<p><a href=\"https:\/\/marsuyhdistys.net\/home\/wp-content\/uploads\/2022\/09\/P\u00f6ytis-2022.pdf\">Kev\u00e4tkokous 2022<\/a><\/p>\n<p><a href=\"https:\/\/marsuyhdistys.net\/home\/wp-content\/uploads\/2021\/12\/SMY-syyskokous-p\u00e4ivitetty-23.11.pdf\">Syyskokous 2021<\/a><a href=\"http:\/\/marsuyhdistys.net\/home\/wp-content\/uploads\/2021\/05\/Kev\u00e4tkokous-2021-P\u00f6yt\u00e4kirja-liitteineen-17.4.2021-LOPULLINEN.pdf\"><br \/>\nKev\u00e4tkokous 2021<\/a><\/p>\n<p><a href=\"http:\/\/marsuyhdistys.net\/home\/wp-content\/uploads\/2020\/11\/Syyskokousp\u00f6yt\u00e4kirja-2020-liitteineen.pdf\">Syyskokous 2020<\/a><br \/>\n<a href=\"http:\/\/marsuyhdistys.net\/home\/wp-content\/uploads\/2020\/11\/kev\u00e4tkp\u00f6yt\u00e4kirja2020.pdf\" target=\"_blank\" rel=\"noopener\">Kev\u00e4tkokous 2020<\/a>\u00a0 <a href=\"http:\/\/marsuyhdistys.net\/home\/wp-content\/uploads\/2020\/11\/kev\u00e4tkokous-2020-liitteet.pdf\">+Liitteet<\/a><\/p>\n<p><a href=\"http:\/\/marsuyhdistys.net\/home\/wp-content\/uploads\/2019\/11\/syyskokous19.pdf\">Syyskokous 2019<\/a><br \/>\n<a href=\"http:\/\/marsuyhdistys.net\/home\/wp-content\/uploads\/2019\/05\/Suomen-Marsuyhdistys-ry-kev\u00e4tkokous.pdf\">Kev\u00e4tkokous 2019<\/a><\/p>\n<p><a href=\"http:\/\/marsuyhdistys.net\/home\/wp-content\/uploads\/2013\/03\/SuomenMarsuyhdistysSyyskokous2018-.pdf\">Syyskokous 2018<\/a><br \/>\n<a href=\"http:\/\/marsuyhdistys.net\/home\/wp-content\/uploads\/2013\/11\/YlimaarainenJasenkokous04082018.pdf\">Ylim\u00e4\u00e4r\u00e4inen j\u00e4senkokous 2018<\/a><br \/>\n<a href=\"http:\/\/marsuyhdistys.net\/home\/wp-content\/uploads\/2013\/11\/Vuosikokousp\u00f6yt\u00e4kirja24042018Kevat.pdf\">Kev\u00e4tkokous 2018<\/a><\/p>\n<p><a href=\"http:\/\/marsuyhdistys.net\/home\/wp-content\/uploads\/2013\/11\/syyskokous25112017.pdf\">Syyskokous 2017<\/a><br \/>\n<a href=\"http:\/\/marsuyhdistys.net\/home\/wp-content\/uploads\/2013\/11\/vuosikokous-8.4.2017.docx\">Kev\u00e4tkokous 2017<\/a><br \/>\n<a href=\"http:\/\/marsuyhdistys.net\/home\/wp-content\/uploads\/2013\/11\/syyskokous2016.pdf\"><br \/>\nSyyskokous 2016<\/a><br \/>\n<a href=\"http:\/\/marsuyhdistys.net\/home\/wp-content\/uploads\/2013\/11\/Ylim-j\u00e4senkokous-2016.pdf\">Ylim\u00e4\u00e4r\u00e4inen vuosikokous 2016<\/a><br \/>\n<a href=\"http:\/\/marsuyhdistys.net\/home\/wp-content\/uploads\/2013\/11\/kev\u00e4tkokous2016.pdf\">Kev\u00e4tkokous 2016<\/a><\/p>\n<p><a href=\"http:\/\/marsuyhdistys.net\/home\/wp-content\/uploads\/2015\/11\/Yhdistyksen-ylim\u00e4\u00e4r\u00e4isen-syyskokouksen-P\u00d6YT\u00c4KIRJA-1.docx\">Ylim\u00e4\u00e4r\u00e4inen syyskokous 2015<\/a><span style=\"color: #0000ff;\"><a style=\"color: #0000ff;\" href=\"http:\/\/marsuyhdistys.net\/home\/wp-content\/uploads\/2015\/10\/Syyskokous-p\u00f6yt\u00e4kirja-lopullinen.pdf \"><br \/>\nSyyskokous 2015<\/a><\/span><br \/>\n<span style=\"color: #0000ff;\"><a style=\"color: #0000ff;\" href=\"http:\/\/marsuyhdistys.net\/home\/wp-content\/uploads\/2013\/11\/SMYn_kev\u00e4tkokousp\u00f6yt\u00e4kirja2015.pdf\">Kev\u00e4tkokous 2015<\/a><\/span><\/p>\n<p><span style=\"color: #0000ff;\"><a style=\"color: #0000ff;\" href=\"http:\/\/marsuyhdistys.net\/home\/wp-content\/uploads\/2013\/11\/Syyskokousp\u00f6yt\u00e4kirjahyv\u00e4ksytty2014.pdf\">Syyskokous 2014<\/a><a style=\"color: #0000ff;\" href=\"http:\/\/marsuyhdistys.net\/home\/wp-content\/uploads\/2013\/11\/Kev\u00e4tkokous-2014.pdf\"><br \/>\nKev\u00e4tkokous 2014<\/a><\/span><\/p>\n<p><span style=\"color: #0000ff;\"><a href=\"http:\/\/marsuyhdistys.net\/home\/wp-content\/uploads\/2013\/11\/SMY_syyskokous_06102013-2.pdf\"><span style=\"color: #0000ff;\">Syyskokous 2013<br \/>\n<\/span><\/a><a href=\"http:\/\/marsuyhdistys.net\/home\/wp-content\/uploads\/2013\/11\/Smy_kev\u00e4tkokous2013.pdf\"><span style=\"color: #0000ff;\">Kev\u00e4tkokous 2013<\/span><\/a><\/span><span style=\"color: #0000ff;\"><span style=\"color: #0000ff;\"><a href=\"http:\/\/marsuyhdistys.net\/home\/wp-content\/uploads\/2013\/11\/SMY_syyskokous_06102013-2.pdf\"><br \/>\n<\/a><\/span><\/span><\/p>\n<p><span style=\"color: #0000ff;\"><a href=\"http:\/\/marsuyhdistys.net\/home\/?page_id=1651\" target=\"_blank\" rel=\"noopener\"><span style=\"color: #0000ff;\">Syyskokous 2012<\/span><\/a><\/span><br \/>\n<span style=\"color: #0000ff;\"><a href=\"http:\/\/marsuyhdistys.net\/home\/?page_id=1433\" target=\"_blank\" rel=\"noopener\"><span style=\"color: #0000ff;\">Kev\u00e4tkokous 2012<\/span><\/a><\/span><br \/>\n<span style=\"color: #0000ff;\"><a href=\"http:\/\/marsuyhdistys.net\/home\/?page_id=1436\" target=\"_blank\" rel=\"noopener\"><span style=\"color: #0000ff;\">Ylim\u00e4\u00e4r\u00e4inen vuosikokous 14.1.2012<\/span><\/a><\/span><\/p>\n<p><span style=\"color: #0000ff;\"><a href=\"http:\/\/marsuyhdistys.net\/home\/?page_id=1441\" target=\"_blank\" rel=\"noopener\"><span style=\"color: #0000ff;\">Syyskokous 2011<\/span><\/a><\/span><br \/>\n<span style=\"color: #0000ff;\"><a href=\"http:\/\/marsuyhdistys.net\/home\/?page_id=1445\" target=\"_blank\" rel=\"noopener\"><span style=\"color: #0000ff;\">Ylim\u00e4\u00e4r\u00e4inen vuosikokous 13.8.2011<\/span><\/a><\/span><br \/>\n<a href=\"http:\/\/marsuyhdistys.net\/home\/?page_id=1449\" target=\"_blank\" rel=\"noopener\"><span style=\"color: #0000ff;\">Ylim\u00e4\u00e4r\u00e4inen vuosikokous 12.6.2011<\/span><\/a><br \/>\n<span style=\"color: #0000ff;\"><a href=\"http:\/\/marsuyhdistys.net\/home\/?page_id=1452\" target=\"_blank\" rel=\"noopener\"><span style=\"color: #0000ff;\">Kev\u00e4kokous 2011<\/span><\/a><\/span><\/p>\n<p><a href=\"http:\/\/marsuyhdistys.net\/home\/?page_id=1455\" target=\"_blank\" rel=\"noopener\"><span style=\"color: #0000ff;\">Syyskokous 2010<\/span><\/a><br \/>\n<a href=\"http:\/\/marsuyhdistys.net\/home\/?page_id=1458\" target=\"_blank\" rel=\"noopener\"><span style=\"color: #0000ff;\">Kev\u00e4tkokous 2010<\/span><\/a><\/p>\n<p><a href=\"http:\/\/marsuyhdistys.net\/home\/?page_id=1461\" target=\"_blank\" rel=\"noopener\"><span style=\"color: #0000ff;\">Syyskokous 2009<\/span><\/a><br \/>\n<span style=\"color: #0000ff;\"><a href=\"http:\/\/marsuyhdistys.net\/home\/?page_id=1464\" target=\"_blank\" rel=\"noopener\"><span style=\"color: #0000ff;\">Kev\u00e4tkokous 2009<\/span><\/a><\/span><\/p>\n<p><a href=\"http:\/\/marsuyhdistys.net\/home\/?page_id=1467\" target=\"_blank\" rel=\"noopener\"><span style=\"color: #0000ff;\">Syyskokous 2008<\/span><\/a><br \/>\n<span style=\"color: #0000ff;\"><a href=\"http:\/\/marsuyhdistys.net\/home\/?page_id=1654\" target=\"_blank\" rel=\"noopener\"><span style=\"color: #0000ff;\">Kev\u00e4tkokous 2008<\/span><\/a><\/span><\/p>\n<p><a href=\"http:\/\/marsuyhdistys.net\/home\/?page_id=1657\" target=\"_blank\" rel=\"noopener\"><span style=\"color: #0000ff;\">Syyskokous 2007<\/span><\/a><br \/>\n<a href=\"http:\/\/marsuyhdistys.net\/home\/?page_id=1660\" target=\"_blank\" rel=\"noopener\"><span style=\"color: #0000ff;\">Kev\u00e4tkokous 2007<\/span><\/a><\/p>\n<p><a href=\"http:\/\/marsuyhdistys.net\/home\/?page_id=1665\" target=\"_blank\" rel=\"noopener\"><span style=\"color: #0000ff;\">Kev\u00e4tkokous 2006<\/span><\/a><\/p>\n<p><a href=\"http:\/\/marsuyhdistys.net\/home\/?page_id=1668\" target=\"_blank\" rel=\"noopener\"><span style=\"color: #0000ff;\">Ylim\u00e4\u00e4r\u00e4inen vuosikokous 7.8.2005<\/span><\/a><br \/>\n<a href=\"http:\/\/marsuyhdistys.net\/home\/?page_id=1671\" target=\"_blank\" rel=\"noopener\"><span style=\"color: #0000ff;\">Kev\u00e4tkokous 2005<\/span><\/a><\/p>\n","protected":false},"excerpt":{"rendered":"<p>Syyskokous 2025 Kev\u00e4tkokous 2025 Syyskokous 2024 Kev\u00e4tkokous 2024 Syyskokous 2023 Kev\u00e4tkokous 2023 Syyskokous 2022\u00a0 +Liitteet syys 2022 Kev\u00e4tkokous 2022 Syyskokous 2021 Kev\u00e4tkokous 2021 Syyskokous 2020 Kev\u00e4tkokous 2020\u00a0 +Liitteet Syyskokous 2019 Kev\u00e4tkokous 2019 Syyskokous 2018 Ylim\u00e4\u00e4r\u00e4inen j\u00e4senkokous 2018 Kev\u00e4tkokous 2018 Syyskokous &hellip; <a href=\"https:\/\/marsuyhdistys.net\/home\/yhdistys\/vuosikokouspoytakirjat\/\">Lue loppuun <span class=\"meta-nav\">&rarr;<\/span><\/a><\/p>\n","protected":false},"author":10,"featured_media":0,"parent":9,"menu_order":70,"comment_status":"closed","ping_status":"closed","template":"","meta":{"footnotes":"","_links_to":"","_links_to_target":""},"class_list":["post-1426","page","type-page","status-publish","hentry"],"_links":{"self":[{"href":"https:\/\/marsuyhdistys.net\/home\/wp-json\/wp\/v2\/pages\/1426","targetHints":{"allow":["GET"]}}],"collection":[{"href":"https:\/\/marsuyhdistys.net\/home\/wp-json\/wp\/v2\/pages"}],"about":[{"href":"https:\/\/marsuyhdistys.net\/home\/wp-json\/wp\/v2\/types\/page"}],"author":[{"embeddable":true,"href":"https:\/\/marsuyhdistys.net\/home\/wp-json\/wp\/v2\/users\/10"}],"replies":[{"embeddable":true,"href":"https:\/\/marsuyhdistys.net\/home\/wp-json\/wp\/v2\/comments?post=1426"}],"version-history":[{"count":71,"href":"https:\/\/marsuyhdistys.net\/home\/wp-json\/wp\/v2\/pages\/1426\/revisions"}],"predecessor-version":[{"id":12838,"href":"https:\/\/marsuyhdistys.net\/home\/wp-json\/wp\/v2\/pages\/1426\/revisions\/12838"}],"up":[{"embeddable":true,"href":"https:\/\/marsuyhdistys.net\/home\/wp-json\/wp\/v2\/pages\/9"}],"wp:attachment":[{"href":"https:\/\/marsuyhdistys.net\/home\/wp-json\/wp\/v2\/media?parent=1426"}],"curies":[{"name":"wp","href":"https:\/\/api.w.org\/{rel}","templated":true}]}}