{"id":1433,"date":"2013-11-16T16:30:31","date_gmt":"2013-11-16T14:30:31","guid":{"rendered":"http:\/\/marsuyhdistys.net\/home\/?page_id=1433"},"modified":"2013-11-16T16:30:31","modified_gmt":"2013-11-16T14:30:31","slug":"suomen-marsuyhdistys-ryn-vuosikokous-15-4-201","status":"publish","type":"page","link":"https:\/\/marsuyhdistys.net\/home\/suomen-marsuyhdistys-ryn-vuosikokous-15-4-201\/","title":{"rendered":"Suomen Marsuyhdistys ry:n vuosikokous  15.4.201"},"content":{"rendered":"<p>Forssan ABC, Matkailijankatu 2, 30100 Forssa<\/p>\n<p><strong>Paikallaolijat (suluissa valtakirjalla olijat):\u00a0<\/strong><br \/>\nDepner Aida (M\u00e4ntyl\u00e4 Mika)<br \/>\nMerjankari Iina (Aatela Minna)<br \/>\nJuntunen Annukka ( Saarela Anu, Ruotsalainen Kirsi)<br \/>\nH\u00f6gman Taina<br \/>\nKivipuro Katja<br \/>\nLahtonen Linda<br \/>\nPiili Susanna (Palmqvist Juulia)<br \/>\nTuppurainen Pauliina<br \/>\nWaitinen Pulmu ( Ristim\u00e4ki Raisa)<\/p>\n<p><strong>1. Puheenjohtaja Susanna Piili avasi kokouksen 13.08\u00a0<\/strong><br \/>\n<strong>2. Valittiin kokouksen\u00a0<\/strong><br \/>\n<strong>puheenjohtajaksi<\/strong> Linda Lahtonen<br \/>\n<strong>sihteeriksi<\/strong> Katja Kivipuro<br \/>\n<strong>p\u00f6yt\u00e4kirjantarkastajiksi<\/strong> Pulmu Waitinen ja Taina H\u00f6gman<br \/>\n<strong>\u00e4\u00e4ntenlaskijoiksi<\/strong> Pulmu Waitinen ja Taina H\u00f6gman<\/p>\n<p><strong>3. Todettiin kokouksen laillisuus ja p\u00e4\u00e4t\u00f6svaltaisuus<br \/>\n<\/strong><br \/>\n<strong>4. Muutettiin kokouksen esityslistaa niin, ett\u00e4 kohdat 12 ja 13 k\u00e4siteltiin ennen kohtaa 7.<br \/>\n<\/strong><br \/>\n<strong>5. Hallituksen toimintakertomus ja tilinp\u00e4\u00e4t\u00f6kseen perustuvaa selostusta yhdistyksen taloudellisesta tilasta ei voitu hyv\u00e4ksy\u00e4, koska se ei ole viel\u00e4 valmis.<\/strong> Ehdotettiin k\u00e4sitelt\u00e4v\u00e4ksi n\u00e4m\u00e4 asiat syyskokouksessa.<\/p>\n<p><strong>6. Toiminnantarkastajien lausunto ja tilinp\u00e4\u00e4t\u00f6ksen vahvistaminen, vastuuvapauden my\u00f6nt\u00e4minen edellisen toimintavuoden hallitukselle ja muille mahdollisille vastuuvelvollisille<\/strong> siirrettiin syyskokoukseen.<\/p>\n<p><strong>7. P\u00e4\u00e4tettiin \u00e4\u00e4nin 13-2 ettei virallisilla kasvattajilta vaadita n\u00e4yttelytt\u00e4msipakkoa vuonna 2012. Muut vaatimukset s\u00e4ilyv\u00e4t ennallaan.\u00a0<\/strong><\/p>\n<p><strong>8. Keskusteltiin SKJL:n j\u00e4senyydest\u00e4.<\/strong> P\u00e4\u00e4tettiin siirt\u00e4\u00e4 mahdollinen eroamisp\u00e4\u00e4t\u00f6s syyskokoukseen.<\/p>\n<p><strong>Tauko 14.00 &#8211; 14.15. Iina Merjakari poistui kokouksesta kello 14.00.\u00a0<\/strong><\/p>\n<p><strong>9. Viimeisteltiin uusia rekisteris\u00e4\u00e4nt\u00f6j\u00e4 ja hyv\u00e4ksyttiin ne \u00e4\u00e4nin 10-3.\u00a0<\/strong><br \/>\nLis\u00e4ttiin uusi lause; Suomessa pysyv\u00e4sti asuva henkil\u00f6\/t voi k\u00e4ytt\u00e4\u00e4 vain SMY:n hyv\u00e4ksym\u00e4\u00e4 kasvattajanime\u00e4 vaikka h\u00e4nell\u00e4 olisi toisen yhdistyksen hyv\u00e4ksym\u00e4 kasvattajanimi.<br \/>\nAstuvat voimaan heti.<\/p>\n<p><strong>TAUKO 15.50 &#8211; 16.07\u00a0<\/strong><\/p>\n<p><strong>10. Viimeisteltiin uusia n\u00e4yttelys\u00e4\u00e4nt\u00f6j\u00e4 ja hyv\u00e4ksyttiin ne yksimielisesti.\u00a0<\/strong><br \/>\nAstuvat voimaan heti.<\/p>\n<p><strong>11. Uusien kasvattajanimis\u00e4\u00e4nt\u00f6jen viimeistely\u00e4.<\/strong> Hallitus jatkaa n\u00e4iden s\u00e4\u00e4nt\u00f6jen k\u00e4sitelly\u00e4.<br \/>\nKaikki s\u00e4\u00e4nn\u00f6t tullaan julkaisemaan Marsu-Magazinessa niiden valmistuttua.<\/p>\n<p><strong>12. Puheenjohtajan k\u00e4ytt\u00f6oikeus yhdistyksen tiliin on k\u00e4sitelty jo aiemmin hallituksessa.\u00a0<\/strong><\/p>\n<p><strong>13. P\u00e4\u00e4tettiin siirt\u00e4\u00e4 Taina H\u00f6gman hallituksen varaj\u00e4senest\u00e4 hallituksen varsinaiseksi j\u00e4seneksi.<\/strong><\/p>\n<p><strong>14. Hallituksen tai varsinaisten j\u00e4senten ja perhej\u00e4senten esitt\u00e4m\u00e4t, kokouskutsussa mainitut tai muut esille tulevat asiat:\u00a0<\/strong><br \/>\na) keskusteltiin yhdistyksen ilmapiirist\u00e4.<br \/>\nb) keskusteltiin yhteisty\u00f6st\u00e4 Ven\u00e4j\u00e4n kanssa. Mahdollinen yhteisty\u00f6 vaatii viel\u00e4 lis\u00e4\u00e4 faktaa.<br \/>\nc) keskusteltiin liittymisest\u00e4 EE-clubiin. Liittymist\u00e4 tai lis\u00e4tiedon hankkimista ei toistaiseksi pidetty tarpeellisena.<br \/>\nd) keskusteltiin p\u00e4\u00e4toimittajalle ja taittajalle annettavista korvauksista. P\u00e4\u00e4tettiin (11 puolesta, 1 vastaan, 1 j\u00e4\u00e4vi) antaa p\u00e4\u00e4toimittajalle 100\u20ac ja taittajalle 50\u20ac arvosta hyvityst\u00e4 yhdistyksen maksuista (rekister\u00f6inti, j\u00e4senyys, n\u00e4yttelyilmoittatuminen jne) \/ 4 lehte\u00e4. T\u00e4m\u00e4 korvaus tulee voimaan vuoden 2012 alusta l\u00e4htien.<br \/>\ne) Iina Merjankari luopui marsujen rekister\u00f6imisest\u00e4. Katja Kivipuro jatkaa rekister\u00f6intej\u00e4 toistaiseksi.<\/p>\n<p><strong>15. Puheenjohtaja p\u00e4\u00e4tti kokouksen 19.30.<\/strong><\/p>\n","protected":false},"excerpt":{"rendered":"<p>Forssan ABC, Matkailijankatu 2, 30100 Forssa Paikallaolijat (suluissa valtakirjalla olijat):\u00a0 Depner Aida (M\u00e4ntyl\u00e4 Mika) Merjankari Iina (Aatela Minna) Juntunen Annukka ( Saarela Anu, Ruotsalainen Kirsi) H\u00f6gman Taina Kivipuro Katja Lahtonen Linda Piili Susanna (Palmqvist Juulia) Tuppurainen Pauliina Waitinen Pulmu ( &hellip; <a href=\"https:\/\/marsuyhdistys.net\/home\/suomen-marsuyhdistys-ryn-vuosikokous-15-4-201\/\">Lue loppuun <span class=\"meta-nav\">&rarr;<\/span><\/a><\/p>\n","protected":false},"author":10,"featured_media":0,"parent":0,"menu_order":0,"comment_status":"closed","ping_status":"open","template":"","meta":{"footnotes":"","_links_to":"","_links_to_target":""},"class_list":["post-1433","page","type-page","status-publish","hentry"],"_links":{"self":[{"href":"https:\/\/marsuyhdistys.net\/home\/wp-json\/wp\/v2\/pages\/1433","targetHints":{"allow":["GET"]}}],"collection":[{"href":"https:\/\/marsuyhdistys.net\/home\/wp-json\/wp\/v2\/pages"}],"about":[{"href":"https:\/\/marsuyhdistys.net\/home\/wp-json\/wp\/v2\/types\/page"}],"author":[{"embeddable":true,"href":"https:\/\/marsuyhdistys.net\/home\/wp-json\/wp\/v2\/users\/10"}],"replies":[{"embeddable":true,"href":"https:\/\/marsuyhdistys.net\/home\/wp-json\/wp\/v2\/comments?post=1433"}],"version-history":[{"count":1,"href":"https:\/\/marsuyhdistys.net\/home\/wp-json\/wp\/v2\/pages\/1433\/revisions"}],"predecessor-version":[{"id":1434,"href":"https:\/\/marsuyhdistys.net\/home\/wp-json\/wp\/v2\/pages\/1433\/revisions\/1434"}],"wp:attachment":[{"href":"https:\/\/marsuyhdistys.net\/home\/wp-json\/wp\/v2\/media?parent=1433"}],"curies":[{"name":"wp","href":"https:\/\/api.w.org\/{rel}","templated":true}]}}