{"id":1436,"date":"2013-11-16T16:36:13","date_gmt":"2013-11-16T14:36:13","guid":{"rendered":"http:\/\/marsuyhdistys.net\/home\/?page_id=1436"},"modified":"2013-11-16T16:36:13","modified_gmt":"2013-11-16T14:36:13","slug":"ylimaarainen-vuosikokous-14-1-2012","status":"publish","type":"page","link":"https:\/\/marsuyhdistys.net\/home\/ylimaarainen-vuosikokous-14-1-2012\/","title":{"rendered":"Ylim\u00e4\u00e4r\u00e4inen vuosikokous 14.1.2012"},"content":{"rendered":"<p><span style=\"color: #000000;\">Suomen Marsuyhdistys ry. P\u00d6YT\u00c4KIRJA<\/span><br \/>\nYlim\u00e4\u00e4r\u00e4inen j\u00e4senkokous<br \/>\nAika: Lauantai 14.1.2012 klo 9:30<br \/>\nPaikka: Ooperin urheilutalo<br \/>\nOsoite: Vanha Turuntie 56, Rauma<\/p>\n<p><strong>L\u00e4sn\u00e4 (valtakirjat suluissa):\u00a0<\/strong><br \/>\nSusanna Piili (Juulia Palmqvist)<br \/>\nJenita Kaasalainen (vain aamulla)<br \/>\nLinda Tynkkynen (vain aamulla)<br \/>\nAleksi Paavilainen (vain aamulla)<br \/>\nSaija Uusi-Viitala<br \/>\nMinttu Nenonen (vain aamulla)<br \/>\nJannika Pasanen<br \/>\nTaina H\u00f6gman<br \/>\nLinda Lahtonen<br \/>\nPauliina Tuppurainen<br \/>\nKatja Kivipuro<br \/>\nAnnukka Juntunen (Anu Saarela, Kirsi Ruotsalainen)<br \/>\nPulmu Waitinen<\/p>\n<p><strong>1. Kokouksen avaus\u00a0<\/strong><br \/>\nKokous avattiin klo 9:42.<\/p>\n<p><strong>2. Kokouksen puheenjohtajan, sihteerin, kahden p\u00f6yt\u00e4kirjantarkastajan ja kahden \u00e4\u00e4ntenlaskijan valinta\u00a0<\/strong><br \/>\nKokouksen puheenjohtajaksi valittiin Annukka Juntunen ja sihteeriksi Pulmu Waitinen. P\u00f6yt\u00e4kirjantarkastajiksi Saija Uusi-Viitala ja Linda Tynkkynen ja \u00e4\u00e4ntenlaskijoiksi valittiin Taina H\u00f6gman ja Susanna Piili.<\/p>\n<p><strong>3. Todetaan kokouksen laillisuus ja p\u00e4\u00e4t\u00f6svaltaisuus<\/strong><br \/>\nKokous todettiin lailliseksi ja p\u00e4\u00e4t\u00f6svaltaiseksi.<\/p>\n<p><strong>4. Hyv\u00e4ksyt\u00e4\u00e4n ty\u00f6j\u00e4rjestys<\/strong><br \/>\nTy\u00f6j\u00e4rjestys hyv\u00e4ksyttiin seuraavin muutoksin:<br \/>\n&#8211; jaettiin kohta 5 kolmeksi erilliseksi kohdaksi, jolloin k\u00e4sitell\u00e4\u00e4n<br \/>\no kohdassa 5 n\u00e4yttelys\u00e4\u00e4nt\u00f6muutosten hyv\u00e4ksyminen<br \/>\no kohdassa 6 kasvattajanimis\u00e4\u00e4nt\u00f6muutosten hyv\u00e4ksyminen<br \/>\no kohdassa 7 rekister\u00f6intis\u00e4\u00e4nt\u00f6muutosten hyv\u00e4ksyminen<br \/>\no kohdassa 8 kokouksen p\u00e4\u00e4t\u00f6s<\/p>\n<p><strong>5. N\u00e4yttelys\u00e4\u00e4nt\u00f6muutosten hyv\u00e4ksyminen\u00a0<\/strong><br \/>\nP\u00e4\u00e4tettiin hyv\u00e4ksy\u00e4 yhdistyksen nettisivuilla ja foorumilla esill\u00e4 olleet n\u00e4yttelys\u00e4\u00e4nt\u00f6muutokset esityksen mukaisesti.<\/p>\n<p><strong>6. Kasvattajanimis\u00e4\u00e4nt\u00f6muutosten hyv\u00e4ksyminen<\/strong><br \/>\nP\u00e4\u00e4tettiin hyv\u00e4ksy\u00e4 yhdistyksen nettisivuilla ja foorumilla esill\u00e4 olleet kasvattajanimis\u00e4\u00e4nt\u00f6muutokset seuraavin muutoksin:<br \/>\n&#8211; poistettiin sana \u201dvaroituksia\u201d kohdasta \u201dHakijalla t\u00e4ytyy olla nuhteeton tausta, mik\u00e4 tarkoittaa, ett\u00e4 h\u00e4nell\u00e4 ei saa olla\u2026\u201d<\/p>\n<p><strong>TAUKO 10:30 \u2013 16:50<\/strong><\/p>\n<p><strong>7. Rekister\u00f6intis\u00e4\u00e4nt\u00f6muutosten hyv\u00e4ksyminen<\/strong><br \/>\nHyv\u00e4ksyttiin yhdistyksen nettisivuilla ja foorumilla esill\u00e4 olleet rekister\u00f6intis\u00e4\u00e4nt\u00f6muutokset \u00e4\u00e4nestyksell\u00e4 (\u00e4\u00e4nin 7-3) seuraavin muutoksin:<br \/>\n&#8211; \u201dMik\u00e4li kasvattajalla on suomalaisen kasvattajanimen lis\u00e4ksi ulkomaalainen kasvattajanimi, marsut rekister\u00f6id\u00e4\u00e4n suomalaisen kasvattajanimen mukaan. Muutoin marsun nimess\u00e4 ei saa esiinty\u00e4 kasvattajanimeen viittaavaa etu- tai j\u00e4lkiliitett\u00e4.\u201d \u2013kohta muotoillaan uudelleen selke\u00e4mm\u00e4ksi kev\u00e4tkokoukseen menness\u00e4. Ulkomaan tuontien nimen edess\u00e4 saa edelleen olla ulkomaalainen kasvattajanimi kuten t\u00e4h\u00e4nkin asti.<br \/>\n&#8211; rekister\u00f6intis\u00e4\u00e4nt\u00f6ehdotuksesta vahingossa pois j\u00e4\u00e4nyt poikkeusrekister\u00f6inti-mahdollisuus p\u00e4\u00e4tettiin lis\u00e4t\u00e4 takaisin s\u00e4\u00e4nt\u00f6ihin ja j\u00e4tt\u00e4\u00e4 edelleen voimaan.<\/p>\n<p><strong>8. Kokouksen p\u00e4\u00e4t\u00f6s\u00a0<\/strong><br \/>\nKokous p\u00e4\u00e4tettiin klo 17:12.<\/p>\n","protected":false},"excerpt":{"rendered":"<p>Suomen Marsuyhdistys ry. P\u00d6YT\u00c4KIRJA Ylim\u00e4\u00e4r\u00e4inen j\u00e4senkokous Aika: Lauantai 14.1.2012 klo 9:30 Paikka: Ooperin urheilutalo Osoite: Vanha Turuntie 56, Rauma L\u00e4sn\u00e4 (valtakirjat suluissa):\u00a0 Susanna Piili (Juulia Palmqvist) Jenita Kaasalainen (vain aamulla) Linda Tynkkynen (vain aamulla) Aleksi Paavilainen (vain aamulla) Saija Uusi-Viitala &hellip; <a href=\"https:\/\/marsuyhdistys.net\/home\/ylimaarainen-vuosikokous-14-1-2012\/\">Lue loppuun <span class=\"meta-nav\">&rarr;<\/span><\/a><\/p>\n","protected":false},"author":10,"featured_media":0,"parent":0,"menu_order":0,"comment_status":"closed","ping_status":"open","template":"","meta":{"footnotes":"","_links_to":"","_links_to_target":""},"class_list":["post-1436","page","type-page","status-publish","hentry"],"_links":{"self":[{"href":"https:\/\/marsuyhdistys.net\/home\/wp-json\/wp\/v2\/pages\/1436","targetHints":{"allow":["GET"]}}],"collection":[{"href":"https:\/\/marsuyhdistys.net\/home\/wp-json\/wp\/v2\/pages"}],"about":[{"href":"https:\/\/marsuyhdistys.net\/home\/wp-json\/wp\/v2\/types\/page"}],"author":[{"embeddable":true,"href":"https:\/\/marsuyhdistys.net\/home\/wp-json\/wp\/v2\/users\/10"}],"replies":[{"embeddable":true,"href":"https:\/\/marsuyhdistys.net\/home\/wp-json\/wp\/v2\/comments?post=1436"}],"version-history":[{"count":1,"href":"https:\/\/marsuyhdistys.net\/home\/wp-json\/wp\/v2\/pages\/1436\/revisions"}],"predecessor-version":[{"id":1437,"href":"https:\/\/marsuyhdistys.net\/home\/wp-json\/wp\/v2\/pages\/1436\/revisions\/1437"}],"wp:attachment":[{"href":"https:\/\/marsuyhdistys.net\/home\/wp-json\/wp\/v2\/media?parent=1436"}],"curies":[{"name":"wp","href":"https:\/\/api.w.org\/{rel}","templated":true}]}}