{"id":1441,"date":"2013-11-16T16:48:34","date_gmt":"2013-11-16T14:48:34","guid":{"rendered":"http:\/\/marsuyhdistys.net\/home\/?page_id=1441"},"modified":"2013-11-16T16:48:34","modified_gmt":"2013-11-16T14:48:34","slug":"suomen-marsuyhdistys-ryn-syyskokous-2011","status":"publish","type":"page","link":"https:\/\/marsuyhdistys.net\/home\/suomen-marsuyhdistys-ryn-syyskokous-2011\/","title":{"rendered":"Suomen Marsuyhdistys ry:n syyskokous 2011"},"content":{"rendered":"<p><strong>Aika:\u00a0Lauantai 15.10.2011 klo 13 alkaen\u00a0<\/strong><br \/>\n<strong>Paikka:\u00a0Helsingin Pelastuskoulu, Steniuksentie 14, 00320 Helsinki\u00a0<\/strong><\/p>\n<p><strong>L\u00e4sn\u00e4 (valtakirjat suluissa) :\u00a0<\/strong><br \/>\nJuulia Palmqvist<br \/>\nSusanna Piili<br \/>\nNora M\u00e4ntysaari<br \/>\nPauliina Tuppurainen (Linda Lahtonen)<br \/>\nAida Depner (Jaana Peltola)<br \/>\nEva Kalliala<br \/>\nIina Merjankari (Maria Tuohisto-Kokko, Minna Aatela)<br \/>\nPulmu Waitinen<\/p>\n<p><strong>1. Kokouksen avaus\u00a0<\/strong><br \/>\nKokous avattiin klo. 13:19<\/p>\n<p><strong>2. Kokouksen puheenjohtajan, sihteerin, kahden p\u00f6yt\u00e4kirjantarkastajan ja kahden \u00e4\u00e4ntenlaskijan valinta\u00a0<\/strong><br \/>\nValittiin puheenjohtajaksi Pauliina Tuppurainen, sihteeriksi Pulmu Waitinen, p\u00f6yt\u00e4kirjan tarkastajiksi Eva Kalliala ja Susanna Piili ja \u00e4\u00e4ntenlaskijoiksi Eva Kalliala ja Juulia Palmqvist.<\/p>\n<p><strong>3. Todetaan kokouksen laillisuus ja p\u00e4\u00e4t\u00f6svaltaisuus\u00a0<\/strong><br \/>\nTodettiin kokous lailliseksi ja p\u00e4\u00e4t\u00f6svaltaiseksi.<\/p>\n<p><strong>4. Hyv\u00e4ksyt\u00e4\u00e4n ty\u00f6j\u00e4rjestys\u00a0<\/strong><br \/>\nHyv\u00e4ksyttiin ty\u00f6j\u00e4rjestys<\/p>\n<p><strong>5. Hallituksen toimintakertomus ja tilinp\u00e4\u00e4t\u00f6kseen perustuva selostus yhdistyksen taloudellisesta tilasta vuodelta 2010<\/strong><br \/>\nToimintakertomus on hyv\u00e4ksytty kev\u00e4\u00e4n vuosikokouksessa tarvitavine lis\u00e4yksineen. Yhdistyksell\u00e4 on ollut p\u00e4\u00e4omaa vuoden 2010 lopussa 8569,81 euroa ja vuoden 2010 tilikausi on 1668,62 euroa ylij\u00e4\u00e4m\u00e4iseksi.<\/p>\n<p><strong>6. Tilintarkastajien lausunto ja tilip\u00e4\u00e4t\u00f6ksen vahvistaminen sek\u00e4 vastuuvapauden my\u00f6nt\u00e4minen edellisen toimintavuoden hallitukselle.\u00a0<\/strong><br \/>\nVahvistettiin tilinp\u00e4\u00e4t\u00f6s ja my\u00f6nnettiin vastuuvapaus vuoden 2010 hallitukselle.<\/p>\n<p><strong>7. Valitaan hallituksen puheenjohtaja seuraavaksi vuodeksi.\u00a0<\/strong><br \/>\nEhdolla puheenjohtajaksi Susanna Piili ja Linda Lahtonen. Valittiin \u00e4\u00e4nestyksell\u00e4 puheenjohtajaksi Susanna Piili (\u00e4\u00e4nin 9-3).<\/p>\n<p><strong>8. Hallituksen muiden j\u00e4senten valinta seuraavaksi vuodeksi\u00a0<\/strong><br \/>\nEhdolla vuoden 2012 hallitukseen Katja Kivipuro, Nora M\u00e4ntysaari, Linda Lahtonen, Pauliina Tuppurainen, Eva Kalliala ja Juulia Palmqvist, varalle Taina H\u00f6gman. Valittiin edell\u00e4 olevat yksimielisesti vuoden 2012 hallitukseen.<\/p>\n<p><strong>9. Kahden toiminnantarkastajan ja heid\u00e4n varamiestens\u00e4 valinta\u00a0<\/strong><br \/>\nEhdolla toiminnantarkastajiksi Elise Feodoroff ja Pulmu Waitinen, varamiehiksi Aida Depner ja Mika M\u00e4ntyl\u00e4. Ehdolla olevat valittiin yksimielisesti edell\u00e4 olevan mukaisesti.<\/p>\n<p><strong>10. Hallituksen seuraavan vuoden toimintasuunnitelman ja talousarvioehdotuksen hyv\u00e4ksyminen\u00a0<\/strong><br \/>\nHyv\u00e4ksyttiin toimintasuunnitelma ja talousarvioehdotus vuodelle 2012.<\/p>\n<p><strong>11. Seuraavan vuoden j\u00e4senmaksujen m\u00e4\u00e4r\u00e4\u00e4minen\u00a0<\/strong><br \/>\nP\u00e4\u00e4tettiin pit\u00e4\u00e4 j\u00e4senmaksut ennallaan.<\/p>\n<p><strong>12. Hallituksen tai j\u00e4senten esitt\u00e4m\u00e4t, kokouskutsussa mainitut tai muut esille tulevat asiat.\u00a0<\/strong><br \/>\n<strong>a. MarsuMagazinelle taittaja, p\u00e4\u00e4toimittaja ja toimittajia.\u00a0<\/strong><br \/>\nEhdokkaita tai kiinnostuneita lehden toimitusteht\u00e4viin ei ollut. Vapaaehtoisia kaivataan ja saa ilmoittautua koska tahansa hallitukselle.<\/p>\n<p><strong>b. Marsuille sukutietokanta<\/strong><br \/>\nP\u00e4\u00e4tettiin alkaa selvittelem\u00e4\u00e4n sukutietokannan tekemist\u00e4 tarkemmin. P\u00e4\u00e4tettiin, ett\u00e4 jatkossa yhdistyksell\u00e4 on lupa k\u00e4ytt\u00e4\u00e4 1.1.2012 l\u00e4htien rekister\u00f6it\u00e4vien marsujen tietoja sukutietokannassa. Alkuvaiheessa tarkoituksena on, ett\u00e4 sukutietokanta on avoinna vain yhdistyksen j\u00e4senille.<\/p>\n<p><strong>c. S\u00e4hk\u00f6inen ilmoittautumislomake nettisivuille\u00a0<\/strong><br \/>\nP\u00e4\u00e4tettiin, ett\u00e4 hallitus jatkaa asian jatkoselvittely\u00e4 ja suunnittelua. Mik\u00e4li mahdollista, s\u00e4hk\u00f6isen ilmoittautumislomakkeen suunnittelu yhdistet\u00e4\u00e4n kotisivujen uusimisen yhteyteen.<\/p>\n<p><strong>d. Ridgebackin rekister\u00f6intis\u00e4\u00e4nt\u00f6\u00a0<\/strong><br \/>\nKeskusteltiin ridgebackin rekister\u00f6imisest\u00e4 ja periytymisest\u00e4. Esitettiin, ett\u00e4 kev\u00e4tkokouksessa ( tai jossain seuraavassa kokouksessa) k\u00e4sitelt\u00e4isiin ns. kasvatuksen apumarsujen ( diluutti, lakelandit, ridgeback-kantajat) rekister\u00f6intimahdollisuudesta tulevaisuudessa.<\/p>\n<p><strong>e. Rekister\u00f6intiongelmat\u00a0<\/strong><br \/>\nSelkeytet\u00e4\u00e4n kotisivuille rekister\u00f6intis\u00e4\u00e4nt\u00f6jen yhteyteen rekister\u00f6innin kesto. Rekister\u00f6inti kest\u00e4\u00e4 enint\u00e4\u00e4n 3 viikkoa, joka ei sis\u00e4ll\u00e4 postitukseen kuluvaa aikaa. Huomioitavaa on, ett\u00e4 l\u00e4hetysp\u00e4iv\u00e4st\u00e4 ja postin maksuluokasta riippuen postitus vie 1-4 p\u00e4iv\u00e4\u00e4\/ suunta.<\/p>\n<p><strong>f. Kasvattajakatselmoinnit Hannan poissa ollessa<\/strong><br \/>\nP\u00e4\u00e4tettiin, ett\u00e4 hallitus keskustelee ja sopii yhdess\u00e4 suomalaisten ulkomuototuomareiden kanssa katselmointik\u00e4yt\u00e4nn\u00f6st\u00e4 ja esimerkiksi mahdollisuudesta hyv\u00e4ksy\u00e4 valittujen ulkomaalaisten tuomareiden tekem\u00e4 katselmoinnit.<\/p>\n<p><strong>g. Uusi sponsorivastaava\u00a0<\/strong><br \/>\nSponsorivastaavaksi valittiin Aida Depner<\/p>\n<p><strong>h. Pet-toimikunta ja pet-vastaava\u00a0<\/strong><br \/>\nValittiin pet-vastaavaksi Eva Kalliala ja muiksi pet-toimikunnan j\u00e4seniksi Pauliina Tuppurainen ja Juulia Palmqvist. Muita halukkaita otetaan toimikuntaan kesken vuottakin. Ilmoittautumisia voi l\u00e4hett\u00e4\u00e4 pet-vastaavalle.<\/p>\n<p><strong>i. Uusi palkintovastaava<\/strong><br \/>\nValittiin Aida Depner hoitamaan my\u00f6s palkintovastaavan teht\u00e4vi\u00e4.<\/p>\n<p><strong>j. Muiden henkil\u00f6iden p\u00e4ivitys\u00a0<\/strong><br \/>\nStandarditoimikunta &#8211; Katja Kivipuro, Hanna Lahtinen, Nora M\u00e4ntysaari<br \/>\nJ\u00e4senasiat &#8211; Aida Depner<br \/>\nMVA-hakemukset &#8211; Pauliina Tuppurainen<br \/>\nTuomarivastaava &#8211; Nora M\u00e4ntysaari<br \/>\nKotisivujen p\u00e4ivitt\u00e4j\u00e4 &#8211; Eva Kalliala, Pauliina Tuppurainen, Linda Lahtonen<br \/>\nFoorumin yll\u00e4pit\u00e4j\u00e4t &#8211; Eva Kalliala, Pauliina Tuppurainen, Linda Lahtonen, Nora M\u00e4ntysaari, Aida Depner<\/p>\n<p><strong>13. Kokouksen p\u00e4\u00e4t\u00f6s\u00a0<\/strong><br \/>\nKokous p\u00e4\u00e4tettiin klo 17:23<\/p>\n","protected":false},"excerpt":{"rendered":"<p>Aika:\u00a0Lauantai 15.10.2011 klo 13 alkaen\u00a0 Paikka:\u00a0Helsingin Pelastuskoulu, Steniuksentie 14, 00320 Helsinki\u00a0 L\u00e4sn\u00e4 (valtakirjat suluissa) :\u00a0 Juulia Palmqvist Susanna Piili Nora M\u00e4ntysaari Pauliina Tuppurainen (Linda Lahtonen) Aida Depner (Jaana Peltola) Eva Kalliala Iina Merjankari (Maria Tuohisto-Kokko, Minna Aatela) Pulmu Waitinen 1. &hellip; <a href=\"https:\/\/marsuyhdistys.net\/home\/suomen-marsuyhdistys-ryn-syyskokous-2011\/\">Lue loppuun <span class=\"meta-nav\">&rarr;<\/span><\/a><\/p>\n","protected":false},"author":10,"featured_media":0,"parent":0,"menu_order":0,"comment_status":"closed","ping_status":"open","template":"","meta":{"footnotes":"","_links_to":"","_links_to_target":""},"class_list":["post-1441","page","type-page","status-publish","hentry"],"_links":{"self":[{"href":"https:\/\/marsuyhdistys.net\/home\/wp-json\/wp\/v2\/pages\/1441","targetHints":{"allow":["GET"]}}],"collection":[{"href":"https:\/\/marsuyhdistys.net\/home\/wp-json\/wp\/v2\/pages"}],"about":[{"href":"https:\/\/marsuyhdistys.net\/home\/wp-json\/wp\/v2\/types\/page"}],"author":[{"embeddable":true,"href":"https:\/\/marsuyhdistys.net\/home\/wp-json\/wp\/v2\/users\/10"}],"replies":[{"embeddable":true,"href":"https:\/\/marsuyhdistys.net\/home\/wp-json\/wp\/v2\/comments?post=1441"}],"version-history":[{"count":1,"href":"https:\/\/marsuyhdistys.net\/home\/wp-json\/wp\/v2\/pages\/1441\/revisions"}],"predecessor-version":[{"id":1442,"href":"https:\/\/marsuyhdistys.net\/home\/wp-json\/wp\/v2\/pages\/1441\/revisions\/1442"}],"wp:attachment":[{"href":"https:\/\/marsuyhdistys.net\/home\/wp-json\/wp\/v2\/media?parent=1441"}],"curies":[{"name":"wp","href":"https:\/\/api.w.org\/{rel}","templated":true}]}}