{"id":1445,"date":"2013-11-16T16:55:27","date_gmt":"2013-11-16T14:55:27","guid":{"rendered":"http:\/\/marsuyhdistys.net\/home\/?page_id=1445"},"modified":"2013-11-16T16:55:27","modified_gmt":"2013-11-16T14:55:27","slug":"ylimaarainen-vuosikokous-2011","status":"publish","type":"page","link":"https:\/\/marsuyhdistys.net\/home\/ylimaarainen-vuosikokous-2011\/","title":{"rendered":"Ylim\u00e4\u00e4r\u00e4inen vuosikokous 2011"},"content":{"rendered":"<p><span style=\"color: #000000;\">Aika:\u00a0Lauantai 13.8.2011 klo 14\u00a0<\/span><br \/>\n<span style=\"color: #000000;\">Paikka:\u00a0Helsingin pelastuskoulu\u00a0<\/span><br \/>\n<span style=\"color: #000000;\">Osoite:\u00a0Steniuksentie 14, 00420 Helsinki\u00a0<\/span><\/p>\n<p><strong><span style=\"color: #000000;\">L\u00e4sn\u00e4 (suluissa valtakirjat):\u00a0<\/span><\/strong><br \/>\n<span style=\"color: #000000;\">Susanna Piili\u00a0<\/span><br \/>\n<span style=\"color: #000000;\">Juulia Palmqvist\u00a0<\/span><br \/>\n<span style=\"color: #000000;\">Taina H\u00f6gman (Elise Feodoroff, Pauliina Tuppurainen)\u00a0<\/span><br \/>\n<span style=\"color: #000000;\">Eva Kalliala\u00a0<\/span><br \/>\n<span style=\"color: #000000;\">Pulmu Waitinen\u00a0<\/span><\/p>\n<p><strong><span style=\"color: #000000;\">1. Kokouksen avaus\u00a0<\/span><\/strong><br \/>\n<span style=\"color: #000000;\">Kokous avattiin klo 14:12.\u00a0<\/span><\/p>\n<p><span style=\"color: #000000;\"><strong>2. Kokouksen puheenjohtajan, sihteerin, kahden p\u00f6yt\u00e4kirjantarkastajan ja kahden \u00e4\u00e4ntenlaskijan valinta<\/strong>\u00a0<\/span><br \/>\n<span style=\"color: #000000;\">Kokouksen puheenjohtajaksi valittiin Juulia Palmqvist ja sihteeriksi Pulmu Waitinen. P\u00f6yt\u00e4kirjantarkastajiksi ja \u00e4\u00e4ntenlaskijoiksi valittiin Eva Kalliala ja Susanna Piili.\u00a0<\/span><\/p>\n<p><strong><span style=\"color: #000000;\">3. Todetaan kokouksen laillisuus ja p\u00e4\u00e4t\u00f6svaltaisuus\u00a0<\/span><\/strong><br \/>\n<span style=\"color: #000000;\">Kokous todettiin lailliseksi ja p\u00e4\u00e4t\u00f6svaltaiseksi.\u00a0<\/span><\/p>\n<p><span style=\"color: #000000;\"><strong>4. Hyv\u00e4ksyt\u00e4\u00e4n ty\u00f6j\u00e4rjestys<\/strong>\u00a0<\/span><br \/>\n<span style=\"color: #000000;\">Ty\u00f6j\u00e4rjestys hyv\u00e4ksyttiin sellaisenaan.\u00a0<\/span><\/p>\n<p><strong><span style=\"color: #000000;\">5. Uusien hallituksen j\u00e4senien valinta (2 j\u00e4sent\u00e4 ja 1 varaj\u00e4sen) eronneiden tilalle\u00a0<\/span><\/strong><br \/>\n<span style=\"color: #000000;\">Vuoden 2011 hallituksesta on eronnut kesken kauden Minna Alander, Annukka Juntunen (os. Holmroos) ja Pulmu Waitinen. Ehdolla uusiksi hallituksen j\u00e4seniksi: Susanna Piili, Taina H\u00f6gman ja Nora M\u00e4ntysaari. Valittiin yksimielisesti ehdolla olevat hallitukseen.\u00a0<\/span><\/p>\n<p><strong><span style=\"color: #000000;\">6. Yhdistyksen kotisivujen p\u00e4ivitt\u00e4jien valinta\u00a0<\/span><\/strong><br \/>\n<span style=\"color: #000000;\">Valittiin Susanna Piili ja Pauliina Tuppurainen avuksi kotisivujen p\u00e4ivitt\u00e4miseen.\u00a0<\/span><\/p>\n<p><strong><span style=\"color: #000000;\">7. Muut hallituksen ja j\u00e4senist\u00f6n esille tuomat asiat\u00a0<\/span><\/strong><br \/>\n<span style=\"color: #000000;\">Keskusteltiin kotisivujen siirt\u00e4misest\u00e4 helpommin hallittavalle alustalle. Keskustelua ja asian k\u00e4sittely\u00e4 jatketaan hallituksessa.\u00a0<\/span><\/p>\n<p><span style=\"color: #000000;\"><strong>8. Kokouksen p\u00e4\u00e4t\u00f6s<\/strong>\u00a0<\/span><br \/>\n<span style=\"color: #000000;\">Kokous p\u00e4\u00e4tettiin klo 15:03.<\/span><\/p>\n","protected":false},"excerpt":{"rendered":"<p>Aika:\u00a0Lauantai 13.8.2011 klo 14\u00a0 Paikka:\u00a0Helsingin pelastuskoulu\u00a0 Osoite:\u00a0Steniuksentie 14, 00420 Helsinki\u00a0 L\u00e4sn\u00e4 (suluissa valtakirjat):\u00a0 Susanna Piili\u00a0 Juulia Palmqvist\u00a0 Taina H\u00f6gman (Elise Feodoroff, Pauliina Tuppurainen)\u00a0 Eva Kalliala\u00a0 Pulmu Waitinen\u00a0 1. Kokouksen avaus\u00a0 Kokous avattiin klo 14:12.\u00a0 2. Kokouksen puheenjohtajan, sihteerin, kahden p\u00f6yt\u00e4kirjantarkastajan &hellip; <a href=\"https:\/\/marsuyhdistys.net\/home\/ylimaarainen-vuosikokous-2011\/\">Lue loppuun <span class=\"meta-nav\">&rarr;<\/span><\/a><\/p>\n","protected":false},"author":10,"featured_media":0,"parent":0,"menu_order":0,"comment_status":"closed","ping_status":"open","template":"","meta":{"footnotes":"","_links_to":"","_links_to_target":""},"class_list":["post-1445","page","type-page","status-publish","hentry"],"_links":{"self":[{"href":"https:\/\/marsuyhdistys.net\/home\/wp-json\/wp\/v2\/pages\/1445","targetHints":{"allow":["GET"]}}],"collection":[{"href":"https:\/\/marsuyhdistys.net\/home\/wp-json\/wp\/v2\/pages"}],"about":[{"href":"https:\/\/marsuyhdistys.net\/home\/wp-json\/wp\/v2\/types\/page"}],"author":[{"embeddable":true,"href":"https:\/\/marsuyhdistys.net\/home\/wp-json\/wp\/v2\/users\/10"}],"replies":[{"embeddable":true,"href":"https:\/\/marsuyhdistys.net\/home\/wp-json\/wp\/v2\/comments?post=1445"}],"version-history":[{"count":1,"href":"https:\/\/marsuyhdistys.net\/home\/wp-json\/wp\/v2\/pages\/1445\/revisions"}],"predecessor-version":[{"id":1446,"href":"https:\/\/marsuyhdistys.net\/home\/wp-json\/wp\/v2\/pages\/1445\/revisions\/1446"}],"wp:attachment":[{"href":"https:\/\/marsuyhdistys.net\/home\/wp-json\/wp\/v2\/media?parent=1445"}],"curies":[{"name":"wp","href":"https:\/\/api.w.org\/{rel}","templated":true}]}}