{"id":145,"date":"2012-09-22T21:11:16","date_gmt":"2012-09-22T19:11:16","guid":{"rendered":"http:\/\/marsuyhdistys.net\/home\/?page_id=145"},"modified":"2021-03-23T19:08:25","modified_gmt":"2021-03-23T17:08:25","slug":"amerikan-crest-yksivarinen","status":"publish","type":"page","link":"https:\/\/marsuyhdistys.net\/home\/kaikki-marsusta\/rodut\/amerikan-crest-yksivarinen\/","title":{"rendered":"Amerikancrest yksiv\u00e4rinen"},"content":{"rendered":"<p><span style=\"color: #000000;\">Lyhytkarvainen marsu jolla on crest eli py\u00f6rre otsassa. Crestin v\u00e4rin tulee poiketa turkin v\u00e4rist\u00e4. Tavallisin crestin v\u00e4ri on valkoinen. Hyv\u00e4ksytty kaikissa hyv\u00e4ksytyiss\u00e4 v\u00e4reiss\u00e4.<\/span><\/p>\n<p style=\"text-align: center;\">&nbsp;<\/p>\n<div class=\"wp-block-image\">\n<figure class=\"aligncenter is-resized\"><img loading=\"lazy\" decoding=\"async\" src=\"http:\/\/marsuyhdistys.net\/home\/wp-content\/uploads\/2021\/03\/jenkki-saffron-valmis.jpg\" alt=\"\" class=\"wp-image-7732\" width=\"476\" height=\"357\" srcset=\"https:\/\/marsuyhdistys.net\/home\/wp-content\/uploads\/2021\/03\/jenkki-saffron-valmis.jpg 960w, https:\/\/marsuyhdistys.net\/home\/wp-content\/uploads\/2021\/03\/jenkki-saffron-valmis-300x225.jpg 300w, https:\/\/marsuyhdistys.net\/home\/wp-content\/uploads\/2021\/03\/jenkki-saffron-valmis-768x576.jpg 768w\" sizes=\"auto, (max-width: 476px) 100vw, 476px\" \/><figcaption>Amerikancrest saffron <\/figcaption><\/figure>\n<\/div>\n<div class=\"wp-block-image\">\n<figure class=\"aligncenter is-resized\"><img loading=\"lazy\" decoding=\"async\" src=\"http:\/\/marsuyhdistys.net\/home\/wp-content\/uploads\/2021\/03\/amcrest_black_muokattu-1-valmis-1024x594.jpg\" alt=\"\" class=\"wp-image-7728\" width=\"477\" height=\"277\" srcset=\"https:\/\/marsuyhdistys.net\/home\/wp-content\/uploads\/2021\/03\/amcrest_black_muokattu-1-valmis-1024x594.jpg 1024w, https:\/\/marsuyhdistys.net\/home\/wp-content\/uploads\/2021\/03\/amcrest_black_muokattu-1-valmis-300x174.jpg 300w, https:\/\/marsuyhdistys.net\/home\/wp-content\/uploads\/2021\/03\/amcrest_black_muokattu-1-valmis-768x446.jpg 768w\" sizes=\"auto, (max-width: 477px) 100vw, 477px\" \/><figcaption>Amerikancrest black <\/figcaption><\/figure>\n<\/div>\n<div class=\"wp-block-image\">\n<figure class=\"aligncenter is-resized\"><img loading=\"lazy\" decoding=\"async\" src=\"http:\/\/marsuyhdistys.net\/home\/wp-content\/uploads\/2021\/03\/am.cr-peg-valmis-1024x667.jpg\" alt=\"\" class=\"wp-image-7729\" width=\"486\" height=\"314\"\/><figcaption>Amerikancrest p.e golden<\/figcaption><\/figure>\n<\/div>\n","protected":false},"excerpt":{"rendered":"<p>Lyhytkarvainen marsu jolla on crest eli py\u00f6rre otsassa. Crestin v\u00e4rin tulee poiketa turkin v\u00e4rist\u00e4. Tavallisin crestin v\u00e4ri on valkoinen. Hyv\u00e4ksytty kaikissa hyv\u00e4ksytyiss\u00e4 v\u00e4reiss\u00e4. &nbsp;<\/p>\n","protected":false},"author":10,"featured_media":0,"parent":162,"menu_order":60,"comment_status":"closed","ping_status":"closed","template":"","meta":{"footnotes":"","_links_to":"","_links_to_target":""},"class_list":["post-145","page","type-page","status-publish","hentry"],"_links":{"self":[{"href":"https:\/\/marsuyhdistys.net\/home\/wp-json\/wp\/v2\/pages\/145","targetHints":{"allow":["GET"]}}],"collection":[{"href":"https:\/\/marsuyhdistys.net\/home\/wp-json\/wp\/v2\/pages"}],"about":[{"href":"https:\/\/marsuyhdistys.net\/home\/wp-json\/wp\/v2\/types\/page"}],"author":[{"embeddable":true,"href":"https:\/\/marsuyhdistys.net\/home\/wp-json\/wp\/v2\/users\/10"}],"replies":[{"embeddable":true,"href":"https:\/\/marsuyhdistys.net\/home\/wp-json\/wp\/v2\/comments?post=145"}],"version-history":[{"count":20,"href":"https:\/\/marsuyhdistys.net\/home\/wp-json\/wp\/v2\/pages\/145\/revisions"}],"predecessor-version":[{"id":7746,"href":"https:\/\/marsuyhdistys.net\/home\/wp-json\/wp\/v2\/pages\/145\/revisions\/7746"}],"up":[{"embeddable":true,"href":"https:\/\/marsuyhdistys.net\/home\/wp-json\/wp\/v2\/pages\/162"}],"wp:attachment":[{"href":"https:\/\/marsuyhdistys.net\/home\/wp-json\/wp\/v2\/media?parent=145"}],"curies":[{"name":"wp","href":"https:\/\/api.w.org\/{rel}","templated":true}]}}