{"id":1452,"date":"2013-11-16T17:08:36","date_gmt":"2013-11-16T15:08:36","guid":{"rendered":"http:\/\/marsuyhdistys.net\/home\/?page_id=1452"},"modified":"2013-11-16T17:08:36","modified_gmt":"2013-11-16T15:08:36","slug":"kevatkokous-2011","status":"publish","type":"page","link":"https:\/\/marsuyhdistys.net\/home\/kevatkokous-2011\/","title":{"rendered":"Kev\u00e4tkokous 2011"},"content":{"rendered":"<p>S\u00e4\u00e4nt\u00f6m\u00e4\u00e4r\u00e4inen vuosikokous<br \/>\nAika:\u00a025.4.2011.<br \/>\nPaikka:\u00a0Helsingin pelastuskoulu, Steniuksentie 14, 00320 Helsinki<\/p>\n<p><strong>L\u00e4sn\u00e4 (valtakirjat suluissa):\u00a0<\/strong><br \/>\nJuulia Palmqvist<br \/>\nSusanna Piili (Elise Feodoroff)<br \/>\nEva Kalliala<br \/>\nPulmu Waitinen (Lea Rahtu)<br \/>\nAida Depner (Jaana Peltonen, Heli Kuoppam\u00e4ki)<br \/>\nMika M\u00e4ntyl\u00e4<br \/>\nAnnukka Holmroos (Anu Saarela)<\/p>\n<p><strong>1.Kokouksen avaus\u00a0<\/strong><br \/>\nPuheenjohtaja avasi kokouksen klo 14:15.<\/p>\n<p><strong>2.Kokouksen puheenjohtajan, sihteerin, kahden p\u00f6yt\u00e4kirjantarkastajan ja kahden\u00a0<\/strong><br \/>\n<strong>\u00e4\u00e4ntenlaskijan valinta\u00a0<\/strong><br \/>\nKokouksen puheenjohtajaksi valittiin Annukka Holmroos, sihteeriksi Eva Kalliala ja<br \/>\np\u00f6yt\u00e4kirjantarkastajiksi sek\u00e4 \u00e4\u00e4ntenlaskijoiksi Aida Depner ja Pulmu Waitinen.<\/p>\n<p><strong>3.Laillisuuden ja p\u00e4\u00e4t\u00f6svaltaisuuden toteaminen<\/strong><br \/>\nKokous todettiin laillisesti koolle kutsutuksi ja p\u00e4\u00e4t\u00f6svaltaiseksi.<\/p>\n<p><strong>4.Ty\u00f6j\u00e4rjestyksen hyv\u00e4ksyminen\u00a0<\/strong><br \/>\nHyv\u00e4ksyttiin kokouksen ty\u00f6j\u00e4rjestys seuraavalla muutoksella:<br \/>\n&#8211; kohta h) rekister\u00f6intiasiaa korvataan toiminnantarkastajien valinnalla.<\/p>\n<p><strong>5.Hallituksen toimintakertomus ja tilinp\u00e4\u00e4t\u00f6kseen perustuva selostus yhdistyksen\u00a0<\/strong><br \/>\n<strong>taloudellisesta tilasta<\/strong><br \/>\nHyv\u00e4ksyttiin toimintakertomus seuraavilla lis\u00e4yksill\u00e4:<br \/>\n&#8211; Lauseesta \u201dHallituksen s\u00e4hk\u00f6postikokouksia kokouksia pidettiin 34\u201d poistettiin<br \/>\nsana \u201dkokouksia\u201d.<br \/>\n&#8211; \u201dSMY:n hyv\u00e4ksymi\u00e4 n\u00e4yttelyit\u00e4 oli lis\u00e4ksi mm:\u201d poistettiin \u201dJyv\u00e4skyl\u00e4ss\u00e4\u201d.<br \/>\n&#8211; Korjattiin syyskokouksen p\u00e4iv\u00e4m\u00e4\u00e4r\u00e4 oikeaksi 13.9. (ei 13.11.)<br \/>\n&#8211; Lea Rahtu, Aida Depner ja Pulmu Waitinen valmistuivat pet-tuomareiksi.<br \/>\n&#8211; Pet-toimikunta on esitellyt marsuja eri paikoissa.<br \/>\n&#8211; J\u00e4rjestetty pet-tuomarikoulutusta.<\/p>\n<p>Kokous siirsi tilinp\u00e4\u00e4t\u00f6kseen perustuvan selostuksen yhdistyksen taloudellisesta<br \/>\ntilasta seuraavaan kokoukseen.<\/p>\n<p><strong>6.Tilintarkastajien lausunto ja tilinp\u00e4\u00e4t\u00f6ksen vahvistaminen sek\u00e4 vastuuvapauden\u00a0<\/strong><br \/>\n<strong>my\u00f6nt\u00e4minen edellisen toimintavuoden hallitukselle\u00a0<\/strong><br \/>\nKokous ei my\u00f6nt\u00e4nyt vastuuvapautta vuoden 2010 hallitukselle eik\u00e4 hyv\u00e4ksynyt<br \/>\nvuoden 2010 tilinp\u00e4\u00e4t\u00f6st\u00e4 tilintarkastuskertomuksen puuttuessa. Kokous siirsi asian<br \/>\nk\u00e4sittelyn seuraavaan kokoukseen.<\/p>\n<p><strong>7.Hallituksen esitt\u00e4m\u00e4t, kokouskutsussa mainitut tai muut asiat\u00a0<\/strong><\/p>\n<p><strong>a) Baldwinin standardi\u00a0<\/strong><br \/>\nKokouksessa oli n\u00e4ht\u00e4vill\u00e4 standarditoimikunnan toimittama baldwinin standardi, jonka<br \/>\nkokous hyv\u00e4ksyi.<\/p>\n<p><strong>b) Baldwinin siirtyminen koestandardiin\u00a0<\/strong><br \/>\nKeskusteltiin baldwinien kohdalla her\u00e4nneist\u00e4 terveyskysymyksist\u00e4. Kuultiin rotua jo<br \/>\npitk\u00e4\u00e4n kasvattanutta Minna Aatelaa, joka on avauttanut 4-5 baldwinia iho-ongelmien<br \/>\nvuoksi. Baldwinit ovat raapineet niskansa verille, iho on paksuuntunut ja tulehduksia<br \/>\nesiintynyt.<br \/>\nKokous p\u00e4\u00e4tti siirt\u00e4\u00e4 baldwinin koestandardiin. Seurataan rodun kehittymist\u00e4 ja<br \/>\nterveytt\u00e4. Ennen standardiin siirtymist\u00e4 halutaan n\u00e4hd\u00e4 todistuksia rodun<br \/>\nterveydentilasta.<\/p>\n<p><strong>c) Ulkomaalaisten n\u00e4ytteilleasettajien ilmoittautumismaksut\u00a0<\/strong><br \/>\n(Ehdotus: ulkomaalaisille n\u00e4ytteilleasettajille samat alennukset ilmoittautumis-<br \/>\nmaksuista kuin SMYn j\u00e4senille.)<br \/>\nP\u00e4\u00e4tettiin, ett\u00e4 ulkomaalaisille ovat samat alennushinnat kuin SMY:n j\u00e4senille, jos he<br \/>\novat oman maansa marsuyhdistyksen j\u00e4seni\u00e4.<\/p>\n<p><strong>d) Keskustelua ulkomuototuomarikoulutuksesta\u00a0<\/strong><br \/>\nSuomalaisia ulkomuototuomareita on vain kaksi. Keskusteltiin, ett\u00e4 miten saataisiin<br \/>\nlis\u00e4\u00e4 kotimaisia tuomareita. Kokous huomioi seuraavia asioita:<br \/>\n&#8211; Miten esimerkiksi Ruotsissa ulkomuototuomarin koulutuksen k\u00e4yneet saadaan<br \/>\nSuomeen virallisiksi tuomareiksi?<br \/>\n&#8211; Olisiko mahdollista saada Ruotsista kouluttaja Suomeen?<br \/>\n&#8211; Onko nykyiset kriteerit koulutuksen aloittamiseen liian tiukat?<br \/>\n&#8211; Riitt\u00e4\u00e4k\u00f6 nykyisten tuomarien aika ja motivaatio uusien tuomarien kouluttamiseen?<\/p>\n<p>Kokous toivoo j\u00e4senilt\u00e4 parannusehdotuksia asiaan. Asian k\u00e4sittely siirret\u00e4\u00e4n<br \/>\nmy\u00f6hempiin kokouksiin.<\/p>\n<p><strong>e) Kaniyhdistykselt\u00e4 n\u00e4yttelyh\u00e4kkien ostaminen\u00a0<\/strong><br \/>\nKokous valtuuttaa hallituksen hankkimaan Suomen Kaniyhdistys Ry:lt\u00e4 rivin<br \/>\nh\u00e4kkej\u00e4 esittelyk\u00e4ytt\u00f6\u00f6n parhaaksi katsomallaan tavalla.<\/p>\n<p><strong>TAUKO 15:25-15:30\u00a0<\/strong><\/p>\n<p><strong>f) S\u00e4hk\u00f6inen ilmoittautumislomake n\u00e4yttelyihin yhdistyksen sivulle<\/strong><br \/>\nN\u00e4yttelyilmoittautumisten k\u00e4sittely vie nyky\u00e4\u00e4n liikaa aikaa. P\u00e4\u00e4tettiin alkaa<br \/>\nsuunnittelemaan s\u00e4hk\u00f6ist\u00e4 ilmoittautumisj\u00e4rjestelm\u00e4\u00e4 kotisivuille. Annukka hoitaa<br \/>\nkilpailutuksen ohjelmoijien v\u00e4lill\u00e4 ja lopullinen hyv\u00e4ksynt\u00e4 haetaan hallitukselta.<br \/>\nAikataulu on auki.<\/p>\n<p><strong>g) Avoimeen 5-8kk oma luokka\u00a0<\/strong><br \/>\nEi kannatusta. Kokous katsoi, ett\u00e4 nykyiset ik\u00e4luokat ovat riitt\u00e4vi\u00e4. Ehdotus hyl\u00e4tty.<\/p>\n<p><strong>h) Toiminnantarkastajien valinta<\/strong><br \/>\nValittiin toiseksi toiminnantarkastajaksi Susanna Piili ja varamiehiksi Lea Rahtu ja<br \/>\nMarjo Tuominen.<\/p>\n<p><strong>i) J\u00e4senrekisterille pit\u00e4j\u00e4<\/strong><br \/>\nAida Depner jatkaa j\u00e4senrekisterin pit\u00e4j\u00e4n\u00e4.<\/p>\n<p><strong>j) Virallisen kasvattajan j\u00e4senmaksumuistutukset<\/strong>, jos maksua ei ole maksettu<br \/>\ntammikuun loppuun menness\u00e4 niin mit\u00e4 tehd\u00e4\u00e4n: 1) odotellaan ja kysell\u00e4\u00e4n<br \/>\n2) yksi muistutus hyv\u00e4ksyt\u00e4\u00e4n viiden vuoden sis\u00e4ll\u00e4 3) poistetaan listoilta<br \/>\nsuoraan<br \/>\nKokous p\u00e4\u00e4tyi vaihtoehtoon kolme (3). Kasvattajanimi poistetaan listoilta suoraan,<br \/>\nmik\u00e4li j\u00e4senmaksua ei ole maksettu m\u00e4\u00e4r\u00e4aikaan menness\u00e4.<\/p>\n<p><strong>k) Kasvattaminen anonyymin\u00e4\u00a0<\/strong><br \/>\nSKJL:n hallitus on yksimielisesti p\u00e4\u00e4tt\u00e4nyt, ettei kukaan voi kasvattaa \u201danonyymin\u00e4.\u201d<br \/>\nEtu- ja sukunimi julkaistaan aina kasvattajanimen yhteydess\u00e4. Jos ei halua tietoja<br \/>\njulkaistavan niit\u00e4 ei julkaista ollenkaan, miss\u00e4\u00e4n muodossa.<\/p>\n<p><strong>l) Voiko kasvattajanime\u00e4 hakea ei standardi tai koe-standardi rodulle<\/strong><br \/>\nKasvattajanime\u00e4 voi hakea my\u00f6s ei- ja koe-standardi roduille jos rodusta on<br \/>\nolemassa kirjallinen standardi tai tuomariohje. Kirjallinen ohje tulee laittaa<br \/>\nkasvattajanimihakemukseen liitteen\u00e4.<\/p>\n<p><strong>m) Tarkennus kasvattajakatselmointi s\u00e4\u00e4nt\u00f6ihin: Voiko katselmoinnit tehd\u00e4\u00a0<\/strong><br \/>\n<strong>samalle tuomarille vai pit\u00e4\u00e4k\u00f6 ne tehd\u00e4 kahdelle eri tuomarille?\u00a0<\/strong><br \/>\nKokous p\u00e4\u00e4tti, ett\u00e4 katselmoitavat ryhm\u00e4t on esitett\u00e4v\u00e4 eri tuomareille. S\u00e4\u00e4nn\u00f6t<br \/>\np\u00e4ivitet\u00e4\u00e4n kotisivuille.<\/p>\n<p><strong>n) Nuorille oma BIS<\/strong><br \/>\nBaby- ja juniori-ik\u00e4isille on t\u00e4ll\u00e4 hetkell\u00e4 oma BIS Juhlan\u00e4yttelyss\u00e4 ja Grand<br \/>\nGalassa. Kokous ei puoltanut ehdotusta. Ehdotus hyl\u00e4tty.<\/p>\n<p><strong>o) J\u00e4senlehteen materiaalin l\u00e4hett\u00e4minen ja artikkelien k\u00e4yt\u00f6n oikeudet\u00a0<\/strong><br \/>\nSelvitet\u00e4\u00e4n mahdollisuutta s\u00e4hk\u00f6isen artikkelilomakkeen tekemisest\u00e4 kotisivuille.<br \/>\nJatkossa Marsu Magazineen l\u00e4hetetty materiaali on yhdistyksen vapaassa k\u00e4yt\u00f6ss\u00e4,<br \/>\nellei materiaalin omistaja\/l\u00e4hett\u00e4j\u00e4 sit\u00e4 erikseen kiell\u00e4. Pulmu selvitt\u00e4\u00e4 vanhojen<br \/>\nmateriaalien k\u00e4ytt\u00f6oikeudet.<\/p>\n<p><strong>p) J\u00e4senfoorumi (onko nykyinen systeemi hyv\u00e4, ett\u00e4 kaikki saavat\u00a0<\/strong><br \/>\n<strong>rekister\u00f6ity\u00e4?)\u00a0<\/strong><br \/>\nP\u00e4\u00e4tettiin, ett\u00e4 jatketaan kokeilua kaikille avoimen foorumin osalta. Aida Depnerille<br \/>\nannetaan moderaattorioikeudet.<\/p>\n<p><strong>q) Valtakirjat\u00a0<\/strong><br \/>\nJatkossa valtakirjan tulee olla paperinen ja allekirjoitettu. Skannattu, faksattu ja<br \/>\nperinteinen k\u00e4yv\u00e4t valtakirjasta. Tekstiviestit tai s\u00e4hk\u00f6postit eiv\u00e4t k\u00e4y valtakirjasta.<\/p>\n<p><strong>r) Keskustelua marsujen klamydiatilanteesta\u00a0<\/strong><br \/>\nSelvitet\u00e4\u00e4n mahdollisuutta Pohjoismaiden yhteisest\u00e4 tiedonv\u00e4litysverkostosta<br \/>\nmarsujen terveydest\u00e4.<\/p>\n<p><strong>s) Kotisivujen p\u00e4ivitys\u00a0<\/strong><br \/>\nKotisivujen etusivulle tulee merkit\u00e4 uudet p\u00e4ivitykset.<\/p>\n<p><strong>8.Kokouksen p\u00e4\u00e4t\u00f6s\u00a0<\/strong><br \/>\nPuheenjohtaja p\u00e4\u00e4tti kokouksen klo 17:40.<\/p>\n","protected":false},"excerpt":{"rendered":"<p>S\u00e4\u00e4nt\u00f6m\u00e4\u00e4r\u00e4inen vuosikokous Aika:\u00a025.4.2011. Paikka:\u00a0Helsingin pelastuskoulu, Steniuksentie 14, 00320 Helsinki L\u00e4sn\u00e4 (valtakirjat suluissa):\u00a0 Juulia Palmqvist Susanna Piili (Elise Feodoroff) Eva Kalliala Pulmu Waitinen (Lea Rahtu) Aida Depner (Jaana Peltonen, Heli Kuoppam\u00e4ki) Mika M\u00e4ntyl\u00e4 Annukka Holmroos (Anu Saarela) 1.Kokouksen avaus\u00a0 Puheenjohtaja avasi &hellip; <a href=\"https:\/\/marsuyhdistys.net\/home\/kevatkokous-2011\/\">Lue loppuun <span class=\"meta-nav\">&rarr;<\/span><\/a><\/p>\n","protected":false},"author":10,"featured_media":0,"parent":0,"menu_order":0,"comment_status":"closed","ping_status":"open","template":"","meta":{"footnotes":"","_links_to":"","_links_to_target":""},"class_list":["post-1452","page","type-page","status-publish","hentry"],"_links":{"self":[{"href":"https:\/\/marsuyhdistys.net\/home\/wp-json\/wp\/v2\/pages\/1452","targetHints":{"allow":["GET"]}}],"collection":[{"href":"https:\/\/marsuyhdistys.net\/home\/wp-json\/wp\/v2\/pages"}],"about":[{"href":"https:\/\/marsuyhdistys.net\/home\/wp-json\/wp\/v2\/types\/page"}],"author":[{"embeddable":true,"href":"https:\/\/marsuyhdistys.net\/home\/wp-json\/wp\/v2\/users\/10"}],"replies":[{"embeddable":true,"href":"https:\/\/marsuyhdistys.net\/home\/wp-json\/wp\/v2\/comments?post=1452"}],"version-history":[{"count":1,"href":"https:\/\/marsuyhdistys.net\/home\/wp-json\/wp\/v2\/pages\/1452\/revisions"}],"predecessor-version":[{"id":1453,"href":"https:\/\/marsuyhdistys.net\/home\/wp-json\/wp\/v2\/pages\/1452\/revisions\/1453"}],"wp:attachment":[{"href":"https:\/\/marsuyhdistys.net\/home\/wp-json\/wp\/v2\/media?parent=1452"}],"curies":[{"name":"wp","href":"https:\/\/api.w.org\/{rel}","templated":true}]}}