{"id":1458,"date":"2013-11-16T17:43:25","date_gmt":"2013-11-16T15:43:25","guid":{"rendered":"http:\/\/marsuyhdistys.net\/home\/?page_id=1458"},"modified":"2013-11-16T17:43:25","modified_gmt":"2013-11-16T15:43:25","slug":"kevatkokous-2010","status":"publish","type":"page","link":"https:\/\/marsuyhdistys.net\/home\/kevatkokous-2010\/","title":{"rendered":"Kev\u00e4tkokous 2010"},"content":{"rendered":"<p>Suomen Marsuyhdistys ry:n vuosikokous.<br \/>\nPaikka: ABC-liikennemyym\u00e4l\u00e4 Forssa,<br \/>\nAika: 27.03.2010 klo. 14:30<\/p>\n<p><strong>Paikalla: Minna Alander\u00a0<\/strong><br \/>\nHanna Lahtinen<br \/>\nKatja Kivipuro<br \/>\nPulmu Waitinen<br \/>\nJuulia Palmqvist<br \/>\nJaniika Toivoniemi<br \/>\nAida Depner<br \/>\nNoora M\u00e4ntysaari<br \/>\nCarita Sonne (alle 15- vuotta)<br \/>\nIira Lehtinen (alle 15- vuotta)<br \/>\nHelmi Saarela (alle 15- vuotta)<br \/>\nLinda Tynkkynen (alle 15- vuotta)<\/p>\n<p><strong>1. Yhdistyksen puheenjohtaja Minna Alander avasi kokouksen 14:33\u00a0<\/strong><\/p>\n<p><strong>2. Kokouksen puheenjohtajaksi valittiin Janiika Toivoniemi, sihteeriksi Minna Alander,\u00a0<\/strong><br \/>\n<strong>P\u00f6yt\u00e4kirjantarkastajiksi ja \u00e4\u00e4nten laskijoiksi valittiin Hanna Lahtinen ja Katja Kivipuro\u00a0<\/strong><\/p>\n<p><strong>3. Kokous todettiin lailliseksi ja p\u00e4\u00e4t\u00f6svaltaiseksi.\u00a0<\/strong><\/p>\n<p><strong>4. Ty\u00f6j\u00e4rjestys hyv\u00e4ksyttiin.\u00a0<\/strong><\/p>\n<p><strong>5. Luettiin Toimintakertomus<\/strong>, se hyv\u00e4ksyttiin kahdella korjauksella. Sana Lemmarit vaihdettiin Lemmikkimessuiksi ja Smy:n hyv\u00e4ksymiin n\u00e4yttelyihin lis\u00e4ttiin Ikaalinen.<br \/>\nTilinp\u00e4\u00e4t\u00f6kseen perustuva selostus yhdistyksen taloudellisesta tilasta. K\u00e4ytiin l\u00e4pi tase-erittely 2009 ja tuloslaskemaerittely 2009 tuloslaskelma ja tase 2009.<\/p>\n<p><strong>6. K\u00e4ytiin l\u00e4pi tilintarkastajien lausunnot ja tilin p\u00e4\u00e4t\u00f6s vahvistettiin. Vastuuvapaus my\u00f6nnettiin edellisen toimintakauden hallitukselle.\u00a0<\/strong><\/p>\n<p><strong>7. Hallituksen esitt\u00e4m\u00e4t, kokouskutsussa mainitut tai muut asiat:\u00a0<\/strong><br \/>\n<strong>\u2013 Aby- alajaoston perustaminen<\/strong>\/ Siirrettiin syyskokoukseen, lis\u00e4selvityksi\u00e4 odotetaan.<\/p>\n<p><strong>\u2013 Kasvattajakatselmointiuudistuksen seuranta ja keskustelu\u00a0<\/strong><\/p>\n<p>\u2022Asiasta keskusteltiin ja jouduttiin \u00e4\u00e4nest\u00e4m\u00e4\u00e4n. \u00c4\u00e4nestyksen vaihtoehdot olivat<br \/>\n1. Palataan vanhaan s\u00e4\u00e4nt\u00f6\u00f6n, katselmoida voi vain samaa muunnosta<br \/>\nolevia pareja i\u00e4lt\u00e4\u00e4n 2kk ja eteenp\u00e4in.<br \/>\n2. T\u00e4ll\u00e4 hetkell\u00e4 voimassa oleva s\u00e4\u00e4nt\u00f6 j\u00e4\u00e4 voimaan.<br \/>\n3. Katselmoinnit poistetaan ja syyskokous p\u00e4\u00e4tt\u00e4\u00e4 mik\u00e4 korvaa katselmoinnit.<br \/>\n\u00c4\u00e4nestyksen voitti vaihto-ehto yksi, viiden \u00e4\u00e4nen enemmist\u00f6ll\u00e4.<\/p>\n<p>\u2022Kasvattajakatselmointeja pyrit\u00e4\u00e4n suorittamaan 4 kertaa minimiss\u00e4\u00e4n vuoden sis\u00e4ll\u00e4.<\/p>\n<p>\u2022Kasvattajakatselmoinnin voi suorittaa tavallisesti n\u00e4yttelyn yhteydess\u00e4, tai erikseen sovitusti tuomarin kanssa.<\/p>\n<p>\u2022N\u00e4yttelykutsuihin tulee merkit\u00e4 2 viikkoa ennen viimeist\u00e4 ilmoittautumisp\u00e4iv\u00e4\u00e4, siin\u00e4 n\u00e4yttelyss\u00e4 katselmointeja suorittava tuomari.<\/p>\n<p>\u2022Kasvattajakatselmointiin lis\u00e4t\u00e4\u00e4n laatuarvostelu.<br \/>\n1= Erinomainen<br \/>\n2= Hyv\u00e4<br \/>\n3= V\u00e4ltt\u00e4v\u00e4<br \/>\nHyl\u00e4tty<\/p>\n<p>\u2022Kasvattajakatselmointiin el\u00e4imi\u00e4 tuova henkil\u00f6 tulostaa kotisivuilla olevan katselmointi kaavakkeen kahtena (2) kappaleena. H\u00e4n esit\u00e4ytt\u00e4\u00e4 el\u00e4imiens\u00e4 tiedot kaavakkeisiin.<\/p>\n<p>\u2022Tuomarit t\u00e4ytt\u00e4v\u00e4t molemmat kaavakkeet. Toinen kopio annetaan katselmoinnin esitt\u00e4j\u00e4lle mukaan ja toinen annetaan s\u00e4hk\u00f6isenrekisterin yll\u00e4pit\u00e4j\u00e4lle. Rekisterist\u00e4 voi tarkistaa tarkastaa katselmoidut el\u00e4imet, hyv\u00e4ksytyt ja hyl\u00e4tyt katselmoinnit.<\/p>\n<p>\u2022Tuomareille annetaan palkkio katselmoinneista. Yhdest\u00e4 katselmoinnista annetaan yhden el\u00e4imen ilmainen n\u00e4yttely ilmoittautuminen. Elikk\u00e4 1 katselmointi pari \/ 1 ilmainen ilmoittautuminen. N\u00e4m\u00e4 palkkiot lasketaan vuoden lopussa ja korvaus suoritetaan tammikuussa n\u00e4yttely ilmoittautumislipukkeilla.<\/p>\n<p>\u2022N\u00e4m\u00e4 muutokset tulevat voimaan v\u00e4litt\u00f6m\u00e4sti.<\/p>\n<p><strong>\u2013 Keskustellaan kasvattajanimen palautusprosessista\u00a0<\/strong><\/p>\n<p>\u2022K\u00e4ytiin l\u00e4pi Iina Merjankarin (kasvattajanimirekisterist\u00e4 vastaava henkil\u00f6), antamat tiedot.<\/p>\n<p>P\u00e4\u00e4tettiin seuraavaa:<\/p>\n<p>\u2022Kasvattaja voi anoa taukoa kasvatusty\u00f6st\u00e4\u00e4n, h\u00e4n ilmoittaa halunsa j\u00e4\u00e4d\u00e4 \u201dtauolle\u201d rekisterinpit\u00e4j\u00e4lle. Kasvattajanimi poistetaan rekisterist\u00e4. Taukoa voi anoa yhdeksi (1) vuodeksi kerrallaan, ilmoitus tauon alkamisesta pit\u00e4\u00e4 tehd\u00e4 heti. Ja tauko lasketaan kokonaisina kalenterivuosina, tauon alkamisvuosi on ensimm\u00e4inen taukovuosi riippumatta siit\u00e4 mihin aikaan vuodesta taukoa anotaan. Ilmoitus tauon jatkamisesta tulee antaa seuraavan vuoden tammikuun aikana. Taukoa voi anoa enint\u00e4\u00e4n kolme (3) kertaa kasvatusuransa aikana.<\/p>\n<p>\u2022Palautuessaan tauolta kasvattajanimen takaisin kasvattajalistalle saaminen edellytt\u00e4\u00e4: Skjl:n virallisen kaavakkeen t\u00e4ytt\u00f6\u00e4. T\u00e4m\u00e4 postitetaan Kasvattajarekisterinpit\u00e4j\u00e4lle.<\/p>\n<p>\u2022Jos kasvattaja ei jostain syyst\u00e4 ilmoita seuraavan vuoden tammikuun aikana jatkostaan tai h\u00e4n ylitt\u00e4\u00e4 sallitun maksimi ajan (3vuotta) kasvattajanimi tauolle, kasvattajanimen palautus prosessin k\u00e4sittely tapahtuu kuin uudella kasvattajalla.<\/p>\n<p>N\u00e4m\u00e4 s\u00e4\u00e4nn\u00f6t tulevat voimaan 01.05.2010. Sill\u00e4 hetkell\u00e4 ei-aktiiviset kasvattajanimet tullaan k\u00e4sittelem\u00e4\u00e4n uusina hakemuksina.<\/p>\n<p><strong>\u2013 K\u00e4yd\u00e4\u00e4n l\u00e4pi Vuoden Voittaja- ja Vuoden Kasvattajapisteiden laskemisperusteet\u00a0<\/strong><\/p>\n<p>\u2022Vuoden voittajapisteet lasketaan seuraavasti.<br \/>\n5 parasta n\u00e4yttely\u00e4\/ marsu lasketaan kokonaispisteisiin.<\/p>\n<p>\u2022Vuoden kasvattajapisteet lasketaan kasvattajan 5:n n\u00e4yttelyn marsujen pisteet (eli siis ropit, bis, sertit ym.) sek\u00e4 kaikki kasvattaja- ja jalostusluokkien pisteet.<br \/>\nT\u00e4m\u00e4 laskentatapa alkaa takautuvasta 01.01.2010<\/p>\n<p><strong>\u2013 Keskustellaan Pet-n\u00e4yttelys\u00e4\u00e4nt\u00f6 uudistuksesta\u00a0<\/strong><br \/>\nPet-n\u00e4yttelys\u00e4\u00e4nn\u00f6t uudistus ehdotus k\u00e4ytiin l\u00e4pi ja tehtiin joitakin muutoksia. Ehdotus julkaistaan seuraavassa yhdistyksen j\u00e4senlehdess\u00e4. S\u00e4\u00e4nt\u00f6 uudistus k\u00e4sitell\u00e4\u00e4n syyskokouksessa.<\/p>\n<p><strong>\u2013 Keskusteltiin koe-, ja ei-standardien saamista KuMa pisteist\u00e4.\u00a0<\/strong><\/p>\n<p><strong>\u2013 Keskusteltiin ett\u00e4 Rekister\u00f6inti-paperi on virallinen dokumentti joka tulee t\u00e4ytt\u00e4\u00e4 k\u00e4ytt\u00e4en oikeita tietoja\u00a0<\/strong><br \/>\n.<br \/>\n<strong>\u2013 N\u00e4yttely sihteer\u00f6intien palkkioista keskusteltiin ja todettiin ett\u00e4 vanha ohjeistus on hyv\u00e4 ja siihen viel\u00e4 lis\u00e4ttiin ett\u00e4 arvostelup\u00f6ytien virvokkeet kuuluvat my\u00f6s sihteereill\u00e4.\u00a0<\/strong><\/p>\n<p><strong>\u2013 Yhdistyksen ilmapiirist\u00e4 keskusteltiin ja todettiin ett\u00e4 hallituksen tulee puuttua entist\u00e4 tiukemmin yhdistyksen ilmapiiri\u00e4 huonontaviin asioihin.\u00a0<\/strong><\/p>\n<p><strong>8. Kokouksenpuheenjohtaja p\u00e4\u00e4tti kokouksen 17:57.<\/strong><\/p>\n","protected":false},"excerpt":{"rendered":"<p>Suomen Marsuyhdistys ry:n vuosikokous. Paikka: ABC-liikennemyym\u00e4l\u00e4 Forssa, Aika: 27.03.2010 klo. 14:30 Paikalla: Minna Alander\u00a0 Hanna Lahtinen Katja Kivipuro Pulmu Waitinen Juulia Palmqvist Janiika Toivoniemi Aida Depner Noora M\u00e4ntysaari Carita Sonne (alle 15- vuotta) Iira Lehtinen (alle 15- vuotta) Helmi Saarela &hellip; <a href=\"https:\/\/marsuyhdistys.net\/home\/kevatkokous-2010\/\">Lue loppuun <span class=\"meta-nav\">&rarr;<\/span><\/a><\/p>\n","protected":false},"author":10,"featured_media":0,"parent":0,"menu_order":0,"comment_status":"closed","ping_status":"open","template":"","meta":{"footnotes":"","_links_to":"","_links_to_target":""},"class_list":["post-1458","page","type-page","status-publish","hentry"],"_links":{"self":[{"href":"https:\/\/marsuyhdistys.net\/home\/wp-json\/wp\/v2\/pages\/1458","targetHints":{"allow":["GET"]}}],"collection":[{"href":"https:\/\/marsuyhdistys.net\/home\/wp-json\/wp\/v2\/pages"}],"about":[{"href":"https:\/\/marsuyhdistys.net\/home\/wp-json\/wp\/v2\/types\/page"}],"author":[{"embeddable":true,"href":"https:\/\/marsuyhdistys.net\/home\/wp-json\/wp\/v2\/users\/10"}],"replies":[{"embeddable":true,"href":"https:\/\/marsuyhdistys.net\/home\/wp-json\/wp\/v2\/comments?post=1458"}],"version-history":[{"count":1,"href":"https:\/\/marsuyhdistys.net\/home\/wp-json\/wp\/v2\/pages\/1458\/revisions"}],"predecessor-version":[{"id":1459,"href":"https:\/\/marsuyhdistys.net\/home\/wp-json\/wp\/v2\/pages\/1458\/revisions\/1459"}],"wp:attachment":[{"href":"https:\/\/marsuyhdistys.net\/home\/wp-json\/wp\/v2\/media?parent=1458"}],"curies":[{"name":"wp","href":"https:\/\/api.w.org\/{rel}","templated":true}]}}