{"id":1461,"date":"2013-11-16T17:50:31","date_gmt":"2013-11-16T15:50:31","guid":{"rendered":"http:\/\/marsuyhdistys.net\/home\/?page_id=1461"},"modified":"2013-11-16T17:50:31","modified_gmt":"2013-11-16T15:50:31","slug":"syyskokous-2009","status":"publish","type":"page","link":"https:\/\/marsuyhdistys.net\/home\/syyskokous-2009\/","title":{"rendered":"Syyskokous 2009"},"content":{"rendered":"<p>Syyskokous<br \/>\nAika: 31.10.2009<br \/>\nPaikka: Myyrm\u00e4kihalli, Vantaa<\/p>\n<p><strong>L\u00e4sn\u00e4 (valtakirjat suluissa):\u00a0<\/strong><br \/>\nPulmu Waitinen<br \/>\nMinna Alander<br \/>\nRiina Ruuska<br \/>\nElina Vehkam\u00e4ki (Hanna Laukkanen, Inkeri Virtanen)<br \/>\nAnna Lohi (Satu Sihvo)<br \/>\nMinna Polvisalo<br \/>\nPauliina Tuppurainen<br \/>\nSofia J\u00e4rnberg<br \/>\nEva Kalliala<br \/>\nAida Depner<br \/>\nMika M\u00e4ntyl\u00e4<br \/>\nAnnukka Holmroos<br \/>\nIina Merjankari (Anne Jalonen, Jonna Tikka)<br \/>\nRaisa Ristim\u00e4ki (Anna Lindberg, Anu Saarela)<br \/>\nJuulia Palmqvist (Tuija Kilpinen)<br \/>\nAnneli Ceder<\/p>\n<p><strong>1. Kokouksen avaus<\/strong><br \/>\nPuheenjohtaja avasi kokouksen klo 17:34.<\/p>\n<p><strong>2. Kokouksen puheenjohtajan, sihteerin, kahden p\u00f6yt\u00e4kirjantarkastajan ja kahden \u00e4\u00e4ntenlaskijan valinta<\/strong><br \/>\nKokouksen puheenjohtajaksi valittiin Minna Alander, sihteeriksi Pulmu Waitinen, p\u00f6yt\u00e4kirjantarkastajiksi Eva Kalliala ja Aida Depner sek\u00e4 \u00e4\u00e4ntenlaskijoiksi Anna Lohi ja Annukka Holmroos.<\/p>\n<p><strong>3. Laillisuuden ja p\u00e4\u00e4t\u00f6svaltaisuuden toteaminen<\/strong><br \/>\nKokous todettiin laillisesti koolle kutsutuksi ja p\u00e4\u00e4t\u00f6svaltaiseksi.<\/p>\n<p><strong>4. Ty\u00f6j\u00e4rjestyksen hyv\u00e4ksyminen<\/strong><br \/>\nHyv\u00e4ksyttiin kokouksen ty\u00f6j\u00e4rjestys.<\/p>\n<p><strong>5. Hallituksen puheenjohtajan valinta vuodelle 2010\u00a0<\/strong><br \/>\nHallituksen puheenjohtajaksi ehdotettiin Hanna Lahtista (kielt\u00e4ytyi), Iina Merjankaria (kielt\u00e4ytyi) ja Minna Alanderia. Kokous valitsi yksimielisesti seuraavan vuoden hallituksen puheenjohtajaksi Minna Alanderin.<\/p>\n<p><strong>6. Hallituksen muiden j\u00e4senten valinta vuodelle 2010\u00a0<\/strong><br \/>\nHallituksen muiksi j\u00e4seniksi ehdotettiin Hanna Lahtista, Linda Kohvakkaa, Pulmu Waitista, Anna Lohta, Riina Ruuskaa, Iina Merjankaria (kielt\u00e4ytyi), Annukka Holmroosia ja Juulia Palmqvistia.<br \/>\nHallituksen j\u00e4seniksi valittiin yksimielisesti:<br \/>\nHanna Lahtinen<br \/>\nLinda Kohvakka<br \/>\nPulmu Waitinen<br \/>\nAnna Lohi<br \/>\nRiina Ruuska<br \/>\nAnnukka Holmroos<br \/>\nJuulia Palmqvist (varaj\u00e4sen)<\/p>\n<p><strong>7. Kahden tilintarkastajan ja heid\u00e4n varamiestens\u00e4 valinta\u00a0<\/strong><br \/>\nTilintarkastajiksi valittiin Aida Depner ja Mika M\u00e4ntyl\u00e4 sek\u00e4 varatilintarkastajiksi Eva Kalliala ja Sofia J\u00e4rnberg.<\/p>\n<p><strong>8. Vuoden 2010 toimintasuunnitelma ja talousarvioehdotus\u00a0<\/strong><br \/>\nKokouksen alussa kaikille l\u00e4sn\u00e4 oleville jaettiin tutustuttavaksi toimintasuunnitelma ja talousarvioehdotus. Vuoden 2010 toimintasuunnitelmaan tehtiin kaksi muutosta ja hyv\u00e4ksyttiin muutosten j\u00e4lkeen. Pet-tuomareiden koulutus \u2013kohdasta poistettiin sana pet sek\u00e4 lis\u00e4ttiin kohta \u201dYhdistys esitt\u00e4ytyy erilaisissa tapahtumissa\u201d. Talousarvioehdotus hyv\u00e4ksyttiin sellaise-naan.<\/p>\n<p><strong>9. Vuoden 2010 j\u00e4senmaksut\u00a0<\/strong><br \/>\nP\u00e4\u00e4tettiin korottaa vuosij\u00e4senmaksua kahdella eurolla (2e) 20 euroon, jotta saadaan katettua MarsuMagazinen v\u00e4rikannet ensi vuodeksikin. Perhe- ja yhteis\u00f6j\u00e4senten j\u00e4senmaksut p\u00e4\u00e4tettiin pit\u00e4\u00e4 ennallaan. Varsinaisen j\u00e4senmaksun korottaminen kahdella eurolla korottaa ainaisj\u00e4senmaksua, joka on kymmenen kertaa vuosij\u00e4senmaksu eli vuodesta 2010 eteenp\u00e4in 10 x 20 euroa. My\u00f6s ulkomaalaisten j\u00e4senmaksuihin ehdotettiin ja hyv\u00e4ksyttiin 2 euron korotus, jolloin EU-alueella j\u00e4senmaksu nousee 27 euroon ja EU-alueen ulkopuolella 32 euroon.<\/p>\n<p><strong>10. Hallituksen esitt\u00e4m\u00e4t ja kokouskutsussa mainitut tai muut asiat\u00a0<\/strong><br \/>\n<strong>10a. Pet-toimikunnan ja pet-vastaavan valinta\u00a0<\/strong><br \/>\nPet-vastaava: Annukka Holmroos<br \/>\nMuut toimikunnan j\u00e4senet: Aida Depner<br \/>\nJuulia Palmqvist<br \/>\nEva Kalliala<br \/>\nJutta Laakso<br \/>\nSofia J\u00e4rnberg<\/p>\n<p><strong>10b. Yhdistyksen muut toimihenkil\u00f6t\u00a0<\/strong><br \/>\nJ\u00e4senrekisterin yll\u00e4pit\u00e4j\u00e4: Sofia J\u00e4rnberg<br \/>\nInfovastaava: Raisa Ristim\u00e4ki<br \/>\nInternet-vastaavat: Riina Ruuska, Linda Kohvakka, Minna Alander ja Jenni Kaurila.<br \/>\nStandarditoimikunta: Katja Kivipuro, Hanna Lahtinen ja Anna Lohi.<br \/>\nMuihin ei tullut muutoksia.<\/p>\n<p><strong>10c. Lunkaryoiden hyv\u00e4ksyminen standardiin\u00a0<\/strong><br \/>\nKeskusteltiin lunkaryoiden hyv\u00e4ksymisest\u00e4 standardiin. Standarditoimikunta suosittelee siirtoa. P\u00e4\u00e4tettiin, ett\u00e4 t\u00e4ss\u00e4 vaiheessa k\u00e4sitell\u00e4\u00e4n vain lunkaryaperuaanien siirtoa standardiin. P\u00e4\u00e4tettiin hyv\u00e4ksy\u00e4 selke\u00e4ll\u00e4 enemmist\u00f6ll\u00e4 lunkaryaperuaani standardiin.<\/p>\n<p><strong>10d. Patentti- ja rekisterihallituksen antamat muutokset yhdistyss\u00e4\u00e4nt\u00f6ihin\u00a0<\/strong><br \/>\nPatentti- ja rekisterihallitus oli palauttanut yhdistyksen uudet s\u00e4\u00e4nn\u00f6t muutamalla pienell\u00e4 korjauksella. Muutokset ilmenev\u00e4t kokouksen aluksi l\u00e4sn\u00e4 oleville jaetuista s\u00e4\u00e4nn\u00f6ist\u00e4. P\u00e4\u00e4tettiin hyv\u00e4ksy\u00e4 muutokset sellaisinaan.<\/p>\n<p><strong>10e. Muutosehdotukset kasvattajakatselmointiin\u00a0<\/strong><br \/>\nKeskusteltiin muutoksista kasvattajakatselmointiin. Ehdotettiin katselmoitavien marsujen ik\u00e4rajan nostoa 4 kuukauteen. Ehdotettiin, ett\u00e4 kaikki rekister\u00f6intis\u00e4\u00e4nt\u00f6jen puitteissa yhteensopivat turkkimuunnokset voidaan katselmoida samassa ryhm\u00e4ss\u00e4. Ehdotettiin laatu-arvioinnin lis\u00e4\u00e4mist\u00e4 kasvattajakatselmointiin nykyisen hyv\u00e4ksytty\/hyl\u00e4tty-asteikon tilalle.<\/p>\n<p>P\u00e4\u00e4tettiin nostaa katselmoitavien el\u00e4inten ik\u00e4raja 4 kuukauteen. Muutos tulee voimaan 1.1.2010 alkaen ja koskee kaikkia rotuja.<\/p>\n<p>P\u00e4\u00e4tettiin, ett\u00e4 kaikki rekister\u00f6intis\u00e4\u00e4nt\u00f6jen puitteissa yhteensopivat turkkimuunnokset voidaan katselmoida samassa ryhm\u00e4ss\u00e4. Muutos tulee voimaan 1.1.2010 alkaen ja koskee t\u00e4ss\u00e4 vaiheessa vain turkkimuunnoksia, ei v\u00e4rej\u00e4 tai kuvioita.<\/p>\n<p>P\u00e4\u00e4tettiin lis\u00e4t\u00e4 kasvattajakatselmointiin laatu-arviointi. Muutos tulee voimaan 1.1.2010 alkaen, jolloin katselmoitava marsu voi saada arvosanan 0 (=hyl\u00e4tty), 1 (=erinomainen jalostukseen) tai 2 (=kelpaa jalostukseen).<\/p>\n<p><strong>10f. SMY:n hyv\u00e4ksynt\u00e4 PiNan n\u00e4yttelyille.\u00a0<\/strong><br \/>\nAida Depner haki SMY:n hyv\u00e4ksynt\u00e4\u00e4 PiNan n\u00e4yttelyyn 15.11.2009, jossa pet-tuomarina on Heli Kuoppam\u00e4ki. SMY:n hyv\u00e4ksynt\u00e4 my\u00f6nnettiin t\u00e4lle n\u00e4yttelylle sek\u00e4 PiNan pikkujoulun\u00e4yttelylle sill\u00e4 ehdolla, ett\u00e4 tarkemmat tiedot n\u00e4yttelyist\u00e4 l\u00e4hetet\u00e4\u00e4n hallitukselle kokouksen j\u00e4lkeen.<\/p>\n<p><strong>10g. Etu- ja takatukallisten jalostaminen kesken\u00e4\u00e4n\u00a0<\/strong><br \/>\nKeskusteltiin etu- ja takatukallisten pitk\u00e4karvaisten risteytt\u00e4misest\u00e4 ja jalostamisesta kesken\u00e4\u00e4n. P\u00e4\u00e4tettiin jatkaa asiasta keskustelua viel\u00e4 ja siirt\u00e4\u00e4 mahdollinen p\u00e4\u00e4t\u00f6ksenteko kev\u00e4tkokoukseen.<\/p>\n<p><strong>11. Kokouksen p\u00e4\u00e4t\u00f6s<\/strong><br \/>\nPuheenjohtaja p\u00e4\u00e4tti kokouksen klo 19:10.<\/p>\n","protected":false},"excerpt":{"rendered":"<p>Syyskokous Aika: 31.10.2009 Paikka: Myyrm\u00e4kihalli, Vantaa L\u00e4sn\u00e4 (valtakirjat suluissa):\u00a0 Pulmu Waitinen Minna Alander Riina Ruuska Elina Vehkam\u00e4ki (Hanna Laukkanen, Inkeri Virtanen) Anna Lohi (Satu Sihvo) Minna Polvisalo Pauliina Tuppurainen Sofia J\u00e4rnberg Eva Kalliala Aida Depner Mika M\u00e4ntyl\u00e4 Annukka Holmroos Iina &hellip; <a href=\"https:\/\/marsuyhdistys.net\/home\/syyskokous-2009\/\">Lue loppuun <span class=\"meta-nav\">&rarr;<\/span><\/a><\/p>\n","protected":false},"author":10,"featured_media":0,"parent":0,"menu_order":0,"comment_status":"closed","ping_status":"open","template":"","meta":{"footnotes":"","_links_to":"","_links_to_target":""},"class_list":["post-1461","page","type-page","status-publish","hentry"],"_links":{"self":[{"href":"https:\/\/marsuyhdistys.net\/home\/wp-json\/wp\/v2\/pages\/1461","targetHints":{"allow":["GET"]}}],"collection":[{"href":"https:\/\/marsuyhdistys.net\/home\/wp-json\/wp\/v2\/pages"}],"about":[{"href":"https:\/\/marsuyhdistys.net\/home\/wp-json\/wp\/v2\/types\/page"}],"author":[{"embeddable":true,"href":"https:\/\/marsuyhdistys.net\/home\/wp-json\/wp\/v2\/users\/10"}],"replies":[{"embeddable":true,"href":"https:\/\/marsuyhdistys.net\/home\/wp-json\/wp\/v2\/comments?post=1461"}],"version-history":[{"count":1,"href":"https:\/\/marsuyhdistys.net\/home\/wp-json\/wp\/v2\/pages\/1461\/revisions"}],"predecessor-version":[{"id":1462,"href":"https:\/\/marsuyhdistys.net\/home\/wp-json\/wp\/v2\/pages\/1461\/revisions\/1462"}],"wp:attachment":[{"href":"https:\/\/marsuyhdistys.net\/home\/wp-json\/wp\/v2\/media?parent=1461"}],"curies":[{"name":"wp","href":"https:\/\/api.w.org\/{rel}","templated":true}]}}