{"id":1464,"date":"2013-11-16T17:54:52","date_gmt":"2013-11-16T15:54:52","guid":{"rendered":"http:\/\/marsuyhdistys.net\/home\/?page_id=1464"},"modified":"2013-11-16T17:54:52","modified_gmt":"2013-11-16T15:54:52","slug":"kevatkokous-2009","status":"publish","type":"page","link":"https:\/\/marsuyhdistys.net\/home\/kevatkokous-2009\/","title":{"rendered":"Kev\u00e4tkokous 2009"},"content":{"rendered":"<p>Suomen marsuyhdistys Ry:n<br \/>\nVuosikokous 04.04.2009 klo. 18.00<br \/>\nPaikka: Kotkankatu 9A Helsinki<\/p>\n<p><strong>Paikalla:<\/strong><br \/>\nAnneli Ceder<br \/>\nHanna Lahtinen<br \/>\nKatja Kivipuro<br \/>\nPulmu Waittinen<br \/>\nAnna Lohi<br \/>\nRiina Ruuska<br \/>\nMinna Alander<\/p>\n<p><strong>1. Kokous avattiin\u00a0<\/strong><\/p>\n<p><strong>2. Kokouksen puheenjohtajaksi valittiin Pulmu Waittinen, sihteeriksi valittiin Minna Alander. P\u00f6yt\u00e4kirjantarkastajiksi ja \u00e4\u00e4ntenlaskijoiksi valittiin Anna Lohi ja Riina Ruuska\u00a0<\/strong><\/p>\n<p><strong>3. Kokous todettiin lailliseksi ja p\u00e4\u00e4t\u00f6svaltaiseksi.\u00a0<\/strong><\/p>\n<p><strong>4. Ty\u00f6j\u00e4rjestys hyv\u00e4ksyttiin.\u00a0<\/strong><\/p>\n<p><strong>5. K\u00e4ytiin l\u00e4pi hallituksen toimintakertomus ja tilinp\u00e4\u00e4t\u00f6kseen perustuva selostus yhdistyksen taloudellisesta tilasta.<\/strong> K\u00e4ytiin l\u00e4pi tase-erittely 2008 ja tuloslaskemaerittely 2008 ja Tuloslaskelma ja tase 2008<\/p>\n<p><strong>6. K\u00e4ytiin l\u00e4pi tilintarkastajien lausunnot ja tilin p\u00e4\u00e4t\u00f6s vahvistettiin. Vastuuvapaus my\u00f6nnettiin edellisen toimintakauden hallitukselle.\u00a0<\/strong><\/p>\n<p><strong>7. Hallituksen esitt\u00e4m\u00e4t, kokouskutsussa mainitut tai muut esille tulevat asiat.\u00a0<\/strong><\/p>\n<p><strong>&#8211; Ulkomuotoluokkien n\u00e4yttelys\u00e4\u00e4nn\u00f6t k\u00e4ytiin l\u00e4pi ja ne hyv\u00e4ksyttiin pienill\u00e4 muutoksilla.<\/strong> Uudet n\u00e4yttelys\u00e4\u00e4nn\u00f6t tulevat voimaan 01.05.2009. Ne laitetaan kaikkien luettavaksi SMY:n kotisivuille.<br \/>\nPet-toimikunta p\u00e4ivitt\u00e4\u00e4 Pet-n\u00e4yttelyiden s\u00e4\u00e4nn\u00f6t.<\/p>\n<p><strong>&#8211; Nordiciin on saatu tuomarit ulkomuotoluokkiin Sharp Carol ja Emma ja Ian Raynolds<\/strong><\/p>\n<p><strong>&#8211; Messutapahtumien yhteydess\u00e4 j\u00e4rjestett\u00e4vien n\u00e4yttelyiden kutsuun kirjoitetaan paikalla oloaika esimerkiksi tekstill\u00e4: Ilmoittautumalla n\u00e4yttelyyn sitoudut olemaan paikalla klo. &#8230;. asti.<\/strong> Ohjeistuksen rikkomisesta saattaa seurata sanktio jonka kyseisen n\u00e4yttelyn n\u00e4yttelytoimikunta m\u00e4\u00e4r\u00e4\u00e4.<\/p>\n<p><strong>8. Kokous p\u00e4\u00e4tettiin klo.20.04<\/strong><\/p>\n","protected":false},"excerpt":{"rendered":"<p>Suomen marsuyhdistys Ry:n Vuosikokous 04.04.2009 klo. 18.00 Paikka: Kotkankatu 9A Helsinki Paikalla: Anneli Ceder Hanna Lahtinen Katja Kivipuro Pulmu Waittinen Anna Lohi Riina Ruuska Minna Alander 1. Kokous avattiin\u00a0 2. Kokouksen puheenjohtajaksi valittiin Pulmu Waittinen, sihteeriksi valittiin Minna Alander. P\u00f6yt\u00e4kirjantarkastajiksi &hellip; <a href=\"https:\/\/marsuyhdistys.net\/home\/kevatkokous-2009\/\">Lue loppuun <span class=\"meta-nav\">&rarr;<\/span><\/a><\/p>\n","protected":false},"author":10,"featured_media":0,"parent":0,"menu_order":0,"comment_status":"closed","ping_status":"open","template":"","meta":{"footnotes":"","_links_to":"","_links_to_target":""},"class_list":["post-1464","page","type-page","status-publish","hentry"],"_links":{"self":[{"href":"https:\/\/marsuyhdistys.net\/home\/wp-json\/wp\/v2\/pages\/1464","targetHints":{"allow":["GET"]}}],"collection":[{"href":"https:\/\/marsuyhdistys.net\/home\/wp-json\/wp\/v2\/pages"}],"about":[{"href":"https:\/\/marsuyhdistys.net\/home\/wp-json\/wp\/v2\/types\/page"}],"author":[{"embeddable":true,"href":"https:\/\/marsuyhdistys.net\/home\/wp-json\/wp\/v2\/users\/10"}],"replies":[{"embeddable":true,"href":"https:\/\/marsuyhdistys.net\/home\/wp-json\/wp\/v2\/comments?post=1464"}],"version-history":[{"count":1,"href":"https:\/\/marsuyhdistys.net\/home\/wp-json\/wp\/v2\/pages\/1464\/revisions"}],"predecessor-version":[{"id":1465,"href":"https:\/\/marsuyhdistys.net\/home\/wp-json\/wp\/v2\/pages\/1464\/revisions\/1465"}],"wp:attachment":[{"href":"https:\/\/marsuyhdistys.net\/home\/wp-json\/wp\/v2\/media?parent=1464"}],"curies":[{"name":"wp","href":"https:\/\/api.w.org\/{rel}","templated":true}]}}