{"id":1467,"date":"2013-11-16T18:01:24","date_gmt":"2013-11-16T16:01:24","guid":{"rendered":"http:\/\/marsuyhdistys.net\/home\/?page_id=1467"},"modified":"2013-11-16T18:01:24","modified_gmt":"2013-11-16T16:01:24","slug":"syyskokous-2008","status":"publish","type":"page","link":"https:\/\/marsuyhdistys.net\/home\/syyskokous-2008\/","title":{"rendered":"Syyskokous 2008"},"content":{"rendered":"<p>Suomen Marsuyhdistys ry.<br \/>\nSyyskokous Klaukkalan Roinelassa.12.10.2008<\/p>\n<p><strong>L\u00e4sn\u00e4:<\/strong> Riina Ruuska, Elina Vehkam\u00e4ki, Hanna Lahtinen (Katja Kivipuro, Katriina Hautala), Linda Kohvakka (Petra Hautanen), Tuija Kilpinen, Pulmu Waitinen, Elise Feodoroff, Anna Lindberg (Raisa Ristim\u00e4ki, Annu Ristim\u00e4ki), Juulia Palmqvist, Anu Saarela, Anna Lohi, Kirsi Ruotsalainen, Minna Alander, Susanna Piili, Annukka Holmroos, Inkeri Virtanen<\/p>\n<p><strong>1. Kokouksen avaus<\/strong><br \/>\nKokous avattiin klo 16.15<br \/>\nKokous todettiin lailliseksi ja p\u00e4\u00e4t\u00f6svaltaiseksi.<\/p>\n<p><strong>3. Kokouksen puheenjohtajan, sihteerin, kahden p\u00f6yt\u00e4kirjantarkastajan ja kahden \u00e4\u00e4ntenlaskijan valinta<\/strong><br \/>\nPuheenjohtaja Kirsi Ruotsalainen<br \/>\nSihteeri Linda Kohvakka<br \/>\nP\u00f6yt\u00e4kirjantarkistajat ja \u00e4\u00e4netenlaskijat Hanna Lahtinen ja Elise Feodoroff<\/p>\n<p><strong>4. Ty\u00f6j\u00e4rjestyksen hyv\u00e4ksyminen\u00a0<\/strong><br \/>\nHyv\u00e4ksyttiin ty\u00f6j\u00e4rjestys<\/p>\n<p><strong>5. Valitaan hallituksen puheenjohtaja vuodelle 2009\u00a0<\/strong><br \/>\nEhdotettiin Hanna Lahtinen (kielt\u00e4ytyy), Susanna Piili (kielt\u00e4ytyy), Kirsi Ruotsalainen (kielt\u00e4ytyy) ja Anneli Ceder, valitaan Anneli Ceder<\/p>\n<p><strong>6. Hallituksen j\u00e4senten valinta, ehdotetut j\u00e4senet ja \u00e4\u00e4nestyksen tulokset:\u00a0<\/strong><br \/>\n&#8211; Hanna Lahtinen, 21, valittu<br \/>\n&#8211; Linda Kohvakka, 19, valittu<br \/>\n&#8211; Susanna Piili 21, valittu<br \/>\n&#8211; Anna Lohi 22, valittu<br \/>\n&#8211; Kirsi Ruotsalainen 19, valittu<br \/>\n&#8211; Riina Ruuska 21, valittu<br \/>\n&#8211; Pulmu Waitinen 19, hallituksen varaj\u00e4sen<br \/>\n-Annukka Holmroos 13, ei valittu<\/p>\n<p><strong>7. Tilintarkastajien ja heid\u00e4n varamiestens\u00e4 valinta\u00a0<\/strong><br \/>\nAnnukka Holmroos ja Juulia Palmqvist (varalla Tuija Kilpinen)<\/p>\n<p><strong>8. Hallituksen seuraavan vuoden toimintasuunnitelman ja talousarvioehdotuksen hyv\u00e4ksyminen.\u00a0<\/strong><br \/>\nToimintasuunnitelma vuodelle 2009 hyv\u00e4ksyttiin. Talousarvio hyv\u00e4ksyttiin.<\/p>\n<p><strong>9. J\u00e4senmaksun m\u00e4\u00e4r\u00e4\u00e4minen vuosi-, perhe-, yhteis\u00f6- ja ainaisj\u00e4senelle\u00a0<\/strong><br \/>\nEhdotettiin j\u00e4senmaksun korottamista 19 euroon. Ehdotettiin j\u00e4senmaksun korottamista 20 euroon.<br \/>\n\u00c4\u00e4nestettiin asiasta: 19 euroa: 7 \u00e4\u00e4nt\u00e4, 20 euroa: 17 \u00e4\u00e4nt\u00e4.<br \/>\nHanna Lahtinen ja Elise Feodoroff j\u00e4ttiv\u00e4t asiasta eri\u00e4v\u00e4t mielipiteet.<br \/>\nUusi \u00e4\u00e4nestys runsaan keskustelun johdosta, j\u00e4senmaksu ei nouse eli pysyy 18 eurossa.<br \/>\nUlkomailla asuvan j\u00e4senmaksu 25 euroa EU:n sis\u00e4ll\u00e4 ja 30 euroa EU:n ulkopuolella<br \/>\nYhteis\u00f6j\u00e4senmaksu: 2kertaa vuosij\u00e4senen j\u00e4senmaksu<br \/>\nAinaisj\u00e4senmaksu 10 kertaa vuosij\u00e4senmaksu.<\/p>\n<p><strong>10. Hallituksen esitt\u00e4m\u00e4t, kokousukutsussa mainitut tai muut asiat:\u00a0<\/strong><br \/>\n<strong>-N\u00e4yttelys\u00e4\u00e4nn\u00f6t:<\/strong> N\u00e4yttelys\u00e4\u00e4nn\u00f6t eiv\u00e4t ole viel\u00e4 valmiit.<\/p>\n<p><strong>-K\u00e4sitell\u00e4\u00e4n yhdistyksen s\u00e4\u00e4nn\u00f6t.<\/strong> Hyv\u00e4ksyt\u00e4\u00e4n uudet s\u00e4\u00e4nn\u00f6t.<\/p>\n<p><strong>-N\u00e4yttelymaksut m\u00e4\u00e4r\u00e4ytyv\u00e4t n\u00e4yttelykohtaisesti.<br \/>\n<\/strong><br \/>\n<strong>-Standarditoimikunta ehdotti harlekiinin ja magpien hyv\u00e4ksymist\u00e4 standardiin<\/strong>. Hyv\u00e4ksytty.<\/p>\n<p><strong>&#8211; Satiinien n\u00e4yttelytt\u00e4minen kiellet\u00e4\u00e4n kokonaan 1.1.2009 alkaen.<\/strong> Hyv\u00e4ksytty.<\/p>\n<p><strong>-Nordic- toimikunta<\/strong>: Hanna Lahtinen kutsuu kokoon.<\/p>\n<p><strong>-Reksiter\u00f6intitoimikunta lakkautetaan tarpeettomana.\u00a0<\/strong><\/p>\n<p><strong>&#8211; Ehdotettiin klipattujen poistoa BIS kisasta.<\/strong> Asia siirret\u00e4\u00e4n n\u00e4yttelys\u00e4\u00e4nt\u00f6toimikunnalle.<\/p>\n<p><strong>-Tuomarikoulutuksesta vastaavat<\/strong> Hanna Lahtinen ja Katja Kivipuro<\/p>\n<p><strong>Yhdistyksen muut toimihenkil\u00f6t 2009\u00a0<\/strong><br \/>\n&#8211; infovastaava: Minna Alander<br \/>\n&#8211; internetvastaava: Riina Ruuska<br \/>\n&#8211; palkintovastaava: Annukka Holmroos<br \/>\n&#8211; j\u00e4senasiat: Riina Ruuska<br \/>\n-muotovalioanomukset: Pulmu Waitinen<br \/>\n&#8211; kasvattajanimianomukset: Iina Merjankari<br \/>\n&#8211; sponsorivastaava: Kirsi Ruotsalainen<br \/>\n&#8211; pet-toimikunta: Inkeri Virtanen (vastaava), Minna Alander, Pulmu Waitinen.<br \/>\n&#8211; standarditoimikunta:<br \/>\nKatja Kivipuro, Hanna Lahtinen, Iina Merjankari,<br \/>\n&#8211; rahastonhoitaja: Elise Feodoroff, jolle SMY my\u00f6nt\u00e4\u00e4 k\u00e4ytt\u00f6oikeuden yhdistyksen tiliin ja k\u00e4ytt\u00f6oikeuden SMY:N Solo-pankkiin.<br \/>\n&#8211; skjl-yhteyshenkil\u00f6: Iina Merjankari<br \/>\n-N\u00e4yttelys\u00e4\u00e4nt\u00f6toimikunta: Hanna Lahtinen, Katja Kivipuro, Susanna Piili, Iina Merjankari, Kirsi Ruotsalainen (puheenjohtaja).<\/p>\n<p><strong>11. Kokouksen p\u00e4\u00e4tt\u00e4minen. Puheenjohtaja p\u00e4\u00e4tti kokouksen 19.15.<\/strong><\/p>\n","protected":false},"excerpt":{"rendered":"<p>Suomen Marsuyhdistys ry. Syyskokous Klaukkalan Roinelassa.12.10.2008 L\u00e4sn\u00e4: Riina Ruuska, Elina Vehkam\u00e4ki, Hanna Lahtinen (Katja Kivipuro, Katriina Hautala), Linda Kohvakka (Petra Hautanen), Tuija Kilpinen, Pulmu Waitinen, Elise Feodoroff, Anna Lindberg (Raisa Ristim\u00e4ki, Annu Ristim\u00e4ki), Juulia Palmqvist, Anu Saarela, Anna Lohi, Kirsi &hellip; <a href=\"https:\/\/marsuyhdistys.net\/home\/syyskokous-2008\/\">Lue loppuun <span class=\"meta-nav\">&rarr;<\/span><\/a><\/p>\n","protected":false},"author":10,"featured_media":0,"parent":0,"menu_order":0,"comment_status":"closed","ping_status":"open","template":"","meta":{"footnotes":"","_links_to":"","_links_to_target":""},"class_list":["post-1467","page","type-page","status-publish","hentry"],"_links":{"self":[{"href":"https:\/\/marsuyhdistys.net\/home\/wp-json\/wp\/v2\/pages\/1467","targetHints":{"allow":["GET"]}}],"collection":[{"href":"https:\/\/marsuyhdistys.net\/home\/wp-json\/wp\/v2\/pages"}],"about":[{"href":"https:\/\/marsuyhdistys.net\/home\/wp-json\/wp\/v2\/types\/page"}],"author":[{"embeddable":true,"href":"https:\/\/marsuyhdistys.net\/home\/wp-json\/wp\/v2\/users\/10"}],"replies":[{"embeddable":true,"href":"https:\/\/marsuyhdistys.net\/home\/wp-json\/wp\/v2\/comments?post=1467"}],"version-history":[{"count":1,"href":"https:\/\/marsuyhdistys.net\/home\/wp-json\/wp\/v2\/pages\/1467\/revisions"}],"predecessor-version":[{"id":1468,"href":"https:\/\/marsuyhdistys.net\/home\/wp-json\/wp\/v2\/pages\/1467\/revisions\/1468"}],"wp:attachment":[{"href":"https:\/\/marsuyhdistys.net\/home\/wp-json\/wp\/v2\/media?parent=1467"}],"curies":[{"name":"wp","href":"https:\/\/api.w.org\/{rel}","templated":true}]}}