{"id":150,"date":"2012-09-22T21:13:37","date_gmt":"2012-09-22T19:13:37","guid":{"rendered":"http:\/\/marsuyhdistys.net\/home\/?page_id=150"},"modified":"2015-10-11T16:20:06","modified_gmt":"2015-10-11T14:20:06","slug":"karkeakarvaiset-abessiinialainen","status":"publish","type":"page","link":"https:\/\/marsuyhdistys.net\/home\/kaikki-marsusta\/rodut\/karkeakarvaiset-abessiinialainen\/","title":{"rendered":"Abessiinialainen"},"content":{"rendered":"<p>T\u00e4m\u00e4n rodun silmiinpist\u00e4vimm\u00e4t ominaisuudet ovat rusetit sek\u00e4 niiden muodostamat harjat. Rusetteja tulee olla 8 kpl ja niiden tulisi olla suuret, selv\u00e4sti erottuvat sek\u00e4 pienikeskustaiset. Harjojen tulee olla selv\u00e4t, ter\u00e4v\u00e4t ja korkeat eiv\u00e4tk\u00e4 ne saa kaatua toistensa p\u00e4\u00e4lle.Turkin tulee olla tihe\u00e4, karkea ja paksu.Turkin ihannepituus on max. 5 cm. P\u00e4\u00e4ss\u00e4 tulee olla paljon karvaa ja abessiinialaisella tulee olla hyv\u00e4t pulisongit. Kaikki v\u00e4rit, kuviot ja v\u00e4riyhdistelm\u00e4t sallittuja, sill\u00e4 v\u00e4ri\u00e4 ei erikseen arvostella.<\/p>\n<p style=\"text-align: center;\"><strong>Tortoiseshell and white<br \/>\n<a href=\"http:\/\/marsuyhdistys.net\/home\/wp-content\/uploads\/2013\/03\/Jama01-300x207.jpg\"><img loading=\"lazy\" decoding=\"async\" class=\"alignnone size-full wp-image-1788\" src=\"http:\/\/marsuyhdistys.net\/home\/wp-content\/uploads\/2013\/03\/Jama01-300x207.jpg\" alt=\"aby\" width=\"300\" height=\"161\" \/><br \/>\n<\/a><\/strong><strong style=\"line-height: 1.714285714; font-size: 1rem;\">Brindle<br \/>\n<\/strong><strong style=\"line-height: 1.714285714; font-size: 1rem;\"><a href=\"http:\/\/marsuyhdistys.net\/home\/wp-content\/uploads\/2012\/09\/karkea1.jpg\"><img loading=\"lazy\" decoding=\"async\" class=\"alignnone size-full wp-image-1788\" src=\"http:\/\/marsuyhdistys.net\/home\/wp-content\/uploads\/2012\/09\/karkea1.jpg\" alt=\"aby\" width=\"300\" height=\"161\" \/><\/a><\/strong><\/p>\n","protected":false},"excerpt":{"rendered":"<p>T\u00e4m\u00e4n rodun silmiinpist\u00e4vimm\u00e4t ominaisuudet ovat rusetit sek\u00e4 niiden muodostamat harjat. Rusetteja tulee olla 8 kpl ja niiden tulisi olla suuret, selv\u00e4sti erottuvat sek\u00e4 pienikeskustaiset. Harjojen tulee olla selv\u00e4t, ter\u00e4v\u00e4t ja korkeat eiv\u00e4tk\u00e4 ne saa kaatua toistensa p\u00e4\u00e4lle.Turkin tulee olla tihe\u00e4, &hellip; <a href=\"https:\/\/marsuyhdistys.net\/home\/kaikki-marsusta\/rodut\/karkeakarvaiset-abessiinialainen\/\">Lue loppuun <span class=\"meta-nav\">&rarr;<\/span><\/a><\/p>\n","protected":false},"author":10,"featured_media":0,"parent":162,"menu_order":80,"comment_status":"closed","ping_status":"closed","template":"","meta":{"footnotes":"","_links_to":"","_links_to_target":""},"class_list":["post-150","page","type-page","status-publish","hentry"],"_links":{"self":[{"href":"https:\/\/marsuyhdistys.net\/home\/wp-json\/wp\/v2\/pages\/150","targetHints":{"allow":["GET"]}}],"collection":[{"href":"https:\/\/marsuyhdistys.net\/home\/wp-json\/wp\/v2\/pages"}],"about":[{"href":"https:\/\/marsuyhdistys.net\/home\/wp-json\/wp\/v2\/types\/page"}],"author":[{"embeddable":true,"href":"https:\/\/marsuyhdistys.net\/home\/wp-json\/wp\/v2\/users\/10"}],"replies":[{"embeddable":true,"href":"https:\/\/marsuyhdistys.net\/home\/wp-json\/wp\/v2\/comments?post=150"}],"version-history":[{"count":10,"href":"https:\/\/marsuyhdistys.net\/home\/wp-json\/wp\/v2\/pages\/150\/revisions"}],"predecessor-version":[{"id":4521,"href":"https:\/\/marsuyhdistys.net\/home\/wp-json\/wp\/v2\/pages\/150\/revisions\/4521"}],"up":[{"embeddable":true,"href":"https:\/\/marsuyhdistys.net\/home\/wp-json\/wp\/v2\/pages\/162"}],"wp:attachment":[{"href":"https:\/\/marsuyhdistys.net\/home\/wp-json\/wp\/v2\/media?parent=150"}],"curies":[{"name":"wp","href":"https:\/\/api.w.org\/{rel}","templated":true}]}}