{"id":152,"date":"2012-09-22T21:15:15","date_gmt":"2012-09-22T19:15:15","guid":{"rendered":"http:\/\/marsuyhdistys.net\/home\/?page_id=152"},"modified":"2015-10-11T16:21:46","modified_gmt":"2015-10-11T14:21:46","slug":"rex-ja-rexcrest","status":"publish","type":"page","link":"https:\/\/marsuyhdistys.net\/home\/kaikki-marsusta\/rodut\/rex-ja-rexcrest\/","title":{"rendered":"Rex"},"content":{"rendered":"<p>Marsulla tulee olla hyvin karkea, kihara ja joustava turkki, joka suuntautuu koko alueeltaan pystyyn ja eteen. Turkin tulee olla mahdollisimman tasainen ja se antaa &#8220;siilim\u00e4isen&#8221; vaikutelman. Turkin maksimi\u00a0pituus on noin 3 cm. My\u00f6s vatsakarvoituksen tulee olla mahdollisimman paksu, karkea ja kihara. Ero teddyyn on puhtaasti geneettinen. Kaikki v\u00e4rit, kuviot ja v\u00e4riyhdistelm\u00e4t sallittuja, sill\u00e4 v\u00e4ri\u00e4 ei erikseen arvostella.<\/p>\n<p style=\"text-align: center;\"><strong> <a href=\"http:\/\/marsuyhdistys.net\/home\/wp-content\/uploads\/2012\/09\/rex.jpg\"><img loading=\"lazy\" decoding=\"async\" class=\"alignnone size-full wp-image-1788\" alt=\"rex\" src=\"http:\/\/marsuyhdistys.net\/home\/wp-content\/uploads\/2012\/09\/rex.jpg\" width=\"300\" height=\"161\" \/><\/a><\/strong><\/p>\n","protected":false},"excerpt":{"rendered":"<p>Marsulla tulee olla hyvin karkea, kihara ja joustava turkki, joka suuntautuu koko alueeltaan pystyyn ja eteen. Turkin tulee olla mahdollisimman tasainen ja se antaa &#8220;siilim\u00e4isen&#8221; vaikutelman. Turkin maksimi\u00a0pituus on noin 3 cm. My\u00f6s vatsakarvoituksen tulee olla mahdollisimman paksu, karkea ja &hellip; <a href=\"https:\/\/marsuyhdistys.net\/home\/kaikki-marsusta\/rodut\/rex-ja-rexcrest\/\">Lue loppuun <span class=\"meta-nav\">&rarr;<\/span><\/a><\/p>\n","protected":false},"author":10,"featured_media":0,"parent":162,"menu_order":90,"comment_status":"closed","ping_status":"closed","template":"","meta":{"footnotes":"","_links_to":"","_links_to_target":""},"class_list":["post-152","page","type-page","status-publish","hentry"],"_links":{"self":[{"href":"https:\/\/marsuyhdistys.net\/home\/wp-json\/wp\/v2\/pages\/152","targetHints":{"allow":["GET"]}}],"collection":[{"href":"https:\/\/marsuyhdistys.net\/home\/wp-json\/wp\/v2\/pages"}],"about":[{"href":"https:\/\/marsuyhdistys.net\/home\/wp-json\/wp\/v2\/types\/page"}],"author":[{"embeddable":true,"href":"https:\/\/marsuyhdistys.net\/home\/wp-json\/wp\/v2\/users\/10"}],"replies":[{"embeddable":true,"href":"https:\/\/marsuyhdistys.net\/home\/wp-json\/wp\/v2\/comments?post=152"}],"version-history":[{"count":9,"href":"https:\/\/marsuyhdistys.net\/home\/wp-json\/wp\/v2\/pages\/152\/revisions"}],"predecessor-version":[{"id":4522,"href":"https:\/\/marsuyhdistys.net\/home\/wp-json\/wp\/v2\/pages\/152\/revisions\/4522"}],"up":[{"embeddable":true,"href":"https:\/\/marsuyhdistys.net\/home\/wp-json\/wp\/v2\/pages\/162"}],"wp:attachment":[{"href":"https:\/\/marsuyhdistys.net\/home\/wp-json\/wp\/v2\/media?parent=152"}],"curies":[{"name":"wp","href":"https:\/\/api.w.org\/{rel}","templated":true}]}}