{"id":154,"date":"2012-09-22T21:16:29","date_gmt":"2012-09-22T19:16:29","guid":{"rendered":"http:\/\/marsuyhdistys.net\/home\/?page_id=154"},"modified":"2013-12-15T19:42:39","modified_gmt":"2013-12-15T17:42:39","slug":"ch-teddy-ja-ch-teddycrest","status":"publish","type":"page","link":"https:\/\/marsuyhdistys.net\/home\/kaikki-marsusta\/rodut\/ch-teddy-ja-ch-teddycrest\/","title":{"rendered":"Ch-teddy ja ch-teddycrest"},"content":{"rendered":"<p>Marsulla tulee olla hyvin karkea, kihara ja joustava turkki, joka suuntautuu koko alueeltaan pystyyn. Turkin tulee olla mahdollisimman tasainen. Suositeltava turkin pituus on noin 5-6 cm. My\u00f6s vatsakarvoituksen tulee olla mahdollisimman paksu, karkea ja kihara.<\/p>\n<p>Ch-teddy crestill\u00e4 on py\u00f6rre otsassa, muuten rotu on samanlainen.<\/p>\n<p style=\"text-align: center;\"><strong>Ch-teddy<br \/>\n<a href=\"http:\/\/marsuyhdistys.net\/home\/wp-content\/uploads\/2012\/09\/chteddy.jpg\"><img loading=\"lazy\" decoding=\"async\" class=\"alignnone size-full wp-image-1788\" alt=\"teddy\" src=\"http:\/\/marsuyhdistys.net\/home\/wp-content\/uploads\/2012\/09\/chteddy.jpg\" width=\"300\" height=\"161\" \/><br \/>\n<\/a><\/strong><strong style=\"line-height: 1.714285714; font-size: 1rem;\">Ch-teddy crest<br \/>\n<\/strong><strong style=\"line-height: 1.714285714; font-size: 1rem;\"><a href=\"http:\/\/marsuyhdistys.net\/home\/wp-content\/uploads\/2012\/09\/crestcht.jpg\"><img loading=\"lazy\" decoding=\"async\" class=\"alignnone size-full wp-image-1788\" alt=\"teddy\" src=\"http:\/\/marsuyhdistys.net\/home\/wp-content\/uploads\/2012\/09\/crestcht.jpg\" width=\"300\" height=\"161\" \/><\/a><\/strong><\/p>\n","protected":false},"excerpt":{"rendered":"<p>Marsulla tulee olla hyvin karkea, kihara ja joustava turkki, joka suuntautuu koko alueeltaan pystyyn. Turkin tulee olla mahdollisimman tasainen. Suositeltava turkin pituus on noin 5-6 cm. My\u00f6s vatsakarvoituksen tulee olla mahdollisimman paksu, karkea ja kihara. Ch-teddy crestill\u00e4 on py\u00f6rre otsassa, &hellip; <a href=\"https:\/\/marsuyhdistys.net\/home\/kaikki-marsusta\/rodut\/ch-teddy-ja-ch-teddycrest\/\">Lue loppuun <span class=\"meta-nav\">&rarr;<\/span><\/a><\/p>\n","protected":false},"author":10,"featured_media":0,"parent":162,"menu_order":100,"comment_status":"closed","ping_status":"closed","template":"","meta":{"footnotes":"","_links_to":"","_links_to_target":""},"class_list":["post-154","page","type-page","status-publish","hentry"],"_links":{"self":[{"href":"https:\/\/marsuyhdistys.net\/home\/wp-json\/wp\/v2\/pages\/154","targetHints":{"allow":["GET"]}}],"collection":[{"href":"https:\/\/marsuyhdistys.net\/home\/wp-json\/wp\/v2\/pages"}],"about":[{"href":"https:\/\/marsuyhdistys.net\/home\/wp-json\/wp\/v2\/types\/page"}],"author":[{"embeddable":true,"href":"https:\/\/marsuyhdistys.net\/home\/wp-json\/wp\/v2\/users\/10"}],"replies":[{"embeddable":true,"href":"https:\/\/marsuyhdistys.net\/home\/wp-json\/wp\/v2\/comments?post=154"}],"version-history":[{"count":8,"href":"https:\/\/marsuyhdistys.net\/home\/wp-json\/wp\/v2\/pages\/154\/revisions"}],"predecessor-version":[{"id":1919,"href":"https:\/\/marsuyhdistys.net\/home\/wp-json\/wp\/v2\/pages\/154\/revisions\/1919"}],"up":[{"embeddable":true,"href":"https:\/\/marsuyhdistys.net\/home\/wp-json\/wp\/v2\/pages\/162"}],"wp:attachment":[{"href":"https:\/\/marsuyhdistys.net\/home\/wp-json\/wp\/v2\/media?parent=154"}],"curies":[{"name":"wp","href":"https:\/\/api.w.org\/{rel}","templated":true}]}}