{"id":162,"date":"2012-09-22T21:26:25","date_gmt":"2012-09-22T19:26:25","guid":{"rendered":"http:\/\/marsuyhdistys.net\/home\/?page_id=162"},"modified":"2024-07-15T20:01:53","modified_gmt":"2024-07-15T18:01:53","slug":"rodut","status":"publish","type":"page","link":"https:\/\/marsuyhdistys.net\/home\/kaikki-marsusta\/rodut\/","title":{"rendered":"Rodut ja standardit"},"content":{"rendered":"<p><strong><span style=\"color: #000000;\">V\u00c4RIKUVAUKSET:<br \/>\n<\/span><\/strong><\/p>\n<ul>\n<li><span style=\"color: #0000ff;\"><a style=\"color: #0000ff;\" href=\"http:\/\/marsuyhdistys.net\/home\/wp-content\/uploads\/2012\/09\/V\u00e4rikuvaukset.teksti.pdf\">V\u00e4rikuvaukset, standardi, teksti<\/a><\/span><\/li>\n<li><span style=\"color: #0000ff;\"><a style=\"color: #0000ff;\" href=\"http:\/\/marsuyhdistys.net\/home\/wp-content\/uploads\/2012\/09\/V\u00e4rikuvaukset.kuvat_.pdf\">V\u00e4rikuvaukset.kuvat<\/a><\/span><\/li>\n<\/ul>\n<p><strong>SILE\u00c4KARVAISET<\/strong><\/p>\n<ul>\n<li><a href=\"http:\/\/marsuyhdistys.net\/home\/?page_id=95\"><span style=\"color: #0000ff;\">Yksiv\u00e4riset\u00a0(self)<\/span><br \/>\n<\/a><span style=\"color: #0000ff;\"><span style=\"color: #0000ff;\">&#8211;\u00a0<a style=\"color: #0000ff;\" href=\"http:\/\/marsuyhdistys.net\/home\/wp-content\/uploads\/2012\/09\/Sile\u00e4karvainenself.kotisivut.pdf\">Yksiv\u00e4rinen, self, standardi<\/a><\/span><\/span><\/li>\n<\/ul>\n<ul>\n<li><span style=\"color: #0000ff;\"><a style=\"color: #0000ff;\" title=\"Kuvioidut\" href=\" http:\/\/marsuyhdistys.net\/home\/?page_id=100\">Kuvioidut (nonself)<br \/>\n<\/a>&#8211;\u00a0<a style=\"color: #0000ff;\" href=\"http:\/\/marsuyhdistys.net\/home\/wp-content\/uploads\/2012\/09\/Dutch.kotisivut.pdf\">Dutch, standardi<br \/>\n<\/a>&#8211;\u00a0<a style=\"color: #0000ff;\" href=\"http:\/\/marsuyhdistys.net\/home\/wp-content\/uploads\/2012\/09\/Dalmatialainen.kotisivut.pdf\">Dalmatialainen, standardi<br \/>\n<\/a>&#8211;\u00a0<a style=\"color: #0000ff;\" href=\"http:\/\/marsuyhdistys.net\/home\/wp-content\/uploads\/2012\/09\/Himalaya.kotisivut.pdf\">Himalaya, standardi<br \/>\n<\/a>&#8211;\u00a0<a style=\"color: #0000ff;\" href=\"http:\/\/marsuyhdistys.net\/home\/wp-content\/uploads\/2012\/09\/Roan.kotisivut.pdf\">Roan, standardi<\/a><a style=\"color: #0000ff;\" href=\"http:\/\/marsuyhdistys.net\/home\/wp-content\/uploads\/2012\/09\/Himalaya.kotisivut.pdf\"><br \/>\n<\/a>&#8211;\u00a0<a style=\"color: #0000ff;\" href=\"http:\/\/marsuyhdistys.net\/home\/wp-content\/uploads\/2012\/09\/Brindle.kotisivut.pdf\">Brindle, standardi<br \/>\n<\/a>&#8211;\u00a0<a style=\"color: #0000ff;\" href=\"http:\/\/marsuyhdistys.net\/home\/wp-content\/uploads\/2012\/09\/Agoutiargente.kotisivut.pdf\">Agouti &amp; argente, standardi<br \/>\n<\/a>&#8211;\u00a0<a style=\"color: #0000ff;\" href=\"http:\/\/marsuyhdistys.net\/home\/wp-content\/uploads\/2012\/09\/Solid.agoutiargente.kotisivut.pdf\">Solid agouti &amp; argente, standardi<br \/>\n<\/a>&#8211;\u00a0<a style=\"color: #0000ff;\" href=\"http:\/\/marsuyhdistys.net\/home\/wp-content\/uploads\/2012\/09\/Tortoiseshell.kotisivut.pdf\">Tortoiseshell, standardi<br \/>\n<\/a>&#8211;\u00a0<a style=\"color: #0000ff;\" href=\"http:\/\/marsuyhdistys.net\/home\/wp-content\/uploads\/2012\/09\/Tortoiseshellwhite.kotisivut.pdf\">Tortoiseshell &amp; white, standardi<br \/>\n<\/a>&#8211;\u00a0<a href=\"https:\/\/marsuyhdistys.net\/home\/wp-content\/uploads\/2023\/03\/Bicolor1.kotisivut.pdf\">Bicolor, standardi<\/a><br \/>\n&#8211; <a href=\"https:\/\/marsuyhdistys.net\/home\/wp-content\/uploads\/2023\/03\/Tricolor1.kotisivut.pdf\">Tricolor, standardi<\/a><a style=\"color: #0000ff;\" href=\"http:\/\/marsuyhdistys.net\/home\/wp-content\/uploads\/2012\/09\/Bicolor.kotisivut.pdf\"><br \/>\n<\/a>&#8211;\u00a0<a style=\"color: #0000ff;\" href=\"http:\/\/marsuyhdistys.net\/home\/wp-content\/uploads\/2012\/09\/Tan.kotisivut.pdf\">Tan, standardi<br \/>\n<\/a>&#8211;\u00a0<a style=\"color: #0000ff;\" href=\"http:\/\/marsuyhdistys.net\/home\/wp-content\/uploads\/2012\/09\/Fox.kotisivut.pdf\">Fox, standardi<br \/>\n<\/a>&#8211;\u00a0<a style=\"color: #0000ff;\" href=\"http:\/\/marsuyhdistys.net\/home\/wp-content\/uploads\/2012\/09\/Otter.kotisivut.pdf\">Otter, standardi<br \/>\n<\/a>&#8211;\u00a0<a style=\"color: #0000ff;\" href=\"http:\/\/marsuyhdistys.net\/home\/wp-content\/uploads\/2012\/09\/Harlekiini.kotisivut.pdf\">Harlekiini, standardi<br \/>\n<\/a>&#8211;\u00a0<a style=\"color: #0000ff;\" href=\"http:\/\/marsuyhdistys.net\/home\/wp-content\/uploads\/2012\/09\/Magpie.kotisivut.pdf\">Magpie, standardi<br \/>\n<\/a>&#8211;\u00a0<a style=\"color: #0000ff;\" href=\"http:\/\/marsuyhdistys.net\/home\/wp-content\/uploads\/2012\/09\/Standardi-CALIFORNIA2015.pdf\">California &amp; eng. crest california, tuomarinohje<\/a><\/span><\/li>\n<li><span style=\"color: #0000ff;\"><a style=\"color: #0000ff;\" title=\"Englannin crest yksiv\u00e4rinen\" href=\" http:\/\/marsuyhdistys.net\/home\/?page_id=128\">Englannincrest yksiv\u00e4rinen<br \/>\n<\/a>&#8211;\u00a0<a style=\"color: #0000ff;\" href=\"http:\/\/marsuyhdistys.net\/home\/wp-content\/uploads\/2012\/09\/Eng.crest_.yksiv\u00e4rinen.kotisivut.pdf\">Standardi<\/a><\/span><\/li>\n<li><span style=\"color: #0000ff;\"><a style=\"color: #0000ff;\" title=\"Englannin crest kuvioitu\" href=\" http:\/\/marsuyhdistys.net\/home\/?page_id=132\">Englannincrest kuvioitu<br \/>\n<\/a>&#8211;\u00a0<a style=\"color: #0000ff;\" href=\"http:\/\/marsuyhdistys.net\/home\/wp-content\/uploads\/2012\/09\/Eng.crest_.kuvioitu.kotisivut.pdf\">Standardi<\/a><\/span><a title=\"Englannin crest kuvioitu\" href=\" http:\/\/marsuyhdistys.net\/home\/?page_id=132\"><br \/>\n<\/a><\/li>\n<\/ul>\n<ul>\n<li><span style=\"color: #0000ff;\"><a style=\"color: #0000ff;\" title=\"Amerikancrest yksiv\u00e4rinen\" href=\" http:\/\/marsuyhdistys.net\/home\/?page_id=145\">Amerikancrest\u00a0yksiv\u00e4rinen<br \/>\n<\/a>&#8211;\u00a0<a style=\"color: #0000ff;\" href=\"http:\/\/marsuyhdistys.net\/home\/wp-content\/uploads\/2012\/09\/Am.crest_.yksiv\u00e4rinen.kotisivut.pdf\">Standardi<\/a><\/span><a title=\"Amerikancrest yksiv\u00e4rinen\" href=\" http:\/\/marsuyhdistys.net\/home\/?page_id=145\"><br \/>\n<\/a><\/li>\n<li><span style=\"color: #0000ff;\"><a style=\"color: #0000ff;\" href=\"http:\/\/marsuyhdistys.net\/home\/?page_id=1756 \">Amerikancrest kuvioitu<br \/>\n<\/a>&#8211;\u00a0<a style=\"color: #0000ff;\" href=\"http:\/\/marsuyhdistys.net\/home\/wp-content\/uploads\/2012\/09\/Am.crest_.kuvioitu.kotisivut.pdf\">Standardi<\/a><\/span><a href=\"http:\/\/marsuyhdistys.net\/home\/?page_id=1756 \"><br \/>\n<\/a><\/li>\n<\/ul>\n<p><strong>KARKEAKARVAISET JA KARVATTOMAT<\/strong><\/p>\n<ul>\n<li><span style=\"color: #0000ff;\"><a style=\"color: #0000ff;\" title=\"Aby\" href=\" http:\/\/marsuyhdistys.net\/home\/?page_id=150\">Abessiinialainen<br \/>\n<\/a>&#8211;\u00a0<a style=\"color: #0000ff;\" href=\"http:\/\/marsuyhdistys.net\/home\/wp-content\/uploads\/2012\/09\/Abessiinialainen.kotisivut.pdf\">Standardi<\/a><\/span><a title=\"Aby\" href=\" http:\/\/marsuyhdistys.net\/home\/?page_id=150\"><br \/>\n<\/a><\/li>\n<li><span style=\"color: #0000ff;\"><a style=\"color: #0000ff;\" title=\"Rex\" href=\" http:\/\/marsuyhdistys.net\/home\/?page_id=152\">Rex<br \/>\n<\/a>&#8211;\u00a0<a style=\"color: #0000ff;\" href=\"http:\/\/marsuyhdistys.net\/home\/wp-content\/uploads\/2012\/09\/Rex.kotisivut.pdf\">Standardi<\/a><\/span><a title=\"Rex\" href=\" http:\/\/marsuyhdistys.net\/home\/?page_id=152\"><br \/>\n<\/a><\/li>\n<li><span style=\"color: #0000ff;\"><a style=\"color: #0000ff;\" title=\"Skinny\" href=\" http:\/\/marsuyhdistys.net\/home\/?page_id=157\">Skinny<br \/>\n<\/a>&#8211;\u00a0<a style=\"color: #0000ff;\" href=\"http:\/\/marsuyhdistys.net\/home\/wp-content\/uploads\/2012\/09\/Skinny.pdf\">Standardi<\/a><\/span><a title=\"Skinny\" href=\" http:\/\/marsuyhdistys.net\/home\/?page_id=157\"><br \/>\n<\/a><\/li>\n<li><span style=\"color: #0000ff;\"><a style=\"color: #0000ff;\" title=\"Teddy\" href=\"http:\/\/marsuyhdistys.net\/home\/?page_id=160\">Teddy<br \/>\n<\/a>&#8211;\u00a0<a style=\"color: #0000ff;\" href=\"http:\/\/marsuyhdistys.net\/home\/wp-content\/uploads\/2012\/09\/Teddy.kotisivut.pdf\">Standardi<\/a><\/span><a title=\"Teddy\" href=\"http:\/\/marsuyhdistys.net\/home\/?page_id=160\"><br \/>\n<\/a><\/li>\n<li><span style=\"color: #0000ff;\"><a style=\"color: #0000ff;\" href=\"http:\/\/marsuyhdistys.net\/home\/?page_id=4349\">Baldwin<\/a><\/span><br \/>\n<span style=\"color: #0000ff;\">&#8211;\u00a0<a style=\"color: #0000ff;\" href=\"http:\/\/marsuyhdistys.net\/home\/wp-content\/uploads\/2012\/09\/Baldwin.pdf\">Standardi<\/a><\/span><\/li>\n<li><span style=\"color: #0000ff;\"><a style=\"color: #0000ff;\" href=\"http:\/\/marsuyhdistys.net\/home\/?page_id=154\">Ch-teddy <\/a><br \/>\n<a style=\"color: #0000ff;\" href=\"http:\/\/marsuyhdistys.net\/home\/wp-content\/uploads\/2012\/09\/Ch-teddy.kotisivut.pdf\">&#8211; Standardi<\/a><\/span><\/li>\n<li><span style=\"color: #0000ff;\"><a style=\"color: #0000ff;\" href=\"http:\/\/marsuyhdistys.net\/home\/?page_id=154\">Ch-teddy crest \u00a0<\/a><\/span><span style=\"color: #0000ff;\"><a style=\"color: #0000ff;\" href=\"http:\/\/marsuyhdistys.net\/home\/?page_id=154\">&#8211; Standardi<\/a><\/span><\/li>\n<\/ul>\n<p><strong>PITK\u00c4KARVAISET<\/strong><\/p>\n<ul>\n<li><span style=\"color: #0000ff;\"><a style=\"color: #0000ff;\" title=\"Sheltie\" href=\" http:\/\/marsuyhdistys.net\/home\/?page_id=192\">Sheltie<br \/>\n<\/a>&#8211;\u00a0<a style=\"color: #0000ff;\" href=\"http:\/\/marsuyhdistys.net\/home\/wp-content\/uploads\/2012\/09\/Sheltie.kotisivut.pdf\">Standardi<\/a><\/span><a title=\"Sheltie\" href=\" http:\/\/marsuyhdistys.net\/home\/?page_id=192\"><br \/>\n<\/a><\/li>\n<li><span style=\"color: #0000ff;\"><a style=\"color: #0000ff;\" title=\"Peruaani\" href=\" http:\/\/marsuyhdistys.net\/home\/?page_id=188\">Peruaani<br \/>\n<\/a>&#8211;\u00a0<a style=\"color: #0000ff;\" href=\"http:\/\/marsuyhdistys.net\/home\/wp-content\/uploads\/2012\/09\/Peruaani.kotisivut.pdf\">Standardi<\/a><\/span><a title=\"Peruaani\" href=\" http:\/\/marsuyhdistys.net\/home\/?page_id=188\"><br \/>\n<\/a><\/li>\n<li><a title=\"Coronet\" href=\" http:\/\/marsuyhdistys.net\/home\/?page_id=222\">Coronet<br \/>\n<\/a>&#8211;\u00a0<a href=\"http:\/\/marsuyhdistys.net\/home\/wp-content\/uploads\/2012\/09\/Coronet.kotisivut.pdf\">Standardi<\/a><a title=\"Coronet\" href=\" http:\/\/marsuyhdistys.net\/home\/?page_id=222\"><br \/>\n<\/a><\/li>\n<li><span style=\"color: #0000ff;\"><a style=\"color: #0000ff;\" title=\"Texel\" href=\" http:\/\/marsuyhdistys.net\/home\/?page_id=190\">Texel<br \/>\n<\/a>&#8211;\u00a0<a style=\"color: #0000ff;\" href=\"http:\/\/marsuyhdistys.net\/home\/wp-content\/uploads\/2012\/09\/Texel.kotisivut.pdf\">Standardi<\/a><\/span><a title=\"Texel\" href=\" http:\/\/marsuyhdistys.net\/home\/?page_id=190\"><br \/>\n<\/a><\/li>\n<li><span style=\"color: #0000ff;\"><a style=\"color: #0000ff;\" title=\"Alpakka\" href=\" http:\/\/marsuyhdistys.net\/home\/?page_id=184\">Alpakka<br \/>\n<\/a>&#8211;\u00a0<a style=\"color: #0000ff;\" href=\"http:\/\/marsuyhdistys.net\/home\/wp-content\/uploads\/2012\/09\/Alpakka.kotisivut.pdf\">Standardi<\/a><\/span><a title=\"Alpakka\" href=\" http:\/\/marsuyhdistys.net\/home\/?page_id=184\"><br \/>\n<\/a><\/li>\n<li><span style=\"color: #0000ff;\"><a style=\"color: #0000ff;\" title=\"Merino\" href=\" http:\/\/marsuyhdistys.net\/home\/?page_id=194\">Merino<br \/>\n<\/a>&#8211;\u00a0<a style=\"color: #0000ff;\" href=\"http:\/\/marsuyhdistys.net\/home\/wp-content\/uploads\/2012\/09\/Merino.kotisivut.pdf\">Standardi<\/a><\/span><a title=\"Merino\" href=\" http:\/\/marsuyhdistys.net\/home\/?page_id=194\"><br \/>\n<\/a><\/li>\n<li><span style=\"color: #0000ff;\"><a style=\"color: #0000ff;\" title=\"Lunkaryat\" href=\" http:\/\/marsuyhdistys.net\/home\/?page_id=186\">Lunkaryat<br \/>\n<\/a>&#8211;\u00a0<a style=\"color: #0000ff;\" href=\"http:\/\/marsuyhdistys.net\/home\/wp-content\/uploads\/2012\/09\/Lunkaryaperuaani.kotisivut.pdf\">Lunkarya peruaani, standardi<\/a><\/span><a title=\"Lunkaryat\" href=\" http:\/\/marsuyhdistys.net\/home\/?page_id=186\"><br \/>\n<\/a><\/li>\n<\/ul>\n<p><strong>KOE-STANDARDIT<\/strong><br \/>\nMuunnokset, jotka odottavat hyv\u00e4ksynt\u00e4\u00e4 viralliseen standardiin.<\/p>\n<ul>\n<li style=\"list-style-type: none;\">\n<ul>\n<li style=\"list-style-type: none;\">\n<ul>\n<li style=\"list-style-type: none;\">\n<ul>\n<li><span style=\"color: #0000ff;\">&#8211;<\/span><span style=\"color: #0000ff;\"><a style=\"color: #0000ff;\" title=\"Lunkaryat\" href=\" http:\/\/marsuyhdistys.net\/home\/?page_id=186\">Lunkaryat<br \/>\n<\/a>&#8211;\u00a0<a style=\"color: #0000ff;\" href=\"http:\/\/marsuyhdistys.net\/home\/wp-content\/uploads\/2012\/09\/Lunkarya.sheltie.kotisivut.pdf\">Lunkarya sheltie, koe-standardi<br \/>\n<\/a>&#8211;\u00a0<a style=\"color: #0000ff;\" href=\"http:\/\/marsuyhdistys.net\/home\/wp-content\/uploads\/2012\/09\/Lunkarya.coronet.kotisivut.pdf\">Lunkarya coronet, koe-standardi<\/a><\/span><\/li>\n<\/ul>\n<\/li>\n<\/ul>\n<\/li>\n<\/ul>\n<\/li>\n<\/ul>\n<p><strong>EI-STANDARDIT<\/strong><\/p>\n<p>-Lakeland (hyv\u00e4ksytty syyskokous 2022)<\/p>\n<p>Kaikki tunnistettavat muunnokset, jotka eiv\u00e4t kuulu standardiin tai koe-standardiin.<\/p>\n<p>Jos haluat ilmoittaa n\u00e4yttelyyn ei-standardiin kuuluvan rodun, on standarditoimikunnalle toimitettava kuukautta ennen viimeist\u00e4 n\u00e4yttely ilmoittautumisp\u00e4iv\u00e4\u00e4 ohjeistus rodusta sek\u00e4 mahdollisia l\u00e4hteit\u00e4, joista voi etsi\u00e4 lis\u00e4tietoa rodusta. Ei-standardiluokkaan osallistuvien marsujen ei tarvitse olla rekister\u00f6ityj\u00e4.<\/p>\n","protected":false},"excerpt":{"rendered":"<p>V\u00c4RIKUVAUKSET: V\u00e4rikuvaukset, standardi, teksti V\u00e4rikuvaukset.kuvat SILE\u00c4KARVAISET Yksiv\u00e4riset\u00a0(self) &#8211;\u00a0Yksiv\u00e4rinen, self, standardi Kuvioidut (nonself) &#8211;\u00a0Dutch, standardi &#8211;\u00a0Dalmatialainen, standardi &#8211;\u00a0Himalaya, standardi &#8211;\u00a0Roan, standardi &#8211;\u00a0Brindle, standardi &#8211;\u00a0Agouti &amp; argente, standardi &#8211;\u00a0Solid agouti &amp; argente, standardi &#8211;\u00a0Tortoiseshell, standardi &#8211;\u00a0Tortoiseshell &amp; white, standardi &#8211;\u00a0Bicolor, standardi &#8211; &hellip; <a href=\"https:\/\/marsuyhdistys.net\/home\/kaikki-marsusta\/rodut\/\">Lue loppuun <span class=\"meta-nav\">&rarr;<\/span><\/a><\/p>\n","protected":false},"author":10,"featured_media":0,"parent":14,"menu_order":50,"comment_status":"closed","ping_status":"closed","template":"","meta":{"footnotes":"","_links_to":"","_links_to_target":""},"class_list":["post-162","page","type-page","status-publish","hentry"],"_links":{"self":[{"href":"https:\/\/marsuyhdistys.net\/home\/wp-json\/wp\/v2\/pages\/162","targetHints":{"allow":["GET"]}}],"collection":[{"href":"https:\/\/marsuyhdistys.net\/home\/wp-json\/wp\/v2\/pages"}],"about":[{"href":"https:\/\/marsuyhdistys.net\/home\/wp-json\/wp\/v2\/types\/page"}],"author":[{"embeddable":true,"href":"https:\/\/marsuyhdistys.net\/home\/wp-json\/wp\/v2\/users\/10"}],"replies":[{"embeddable":true,"href":"https:\/\/marsuyhdistys.net\/home\/wp-json\/wp\/v2\/comments?post=162"}],"version-history":[{"count":78,"href":"https:\/\/marsuyhdistys.net\/home\/wp-json\/wp\/v2\/pages\/162\/revisions"}],"predecessor-version":[{"id":12171,"href":"https:\/\/marsuyhdistys.net\/home\/wp-json\/wp\/v2\/pages\/162\/revisions\/12171"}],"up":[{"embeddable":true,"href":"https:\/\/marsuyhdistys.net\/home\/wp-json\/wp\/v2\/pages\/14"}],"wp:attachment":[{"href":"https:\/\/marsuyhdistys.net\/home\/wp-json\/wp\/v2\/media?parent=162"}],"curies":[{"name":"wp","href":"https:\/\/api.w.org\/{rel}","templated":true}]}}