{"id":1651,"date":"2013-11-17T12:15:34","date_gmt":"2013-11-17T10:15:34","guid":{"rendered":"http:\/\/marsuyhdistys.net\/home\/?page_id=1651"},"modified":"2013-11-17T12:15:34","modified_gmt":"2013-11-17T10:15:34","slug":"syyskokous-2012","status":"publish","type":"page","link":"https:\/\/marsuyhdistys.net\/home\/syyskokous-2012\/","title":{"rendered":"Syyskokous 2012"},"content":{"rendered":"<p>Suomen Marsuyhdistys ry:n vuosikokous<br \/>\n24.11.2012<br \/>\nLohjan ABC, Hossanm\u00e4entie 1, 08350 Lohja<\/p>\n<p><strong>Paikallaolijat (suluissa valtakirjalla olijat):\u00a0<\/strong><br \/>\nPasanen Jannika (M\u00e4ntyl\u00e4 Mika)<br \/>\nDepner Aida (Uusi-Viitala Saija, Peltola Jaana)<br \/>\nAatela Minna<br \/>\nJuntunen Annukka ( Jalonen Anne, Ruotsalainen Kirsi)<br \/>\nH\u00f6gman Taina<br \/>\nKivipuro Katja (Lahtinen Hanna, Ilmasti Pia)<br \/>\nLahtonen Linda<br \/>\nPiili Susanna (Palmqvist Juulia, Ceder Anneli)<br \/>\nTuppurainen Pauliina (Hakala Sanna, Rajala Laura)<br \/>\nWaitinen Pulmu<br \/>\nRistim\u00e4ki Raisa<br \/>\nHakulinen Helena<br \/>\nSaarela Anu<br \/>\nLindberg Anna<br \/>\nJansson Jarna<br \/>\nFeodoroff Elise ( Heli Kuoppam\u00e4ki)<\/p>\n<p><strong>1. Puheenjohtaja Susanna Piili avasi kokouksen 12.00<br \/>\n<\/strong><br \/>\n<strong>2. Valittiin kokouksen\u00a0<\/strong><br \/>\npuheenjohtajaksi Linda Lahtonen<br \/>\nsihteeriksi Katja Kivipuro<br \/>\np\u00f6yt\u00e4kirjantarkastajiksi Pulmu Waitinen ja Helena Hakulinen<br \/>\n\u00e4\u00e4ntenlaskijoiksi Pulmu Waitinen ja Helena Hakulinen<\/p>\n<p><strong>3. Todettiin kokouksen laillisuus ja p\u00e4\u00e4t\u00f6svaltaisuus<br \/>\n<\/strong><br \/>\n<strong>4. Hyv\u00e4ksyttiin alkuper\u00e4inen ty\u00f6j\u00e4rjestys<\/strong><\/p>\n<p><strong>5. Toimintakertomuksen ja tilinp\u00e4\u00e4t\u00f6ksen vahvistaminen.<\/strong> My\u00f6nnettiin vastuuvapaus 2011 hallitukselle ja muille vastuuvelvollisille.<\/p>\n<p><strong>6. Valittiin 2013 hallituksen puheenjohtajaksi Susanna Piili\u00a0<\/strong><br \/>\n(\u00e4\u00e4nten jakautuminen: Susanna Piili 24, Elise Feodoroff 4)<\/p>\n<p><strong>Tauko 12.40 &#8211; 12.50\u00a0<\/strong><\/p>\n<p><strong>7. Hallitukseen 2013 valittiin seuraavat henkil\u00f6t<\/strong>; Pulmu Waitinen, Helena Hakulinen, Aida Depner, Taina H\u00f6gman, Katja Kivipuro, Raisa Ristim\u00e4ki.<br \/>\nVaraj\u00e4sen Minna Aatela<\/p>\n<p><strong>8. Valittiin 2013 muut toimihenkil\u00f6t\u00a0<\/strong><br \/>\nToiminnantarkastajat; Linda Lahtonen (varalla Pauliina Tuppurainen)<br \/>\nElise Feodoroff (varalla Annukka Juntunen)<br \/>\nRahastonhoitaja; Hallitus valitsee keskuudestaan my\u00f6hemmin<br \/>\nJ\u00e4sensihteeri; Aida Depner<br \/>\nStandarditoimikunta; Aida Depner, Helena Hakulinen, Pulmu Waitinen, Linda Lahtonen<br \/>\nLehden p\u00e4\u00e4toimittaja; Pauliina Tuppurainen<br \/>\nLehden taittaja; Pulmu Waitinen<br \/>\nKotisivujen&amp;foorumin yll\u00e4pit\u00e4j\u00e4t; Aida Depner, Susanna Piili<br \/>\nTuomarivastaava; Helena Hakulinen<br \/>\nVV-pisteet Aida Depner<br \/>\nRekister\u00f6inti; Katja Kivipuro<br \/>\nKasvattajanimiasiat; Lea Rahtu-Korpela<br \/>\nPet-vastaava; Susanna Piili<br \/>\nPet-toimikunta; Susanna Piili kokoaa<br \/>\nSponsorivastaava; Annukka Juntunen, Raisa Ristim\u00e4ki<br \/>\nPalkintovastaava; Aida Depner<br \/>\nInfovastaava; Pulmu Waitinen<br \/>\nFI MVA-, EPET-anomukset; Pauliina Tuppurainen<\/p>\n<p><strong>9. Hyv\u00e4ksyttiin seuraavan vuoden toimintasuunnitelma ja talosarvioehdotus pienin muutoksin<br \/>\n<\/strong><br \/>\n<strong>10. Hyv\u00e4ksyttiin 2013 j\u00e4senmaksut\u00a0<\/strong><br \/>\nVuosij\u00e4sen 20,-<br \/>\nPerhej\u00e4sen 10,-<br \/>\nAinaisj\u00e4sen 200,-<br \/>\nYhteis\u00f6j\u00e4sen 25,-<br \/>\nEU:n sis\u00e4ll\u00e4 27,-<br \/>\nEU:n ulkopuolella 32,-<\/p>\n<p><strong>11. \u00c4\u00e4nestettiin baldwinin siirt\u00e4misest\u00e4 standardiin.\u00a0<\/strong><br \/>\nPuolesta 3, vastaan 17, tyhj\u00e4\u00e4 8. Ehdotus hyl\u00e4ttiin.<\/p>\n<p><strong>12. \u00c4\u00e4nestettiin ch-teddyn ja ch-teddy crestin siirt\u00e4misest\u00e4 standardiin.\u00a0<\/strong><br \/>\nPuolesta 3, vastaan 18, tyhj\u00e4\u00e4 7. Ehdotus hyl\u00e4ttiin.<\/p>\n<p><strong>13. \u00c4\u00e4nestettiin SKJL:n j\u00e4senyyden jatkamisesta.\u00a0<\/strong><br \/>\nPuolesta 22, vastaan 0, tyhj\u00e4\u00e4 6. Jatketaan j\u00e4senyytt\u00e4.<\/p>\n<p><strong>Tauko 14.17 &#8211; 14.25\u00a0<\/strong><\/p>\n<p><strong>14. P\u00e4\u00e4tettiin hyv\u00e4ksy\u00e4 seuraavat muutokset rekister\u00f6ntis\u00e4\u00e4nt\u00f6ihin\u00a0<\/strong><br \/>\nBlack-red (tyhj\u00e4\u00e4 11, kyll\u00e4 17, ei 0)<br \/>\nBrindle &#8211; tortoishell (kyll\u00e4 23, vastaan 0, tyhj\u00e4\u00e4 5)<br \/>\nP\u00e4\u00e4tettiin poistaa kotimaiset rekister\u00f6imiss\u00e4\u00e4nn\u00f6t ruotsintuontimarsuilta.<br \/>\nP\u00e4\u00e4t\u00f6kset tulevat voimaan 1.1.2013<br \/>\nMuut mahdolliset rekister\u00f6intimuutokset tullaan esitt\u00e4m\u00e4\u00e4n my\u00f6hemm\u00e4ss\u00e4 yleiskokouksessa.<\/p>\n<p><strong>15. P\u00e4\u00e4tettiin pit\u00e4\u00e4 Suomessa Nordic 2013<\/strong> (puolesta 14, vastaan 6, tyhj\u00e4\u00e4 8 ) ja p\u00e4\u00e4tettiin perustaa komitea k\u00e4yt\u00e4mm\u00f6n asioita hoitamaan. Siihen kuuluvat Raisa Ristim\u00e4ki, Elise Feodoroff, Annukka Juntunen, Pulmu Waitinen, Aida Depner, Helena Hakulinen, Jannika Pasanen, Jarna Jansson, Anna Lindberg.<\/p>\n<p><strong>16. Muut esille tulleet asiat:\u00a0<\/strong><br \/>\n<strong>a) Mik\u00e4li n\u00e4yttelyss\u00e4 j\u00e4rjestet\u00e4\u00e4n erilliset kilpailut junioreille, niin kasvattajaryhm\u00e4\u00e4n saa osallistua vain ko. ik\u00e4iset marsut.<\/strong> Todettiin ett\u00e4 s\u00e4\u00e4nt\u00f6 on jo voimassa, mutta se kirjataan viel\u00e4 erikseen n\u00e4yttelys\u00e4\u00e4nt\u00f6ihin kev\u00e4tkokouksessa.<\/p>\n<p><strong>b) keskusteltiin p\u00e4\u00e4toimittajan ja taittajan palkkioista.<\/strong> Toistaiseksi palkkiot ennallaan.<\/p>\n<p><strong>c) keskustelua ulkomailla hyv\u00e4ksyttyjen kasvattajanimien k\u00e4yt\u00f6st\u00e4 Suomessa.<br \/>\n<\/strong><br \/>\n<strong>17. Puheenjohtaja p\u00e4\u00e4tti kokouksen 16.27.<\/strong><\/p>\n","protected":false},"excerpt":{"rendered":"<p>Suomen Marsuyhdistys ry:n vuosikokous 24.11.2012 Lohjan ABC, Hossanm\u00e4entie 1, 08350 Lohja Paikallaolijat (suluissa valtakirjalla olijat):\u00a0 Pasanen Jannika (M\u00e4ntyl\u00e4 Mika) Depner Aida (Uusi-Viitala Saija, Peltola Jaana) Aatela Minna Juntunen Annukka ( Jalonen Anne, Ruotsalainen Kirsi) H\u00f6gman Taina Kivipuro Katja (Lahtinen Hanna, &hellip; <a href=\"https:\/\/marsuyhdistys.net\/home\/syyskokous-2012\/\">Lue loppuun <span class=\"meta-nav\">&rarr;<\/span><\/a><\/p>\n","protected":false},"author":10,"featured_media":0,"parent":0,"menu_order":0,"comment_status":"closed","ping_status":"open","template":"","meta":{"footnotes":"","_links_to":"","_links_to_target":""},"class_list":["post-1651","page","type-page","status-publish","hentry"],"_links":{"self":[{"href":"https:\/\/marsuyhdistys.net\/home\/wp-json\/wp\/v2\/pages\/1651","targetHints":{"allow":["GET"]}}],"collection":[{"href":"https:\/\/marsuyhdistys.net\/home\/wp-json\/wp\/v2\/pages"}],"about":[{"href":"https:\/\/marsuyhdistys.net\/home\/wp-json\/wp\/v2\/types\/page"}],"author":[{"embeddable":true,"href":"https:\/\/marsuyhdistys.net\/home\/wp-json\/wp\/v2\/users\/10"}],"replies":[{"embeddable":true,"href":"https:\/\/marsuyhdistys.net\/home\/wp-json\/wp\/v2\/comments?post=1651"}],"version-history":[{"count":1,"href":"https:\/\/marsuyhdistys.net\/home\/wp-json\/wp\/v2\/pages\/1651\/revisions"}],"predecessor-version":[{"id":1652,"href":"https:\/\/marsuyhdistys.net\/home\/wp-json\/wp\/v2\/pages\/1651\/revisions\/1652"}],"wp:attachment":[{"href":"https:\/\/marsuyhdistys.net\/home\/wp-json\/wp\/v2\/media?parent=1651"}],"curies":[{"name":"wp","href":"https:\/\/api.w.org\/{rel}","templated":true}]}}