{"id":1654,"date":"2013-11-17T12:20:51","date_gmt":"2013-11-17T10:20:51","guid":{"rendered":"http:\/\/marsuyhdistys.net\/home\/?page_id=1654"},"modified":"2013-11-17T12:20:51","modified_gmt":"2013-11-17T10:20:51","slug":"kevatkokous-2008","status":"publish","type":"page","link":"https:\/\/marsuyhdistys.net\/home\/kevatkokous-2008\/","title":{"rendered":"Kev\u00e4tkokous 2008"},"content":{"rendered":"<p>Suomen Marsuyhdistys ry.<br \/>\nKev\u00e4tkokous 19.4.2008 . Fallbackankaari 65 A 01450 VANTAA<\/p>\n<p><strong>L\u00e4sn\u00e4:<\/strong> Anneli Ceder ( Minna Aatela), Jonna Houni, Miia Tilli, Helena Hakulinen, Kristina Niemel\u00e4, Iina Merjankari, Annukka Holmroos (Anu Saarela), Hanna Lahtinen, Raisa Ristim\u00e4ki, Anna Lindberg<\/p>\n<p><strong>1. Kokouksen avaus\u00a0<\/strong><br \/>\nKokous avattiin klo.12:17<\/p>\n<p><strong>2. Kokouksen laillisuus ja p\u00e4\u00e4t\u00f6svaltaisuus\u00a0<\/strong><br \/>\nKokous todettiin lailliseksi ja p\u00e4\u00e4t\u00f6svaltaiseksi.<\/p>\n<p><strong>3. Kokouksen puheenjohtajan, sihteerin, kahden p\u00f6yt\u00e4kirjantarkastajan ja kahden \u00e4\u00e4ntenlaskijan valinta\u00a0<\/strong><br \/>\nPuheenjohtaja Jonna Houni<br \/>\nSihteeri Iina Merjankari<br \/>\nP\u00f6yt\u00e4kirjantarkistajat ja \u00e4\u00e4netenlaskijat Annukka Holmroos ja Susanna Piili<\/p>\n<p><strong>4. Ty\u00f6j\u00e4rjestyksen hyv\u00e4ksyminen\u00a0<\/strong><br \/>\nHyv\u00e4ksyttiin ty\u00f6j\u00e4rjestys<\/p>\n<p><strong>5. Toimintakertomuksen ja tilinp\u00e4\u00e4t\u00f6ksen hyv\u00e4ksyminen\u00a0<\/strong><br \/>\nHyv\u00e4ksyttiin.<\/p>\n<p><strong>6. Vastuuvapauden my\u00f6nt\u00e4minen hallitukselle ja tilinp\u00e4\u00e4t\u00f6ksen vahvistaminen\u00a0<\/strong><br \/>\nMy\u00f6nnettiin vastuuvapaus hallitukselle ja vahvistettiin tilinp\u00e4\u00e4t\u00f6s.<\/p>\n<p><strong>7. Muut asiat\u00a0<\/strong><br \/>\n<strong>K\u00e4ytiin l\u00e4pi tuomareiden matkakorvaukset<\/strong> jotka on jo p\u00e4\u00e4tetty hallituksen kokouksessa Lahdessa. Tehtiin muutos eli kaikkien tuomareiden on tuomaroitava 1 kerran vuodessa Smy:n hyv\u00e4ksym\u00e4ss\u00e4 n\u00e4yttelyss\u00e4.<\/p>\n<p><strong>\u00c4\u00e4nestettiin sertiruusukkeista<\/strong> ja \u00e4\u00e4nestys puolsi niiden hankkimista. P\u00e4\u00e4tettiin hankkin sinisell\u00e4 nauhalla ja valkoisella pahviympyr\u00e4ll\u00e4 varustetut sertinauhat. Sertit tulevat k\u00e4ytt\u00f6\u00f6n viimeist\u00e4\u00e4n tulevan syksyn n\u00e4yttelyst\u00e4.<\/p>\n<p><strong>P\u00e4\u00e4tettiin VV-pisteiden laskutavasta seuraavaa:\u00a0<\/strong><br \/>\n2 p\u00e4iv\u00e4isiss\u00e4 n\u00e4yttelyissa jaetaan ROP- ja BIS- sijat junioreille ja avoimille luokille. Yksip\u00e4iv\u00e4isiss\u00e4 n\u00e4yttelyiss\u00e4 jaetaan yhdet ROP- ja BIS-sijat kaikille, poislukien Grand Gala- ja Juhla-n\u00e4yttelyt joissa avoimille ja junnuille jaetaan omat ROP- ja BIS-sijat.<\/p>\n<p><strong>My\u00f6nnettiin Anneli Cederille k\u00e4ytt\u00f6oikeus yhdistyksen tiliin.\u00a0<\/strong><\/p>\n<p><strong>Keskusteltiin n\u00e4yttelys\u00e4\u00e4nt\u00f6toimikunnan toiminnasta ja kastraattien n\u00e4yttelyoikeudesta mutta ei tehty muutoksia aiempaan. .\u00a0<\/strong><\/p>\n<p><strong>Syyskokouksessa p\u00e4\u00e4tet\u00e4\u00e4n ainais- ja perhej\u00e4senten sek\u00e4 ulkomailla asuvien j\u00e4senmaksut.\u00a0<\/strong><\/p>\n<p><strong>Muutokset yhdistyss\u00e4\u00e4nt\u00f6ehdotukseen (kts. Liite) julkaistaan lehdess\u00e4 ja hyv\u00e4ksyt\u00e4\u00e4n syyskokouksessa.\u00a0<\/strong><\/p>\n<p><strong>Puheenjohtaja p\u00e4\u00e4tti kokouksen klo.14:25\u00a0<\/strong><\/p>\n<p><strong>LIITE:\u00a0<\/strong><br \/>\nSuomen Marsuyhdistys ry:n s\u00e4\u00e4nn\u00f6t.<\/p>\n<p>1\u00a7 Yhdistyksen nimi ja kotipaikka<br \/>\nYhdistyksen nimi on Suomen Marsuyhdistys ry. ja sen kotipaikka on Helsinki.<\/p>\n<p>2\u00a7 Tarkoitus ja toiminnan laatu<br \/>\nYhdistyksen toiminta k\u00e4sitt\u00e4\u00e4 koko maan. Sen tarkoituksena on saattaa yhteen marsuharrastajia ja edist\u00e4\u00e4 marsujen kasvatusta ja kehitt\u00e4\u00e4 marsuharrastajien tietoja ja taitoja puhdasrotuisten el\u00e4inten kasvattamisessa, sek\u00e4 luoda yhteyksi\u00e4 muiden maiden vastaaviin yhdistyksiin ja kasvattajiin.<br \/>\nTarkoituksensa toteuttamiseksi yhdistys julkaisee j\u00e4senlehte\u00e4 ja muita tiedotteita, j\u00e4rjest\u00e4\u00e4 n\u00e4yttelyit\u00e4, valistus- ja tiedotustapahtumia, neuvontaa, koulutusta, yll\u00e4pit\u00e4\u00e4 verkkosivuja sek\u00e4 toimii alansa asiantuntijana Suomessa.<\/p>\n<p>3\u00a7 Yhdistyksen varojen hankinta<br \/>\nToimintansa tukemiseksi yhdistys hankkii varoja perim\u00e4ll\u00e4 j\u00e4senmaksuja, joiden suuruuden m\u00e4\u00e4r\u00e4\u00e4 syyskokous. Yhdistys voi toimintansa tukemiseksi j\u00e4rjest\u00e4\u00e4 n\u00e4yttelyit\u00e4 ja huvitapahtumia, ker\u00e4yksi\u00e4, myyj\u00e4isi\u00e4 ja arpajaisia. Yhdistys voi harjoittaa alansa julkaisu- ja kustannustoimintaa ja se voi ottaa vastaan lahjoituksia ja testamentteja.<\/p>\n<p>4\u00a7J\u00e4senet<br \/>\nJ\u00e4sen voi olla joko vuosi-, perhe-, ainais-, kunnia-, asiantuntija- tai yhteis\u00f6j\u00e4sen.<\/p>\n<p>Vuosij\u00e4sen:<br \/>\nVuosij\u00e4sen maksaa vuosittain j\u00e4senmaksun, jonka suuruuden m\u00e4\u00e4r\u00e4\u00e4 syyskokous.<\/p>\n<p>Perhej\u00e4sen:<br \/>\nHallitus voi hyv\u00e4ksy\u00e4 perhej\u00e4seneksi henkil\u00f6n, jonka perheenj\u00e4sen on jo yhdistyksen vuosij\u00e4sen. Perhej\u00e4sen ei saa ylim\u00e4\u00e4r\u00e4ist\u00e4 lehte\u00e4 vaan talouteen, jossa on yksi vuosij\u00e4sen, toimitetaan yksi j\u00e4senlehti\/j\u00e4senkirje. T\u00e4ll\u00f6in perhej\u00e4sen maksaa vuosittaisen j\u00e4senmaksun, jonka suuruuden m\u00e4\u00e4r\u00e4\u00e4 yhdistyksen syyskokous.<\/p>\n<p>Ainaisj\u00e4sen:<br \/>\nYhdistyksen hallitus voi hyv\u00e4ksy\u00e4 anomuksesta ainaisj\u00e4seniksi yksityisi\u00e4 henkil\u00f6it\u00e4, jotka maksavat vuosij\u00e4senen j\u00e4senmaksun kymmenkertaisena yhdell\u00e4 kertaa; sen j\u00e4lkeen he ovat vapautettuja j\u00e4senmaksusta.<\/p>\n<p>Kunniaj\u00e4sen:<br \/>\nHallituksen esityksen perusteella yhdistyksen kokous voi kutsua kunniaj\u00e4seneksi henkil\u00f6n, joka on erityisen ansiokkaasti edist\u00e4nyt yhdistyksen tarkoitusperien toteuttamista. Kunniaj\u00e4senelt\u00e4 ei perit\u00e4 j\u00e4senmaksua.<\/p>\n<p>Asiantuntija-j\u00e4sen:<br \/>\nHallitus voi kutsua asiantuntijaj\u00e4seneksi henkil\u00f6n, joka on ansioitunut marsujen palkintotuomarina tai muussa yhdistyksen alaan liittyv\u00e4ss\u00e4 asiassa. Asiantuntijaj\u00e4senelt\u00e4 ei perit\u00e4 j\u00e4senmaksua.<\/p>\n<p>Yhteis\u00f6j\u00e4sen:<br \/>\nYhteis\u00f6j\u00e4seneksi voi liitty\u00e4 hallituksen p\u00e4\u00e4t\u00f6ksell\u00e4 oikeuskelpoinen yhteis\u00f6. Yhteis\u00f6j\u00e4senell\u00e4 on yksi \u00e4\u00e4ni yhdistyksen kokouksessa. Yhteis\u00f6j\u00e4sen maksaa vuosittain j\u00e4senmaksun, jonka suuruuden syyskokous m\u00e4\u00e4r\u00e4\u00e4.<\/p>\n<p>J\u00e4senen ero yhdistyksest\u00e4:<br \/>\nJ\u00e4sen voi erota yhdistyksest\u00e4 ilmoittamalla siit\u00e4 kirjallisesti hallitukselle tai sen puheenjohtajalle tai ilmoittamalla siit\u00e4 yhdistyksen kokouksen p\u00f6yt\u00e4kirjaan.<br \/>\nHallitus voi erottaa j\u00e4senen yhdistyksest\u00e4 seuraavin perustein:<br \/>\n\u2013 Jos j\u00e4sen on j\u00e4tt\u00e4nyt j\u00e4senmaksunsa maksamatta tai on muuten j\u00e4tt\u00e4nyt t\u00e4ytt\u00e4m\u00e4tt\u00e4 ne velvoitukset, joihin h\u00e4n on yhdistykseen liittym\u00e4ll\u00e4 sitoutunut.<br \/>\n\u2013 Jos j\u00e4sen on menettelyll\u00e4\u00e4n yhdistyksess\u00e4 tai sen ulkopuolella huomattavasti vahingoittanut yhdistyst\u00e4,<br \/>\n\u2013<br \/>\nErottamiseen tarvitaan p\u00e4\u00e4t\u00f6svaltaisen hallituksen yksimielinen p\u00e4\u00e4t\u00f6s. J\u00e4senell\u00e4, joka eroaa tai erotetaan yhdistyksest\u00e4, ei ole oikeutta sen varoihin ja h\u00e4n menett\u00e4\u00e4 v\u00e4litt\u00f6m\u00e4sti j\u00e4senetunsa ja -oikeutensa.<\/p>\n<p>5\u00a7 Hallitus<br \/>\nYhdistyksen taloutta ja asioita hoitaa syyskokouksen valitsema hallitus, jonka muodostavat puheenjohtaja ja v\u00e4hint\u00e4\u00e4n nelj\u00e4, mutta enint\u00e4\u00e4n kuusi (4-6) varsinaista j\u00e4sent\u00e4 ja mahdollinen varaj\u00e4sen. Hallitus valitsee keskuudestaan varapuheenjohtajan ja sihteerin, rahastonhoitajan ja muut tarvittavat toimihenkil\u00f6t. Rahastonhoitaja voi tarvittaessa olla my\u00f6s hallituksen ulkopuolinen taho. Hallituksen j\u00e4senten t\u00e4ytyy olla yhdistyksen j\u00e4seni\u00e4.<br \/>\nHallitus kokoontuu puheenjohtajan, tai h\u00e4nen estyess\u00e4\u00e4n, varapuheenjohtajan kutsusta, kun he katsovat siihen olevan aihetta tai, kun v\u00e4hint\u00e4\u00e4n puolet hallituksen j\u00e4senist\u00e4 sit\u00e4 vaatii. Hallitus on p\u00e4\u00e4t\u00f6svaltainen, kun puheenjohtaja tai varapuheenjohtaja ja v\u00e4hint\u00e4\u00e4n puolet hallituksen j\u00e4senist\u00e4 on l\u00e4sn\u00e4. Hallitus voi kokoontua my\u00f6s puhelimitse tai kansainv\u00e4lisen tietoliikenneverkon kautta. Hallitus voi nimet\u00e4 avukseen toimikuntia ja toimihenkil\u00f6it\u00e4. Hallituksen kokouksista pidet\u00e4\u00e4n p\u00f6yt\u00e4kirjaa.<\/p>\n<p>6\u00a7 Yhdistyksen nimen kirjoittaminen<br \/>\nYhdistyksen nimen kirjoittavat puheenjohtaja tai varapuheenjohtaja jompikumpi yhdess\u00e4 sihteerin tai rahastonhoitajan kanssa.<\/p>\n<p>7\u00a7 Yhdistyksen tilikausi<br \/>\nYhdistyksen toiminta- ja tilikausi on kalenterivuosi. Tilinp\u00e4\u00e4t\u00f6s tarvittavine asiakirjoineen ja hallituksen vuosikertomus on annettava tilintarkastajille viimeist\u00e4\u00e4n nelj\u00e4 (4) viikkoa ennen kev\u00e4tkokousta. Tilintarkastajien tulee antaa kirjallinen lausuntonsa hallitukselle viimeist\u00e4\u00e4n kahta viikkoa ennen kyseist\u00e4 kokousta.<\/p>\n<p>8\u00a7 Yhdistyksen kokousten koollekutsuminen<br \/>\nYhdistyksen kokoukset kutsuu koolle hallitus. Kokouskutsu on toimitettava viimeist\u00e4\u00e4n 14 p\u00e4iv\u00e4\u00e4 ennen kokousta joko l\u00e4hett\u00e4m\u00e4ll\u00e4 kutsu kirjallisena kullekin j\u00e4senelle tai julkaisemalla kutsu yhdistyksen j\u00e4senille ilmestyv\u00e4ss\u00e4 j\u00e4senlehdess\u00e4. Kutsu voidaan my\u00f6s toimittaa s\u00e4hk\u00f6isesti kuittausta vastaan.<\/p>\n<p>9\u00a7 Yhdistyksen kokoukset<br \/>\nSuomen Marsuyhdistys ry. kokoontuu vuosittain kahteen varsinaiseen kokoukseen: Yhdistys pit\u00e4\u00e4 vuosittain kaksi varsinaista kokousta hallituksen m\u00e4\u00e4r\u00e4\u00e4m\u00e4n\u00e4 p\u00e4iv\u00e4n\u00e4: vuosikokous ennen huhtikuun loppua ja syyskokous ennen marraskuun loppua. Yhdistys kokoontuu ylim\u00e4\u00e4r\u00e4iseen kokoukseen, kun hallitus katsoo siihen olevan aihetta tai kun yhdistyksenkokous niin p\u00e4\u00e4tt\u00e4\u00e4 tai kun yksi kymmenesosa (1\/10) \u00e4\u00e4nioikeutetuista j\u00e4senist\u00e4 sit\u00e4 kirjallisesti vaatii hallitukselta m\u00e4\u00e4r\u00e4tyn asian k\u00e4sittelemist\u00e4 varten. Kokouksessa on jokaisella 15 vuotta t\u00e4ytt\u00e4neell\u00e4 j\u00e4senell\u00e4 yksi (1) \u00e4\u00e4ni, jota h\u00e4n k\u00e4ytt\u00e4\u00e4 l\u00e4sn\u00e4 olevana tai valtuutettunsa kautta. Valtuutetulla voi olla enint\u00e4\u00e4n kahden (2) j\u00e4senen antama valtakirja.<br \/>\nP\u00e4\u00e4t\u00f6kset tehd\u00e4\u00e4n yksinkertaisella \u00e4\u00e4ntenenemmist\u00f6ll\u00e4. \u00c4\u00e4nten menness\u00e4 tasan, ratkaistaan vaalit ja lippu\u00e4\u00e4nestykset arvalla, muissa asioissa tulee p\u00e4\u00e4t\u00f6kseksi puheenjohtajan mielipide.<\/p>\n<p>10\u00a7 Yhdistyksen varsinaisissa kokouksissa k\u00e4sitelt\u00e4v\u00e4t asiat<br \/>\nVuosikokouksessa k\u00e4sitelt\u00e4v\u00e4t asiat:<br \/>\n1. Kokouksen avaus<br \/>\n2. Kokouksen puheenjohtajan, sihteerin, kahden p\u00f6yt\u00e4kirjantarkastajan ja kahden \u00e4\u00e4ntenlaskijan valinta.<br \/>\n3. Todetaan kokouksen laillisuus ja p\u00e4\u00e4t\u00f6svaltaisuus<br \/>\n4. Hyv\u00e4ksyt\u00e4\u00e4n kokouksen esityslista<br \/>\n5. Hallituksen toimintakertomus ja tilinp\u00e4\u00e4t\u00f6kseen perustuva selostus yhdistyksen taloudellisesta tilasta<br \/>\n6. Tilintarkastajien lausunto ja tilinp\u00e4\u00e4t\u00f6ksen vahvistaminen. Vastuuvapauden my\u00f6nt\u00e4minen edellisen toimintavuoden hallitukselle ja muille mahdollisille vastuuvelvollisille.<br \/>\n7. Hallituksen tai varsinaisten j\u00e4senten ja perhej\u00e4senten esitt\u00e4m\u00e4t, kokouskutsussa mainitut tai muut esille tulevat asiat<br \/>\n8. Kokouksen p\u00e4\u00e4t\u00f6s<\/p>\n<p>Syyskokouksessa k\u00e4sitelt\u00e4v\u00e4t asiat:<br \/>\n1. Kokouksen avaus<br \/>\n2. Kokouksen puheenjohtajan, sihteerin, kahden p\u00f6yt\u00e4kirjantarkastajan ja kahden \u00e4\u00e4ntenlaskijan valinta<br \/>\n3. Todetaan kokouksen laillisuus ja p\u00e4\u00e4t\u00f6svaltaisuus<br \/>\n4. Hyv\u00e4ksyt\u00e4\u00e4n ty\u00f6j\u00e4rjestys<br \/>\n5. Valitaan hallituksen puheenjohtaja seuraavaksi vuodeksi<br \/>\n6. Hallituksen muiden j\u00e4senten valinta seuraavaksi vuodeksi<br \/>\n7. Kahden tilintarkastajan ja heid\u00e4n varamiestens\u00e4 valinta<br \/>\n8. Hallituksen seuraavan vuoden toimintasuunnitelman ja talousarvioehdotuksen hyv\u00e4ksyminen<br \/>\n9. Seuraavan vuoden j\u00e4senmaksujen m\u00e4\u00e4r\u00e4\u00e4minen<br \/>\n10. Hallituksen tai j\u00e4senten esitt\u00e4m\u00e4t, kokouskutsussa mainitut tai muut esille tulevat asiat.<br \/>\n11. Kokouksen p\u00e4\u00e4t\u00f6s<br \/>\n11\u00a7S\u00e4\u00e4nt\u00f6jen muuttaminen ja yhdistyksen purkaminen<\/p>\n<p>Yhdistyksen s\u00e4\u00e4nt\u00f6j\u00e4 voi muuttaa vain vuosi- tai syyskokouksessa v\u00e4hint\u00e4\u00e4n 3\/4 enemmist\u00f6ll\u00e4 annetuista \u00e4\u00e4nist\u00e4.<\/p>\n<p>P\u00e4\u00e4t\u00f6s yhdistyksen purkamisesta on teht\u00e4v\u00e4 kahdessa per\u00e4kk\u00e4isess\u00e4 kokouksessa, joista toisen on oltava vuosikokous. Kokousten v\u00e4lill\u00e4 on oltava ainakin kuukausi. Purkamisp\u00e4\u00e4t\u00f6ksen on kummassakin kokouksessa saatava v\u00e4hint\u00e4\u00e4n 3\/4 enemmist\u00f6n annetuista \u00e4\u00e4nist\u00e4. Yhdistyksen purkautuessa yhdistyksen varat luovutetaan viimeisen kokouksen p\u00e4\u00e4t\u00f6ksen mukaisesti n\u00e4iden s\u00e4\u00e4nt\u00f6jen 2\u00a7:ss\u00e4 mainittuun tarkoitukseen.<\/p>\n<p>12\u00a7 Muutoin noudatettakoon, mit\u00e4 yhdistyslaissa s\u00e4\u00e4det\u00e4\u00e4n<\/p>\n","protected":false},"excerpt":{"rendered":"<p>Suomen Marsuyhdistys ry. Kev\u00e4tkokous 19.4.2008 . Fallbackankaari 65 A 01450 VANTAA L\u00e4sn\u00e4: Anneli Ceder ( Minna Aatela), Jonna Houni, Miia Tilli, Helena Hakulinen, Kristina Niemel\u00e4, Iina Merjankari, Annukka Holmroos (Anu Saarela), Hanna Lahtinen, Raisa Ristim\u00e4ki, Anna Lindberg 1. Kokouksen avaus\u00a0 &hellip; <a href=\"https:\/\/marsuyhdistys.net\/home\/kevatkokous-2008\/\">Lue loppuun <span class=\"meta-nav\">&rarr;<\/span><\/a><\/p>\n","protected":false},"author":10,"featured_media":0,"parent":0,"menu_order":0,"comment_status":"closed","ping_status":"open","template":"","meta":{"footnotes":"","_links_to":"","_links_to_target":""},"class_list":["post-1654","page","type-page","status-publish","hentry"],"_links":{"self":[{"href":"https:\/\/marsuyhdistys.net\/home\/wp-json\/wp\/v2\/pages\/1654","targetHints":{"allow":["GET"]}}],"collection":[{"href":"https:\/\/marsuyhdistys.net\/home\/wp-json\/wp\/v2\/pages"}],"about":[{"href":"https:\/\/marsuyhdistys.net\/home\/wp-json\/wp\/v2\/types\/page"}],"author":[{"embeddable":true,"href":"https:\/\/marsuyhdistys.net\/home\/wp-json\/wp\/v2\/users\/10"}],"replies":[{"embeddable":true,"href":"https:\/\/marsuyhdistys.net\/home\/wp-json\/wp\/v2\/comments?post=1654"}],"version-history":[{"count":1,"href":"https:\/\/marsuyhdistys.net\/home\/wp-json\/wp\/v2\/pages\/1654\/revisions"}],"predecessor-version":[{"id":1655,"href":"https:\/\/marsuyhdistys.net\/home\/wp-json\/wp\/v2\/pages\/1654\/revisions\/1655"}],"wp:attachment":[{"href":"https:\/\/marsuyhdistys.net\/home\/wp-json\/wp\/v2\/media?parent=1654"}],"curies":[{"name":"wp","href":"https:\/\/api.w.org\/{rel}","templated":true}]}}