{"id":1657,"date":"2013-11-17T12:29:02","date_gmt":"2013-11-17T10:29:02","guid":{"rendered":"http:\/\/marsuyhdistys.net\/home\/?page_id=1657"},"modified":"2013-11-17T12:29:02","modified_gmt":"2013-11-17T10:29:02","slug":"syyskokous-2007","status":"publish","type":"page","link":"https:\/\/marsuyhdistys.net\/home\/syyskokous-2007\/","title":{"rendered":"Syyskokous 2007"},"content":{"rendered":"<p>Aika 20.10.2007<br \/>\nPaikka Myyrm\u00e4kihalli, Vantaa<\/p>\n<p><strong>L\u00e4sn\u00e4:<\/strong> Jonna Houni, Tuija Kilpinen (Stiina Pehkonen), Kirsi Ruotsalainen (Anu Saarela), Kirsi Saari, Satu Sihvo (Satu Lamminkangas), Anna Lohi (Anna Ylitalo, Jenni Kaurila), Sari Kock (Lotta Ahlfors, Anna Bj\u00f6rnstr\u00f6m), Anne Jalonen, Susanna Piili, Anna Lindberg (Anneli Ceder), Raisa Ristim\u00e4ki, Miia Tilli, Helena Hakulinen, Annukka Holmroos, Heidi Saarela, Kristina Niemel\u00e4, Iina Merjankari, Maria Tuohisto-Kokko (Heli Kuoppam\u00e4ki), Mikko Korhonen, Katja Kivipuro, Linda Kohvakka (Hanna Lahtinen).<\/p>\n<p><strong>1.Puheenjohtaja avasi kokouksen klo. 16.47<br \/>\n<\/strong><br \/>\n<strong>2.Valittiin kokouksen puheenjohtajaksi<\/strong> Linda Kohvakka ja sihteeriksi Kirsi Ruotsalainen sek\u00e4 p\u00f6yt\u00e4kirjan tarkastajiksi ja \u00e4\u00e4ntenlaskijoiksi Jonna Houni ja Maria Tuohisto-Kokko.<\/p>\n<p><strong>3.Kokous todettiin lailliseksi ja p\u00e4\u00e4t\u00f6svaltaiseksi.<br \/>\n<\/strong><br \/>\n<strong>4.kokouksen esityslistaan tehtiin lis\u00e4ys: Muut asiat, vuoden 2007 kulukorvaukset.<br \/>\n<\/strong><br \/>\n<strong>5.Hallituksen puheenjohtajan valinta, ehdotetut puheenjohtajat ja \u00e4\u00e4nestyksen tulokset:\u00a0<\/strong><br \/>\nLinda Kohvakka 9 \u00e4\u00e4nt\u00e4<br \/>\nAnneli Ceder 12 \u00e4\u00e4nt\u00e4<br \/>\nKirsi Ruotsalainen 10 \u00e4\u00e4nt\u00e4<br \/>\nJonna Houni (kielt\u00e4ytyi)<br \/>\nAnneli Ceder valittiin puheenjohtajaksi vuodelle 2008<\/p>\n<p><strong>6. Hallituksen j\u00e4senten valinta, ehdotetut j\u00e4senet ja \u00e4\u00e4nestyksen tulokset:\u00a0<\/strong><br \/>\n&#8211; Kristina Niemel\u00e4 17 \u00e4\u00e4nt\u00e4, valittu<br \/>\n&#8211; Helena Hakulinen 20, valittu<br \/>\n&#8211; Susanna Piili 20, valittu<br \/>\n&#8211; Iina Merjankari 26, valittu<br \/>\n&#8211; Jonna Houni 25, valittu<br \/>\n&#8211; Linda Kohvakka 17, valittu<br \/>\n&#8211; Kirsi Ruotsalainen 16, ei valittu<\/p>\n<p><strong>Yhdistyksen muut toimihenkil\u00f6t 2008\u00a0<\/strong><br \/>\n&#8211; infovastaava: Jonna Houni<br \/>\n&#8211; internetvastaava: Katja Kivipuro<br \/>\n&#8211; palkintovastaava: Annukka Holmroos<br \/>\n&#8211; j\u00e4senasiat: Anneli Ceder<br \/>\n&#8211; tuomarihankinnat: hallitus p\u00e4\u00e4tt\u00e4\u00e4<br \/>\n&#8211; kopiovastaava: hallitus p\u00e4\u00e4tt\u00e4\u00e4<br \/>\n&#8211; kasvattajanimianomukset: Iina Merjankari<br \/>\n&#8211; vuoden voittaja-pistelasku: Kristina Niemel\u00e4<br \/>\n&#8211; vuoden pet-pistelasku: Pet-toimikunta<br \/>\n&#8211; eliitti Pet-anomukset: Pet-toimikunta<br \/>\n&#8211; sponsorivastaava: Kirsi Ruotsalainen<br \/>\n&#8211; tulosvastaava: Kirsi Saari<br \/>\n&#8211; pet-vastaava: Susanna Piili<br \/>\n&#8211; pet-toimikunta: Susanna Piili ja Elina Vehkam\u00e4ki kutsuvat koolle<br \/>\n&#8211; standarditoimikunta:<br \/>\nKatja Kivipuro, Hanna Lahtinen, Iina Merjankari, Kristina Niemel\u00e4 ja Jonna Houni<br \/>\n&#8211; rahastonhoitaja: Linda Kohvakka<br \/>\n&#8211; muotovalio-anomukset: Anneli Ceder<br \/>\n&#8211; skjl-yhteyshenkil\u00f6: Iina Merjankari<\/p>\n<p><strong>7. Tilintarkastajiksi valittiin Kirsi Ruotsalainen ja Annukka Holmroos, heid\u00e4n varamiehikseen Katja Kivipuro ja Anu Saarela.\u00a0<\/strong><\/p>\n<p><strong>8. Toimintasuunnitelma hyv\u00e4ksyttiin seuraavin tarkennuksin:\u00a0<\/strong><br \/>\n&#8211; j\u00e4senlehti Marsu Magazine ilmestyy nelj\u00e4 kertaa<br \/>\n&#8211; yhdistys j\u00e4rjest\u00e4\u00e4 n\u00e4yttelyit\u00e4<br \/>\n&#8211; standardi julkaistaan<br \/>\n&#8211; yhdistys osallistuu resurssien mukaan eri tapahtumiin tehden siten harrastusta ja marsutietoutta tunnetummaksi.<br \/>\n&#8211; j\u00e4rjestet\u00e4\u00e4n kasvattajap\u00e4iv\u00e4t ja genetiikkakurssi.<br \/>\n&#8211; j\u00e4rjestet\u00e4\u00e4n tuomarikoulutusta<br \/>\n&#8211; smy:n internetsivujen yll\u00e4pito<br \/>\n&#8211; kansainv\u00e4linen toiminta ja yhteisty\u00f6<\/p>\n<p><strong>Hyv\u00e4ksyttiin tulo- ja menoarvio vuodelle 2008\u00a0<\/strong><\/p>\n<p><strong>9. Vuoden 2008 j\u00e4senmaksu on 18euroa.\u00a0<\/strong><\/p>\n<p><strong>10. Muut asiat:\u00a0<\/strong><br \/>\n<strong>&#8211; vuoden 2007 kulukorvaukset:\u00a0<\/strong><br \/>\n&#8211; Nettivastaava Katja Kivipuro 60e<br \/>\n&#8211; Puheenjohtaja Hanna Lahtinen 40e<br \/>\n&#8211; Varapuheenjohtaja 20e<\/p>\n<p><strong>&#8211; N\u00e4yttelys\u00e4\u00e4nt\u00f6toimikunta:<\/strong> Hanna Lahtinen, Katja Kivipuro, Kirsi Ruotsalainen, Iina Merjankari, Kristina Niemel\u00e4.<\/p>\n<p><strong>&#8211; Rekister\u00f6intis\u00e4\u00e4nt\u00f6toimikunta:<\/strong> Iina Merjankari, Kristina Niemel\u00e4, Jonna Houni<\/p>\n<p><strong>&#8211; Vuoden 2008 MM toimituskorvaus:<\/strong> Kristina Niemel\u00e4 saa j\u00e4senmaksun ilmaiseksi ja 100e\/vuosi.<\/p>\n<p><strong>&#8211; N\u00e4yttelyilmomaksujen uudistus:<\/strong> N\u00e4yttelyiden ilmoittautumiset maksetaan SMYn tilille. Uusi k\u00e4yt\u00e4nt\u00f6 otetaan k\u00e4ytt\u00f6\u00f6n mahdollisimman pian vuoden 2008 aikana.<\/p>\n<p><strong>&#8211; Ulkomuototuomareiden koulutus:<\/strong> Kaksi kotimaista tuomaria hyv\u00e4ksyy ulkomuotoluokan tuomarioppilaan p\u00e4tev\u00f6itymisen. Koulutusta kehitet\u00e4\u00e4n siten, ett\u00e4 tuomarioppilaalle suunnitellaan yhdess\u00e4 kouluttavan tuomarin kanssa henkil\u00f6kohtainen koulutussuunnitelma. Suunnitelman hyv\u00e4ksyy hallitus keskustellen kouluttavan tuomarin kanssa.<\/p>\n<p><strong>&#8211; Yhdistyss\u00e4\u00e4nt\u00f6jen p\u00e4ivitt\u00e4minen:<\/strong> s\u00e4\u00e4nn\u00f6t p\u00e4ivitet\u00e4\u00e4n ja ehdotus julkaistaan seuraavassa lehdess\u00e4. S\u00e4\u00e4nt\u00f6uudistus k\u00e4sitell\u00e4\u00e4n kahdessa per\u00e4kk\u00e4isess\u00e4 vuosikokouksessa. Linda Kohvakka valtuutetaan selvitt\u00e4m\u00e4\u00e4n ja uusimaan yhdistyksen s\u00e4\u00e4nn\u00f6t.<\/p>\n<p><strong>&#8211; Hyv\u00e4ksyttiin uudet pet-tuomarit<\/strong> Kristina Niemel\u00e4 ja Iina Merjankari.<\/p>\n<p><strong>&#8211; Iina Merjankari hyv\u00e4ksyttiin ulkomuotoluokan tuomarikokelaaksi.<br \/>\n<\/strong><br \/>\n<strong>&#8211; P\u00e4\u00e4tettiin j\u00e4tt\u00e4\u00e4 sertikortit pois, j\u00e4ljell\u00e4 olevat kortit jaetaan loppuun.<\/strong> Arvostelukaavakkeeseen leimataan serti-leima. Kolmella arvostelukaavakkeeseen leimatulla serti-leimalla marsu valmistuu suomen muotovalioksi.<\/p>\n<p><strong>&#8211; Katja Kivipuro valtuutettiin tekem\u00e4\u00e4n n\u00e4yttelytoimihenkil\u00f6ohjeet.\u00a0<\/strong><\/p>\n<p><strong>&#8211; P\u00e4\u00e4tettiin tilata tuomaritakit<\/strong>. Hallitus valmistelee asian, yhdistys kustantaa tuomaritakit.<\/p>\n<p><strong>11. Puheenjohtaja p\u00e4\u00e4tti kokouksen klo. 21.10<\/strong><\/p>\n","protected":false},"excerpt":{"rendered":"<p>Aika 20.10.2007 Paikka Myyrm\u00e4kihalli, Vantaa L\u00e4sn\u00e4: Jonna Houni, Tuija Kilpinen (Stiina Pehkonen), Kirsi Ruotsalainen (Anu Saarela), Kirsi Saari, Satu Sihvo (Satu Lamminkangas), Anna Lohi (Anna Ylitalo, Jenni Kaurila), Sari Kock (Lotta Ahlfors, Anna Bj\u00f6rnstr\u00f6m), Anne Jalonen, Susanna Piili, Anna Lindberg &hellip; <a href=\"https:\/\/marsuyhdistys.net\/home\/syyskokous-2007\/\">Lue loppuun <span class=\"meta-nav\">&rarr;<\/span><\/a><\/p>\n","protected":false},"author":10,"featured_media":0,"parent":0,"menu_order":0,"comment_status":"closed","ping_status":"open","template":"","meta":{"footnotes":"","_links_to":"","_links_to_target":""},"class_list":["post-1657","page","type-page","status-publish","hentry"],"_links":{"self":[{"href":"https:\/\/marsuyhdistys.net\/home\/wp-json\/wp\/v2\/pages\/1657","targetHints":{"allow":["GET"]}}],"collection":[{"href":"https:\/\/marsuyhdistys.net\/home\/wp-json\/wp\/v2\/pages"}],"about":[{"href":"https:\/\/marsuyhdistys.net\/home\/wp-json\/wp\/v2\/types\/page"}],"author":[{"embeddable":true,"href":"https:\/\/marsuyhdistys.net\/home\/wp-json\/wp\/v2\/users\/10"}],"replies":[{"embeddable":true,"href":"https:\/\/marsuyhdistys.net\/home\/wp-json\/wp\/v2\/comments?post=1657"}],"version-history":[{"count":1,"href":"https:\/\/marsuyhdistys.net\/home\/wp-json\/wp\/v2\/pages\/1657\/revisions"}],"predecessor-version":[{"id":1658,"href":"https:\/\/marsuyhdistys.net\/home\/wp-json\/wp\/v2\/pages\/1657\/revisions\/1658"}],"wp:attachment":[{"href":"https:\/\/marsuyhdistys.net\/home\/wp-json\/wp\/v2\/media?parent=1657"}],"curies":[{"name":"wp","href":"https:\/\/api.w.org\/{rel}","templated":true}]}}