{"id":1665,"date":"2013-11-17T12:44:18","date_gmt":"2013-11-17T10:44:18","guid":{"rendered":"http:\/\/marsuyhdistys.net\/home\/?page_id=1665"},"modified":"2013-11-17T12:44:18","modified_gmt":"2013-11-17T10:44:18","slug":"kevatkokous-2006","status":"publish","type":"page","link":"https:\/\/marsuyhdistys.net\/home\/kevatkokous-2006\/","title":{"rendered":"Kev\u00e4tkokous 2006"},"content":{"rendered":"<p>VUOSIKOKOUS 12.3.2006 TURENKI<\/p>\n<p><strong>L\u00e4sn\u00e4:<\/strong> Katja Kivipuro (Minna Aatelan valtakirja), Janiika Toivoniemi, Anna Lindberg, Raisa Ristim\u00e4ki (Maria Tuohisto-Kokon valtakirja), Noora Torkkeli, Hanna Lahtinen<\/p>\n<p><strong>1.Kokouksen avaus:<\/strong><br \/>\nKokous avattiin 18.35<\/p>\n<p><strong>2.Kokouksen laillisuus ja p\u00e4\u00e4t\u00f6svaltaisuus:<\/strong><br \/>\nKokous todettiin lailliseksi ja p\u00e4\u00e4t\u00f6svaltaiseksi.<\/p>\n<p><strong>3.J\u00e4rjest\u00e4ytyminen:<\/strong><br \/>\nPuheenjohtajaksi valittiin Katja Kivipuro, sihteeriksi Hanna Lahtinen, p\u00f6yt\u00e4kirjantarkastajiksi Janiika Toivoniemi, Raisa Ristim\u00e4ki, \u00e4\u00e4ntenlaskijiksi Anna Lindberg ja Noora Torkkeli.<\/p>\n<p><strong>4.Ty\u00f6j\u00e4rjestyksen hyv\u00e4ksyminen:<\/strong><br \/>\nhyv\u00e4ksyttiin ty\u00f6j\u00e4rjestys.<\/p>\n<p><strong>5.Toimintakertomuksen ja tilinp\u00e4\u00e4t\u00f6ksen hyv\u00e4ksyminen:<\/strong><br \/>\nhyv\u00e4ksyttiin vuosikertomus. Tilinp\u00e4\u00e4t\u00f6s ei palautunut kokoukseen joten p\u00e4\u00e4tettiin hyv\u00e4ksy\u00e4 se syyskokouksessa.<\/p>\n<p><strong>6.Vastuuvapauden my\u00f6nt\u00e4minen hallitukselle ja tilinp\u00e4\u00e4t\u00f6ksen vahvistaminen<\/strong>: edellisen kohdan mukaan siirret\u00e4\u00e4n syyskokoukseen.<\/p>\n<p><strong>7.Hallituksen esitt\u00e4m\u00e4t asiat:\u00a0<\/strong><br \/>\n<strong>Pet-palkinnot: <\/strong>Paras-Pet-palkintoja jaetaan n\u00e4yttely\u00e4 kohden maksimissaan 8. Jokaista t\u00e4ytt\u00e4 kymment\u00e4 el\u00e4int\u00e4 kohden jaetaan 1 PP-palkinto.<br \/>\nAnna Lindberg lahjoittaa Lohjan n\u00e4yttelyyn 5 Paras Pet- pokaalia<br \/>\nPeteill\u00e4 kupat jaetaan jatkossa ruusukkeina ja kumat korteilla. Kortit tekev\u00e4t pet-toimikunta. Kortteihin nidotaan mahdollisuuksien mukaan silkkinauhat. Janiika informoi pet-tuomareita asiasta. Palkintokuluissa on s\u00e4\u00e4stett\u00e4v\u00e4 koska pet-n\u00e4yttelyt ovat viime aikoina olleet tappiollisia.<br \/>\nPalkintoja saa lahjoittaa kuka vaan ja asia laitetaan my\u00f6s Marsu Magazineen.<br \/>\nKeskusteltiin kasvattajaseteleist\u00e4. Muistutetaan s\u00e4\u00e4nn\u00f6ist\u00e4 lehdess\u00e4. Setelit uusitaan ja nihin tulee SMY:n nettiosoite ja logo.<br \/>\nK\u00e4ytt\u00f6\u00f6n otetaan EPET (eliittipet)-titteli 1.7.06 alkaen. Pet-marsu, joka on saanut kolme PP 1-3 sijoitusta v\u00e4hint\u00e4\u00e4n kahdelta eri tuomarilta, on oikeutettu kyseiseen titteliin. Janiika my\u00f6nt\u00e4\u00e4 arvot. Sijoituksista jaetaan kortit, jotta hakuvaiheessa on varmennus sijoituksesta. Muun yhdistyksen j\u00e4rjest\u00e4m\u00e4\u00e4n n\u00e4yttelyyn, kun se on SMY:n hyv\u00e4ksym\u00e4, Janiika l\u00e4hett\u00e4\u00e4 kortit ennen n\u00e4yttely\u00e4. Korttien teosta vastaa pet-toimikunta.<br \/>\nValionarvojen my\u00f6nt\u00e4minen siirtyy Janiikalle viimeist\u00e4\u00e4n elokuussa 2006<\/p>\n<p><strong>Muistutetaan j\u00e4seni\u00e4<\/strong> ett\u00e4 Suomen Muotovalionarvosta k\u00e4ytet\u00e4\u00e4n suomalaisissa yhteyksiss\u00e4 FIN MVA-lyhennett\u00e4 ja vain ulkomaisissa FIN CH.<br \/>\nMy\u00f6s rodut ja v\u00e4rit kirjoitetaan suomenkielisess\u00e4 muodossa aina kun se on mahdollista, esim. ei english crested vaan englannin crest, ei himalayan vaan himalaya.<\/p>\n<p><strong>Kasvattajanimihakemuksiin<\/strong> lis\u00e4t\u00e4\u00e4n ehto, ett\u00e4 kasvattajanimen anojan on n\u00e4yttelytett\u00e4v\u00e4 kahta kasvattiaan kasvattajaluokkien kaltaisessa luokassa ennen nimen hyv\u00e4ksymist\u00e4. S\u00e4\u00e4nn\u00f6t tullaan tarkentamaan mahdollisimman pian hallituksen kokouksessa.<\/p>\n<p><strong>SMY haluaa suosittaa j\u00e4senilleen ja kasvattajilleen<\/strong>, ett\u00e4 marsunaaraat myyd\u00e4\u00e4n aina pareittain tai toisen kaveriksi, ei koskaan yksin. Sama koskee uroksia mahdollisuuksien rajoissa.<\/p>\n<p><strong>8.Muut esille tulevat asiat\u00a0<\/strong><br \/>\nEi muita asioita.<\/p>\n<p><strong>9.Kokouksen p\u00e4\u00e4tt\u00e4minen\u00a0<\/strong><br \/>\nKokous p\u00e4\u00e4tettiin kello 20.50.<\/p>\n","protected":false},"excerpt":{"rendered":"<p>VUOSIKOKOUS 12.3.2006 TURENKI L\u00e4sn\u00e4: Katja Kivipuro (Minna Aatelan valtakirja), Janiika Toivoniemi, Anna Lindberg, Raisa Ristim\u00e4ki (Maria Tuohisto-Kokon valtakirja), Noora Torkkeli, Hanna Lahtinen 1.Kokouksen avaus: Kokous avattiin 18.35 2.Kokouksen laillisuus ja p\u00e4\u00e4t\u00f6svaltaisuus: Kokous todettiin lailliseksi ja p\u00e4\u00e4t\u00f6svaltaiseksi. 3.J\u00e4rjest\u00e4ytyminen: Puheenjohtajaksi valittiin Katja &hellip; <a href=\"https:\/\/marsuyhdistys.net\/home\/kevatkokous-2006\/\">Lue loppuun <span class=\"meta-nav\">&rarr;<\/span><\/a><\/p>\n","protected":false},"author":10,"featured_media":0,"parent":0,"menu_order":0,"comment_status":"closed","ping_status":"open","template":"","meta":{"footnotes":"","_links_to":"","_links_to_target":""},"class_list":["post-1665","page","type-page","status-publish","hentry"],"_links":{"self":[{"href":"https:\/\/marsuyhdistys.net\/home\/wp-json\/wp\/v2\/pages\/1665","targetHints":{"allow":["GET"]}}],"collection":[{"href":"https:\/\/marsuyhdistys.net\/home\/wp-json\/wp\/v2\/pages"}],"about":[{"href":"https:\/\/marsuyhdistys.net\/home\/wp-json\/wp\/v2\/types\/page"}],"author":[{"embeddable":true,"href":"https:\/\/marsuyhdistys.net\/home\/wp-json\/wp\/v2\/users\/10"}],"replies":[{"embeddable":true,"href":"https:\/\/marsuyhdistys.net\/home\/wp-json\/wp\/v2\/comments?post=1665"}],"version-history":[{"count":1,"href":"https:\/\/marsuyhdistys.net\/home\/wp-json\/wp\/v2\/pages\/1665\/revisions"}],"predecessor-version":[{"id":1666,"href":"https:\/\/marsuyhdistys.net\/home\/wp-json\/wp\/v2\/pages\/1665\/revisions\/1666"}],"wp:attachment":[{"href":"https:\/\/marsuyhdistys.net\/home\/wp-json\/wp\/v2\/media?parent=1665"}],"curies":[{"name":"wp","href":"https:\/\/api.w.org\/{rel}","templated":true}]}}