{"id":1668,"date":"2013-11-17T12:47:26","date_gmt":"2013-11-17T10:47:26","guid":{"rendered":"http:\/\/marsuyhdistys.net\/home\/?page_id=1668"},"modified":"2013-11-17T12:47:26","modified_gmt":"2013-11-17T10:47:26","slug":"ylimaarainen-vuosikokous-2005","status":"publish","type":"page","link":"https:\/\/marsuyhdistys.net\/home\/ylimaarainen-vuosikokous-2005\/","title":{"rendered":"Ylim\u00e4\u00e4r\u00e4inen vuosikokous 2005"},"content":{"rendered":"<p>SUOMEN MARSUYHDISTYS RY<br \/>\nYlim\u00e4\u00e4r\u00e4inen vuosikokous 7.8.2005 Turenki<\/p>\n<p><strong>L\u00e4sn\u00e4:<\/strong> Hanna Lahtinen, Iina Merjankari, Katja Kivipuro, Heidi Saarela, Petra Hautanen, Katriina Hautala, Heli Kuoppam\u00e4ki, Mikko Korhonen, Janiika Toivoniemi ja Minna Lintonen.<\/p>\n<p><strong>1. Kokous alkoi 19.40.\u00a0<\/strong><\/p>\n<p><strong>2. Valittiin kokouksen puheenjohtajaksi Heli Kuoppam\u00e4ki ja sihteeriksi Janiika Toivoniemi.\u00a0<\/strong><\/p>\n<p><strong>3. Todettiin kokous lailliseksi ja p\u00e4\u00e4t\u00f6svaltaiseksi.\u00a0<\/strong><\/p>\n<p><strong>4. Nordic\u00a0<\/strong><br \/>\nmuiden maiden muotovaliot p\u00e4\u00e4sev\u00e4t suomen muotovalioksi yhdell\u00e4 Suomesta saadulla sertill\u00e4.<br \/>\nMVA arvoon ei tarvitse olla rekister\u00f6ity Suomeen, oman maan rekisterinumero ja muotovalio titteli riitt\u00e4\u00e4. MVA hakemukseen mukaan kopio marsun rekisteritodistuksesta.<br \/>\nIltaohjelmaan varataan 500 euroa.<br \/>\nPalkinnot: BIS 1-10 yli 6 kk:ta vanhoille, junior BIS 1-8 2-6 kk:ta vanhoille. Petit 1-10 jaetaan kymmenelle parhaalle marsulle.<br \/>\nLuettelo kirjoitetaan englanniksi.<br \/>\nJaniika tuo purut.<\/p>\n<p><strong>5. Tulevat n\u00e4yttelyt:\u00a0<\/strong><br \/>\n22-23.10.2005 Myyrm\u00e4kihalli, Helsinki<br \/>\n22.1.2005 Marttila. Yhdess\u00e4 H\u00e4rk\u00e4tien 4H:n kanssa. Janiika toimii yhteyshenkil\u00f6n\u00e4.<\/p>\n<p><strong>6. Tuomarin palkkiot:\u00a0<\/strong><br \/>\nP\u00e4iv\u00e4raha 30 euroa (yli 10 h) ja 14 euroa (yli 6 h) (matkat mukaan luettuna). Matkakorvaus 0.40 \u20ac\/km. Summat tarkistetaan vuosittain. Puolitus korvauksista j\u00e4\u00e4 pois.<br \/>\nKaikki yhdistysajot korvataan 0.40 \u20ac\/km.<\/p>\n<p><strong>7. Standardi:\u00a0<\/strong><br \/>\nHyv\u00e4ksytty tan, fox ja otter 5:ss\u00e4 v\u00e4riss\u00e4 (black, chocolate, lilac, grey ja beige).<br \/>\nHyv\u00e4ksytty argente v\u00e4reill\u00e4 golden, silver, lemon ja cinnamon.<br \/>\nSelfit hyv\u00e4ksytty.<\/p>\n<p><strong>8. Hyv\u00e4ksyttiin Maria Tuohisto-Kokon kasvattajanimihakemus.\u00a0<\/strong><\/p>\n<p><strong>9. Kasvattajanimihakemukseen on t\u00e4st\u00e4 edes liitett\u00e4v\u00e4 mukaan jalostussuunnitelma.\u00a0<\/strong><\/p>\n<p><strong>10. Rekister\u00f6inti:\u00a0<\/strong><br \/>\nKumottiin viime vuosikokouksessa tehty p\u00e4\u00e4t\u00f6s ja p\u00e4\u00e4tettiin jatkaa kuten ennen.<br \/>\naiheesta keskusteltiin ja p\u00e4\u00e4tettiin siirt\u00e4\u00e4 mahdolliset p\u00e4\u00e4t\u00f6ksen my\u00f6hemm\u00e4ksi.<\/p>\n<p><strong>11. Vuosikokous Myyrm\u00e4kihallin n\u00e4yttelyn yhteydess\u00e4.\u00a0<\/strong><\/p>\n<p><strong>12. Kokous p\u00e4\u00e4ttyi 21.30.\u00a0<\/strong><\/p>\n","protected":false},"excerpt":{"rendered":"<p>SUOMEN MARSUYHDISTYS RY Ylim\u00e4\u00e4r\u00e4inen vuosikokous 7.8.2005 Turenki L\u00e4sn\u00e4: Hanna Lahtinen, Iina Merjankari, Katja Kivipuro, Heidi Saarela, Petra Hautanen, Katriina Hautala, Heli Kuoppam\u00e4ki, Mikko Korhonen, Janiika Toivoniemi ja Minna Lintonen. 1. Kokous alkoi 19.40.\u00a0 2. Valittiin kokouksen puheenjohtajaksi Heli Kuoppam\u00e4ki ja &hellip; <a href=\"https:\/\/marsuyhdistys.net\/home\/ylimaarainen-vuosikokous-2005\/\">Lue loppuun <span class=\"meta-nav\">&rarr;<\/span><\/a><\/p>\n","protected":false},"author":10,"featured_media":0,"parent":0,"menu_order":0,"comment_status":"closed","ping_status":"open","template":"","meta":{"footnotes":"","_links_to":"","_links_to_target":""},"class_list":["post-1668","page","type-page","status-publish","hentry"],"_links":{"self":[{"href":"https:\/\/marsuyhdistys.net\/home\/wp-json\/wp\/v2\/pages\/1668","targetHints":{"allow":["GET"]}}],"collection":[{"href":"https:\/\/marsuyhdistys.net\/home\/wp-json\/wp\/v2\/pages"}],"about":[{"href":"https:\/\/marsuyhdistys.net\/home\/wp-json\/wp\/v2\/types\/page"}],"author":[{"embeddable":true,"href":"https:\/\/marsuyhdistys.net\/home\/wp-json\/wp\/v2\/users\/10"}],"replies":[{"embeddable":true,"href":"https:\/\/marsuyhdistys.net\/home\/wp-json\/wp\/v2\/comments?post=1668"}],"version-history":[{"count":1,"href":"https:\/\/marsuyhdistys.net\/home\/wp-json\/wp\/v2\/pages\/1668\/revisions"}],"predecessor-version":[{"id":1669,"href":"https:\/\/marsuyhdistys.net\/home\/wp-json\/wp\/v2\/pages\/1668\/revisions\/1669"}],"wp:attachment":[{"href":"https:\/\/marsuyhdistys.net\/home\/wp-json\/wp\/v2\/media?parent=1668"}],"curies":[{"name":"wp","href":"https:\/\/api.w.org\/{rel}","templated":true}]}}