{"id":1671,"date":"2013-11-17T12:53:31","date_gmt":"2013-11-17T10:53:31","guid":{"rendered":"http:\/\/marsuyhdistys.net\/home\/?page_id=1671"},"modified":"2013-11-17T12:53:31","modified_gmt":"2013-11-17T10:53:31","slug":"kevatkokous-2005","status":"publish","type":"page","link":"https:\/\/marsuyhdistys.net\/home\/kevatkokous-2005\/","title":{"rendered":"Kev\u00e4tkokous 2005"},"content":{"rendered":"<p>SUOMEN MARSUYHDISTYS ry.<br \/>\nP\u00d6YT\u00c4KIRJA 13.3.2005<br \/>\nKEV\u00c4TKOKOUS<\/p>\n<p>Aika:<br \/>\n13.3.2005 klo. 18.58<br \/>\nPaikka:<br \/>\nRoinela, Klaukkala<\/p>\n<p><strong>L\u00e4sn\u00e4:\u00a0<\/strong><br \/>\nHanna Lahtinen, Mikko Korhonen, Janiika Toivoniemi, Katja Kivipuro ja Minna Aatela (saapui klo. 19.33)<br \/>\nHanna Lahtinen Anneli Klingbergin ja Heli Kuoppam\u00e4en valtakirjoilla, Katja Kivipuro Raisa Ristim\u00e4en valtakirjalla.<br \/>\nNora Torkkeli yhdistyksen ulkopuolisena j\u00e4senen\u00e4.<\/p>\n<p><strong>1. Kokouksen avaus:\u00a0<\/strong><br \/>\nPuheenjohtaja avasi kokouksen klo 18.58<\/p>\n<p><strong>2. P\u00e4\u00e4t\u00f6svaltaisuus:\u00a0<\/strong><br \/>\nTodettiin kokous lailliseksi ja p\u00e4\u00e4t\u00f6svaltaiseksi<\/p>\n<p><strong>3. J\u00e4rjest\u00e4ytyminen:\u00a0<\/strong><br \/>\nValittiin kokouksen puheenjohtajaksi Katja Kivipuro, sihteeriksi Janiika Toivoniemi, p\u00f6yt\u00e4kirjan tarkastajiksi Mikko Korhonen ja Hanna Lahtinen sek\u00e4 \u00e4\u00e4ntenlaskijoiksi Janiika Toivoniemi ja Nora Torkkeli.<\/p>\n<p><strong>4. Hyv\u00e4ksyttiin ty\u00f6j\u00e4rjestys<\/strong><\/p>\n<p><strong>5. Selostettiin ja hyv\u00e4ksyttiin hallituksen toimintakertomus (Liite).<\/strong> <strong>Selostettiin ja hyv\u00e4ksyttiin tilinp\u00e4\u00e4t\u00f6s taloudellisesta tilanteesta (liite)\u00a0<\/strong><\/p>\n<p><strong>6. Edellisen toimintavuoden hallitukselle my\u00f6nnettiin vastuuvapaus ja vahvistettiin tilintarkastajien lausunto ja tilinp\u00e4\u00e4t\u00f6s.\u00a0<\/strong><\/p>\n<p><strong>7. Hallituksen esitt\u00e4m\u00e4t asiat:\u00a0<\/strong><br \/>\n<strong>Suomen Lemmikkiel\u00e4inkauppiaiden liitolle tarjotaan vuoden 2005 Marsu Magazinet 3 \u20ac\/kpl 30:lle henkil\u00f6lle.<\/strong> Suomen Lemmikkiel\u00e4inkauppiaiden liitto vastaa rahtikuluista.<\/p>\n<p><strong>Anneli Klingberg toimii yhdistyksen yhteyshenkil\u00f6n\u00e4 SKJL:\u00e4\u00e4n.<br \/>\n<\/strong><br \/>\n<strong>Keskusteltiin Minna Aatelan ehdotuksesta antaa ilmainen j\u00e4senmaksu Anneli Cederille.<br \/>\n<\/strong><br \/>\n<strong>Olemme saaneet yhdistykselle esitetyn mainoksen Web Medialta (liite).\u00a0<\/strong><\/p>\n<p><strong>8. Muut asiat:\u00a0<\/strong><br \/>\n<strong>Anneli Ceder hyv\u00e4ksyttiin kunniaj\u00e4seneksi.<br \/>\n<\/strong><br \/>\n<strong>My\u00f6nnettiin Katja Kivipurolle puhelinrahaa 5\u20ac Nordicin j\u00e4rjestelyit\u00e4 varten.\u00a0<\/strong><\/p>\n<p><strong>Tarkennus JV-?? Ja GG-?? \u2013 titteleihin.<\/strong> Seuraavasta Gaalasta ja Juhlan\u00e4yttelyst\u00e4 l\u00e4htien junior BIS voittaja saa JJV-??tai JGG-?? tittelin. \u00c4\u00e4nestettiin olisiko titteli voimassa jo nyt 13.3.2005, esitys hyl\u00e4ttiin EI-\u00e4\u00e4ni\u00e4 kolme, KYLL\u00c4-\u00e4\u00e4ni\u00e4 yksi, TYHJ\u00c4\u00c4-\u00e4\u00e4ni\u00e4 yksi.<\/p>\n<p><strong>\u00c4\u00e4nestettiin skinny ei-standardiin<\/strong>, KYLL\u00c4-\u00e4\u00e4ni\u00e4 kuusi, EI-\u00e4\u00e4ni\u00e4 yksi, Hyv\u00e4ksyttiin skinny ei-standardiin.<\/p>\n<p><strong>Anottu ja maksettu matkakorvauksia standardikokouksesta (liite),<\/strong> Katja Kivipuro 20 \u20ac ja Hanna Lahtinen 17 \u20ac.<\/p>\n<p><strong>Hyv\u00e4ksyttiin Katja Kivipuron ehdotus rekister\u00f6intis\u00e4\u00e4nt\u00f6ihin<\/strong> \u00e4\u00e4nin KYLL\u00c4-\u00e4\u00e4ni\u00e4 kuusi, TYHJ\u00c4\u00c4-\u00e4\u00e4ni\u00e4 kaksi.<br \/>\neli kaikki sk:t kesken\u00e4\u00e4n.<br \/>\nteddy + teddy (sukutaulussa lk:t hyv\u00e4ksyt\u00e4\u00e4n)<br \/>\nrex + rex (sukutaulussa lk:t hyv\u00e4ksyt\u00e4\u00e4n)<br \/>\nkaikki pitk\u00e4karvaiset kesken\u00e4\u00e4n.<br \/>\nHyv\u00e4ksyttiin rekister\u00f6intis\u00e4\u00e4nt\u00f6ihin muutos, ett\u00e4 vain marsun molemmat vanhemmat tulee tiet\u00e4\u00e4, jotta el\u00e4imen voi rekister\u00f6id\u00e4 \u00e4\u00e4nin KYLL\u00c4-\u00e4\u00e4ni\u00e4 seitsem\u00e4n ja TYHJ\u00c4\u00c4-\u00e4\u00e4ni\u00e4 yksi.<\/p>\n<p><strong>Johanna Kurki on ilmoittautunut sek\u00e4 Lahden ett\u00e4 Klaukkalan n\u00e4yttelyyn ja j\u00e4\u00e4nyt tulematta. Yhdistys l\u00e4hett\u00e4\u00e4 JK:lle laskun pois j\u00e4\u00e4neist\u00e4 ilmoitetuista marsuista.\u00a0<\/strong><\/p>\n<p><strong>9. Kokouksen p\u00e4\u00e4tt\u00e4minen:\u00a0<\/strong><br \/>\nPuheenjohtaja p\u00e4\u00e4tti kokouksen klo 20.45.<\/p>\n","protected":false},"excerpt":{"rendered":"<p>SUOMEN MARSUYHDISTYS ry. P\u00d6YT\u00c4KIRJA 13.3.2005 KEV\u00c4TKOKOUS Aika: 13.3.2005 klo. 18.58 Paikka: Roinela, Klaukkala L\u00e4sn\u00e4:\u00a0 Hanna Lahtinen, Mikko Korhonen, Janiika Toivoniemi, Katja Kivipuro ja Minna Aatela (saapui klo. 19.33) Hanna Lahtinen Anneli Klingbergin ja Heli Kuoppam\u00e4en valtakirjoilla, Katja Kivipuro Raisa Ristim\u00e4en &hellip; <a href=\"https:\/\/marsuyhdistys.net\/home\/kevatkokous-2005\/\">Lue loppuun <span class=\"meta-nav\">&rarr;<\/span><\/a><\/p>\n","protected":false},"author":10,"featured_media":0,"parent":0,"menu_order":0,"comment_status":"closed","ping_status":"open","template":"","meta":{"footnotes":"","_links_to":"","_links_to_target":""},"class_list":["post-1671","page","type-page","status-publish","hentry"],"_links":{"self":[{"href":"https:\/\/marsuyhdistys.net\/home\/wp-json\/wp\/v2\/pages\/1671","targetHints":{"allow":["GET"]}}],"collection":[{"href":"https:\/\/marsuyhdistys.net\/home\/wp-json\/wp\/v2\/pages"}],"about":[{"href":"https:\/\/marsuyhdistys.net\/home\/wp-json\/wp\/v2\/types\/page"}],"author":[{"embeddable":true,"href":"https:\/\/marsuyhdistys.net\/home\/wp-json\/wp\/v2\/users\/10"}],"replies":[{"embeddable":true,"href":"https:\/\/marsuyhdistys.net\/home\/wp-json\/wp\/v2\/comments?post=1671"}],"version-history":[{"count":1,"href":"https:\/\/marsuyhdistys.net\/home\/wp-json\/wp\/v2\/pages\/1671\/revisions"}],"predecessor-version":[{"id":1672,"href":"https:\/\/marsuyhdistys.net\/home\/wp-json\/wp\/v2\/pages\/1671\/revisions\/1672"}],"wp:attachment":[{"href":"https:\/\/marsuyhdistys.net\/home\/wp-json\/wp\/v2\/media?parent=1671"}],"curies":[{"name":"wp","href":"https:\/\/api.w.org\/{rel}","templated":true}]}}