{"id":184,"date":"2012-09-22T22:14:23","date_gmt":"2012-09-22T20:14:23","guid":{"rendered":"http:\/\/marsuyhdistys.net\/home\/?page_id=184"},"modified":"2013-12-15T19:19:43","modified_gmt":"2013-12-15T17:19:43","slug":"pitkakarvaiset-alpakka","status":"publish","type":"page","link":"https:\/\/marsuyhdistys.net\/home\/kaikki-marsusta\/rodut\/pitkakarvaiset-alpakka\/","title":{"rendered":"Alpakka"},"content":{"rendered":"<p>Turkki on kihara, pehme\u00e4, taipuisa, silkkinen ja antaa eloisan sek\u00e4 joustavan vaikutelman. My\u00f6s vatsa- ja viiksikarvat ovat kiharat. Turkin tulee olla puhdas, takuton ja auki kammattu. Turkki on eritt\u00e4in tihe\u00e4, runsas ja t\u00e4ytel\u00e4inen. Tiheys on tasainen koko turkissa. Alpakalla on kaksi rusettia, joka ovat rinnakkain ja l\u00e4hekk\u00e4in rungon takaosassa.<\/p>\n<p style=\"text-align: center;\"><strong><br \/>\n<a href=\"http:\/\/marsuyhdistys.net\/home\/wp-content\/uploads\/2012\/09\/alpakka2.jpg\"><img loading=\"lazy\" decoding=\"async\" class=\"alignnone size-full wp-image-1788\" alt=\"\" src=\"http:\/\/marsuyhdistys.net\/home\/wp-content\/uploads\/2012\/09\/alpakka2.jpg\" width=\"300\" height=\"161\" \/><br \/>\n<\/a><\/strong><strong style=\"line-height: 1.714285714; font-size: 1rem;\"><a href=\"http:\/\/marsuyhdistys.net\/home\/wp-content\/uploads\/2012\/09\/alpakka.jpg\"><img loading=\"lazy\" decoding=\"async\" class=\"alignnone size-full wp-image-1788\" alt=\"\" src=\"http:\/\/marsuyhdistys.net\/home\/wp-content\/uploads\/2012\/09\/alpakka.jpg\" width=\"300\" height=\"161\" \/><\/a><\/strong><\/p>\n","protected":false},"excerpt":{"rendered":"<p>Turkki on kihara, pehme\u00e4, taipuisa, silkkinen ja antaa eloisan sek\u00e4 joustavan vaikutelman. My\u00f6s vatsa- ja viiksikarvat ovat kiharat. Turkin tulee olla puhdas, takuton ja auki kammattu. Turkki on eritt\u00e4in tihe\u00e4, runsas ja t\u00e4ytel\u00e4inen. Tiheys on tasainen koko turkissa. Alpakalla on &hellip; <a href=\"https:\/\/marsuyhdistys.net\/home\/kaikki-marsusta\/rodut\/pitkakarvaiset-alpakka\/\">Lue loppuun <span class=\"meta-nav\">&rarr;<\/span><\/a><\/p>\n","protected":false},"author":10,"featured_media":0,"parent":162,"menu_order":130,"comment_status":"closed","ping_status":"closed","template":"","meta":{"footnotes":"","_links_to":"","_links_to_target":""},"class_list":["post-184","page","type-page","status-publish","hentry"],"_links":{"self":[{"href":"https:\/\/marsuyhdistys.net\/home\/wp-json\/wp\/v2\/pages\/184","targetHints":{"allow":["GET"]}}],"collection":[{"href":"https:\/\/marsuyhdistys.net\/home\/wp-json\/wp\/v2\/pages"}],"about":[{"href":"https:\/\/marsuyhdistys.net\/home\/wp-json\/wp\/v2\/types\/page"}],"author":[{"embeddable":true,"href":"https:\/\/marsuyhdistys.net\/home\/wp-json\/wp\/v2\/users\/10"}],"replies":[{"embeddable":true,"href":"https:\/\/marsuyhdistys.net\/home\/wp-json\/wp\/v2\/comments?post=184"}],"version-history":[{"count":6,"href":"https:\/\/marsuyhdistys.net\/home\/wp-json\/wp\/v2\/pages\/184\/revisions"}],"predecessor-version":[{"id":1896,"href":"https:\/\/marsuyhdistys.net\/home\/wp-json\/wp\/v2\/pages\/184\/revisions\/1896"}],"up":[{"embeddable":true,"href":"https:\/\/marsuyhdistys.net\/home\/wp-json\/wp\/v2\/pages\/162"}],"wp:attachment":[{"href":"https:\/\/marsuyhdistys.net\/home\/wp-json\/wp\/v2\/media?parent=184"}],"curies":[{"name":"wp","href":"https:\/\/api.w.org\/{rel}","templated":true}]}}