{"id":186,"date":"2012-09-22T22:15:11","date_gmt":"2012-09-22T20:15:11","guid":{"rendered":"http:\/\/marsuyhdistys.net\/home\/?page_id=186"},"modified":"2015-06-02T21:31:19","modified_gmt":"2015-06-02T19:31:19","slug":"lunkaryat","status":"publish","type":"page","link":"https:\/\/marsuyhdistys.net\/home\/kaikki-marsusta\/rodut\/lunkaryat\/","title":{"rendered":"Lunkaryat"},"content":{"rendered":"<p><span style=\"color: #000000;\">Alunperin Ruotsissa ensi kerran ilmestynyt muunnos. Kiharuuden saa aikaa dominoiva geeni. Turkki on karkea, kihara, ilmava, eritt\u00e4in tihe\u00e4, runsas ja t\u00e4ytel\u00e4inen. Turkin tulee olla puhdas, takuton ja l\u00f6yh\u00e4sti auki kammattu. Erityist\u00e4 huomiota tulee kiinnitt\u00e4\u00e4 pitk\u00e4karvaisten rotujen turkinhoidon vaativuuteen. Rotuina standardissa oleva lunkarya peruaani sek\u00e4 koe-standardissa olevat lunkarya sheltie ja lunkarya coronet.<\/span><\/p>\n<p style=\"text-align: center;\"><strong> Lunkarya peruaani<br \/>\n<a href=\"http:\/\/marsuyhdistys.net\/home\/wp-content\/uploads\/2012\/09\/lunkarya.jpg\"><img loading=\"lazy\" decoding=\"async\" class=\"alignnone size-full wp-image-1788\" src=\"http:\/\/marsuyhdistys.net\/home\/wp-content\/uploads\/2012\/09\/lunkarya.jpg\" alt=\"magpie\" width=\"300\" height=\"161\" \/><\/a><\/strong><\/p>\n","protected":false},"excerpt":{"rendered":"<p>Alunperin Ruotsissa ensi kerran ilmestynyt muunnos. Kiharuuden saa aikaa dominoiva geeni. Turkki on karkea, kihara, ilmava, eritt\u00e4in tihe\u00e4, runsas ja t\u00e4ytel\u00e4inen. Turkin tulee olla puhdas, takuton ja l\u00f6yh\u00e4sti auki kammattu. Erityist\u00e4 huomiota tulee kiinnitt\u00e4\u00e4 pitk\u00e4karvaisten rotujen turkinhoidon vaativuuteen. Rotuina standardissa &hellip; <a href=\"https:\/\/marsuyhdistys.net\/home\/kaikki-marsusta\/rodut\/lunkaryat\/\">Lue loppuun <span class=\"meta-nav\">&rarr;<\/span><\/a><\/p>\n","protected":false},"author":10,"featured_media":0,"parent":162,"menu_order":140,"comment_status":"closed","ping_status":"closed","template":"","meta":{"footnotes":"","_links_to":"","_links_to_target":""},"class_list":["post-186","page","type-page","status-publish","hentry"],"_links":{"self":[{"href":"https:\/\/marsuyhdistys.net\/home\/wp-json\/wp\/v2\/pages\/186","targetHints":{"allow":["GET"]}}],"collection":[{"href":"https:\/\/marsuyhdistys.net\/home\/wp-json\/wp\/v2\/pages"}],"about":[{"href":"https:\/\/marsuyhdistys.net\/home\/wp-json\/wp\/v2\/types\/page"}],"author":[{"embeddable":true,"href":"https:\/\/marsuyhdistys.net\/home\/wp-json\/wp\/v2\/users\/10"}],"replies":[{"embeddable":true,"href":"https:\/\/marsuyhdistys.net\/home\/wp-json\/wp\/v2\/comments?post=186"}],"version-history":[{"count":8,"href":"https:\/\/marsuyhdistys.net\/home\/wp-json\/wp\/v2\/pages\/186\/revisions"}],"predecessor-version":[{"id":4343,"href":"https:\/\/marsuyhdistys.net\/home\/wp-json\/wp\/v2\/pages\/186\/revisions\/4343"}],"up":[{"embeddable":true,"href":"https:\/\/marsuyhdistys.net\/home\/wp-json\/wp\/v2\/pages\/162"}],"wp:attachment":[{"href":"https:\/\/marsuyhdistys.net\/home\/wp-json\/wp\/v2\/media?parent=186"}],"curies":[{"name":"wp","href":"https:\/\/api.w.org\/{rel}","templated":true}]}}