{"id":192,"date":"2012-09-22T22:17:29","date_gmt":"2012-09-22T20:17:29","guid":{"rendered":"http:\/\/marsuyhdistys.net\/home\/?page_id=192"},"modified":"2015-10-11T16:23:36","modified_gmt":"2015-10-11T14:23:36","slug":"sheltie","status":"publish","type":"page","link":"https:\/\/marsuyhdistys.net\/home\/kaikki-marsusta\/rodut\/sheltie\/","title":{"rendered":"Sheltie"},"content":{"rendered":"<p>Turkki on pehme\u00e4, taipuisa, silkkinen ja antaa eloisan sek\u00e4 joustavan vaikutelman. Turkin tulee olla puhdas, takuton ja auki kammattu. Turkki on eritt\u00e4in tihe\u00e4, runsas ja t\u00e4ytel\u00e4inen. Tiheys on tasainen koko turkissa.<\/p>\n<p style=\"text-align: center;\"><strong>sheltie himalaya<br \/>\n<a href=\"http:\/\/marsuyhdistys.net\/home\/wp-content\/uploads\/2012\/09\/pitkak6.jpg\"><img loading=\"lazy\" decoding=\"async\" class=\"alignnone size-full wp-image-1788\" src=\"http:\/\/marsuyhdistys.net\/home\/wp-content\/uploads\/2012\/09\/pitkak6.jpg\" alt=\"magpie\" width=\"300\" height=\"161\" \/><br \/>\n<\/a><\/strong><strong style=\"line-height: 1.714285714; font-size: 1rem;\">sheltie black\/white<br \/>\n<\/strong><strong style=\"line-height: 1.714285714; font-size: 1rem;\"><a href=\"http:\/\/marsuyhdistys.net\/home\/wp-content\/uploads\/2012\/09\/sheltie.jpg\"><img loading=\"lazy\" decoding=\"async\" class=\"alignnone size-full wp-image-1788\" src=\"http:\/\/marsuyhdistys.net\/home\/wp-content\/uploads\/2012\/09\/sheltie.jpg\" alt=\"magpie\" width=\"300\" height=\"161\" \/><\/a><\/strong><\/p>\n","protected":false},"excerpt":{"rendered":"<p>Turkki on pehme\u00e4, taipuisa, silkkinen ja antaa eloisan sek\u00e4 joustavan vaikutelman. Turkin tulee olla puhdas, takuton ja auki kammattu. Turkki on eritt\u00e4in tihe\u00e4, runsas ja t\u00e4ytel\u00e4inen. Tiheys on tasainen koko turkissa. sheltie himalaya sheltie black\/white<\/p>\n","protected":false},"author":10,"featured_media":0,"parent":162,"menu_order":170,"comment_status":"closed","ping_status":"closed","template":"","meta":{"footnotes":"","_links_to":"","_links_to_target":""},"class_list":["post-192","page","type-page","status-publish","hentry"],"_links":{"self":[{"href":"https:\/\/marsuyhdistys.net\/home\/wp-json\/wp\/v2\/pages\/192","targetHints":{"allow":["GET"]}}],"collection":[{"href":"https:\/\/marsuyhdistys.net\/home\/wp-json\/wp\/v2\/pages"}],"about":[{"href":"https:\/\/marsuyhdistys.net\/home\/wp-json\/wp\/v2\/types\/page"}],"author":[{"embeddable":true,"href":"https:\/\/marsuyhdistys.net\/home\/wp-json\/wp\/v2\/users\/10"}],"replies":[{"embeddable":true,"href":"https:\/\/marsuyhdistys.net\/home\/wp-json\/wp\/v2\/comments?post=192"}],"version-history":[{"count":10,"href":"https:\/\/marsuyhdistys.net\/home\/wp-json\/wp\/v2\/pages\/192\/revisions"}],"predecessor-version":[{"id":4524,"href":"https:\/\/marsuyhdistys.net\/home\/wp-json\/wp\/v2\/pages\/192\/revisions\/4524"}],"up":[{"embeddable":true,"href":"https:\/\/marsuyhdistys.net\/home\/wp-json\/wp\/v2\/pages\/162"}],"wp:attachment":[{"href":"https:\/\/marsuyhdistys.net\/home\/wp-json\/wp\/v2\/media?parent=192"}],"curies":[{"name":"wp","href":"https:\/\/api.w.org\/{rel}","templated":true}]}}