{"id":194,"date":"2012-09-22T22:18:20","date_gmt":"2012-09-22T20:18:20","guid":{"rendered":"http:\/\/marsuyhdistys.net\/home\/?page_id=194"},"modified":"2013-12-15T19:25:45","modified_gmt":"2013-12-15T17:25:45","slug":"merino","status":"publish","type":"page","link":"https:\/\/marsuyhdistys.net\/home\/kaikki-marsusta\/rodut\/merino\/","title":{"rendered":"Merino"},"content":{"rendered":"<p>Turkki on kihara, pehme\u00e4, taipuisa, silkkinen ja antaa eloisan sek\u00e4 joustavan vaikutelman. My\u00f6s vatsa- ja viiksikarvat ovat kiharat. Turkin tulee olla puhdas, takuton ja auki kammattu. Turkki on eritt\u00e4in tihe\u00e4, runsas ja t\u00e4ytel\u00e4inen. Tiheys on tasainen koko turkissa. Crest on py\u00f6rre, joka on sijoittunut korvien ja silmien v\u00e4liin. Sen keskiosa on neulanp\u00e4\u00e4n kokoinen ja karva kasvaa siit\u00e4 tasaisesti s\u00e4teitt\u00e4in. Crest on py\u00f6re\u00e4 ja syv\u00e4.<\/p>\n<p style=\"text-align: center;\"><strong> <a href=\"http:\/\/marsuyhdistys.net\/home\/wp-content\/uploads\/2012\/09\/merino.jpg\"><img loading=\"lazy\" decoding=\"async\" class=\"alignnone size-full wp-image-1788\" alt=\"-\" src=\"http:\/\/marsuyhdistys.net\/home\/wp-content\/uploads\/2012\/09\/merino.jpg\" width=\"300\" height=\"161\" \/><\/a><\/strong><\/p>\n","protected":false},"excerpt":{"rendered":"<p>Turkki on kihara, pehme\u00e4, taipuisa, silkkinen ja antaa eloisan sek\u00e4 joustavan vaikutelman. My\u00f6s vatsa- ja viiksikarvat ovat kiharat. Turkin tulee olla puhdas, takuton ja auki kammattu. Turkki on eritt\u00e4in tihe\u00e4, runsas ja t\u00e4ytel\u00e4inen. Tiheys on tasainen koko turkissa. Crest on &hellip; <a href=\"https:\/\/marsuyhdistys.net\/home\/kaikki-marsusta\/rodut\/merino\/\">Lue loppuun <span class=\"meta-nav\">&rarr;<\/span><\/a><\/p>\n","protected":false},"author":10,"featured_media":0,"parent":162,"menu_order":180,"comment_status":"closed","ping_status":"closed","template":"","meta":{"footnotes":"","_links_to":"","_links_to_target":""},"class_list":["post-194","page","type-page","status-publish","hentry"],"_links":{"self":[{"href":"https:\/\/marsuyhdistys.net\/home\/wp-json\/wp\/v2\/pages\/194","targetHints":{"allow":["GET"]}}],"collection":[{"href":"https:\/\/marsuyhdistys.net\/home\/wp-json\/wp\/v2\/pages"}],"about":[{"href":"https:\/\/marsuyhdistys.net\/home\/wp-json\/wp\/v2\/types\/page"}],"author":[{"embeddable":true,"href":"https:\/\/marsuyhdistys.net\/home\/wp-json\/wp\/v2\/users\/10"}],"replies":[{"embeddable":true,"href":"https:\/\/marsuyhdistys.net\/home\/wp-json\/wp\/v2\/comments?post=194"}],"version-history":[{"count":5,"href":"https:\/\/marsuyhdistys.net\/home\/wp-json\/wp\/v2\/pages\/194\/revisions"}],"predecessor-version":[{"id":1899,"href":"https:\/\/marsuyhdistys.net\/home\/wp-json\/wp\/v2\/pages\/194\/revisions\/1899"}],"up":[{"embeddable":true,"href":"https:\/\/marsuyhdistys.net\/home\/wp-json\/wp\/v2\/pages\/162"}],"wp:attachment":[{"href":"https:\/\/marsuyhdistys.net\/home\/wp-json\/wp\/v2\/media?parent=194"}],"curies":[{"name":"wp","href":"https:\/\/api.w.org\/{rel}","templated":true}]}}