{"id":2051,"date":"2014-01-07T10:15:11","date_gmt":"2014-01-07T08:15:11","guid":{"rendered":"http:\/\/marsuyhdistys.net\/home\/?page_id=2051"},"modified":"2022-08-18T09:51:47","modified_gmt":"2022-08-18T07:51:47","slug":"marsuista-yleisesti","status":"publish","type":"page","link":"https:\/\/marsuyhdistys.net\/home\/kaikki-marsusta\/marsuista-yleisesti\/","title":{"rendered":"Marsuista yleisesti"},"content":{"rendered":"<p><span style=\"color: #000000;\">Marsu on hyvin suosittu lemmikkijyrsij\u00e4 ymp\u00e4ri maailmaa. Se on kotoisin Etel\u00e4-Amerikasta ja luokitellaan kuuluvaksi Caviidae-heimoon, eli marsuel\u00e4imiin. Luonnossa marsut el\u00e4v\u00e4t aina laumoina, ja niille onkin kehittynyt melkoinen skaala erilaisia \u00e4\u00e4ni\u00e4, joilla ne kommunikoivat kesken\u00e4\u00e4n. Perun intiaanien tiedet\u00e4\u00e4n pit\u00e4neen n\u00e4it\u00e4 jyrsij\u00f6it\u00e4 kotiel\u00e4imin\u00e4 lihantuotantoa varten ja Eurooppaan marsut rantautuivat 1500-luvulla espanjalaisten l\u00f6yt\u00f6retkeilij\u00f6iden mukana. Marsun suosioon lemmikkin\u00e4 lienee vaikuttanut sen sympaattinen ulkon\u00e4k\u00f6 ja lempe\u00e4, sopeutuvainen luonne. Marsut ovat eritt\u00e4in seurallisia ja oppivat tuntemaan hoitajansa. Ne rakastavat syliss\u00e4 makailua ja pulisevat ihastuneesti silitt\u00e4j\u00e4lleen.<\/span><\/p>\n<p><span style=\"color: #000000;\">Marsut ovat melko pitk\u00e4ik\u00e4isi\u00e4, hyv\u00e4ss\u00e4 hoidossa sen voidaan olettaa el\u00e4v\u00e4n jopa kahdeksanvuotiaaksi, keski-ik\u00e4 on 3-6 vuotta. Marsu on p\u00e4iv\u00e4el\u00e4in, eli sill\u00e4 on sama rytmi kuin ihmisell\u00e4. Ne kyll\u00e4 liikkuvat, sy\u00f6v\u00e4t ja juovat \u00f6isinkin, mutta p\u00e4\u00e4osin lep\u00e4ilev\u00e4t ja nukkuvat. Marsunaaraat painavat noin kilon ja urokset hieman enemm\u00e4n, harvemmin kuitenkaan yli 1,5 kiloa. Marsuista on olemassa paljon eri rotumuunnoksia, sile\u00e4karvaisia, karkeakarvaisia, pitk\u00e4karvaisia ja karvattomiakin. Luonne-erot eri rotumuunnosten v\u00e4lill\u00e4 ovat mahdollisia. Esimerkiksi abessiinialaiset ovat usein vilkkaampia verrattuna teddyihin tai pitk\u00e4karvaisiin. Yksil\u00f6lliset erot ovat aina mahdollisia.<\/span><\/p>\n<p><span style=\"color: #000000;\">Marsu kannattaa aina hankkia suoraan kasvattajalta. Marsun luovutusik\u00e4 on 5 viikkoa. Koska marsu on laumael\u00e4in, tulisi marsuja olla aina v\u00e4hint\u00e4\u00e4n kaksi.<\/span><\/p>\n<p><a href=\"http:\/\/marsuyhdistys.net\/home\/wp-content\/uploads\/2013\/10\/pet_to8.jpg\"><img loading=\"lazy\" decoding=\"async\" class=\"size-medium wp-image-1930 aligncenter\" src=\"http:\/\/marsuyhdistys.net\/home\/wp-content\/uploads\/2013\/10\/pet_to8-300x140.jpg\" alt=\"pet_to8\" width=\"300\" height=\"140\" srcset=\"https:\/\/marsuyhdistys.net\/home\/wp-content\/uploads\/2013\/10\/pet_to8-300x140.jpg 300w, https:\/\/marsuyhdistys.net\/home\/wp-content\/uploads\/2013\/10\/pet_to8.jpg 400w\" sizes=\"auto, (max-width: 300px) 100vw, 300px\" \/><\/a><\/p>\n","protected":false},"excerpt":{"rendered":"<p>Marsu on hyvin suosittu lemmikkijyrsij\u00e4 ymp\u00e4ri maailmaa. Se on kotoisin Etel\u00e4-Amerikasta ja luokitellaan kuuluvaksi Caviidae-heimoon, eli marsuel\u00e4imiin. Luonnossa marsut el\u00e4v\u00e4t aina laumoina, ja niille onkin kehittynyt melkoinen skaala erilaisia \u00e4\u00e4ni\u00e4, joilla ne kommunikoivat kesken\u00e4\u00e4n. Perun intiaanien tiedet\u00e4\u00e4n pit\u00e4neen n\u00e4it\u00e4 jyrsij\u00f6it\u00e4 &hellip; <a href=\"https:\/\/marsuyhdistys.net\/home\/kaikki-marsusta\/marsuista-yleisesti\/\">Lue loppuun <span class=\"meta-nav\">&rarr;<\/span><\/a><\/p>\n","protected":false},"author":10,"featured_media":0,"parent":14,"menu_order":4,"comment_status":"closed","ping_status":"open","template":"","meta":{"footnotes":"","_links_to":"","_links_to_target":""},"class_list":["post-2051","page","type-page","status-publish","hentry"],"_links":{"self":[{"href":"https:\/\/marsuyhdistys.net\/home\/wp-json\/wp\/v2\/pages\/2051","targetHints":{"allow":["GET"]}}],"collection":[{"href":"https:\/\/marsuyhdistys.net\/home\/wp-json\/wp\/v2\/pages"}],"about":[{"href":"https:\/\/marsuyhdistys.net\/home\/wp-json\/wp\/v2\/types\/page"}],"author":[{"embeddable":true,"href":"https:\/\/marsuyhdistys.net\/home\/wp-json\/wp\/v2\/users\/10"}],"replies":[{"embeddable":true,"href":"https:\/\/marsuyhdistys.net\/home\/wp-json\/wp\/v2\/comments?post=2051"}],"version-history":[{"count":8,"href":"https:\/\/marsuyhdistys.net\/home\/wp-json\/wp\/v2\/pages\/2051\/revisions"}],"predecessor-version":[{"id":10072,"href":"https:\/\/marsuyhdistys.net\/home\/wp-json\/wp\/v2\/pages\/2051\/revisions\/10072"}],"up":[{"embeddable":true,"href":"https:\/\/marsuyhdistys.net\/home\/wp-json\/wp\/v2\/pages\/14"}],"wp:attachment":[{"href":"https:\/\/marsuyhdistys.net\/home\/wp-json\/wp\/v2\/media?parent=2051"}],"curies":[{"name":"wp","href":"https:\/\/api.w.org\/{rel}","templated":true}]}}