{"id":222,"date":"2012-09-22T22:30:37","date_gmt":"2012-09-22T20:30:37","guid":{"rendered":"http:\/\/marsuyhdistys.net\/home\/?page_id=222"},"modified":"2013-12-15T19:13:29","modified_gmt":"2013-12-15T17:13:29","slug":"pitkakarvaiset","status":"publish","type":"page","link":"https:\/\/marsuyhdistys.net\/home\/kaikki-marsusta\/rodut\/pitkakarvaiset\/","title":{"rendered":"Coronet"},"content":{"rendered":"<p>Turkki on pehme\u00e4, taipuisa, silkkinen ja antaa eloisan sek\u00e4 joustavan vaikutelman. Turkin tulee olla puhdas, takuton ja auki kammattu. Turkki on eritt\u00e4in tihe\u00e4, runsas ja t\u00e4ytel\u00e4inen. Tiheys on tasainen koko turkissa. Crest on py\u00f6rre, joka on sijoittunut korvien ja silmien v\u00e4liin. Sen keskiosa on neulanp\u00e4\u00e4n kokoinen ja karva kasvaa siit\u00e4 tasaisesti s\u00e4teitt\u00e4in. Crest on py\u00f6re\u00e4 ja syv\u00e4.<\/p>\n<p style=\"text-align: center;\"><strong> <a href=\"http:\/\/marsuyhdistys.net\/home\/wp-content\/uploads\/2012\/09\/coronet.jpg\"><img loading=\"lazy\" decoding=\"async\" class=\"alignnone size-full wp-image-1788\" alt=\"magpie\" src=\"http:\/\/marsuyhdistys.net\/home\/wp-content\/uploads\/2012\/09\/coronet.jpg\" width=\"300\" height=\"161\" \/><\/a><\/strong><\/p>\n","protected":false},"excerpt":{"rendered":"<p>Turkki on pehme\u00e4, taipuisa, silkkinen ja antaa eloisan sek\u00e4 joustavan vaikutelman. Turkin tulee olla puhdas, takuton ja auki kammattu. Turkki on eritt\u00e4in tihe\u00e4, runsas ja t\u00e4ytel\u00e4inen. Tiheys on tasainen koko turkissa. Crest on py\u00f6rre, joka on sijoittunut korvien ja silmien &hellip; <a href=\"https:\/\/marsuyhdistys.net\/home\/kaikki-marsusta\/rodut\/pitkakarvaiset\/\">Lue loppuun <span class=\"meta-nav\">&rarr;<\/span><\/a><\/p>\n","protected":false},"author":10,"featured_media":0,"parent":162,"menu_order":30,"comment_status":"closed","ping_status":"closed","template":"","meta":{"footnotes":"","_links_to":"","_links_to_target":""},"class_list":["post-222","page","type-page","status-publish","hentry"],"_links":{"self":[{"href":"https:\/\/marsuyhdistys.net\/home\/wp-json\/wp\/v2\/pages\/222","targetHints":{"allow":["GET"]}}],"collection":[{"href":"https:\/\/marsuyhdistys.net\/home\/wp-json\/wp\/v2\/pages"}],"about":[{"href":"https:\/\/marsuyhdistys.net\/home\/wp-json\/wp\/v2\/types\/page"}],"author":[{"embeddable":true,"href":"https:\/\/marsuyhdistys.net\/home\/wp-json\/wp\/v2\/users\/10"}],"replies":[{"embeddable":true,"href":"https:\/\/marsuyhdistys.net\/home\/wp-json\/wp\/v2\/comments?post=222"}],"version-history":[{"count":5,"href":"https:\/\/marsuyhdistys.net\/home\/wp-json\/wp\/v2\/pages\/222\/revisions"}],"predecessor-version":[{"id":1888,"href":"https:\/\/marsuyhdistys.net\/home\/wp-json\/wp\/v2\/pages\/222\/revisions\/1888"}],"up":[{"embeddable":true,"href":"https:\/\/marsuyhdistys.net\/home\/wp-json\/wp\/v2\/pages\/162"}],"wp:attachment":[{"href":"https:\/\/marsuyhdistys.net\/home\/wp-json\/wp\/v2\/media?parent=222"}],"curies":[{"name":"wp","href":"https:\/\/api.w.org\/{rel}","templated":true}]}}