{"id":2428,"date":"2014-02-09T19:11:50","date_gmt":"2014-02-09T17:11:50","guid":{"rendered":"http:\/\/marsuyhdistys.net\/home\/?page_id=2428"},"modified":"2026-01-29T19:27:07","modified_gmt":"2026-01-29T17:27:07","slug":"yhdistys2","status":"publish","type":"page","link":"https:\/\/marsuyhdistys.net\/home\/yhdistys\/yhdistys2\/","title":{"rendered":"Suomen Marsuyhdistys ry."},"content":{"rendered":"<p><span style=\"color: #000000;\">Suomen Marsuyhdistys ry (SMY) on perustettu vuonna 1989 edist\u00e4m\u00e4\u00e4n puhdasrotuisten marsujen kasvatusta ja marsuharrastusta. Yhdistys pyrkii kehitt\u00e4m\u00e4\u00e4n marsuharrastusta kattaen koko Suomen ja toimimaan yhdist\u00e4v\u00e4n\u00e4 tekij\u00e4n\u00e4 marsuharrastuksessa. Yhdistys julkaisee nelj\u00e4 kertaa vuodessa ilmestyv\u00e4\u00e4 Marsu Magazine -j\u00e4senlehte\u00e4.<\/span><\/p>\n<p><span style=\"color: #000000;\">Suomen Marsuyhdistys ry. j\u00e4rjest\u00e4\u00e4 vuosittain useita n\u00e4yttelyit\u00e4, joissa on omat luokat niin rotu- kuin risteytysmarsuillekin. N\u00e4yttelyiden ja lehden julkaisemisen ohella SMY mm. hoitaa marsujen rekister\u00f6innin, kouluttaa kotimaiset marsutuomarit, j\u00e4rjest\u00e4\u00e4 koulutustilaisuuksia sek\u00e4 yll\u00e4pit\u00e4\u00e4 kotisivuja.<\/span><\/p>\n<p><span style=\"color: #000000;\">Marsuyhdistyksen ensisijainen tarkoitus on edist\u00e4\u00e4 ihmisten tiet\u00e4myst\u00e4 ja tuntemusta rotumarsuja kohtaan. Yhdistys kuitenkin toimii kaikkien marsujen asialla. Tutustu yhdistyksen toimintaan esimerkiksi n\u00e4yttelyiss\u00e4 tai erilaisissa tapahtumissa. Yhdistykseen liittyminen kannattaa aina. N\u00e4in tuet toimintaamme ja saat itse etuja n\u00e4yttelyilmoittautumisten hinnoissa ja esimerkiksi j\u00e4senlehden muodossa. Tieto on valttia ja sit\u00e4 Marsuyhdistys pyrkii jakamaan kaikille marsuista kiinnostuneille.<\/span><\/p>\n<p><span style=\"color: #000000;\">Sivustomme pyrkii olemaan toimintaamme kuvaava. Valokuvat ja artikkelit ovat omistajiensa omaisuutta, joten kaikkia kuvia suojaa tekij\u00e4noikeus, eik\u00e4 niit\u00e4 n\u00e4in ollen anneta ulkopuolisten k\u00e4ytt\u00f6\u00f6n.<\/span><\/p>\n<p><span style=\"color: #0000ff;\"><a style=\"color: #0000ff;\" href=\"http:\/\/marsuyhdistys.net\/home\/?page_id=1291\" target=\"_blank\" rel=\"noopener\">N\u00e4in liityt j\u00e4seneksi.<\/a><\/span><\/p>\n<p><span style=\"color: #0000ff;\"><a style=\"color: #0000ff;\" href=\"http:\/\/marsuyhdistys.net\/home\/?page_id=12\">Yhdistyksen toimihenkil\u00f6iden yhteystiedot<\/a><\/span><\/p>\n<p><a href=\"http:\/\/marsuyhdistys.net\/home\/wp-content\/uploads\/2014\/02\/EuroopanUnioninTietosuoja_asetus25052018.pdf\">Euroopan Unionin tietosuoja-asetus GDPR<\/a><\/p>\n<p><a href=\"https:\/\/marsuyhdistys.net\/home\/wp-content\/uploads\/2022\/01\/Tietosuojaseloste-121.pdf\">Tietosuojaseloste<\/a><\/p>\n<p><a href=\"http:\/\/marsuyhdistys.net\/home\/wp-content\/uploads\/2013\/11\/smy.logo_.jpg\"><img loading=\"lazy\" decoding=\"async\" class=\"size-medium wp-image-1385 aligncenter\" src=\"http:\/\/marsuyhdistys.net\/home\/wp-content\/uploads\/2013\/11\/smy.logo_-285x300.jpg\" alt=\"smy.logo\" width=\"285\" height=\"300\" srcset=\"https:\/\/marsuyhdistys.net\/home\/wp-content\/uploads\/2013\/11\/smy.logo_-285x300.jpg 285w, https:\/\/marsuyhdistys.net\/home\/wp-content\/uploads\/2013\/11\/smy.logo_.jpg 300w\" sizes=\"auto, (max-width: 285px) 100vw, 285px\" \/><\/a><\/p>\n","protected":false},"excerpt":{"rendered":"<p>Suomen Marsuyhdistys ry (SMY) on perustettu vuonna 1989 edist\u00e4m\u00e4\u00e4n puhdasrotuisten marsujen kasvatusta ja marsuharrastusta. Yhdistys pyrkii kehitt\u00e4m\u00e4\u00e4n marsuharrastusta kattaen koko Suomen ja toimimaan yhdist\u00e4v\u00e4n\u00e4 tekij\u00e4n\u00e4 marsuharrastuksessa. Yhdistys julkaisee nelj\u00e4 kertaa vuodessa ilmestyv\u00e4\u00e4 Marsu Magazine -j\u00e4senlehte\u00e4. Suomen Marsuyhdistys ry. j\u00e4rjest\u00e4\u00e4 vuosittain &hellip; <a href=\"https:\/\/marsuyhdistys.net\/home\/yhdistys\/yhdistys2\/\">Lue loppuun <span class=\"meta-nav\">&rarr;<\/span><\/a><\/p>\n","protected":false},"author":10,"featured_media":0,"parent":9,"menu_order":0,"comment_status":"closed","ping_status":"closed","template":"","meta":{"footnotes":"","_links_to":"","_links_to_target":""},"class_list":["post-2428","page","type-page","status-publish","hentry"],"_links":{"self":[{"href":"https:\/\/marsuyhdistys.net\/home\/wp-json\/wp\/v2\/pages\/2428","targetHints":{"allow":["GET"]}}],"collection":[{"href":"https:\/\/marsuyhdistys.net\/home\/wp-json\/wp\/v2\/pages"}],"about":[{"href":"https:\/\/marsuyhdistys.net\/home\/wp-json\/wp\/v2\/types\/page"}],"author":[{"embeddable":true,"href":"https:\/\/marsuyhdistys.net\/home\/wp-json\/wp\/v2\/users\/10"}],"replies":[{"embeddable":true,"href":"https:\/\/marsuyhdistys.net\/home\/wp-json\/wp\/v2\/comments?post=2428"}],"version-history":[{"count":13,"href":"https:\/\/marsuyhdistys.net\/home\/wp-json\/wp\/v2\/pages\/2428\/revisions"}],"predecessor-version":[{"id":9089,"href":"https:\/\/marsuyhdistys.net\/home\/wp-json\/wp\/v2\/pages\/2428\/revisions\/9089"}],"up":[{"embeddable":true,"href":"https:\/\/marsuyhdistys.net\/home\/wp-json\/wp\/v2\/pages\/9"}],"wp:attachment":[{"href":"https:\/\/marsuyhdistys.net\/home\/wp-json\/wp\/v2\/media?parent=2428"}],"curies":[{"name":"wp","href":"https:\/\/api.w.org\/{rel}","templated":true}]}}