{"id":249,"date":"2012-09-23T18:46:44","date_gmt":"2012-09-23T16:46:44","guid":{"rendered":"http:\/\/marsuyhdistys.net\/home\/?page_id=249"},"modified":"2026-01-29T18:35:12","modified_gmt":"2026-01-29T16:35:12","slug":"suomen-muotovaliot-2","status":"publish","type":"page","link":"https:\/\/marsuyhdistys.net\/home\/kaikki-nayttelyista\/nayttelysaannot\/suomen-muotovaliot-2\/","title":{"rendered":"FI JMVA, FI MVA, FI M-MVA ja muut tittelit"},"content":{"rendered":"<p>(Mahdolliset kysymykset valioitunmisista ja ruusukkeista s\u00e4hk\u00f6postiosoitteeseen <strong>smy.tittelit@gmail.com)<\/strong><\/p>\n<p><span style=\"color: #000000;\"><strong>FI JMVA<\/p>\n<p><\/strong>Marsu valmistuu Suomen Juniorimuotovalioksi (FI JMVA) kolmella sertifikaatilla, joiden tulee olla SMY:n hyv\u00e4ksymist\u00e4 n\u00e4yttelyist\u00e4. Sertifikaattien on oltava joko poikas- tai nuorten luokasta. Vain Suomessa my\u00f6nnetyt sertifikaatit kelpaavat Suomen Juniorimuotovalion anomiseen. Sertifikaattien pit\u00e4\u00e4 olla v\u00e4hint\u00e4\u00e4n kahdelta eri tuomarilta. Saatuaan yhden aikuisten tai veteraaniluokan sertifikaatin, FI JMVA marsun omistaja voi hakea marsulleen Suomen Muotovalion titteli\u00e4.<\/span><\/p>\n<p><strong>FI MVA<\/strong><\/p>\n<p>Mik\u00e4li marsu ei ole saanut FI JMVA titteli\u00e4, voi Suomessa rekister\u00f6idyn marsun omistaja saatuaan 3 sertifikaattia v\u00e4hint\u00e4\u00e4n kahdelta eri tuomarilta, joista v\u00e4hint\u00e4\u00e4n yhden tulee olla aikuisten tai veteraani- luokasta, anoa marsulleen Suomen Muotovalio- titteli\u00e4 (FI MVA).<\/p>\n<p>Mik\u00e4li marsu on toisen Pohjoismaan tai Viron muotovalio, valmistuu se anomuksella Suomen Muotovalioksi saatuaan yhden sertifikaatin Suomessa.<\/p>\n<p><strong><span style=\"color: #000000;\">FI M-MVA<\/span><\/strong><\/p>\n<p>Suomen Muotovalio marsu valmistuu Suomen Megamuotovalioksi (FI MMVA) kolmella valioluokasta saadulla sertifikaatilla sek\u00e4 kolmella BIS-sijoituksella. Jos nelj\u00e4s sertifikaatti ja BIS-sijoitus on saatu samassa tapahtumassa kuin valioitumiseen vaadittavat sertifikaatit, ne huomioidaan Megamuotovalion titteli\u00e4 anottaessa.<\/p>\n<p><span style=\"color: #000000;\"><a style=\"color: #000000;\" title=\"Suomen Muotovalio s\u00e4\u00e4nn\u00f6t\" href=\"http:\/\/marsuyhdistys.net\/home\/?page_id=430\" target=\"_blank\" rel=\"noopener\">Suomen Muotovalios\u00e4\u00e4nn\u00f6t ja hakuohjeet l\u00f6yd\u00e4t t\u00e4\u00e4lt\u00e4.<\/a><\/span><\/p>\n<p><span style=\"color: #000000;\"><strong>Eliittilemmikki (EL) ja (MEL)<\/strong><\/span><\/p>\n<p>Marsu valmistuu Suomen Eliittilemmikiksi (EL) kolmella Eliittikortilla. V\u00e4hint\u00e4\u00e4n yhden Eliittikortin on oltava aikuisten tai veteraaniluokasta, kaksi saa olla my\u00f6nnetty poikas- tai nuortenluokasta. Marsu valmistuu Suomen MegaEliittiLemmikiksi (MEL) kolmella uudella Eliittikortilla. Kaikkien kolmen Eliittikortin on oltava aikuisten tai veteraaniluokasta. Jos marsun nelj\u00e4s Eliittikortti on saatu samassa tapahtumassa kuin EL titteliin vaadittavat kortit, se huomioidaan MEL titteli\u00e4 anottaessa.<\/p>\n<p>Eliittikorttien pit\u00e4\u00e4 olla v\u00e4hint\u00e4\u00e4n kahdelta eri tuomarilta. Eliittikorttien tulee olla SMY:n hyv\u00e4ksymist\u00e4 n\u00e4yttelyst\u00e4. Vasta todistuksen saavuttua, on marsun nimen edess\u00e4 oikeus k\u00e4ytt\u00e4\u00e4 EL-titteli\u00e4 tai MEL- titteli\u00e4<\/p>\n<p>VUODEN VOITTAJA lemmikkikilpailu ja -pisteet<br \/>Kilpailuaika on kalenterivuosi kerrallaan ja pisteit\u00e4 jaetaan kaikista SMY:n tai sen hyv\u00e4ksymist\u00e4 n\u00e4yttelyist\u00e4. Tuloksiin huomioidaan marsun kaikki n\u00e4yttelyt.<\/p>\n<p>VUODEN VOITTAJA LEMMIKKI<br \/>Sijoitetaan viisi eniten pisteit\u00e4 lemmikkiluokissa vuoden aikana ker\u00e4nnytt\u00e4 marsua VVL1 \u2013 VVL5 \u2013 vuosiluku<\/p>\n<p><span style=\"color: #000000;\"><a style=\"color: #000000;\" title=\"Eliitti-PET s\u00e4\u00e4nn\u00f6t\" href=\"http:\/\/marsuyhdistys.net\/home\/?page_id=437\" target=\"_blank\" rel=\"noopener\">Eliittilemmikki s\u00e4\u00e4nn\u00f6t, hakuohjeet sek\u00e4 k\u00e4sittelij\u00e4n osoitteen l\u00f6yd\u00e4t t\u00e4\u00e4lt\u00e4.<\/a><\/span><\/p>\n<p><span style=\"color: #000000;\"><strong>VV<\/strong><\/span><\/p>\n<p>Kilpailuaika on kalenterivuosi kerrallaan ja pisteit\u00e4 jaetaan kaikista SMY:n tai sen hyv\u00e4ksymist\u00e4 n\u00e4yttelyist\u00e4. Tuloksiin huomioidaan\u00a0kasvattajan viisi eniten pisteit\u00e4 ker\u00e4nnytt\u00e4 n\u00e4yttely\u00e4, sek\u00e4 kaikki kasvattaja \u2013 ja jalostusluokista luokista saadut pisteet.<\/p>\n<p>Vuosiluku ilmoitetaan titteliss\u00e4 aina vuosiluvun kahdella viimeisell\u00e4 numerolla.<\/p>\n<p>Kilpailu on tarkoitettu vain SMY:n my\u00f6nt\u00e4mille kasvattajille sek\u00e4 SMY:n rekister\u00f6imille marsuille.<\/p>\n<p>Titteleist\u00e4 k\u00e4ytet\u00e4\u00e4n seuraavia lyhenteit\u00e4:<br \/>VUODEN VOITTAJA = VV \u2013 VV10 \u2013 vuosiluku<br \/>VUODEN ROTUNSA PARAS = VROP \u2013 vuosiluku<br \/>VUODEN KASVATTAJA = VK \u2013 vuosiluku<br \/>VUODEN JALOSTUSEL\u00c4IN = VJE \u2013 vuosiluku<br \/>VUODEN KLIPATTU = VKL \u2013 vuosiluku<br \/>VUODEN KOE-STANDARDI = VKS \u2013 vuosiluku<br \/>VUODEN EI-STANDARDI = VES \u2013 vuosiluku<\/p>\n<p><span style=\"color: #000000;\"><strong>JV &amp; GG<\/strong><\/span><\/p>\n<p>Juhlan\u00e4yttelyn Best In Show \u2013 voittaja on oikeutettu k\u00e4ytt\u00e4m\u00e4\u00e4n nimens\u00e4 edess\u00e4 JV \u2013 vuosiluku -titteli\u00e4. Best In Show Junior \u2013 voittaja on oikeutettu k\u00e4ytt\u00e4m\u00e4\u00e4n nimens\u00e4 edess\u00e4 JJV -vuosiluku\u2013titteli\u00e4.<\/p>\n<p>Grand Galan Best In Show \u2013 voittajamarsu on oikeutettu k\u00e4ytt\u00e4m\u00e4\u00e4n nimens\u00e4 edess\u00e4 GG \u2013 vuosi luku\u2013 titteli\u00e4. Best In Show Junior \u2013 voittaja on oikeutettu k\u00e4ytt\u00e4m\u00e4\u00e4n nimens\u00e4 edess\u00e4 JGG \u2013 vuosiluku \u2013 titteli\u00e4.<\/p>\n<p>Vuosiluku ilmoitetaan titteleiss\u00e4 aina vuosiluvun kahdella viimeisell\u00e4 numerolla.<\/p>\n<p><span style=\"color: #000000;\"><strong>Nordic<\/strong><\/span><br \/><span style=\"color: #000000;\"> NordV + vuosiluku jokaisen rodun parhaalle.<\/span><br \/><span style=\"color: #000000;\"> NordM + vuosiluku Best In Show voittajalle.<\/span><br \/><span style=\"color: #000000;\"> NordJV + vuosiluku jokaisen rodun parhaalle juniorille.<\/span><br \/><span style=\"color: #000000;\"> NordJM + vuosiluku Best In Show voittaja juniorille.<\/span><\/p>\n<p><span style=\"color: #000000;\">Pohjoismaiden mestaruuskilpailu on pidetty Suomessa vuosina 2005, 2009 ja 2013.<\/span><\/p>\n<p><span style=\"color: #000000;\">Omistajat voivat ostaa eliiteilleen ja valioilleen ruusukkeen.<\/span><\/p>\n<p><span style=\"color: #000000; font-family: 'lucida grande',tahoma,verdana,arial,sans-serif; font-size: 11px; line-height: 14.08px; white-space: pre-wrap; background-color: #f7f7f7;\">\u00a0<\/span><\/p>\n<p><strong> VIRTUAALIULKOMUOTOLUOKISSA JAETTAVAT TITTELIT <\/strong><\/p>\n<p>Virtuaalimuotovaliot:<br \/>Marsu valmistuu Suomen VirtuaaliJuniorimuotovalioksi (FI VJMVA) kolmella virtuaalisertifikaatilla, joiden tulee olla SMY:n hyv\u00e4ksymist\u00e4 virtuaalin\u00e4yttelyist\u00e4. Virtuaalisertifikaattien on oltava joko poikas- tai nuorten luokasta. Vain Suomessa my\u00f6nnetyt virtuaalisertifikaatit kelpaavat Suomen VirtuaaliJuniorimuotovalion anomiseen. Virtuaalisertifikaattien pit\u00e4\u00e4 olla v\u00e4hint\u00e4\u00e4n kahdelta eri tuomarilta. Saatuaan yhden aikuisten tai veteraaniluokan virtuaalisertifikaatin, FI VJMVA marsun omistaja voi hakea marsulleen Suomen VirtuaaliMuotovalion titteli\u00e4. <\/p>\n<p>Mik\u00e4li marsu ei ole saanut FI VJMVA titteli\u00e4, voi Suomessa rekister\u00f6idyn marsun omistaja saatuaan 3 virtuaalisertifikaattia v\u00e4hint\u00e4\u00e4n kahdelta eri tuomarilta, joista v\u00e4hint\u00e4\u00e4n yhden tulee olla aikuisten tai veteraani- luokasta, anoa marsulleen Suomen VirtuaaliMuotovalio- titteli\u00e4 (FI VMVA). Mik\u00e4li marsu on toisen Pohjoismaan tai Viron Virtuaalimuotovalio, valmistuu se anomuksella Suomen VirtuaaliMuotovalioksi saatuaan yhden virtuaalisertifikaatin Suomessa.<\/p>\n<p>Suomen VirtuaaliMuotovalio marsu valmistuu Suomen VirtuaaliMegamuotovalioksi (FI VMMVA) kolmella valioluokasta saadulla Virtuaalisertifikaatilla sek\u00e4 kolmella VBIS-sijoituksella. Jos nelj\u00e4s virtuaalisertifikaatti ja VBIS-sijoitus on saatu samassa tapahtumassa kuin valioitumiseen vaadittavat virtuaalisertifikaatit, ne huomioidaan VirtuaaliMegamuotovalion titteli\u00e4 anottaessa.<\/p>\n<p>VirtuaaliJuhlan\u00e4yttelyn Best In Show \u2013 voittaja on oikeutettu k\u00e4ytt\u00e4m\u00e4\u00e4n nimens\u00e4 edess\u00e4 VJV \u2013 vuosiluku -titteli\u00e4. VirtuaaliBest In Show Junior \u2013 voittaja on oikeutettu k\u00e4ytt\u00e4m\u00e4\u00e4n nimens\u00e4 edess\u00e4 VJJV -vuosiluku\u2013titteli\u00e4.<\/p>\n<p>VirtuaaliGrand Galan Best In Show \u2013 voittajamarsu on oikeutettu k\u00e4ytt\u00e4m\u00e4\u00e4n nimens\u00e4 edess\u00e4 VGG \u2013 vuosiluku\u2013 titteli\u00e4. VirtuaaliBest In Show Junior \u2013 voittaja on oikeutettu k\u00e4ytt\u00e4m\u00e4\u00e4n nimens\u00e4 edess\u00e4 JGG \u2013 vuosiluku \u2013 titteli\u00e4. Vuosiluku ilmoitetaan titteleiss\u00e4 aina vuosiluvun kahdella viimeisell\u00e4 numerolla.<\/p>\n<p>Titteleist\u00e4 k\u00e4ytet\u00e4\u00e4n seuraavia lyhenteit\u00e4:<br \/>\nVUODEN VIRTUAALIVOITTAJA = VVV \u2013 VVV10 \u2013 vuosiluku<br \/>\nVUODEN VIRTUAALIROTUNSA PARAS = VVROP \u2013 vuosiluku<br \/>\nVUODEN VIRTUAALIKASVATTAJA = VVK \u2013 vuosiluku<br \/>\nVUODEN VIRTUAALIJALOSTUSEL\u00c4IN = VVJE \u2013 vuosiluku<br \/>\nVUODEN VIRTUAALIKLIPATTU = VVKL \u2013 vuosiluku<br \/>\nVUODEN VIRTUAALIKOE-STANDARDI = VVKS \u2013 vuosiluku<br \/>\nVUODEN VIRTUAALIEI-STANDARDI = VVES \u2013 vuosiluku<\/p>\n<p><strong>VIRTUAALILEMMIKKILUOKISSA JAETTAVAT TITTELIT<\/strong><\/p>\n<p>VirtuaaliJuhlan\u00e4yttelyn Paras VirtuaaliLemmikki Marsu \u2013 voittaja on oikeutettu k\u00e4ytt\u00e4m\u00e4\u00e4n nimens\u00e4 edess\u00e4 VJVL \u2013 vuosiluku -titteli\u00e4<\/p>\n<p>VirtuaaliGrand Galan Paras Virtuaali LemmikkiMarsu \u2013 voittaja on oikeutettu k\u00e4ytt\u00e4m\u00e4\u00e4n nimens\u00e4 edess\u00e4 VGGL \u2013 vuosiluku \u2013titteli\u00e4<\/p>\n<p>VirtuaaliEliittilemmikki ja VirtuaaliMegaEliittilemmikki<br \/>\nMarsu valmistuu Suomen Virtuaalieliittilemmikiksi (VEL) kolmella virtuaaliEliittikortilla. V\u00e4hint\u00e4\u00e4n yhden virtuaaliEliittikortin on oltava aikuisten tai veteraaniluokasta, kaksi saa olla my\u00f6nnetty poikas- tai nuortenluokasta.<\/p>\n<p>Marsu valmistuu Suomen VirtuaaliMegaEliittiLemmikiksi (VMEL) kolmella uudella virtuaaliEliittikortilla. Kaikkien kolmen virtuaaliEliittikortin on oltava aikuisten tai veteraaniluokasta. Jos marsun nelj\u00e4s virtuaaliEliittikortti on saatu samassa tapahtumassa kuin VEL:n titteliin vaadittavat kortit, se huomioidaan VMEL:n titteli\u00e4 anottaessa.<\/p>\n<p>Virtuaalieliittikorttien pit\u00e4\u00e4 olla v\u00e4hint\u00e4\u00e4n kahdelta eri tuomarilta. Virtuaalieliittikorttien tulee olla SMY:n hyv\u00e4ksymist\u00e4 virtuaalin\u00e4yttelyist\u00e4. Vasta todistuksen saavuttua, on marsun nimen edess\u00e4 oikeus k\u00e4ytt\u00e4\u00e4 VEL-titteli\u00e4 tai VMEL- titteli\u00e4.<\/p>\n<p><strong>VUODEN VIRTUAALIVOITTAJALEMMIKKI<\/strong><\/p>\n<p>Kilpailuaika on kalenterivuosi kerrallaan ja pisteit\u00e4 jaetaan kaikista SMY:n tai sen hyv\u00e4ksymist\u00e4 virtuaalin\u00e4yttelyist\u00e4. Tuloksiin huomioidaan marsun kaikki virtuaalin\u00e4yttelyt. Sijoitetaan viisi eniten pisteit\u00e4 virtuaalilemmikkiluokissa vuoden aikana ker\u00e4nnytt\u00e4 marsua VVVL1 \u2013 VVVL5 \u2013vuosiluku<\/p>\n","protected":false},"excerpt":{"rendered":"<p>(Mahdolliset kysymykset valioitunmisista ja ruusukkeista s\u00e4hk\u00f6postiosoitteeseen smy.tittelit@gmail.com) FI JMVA Marsu valmistuu Suomen Juniorimuotovalioksi (FI JMVA) kolmella sertifikaatilla, joiden tulee olla SMY:n hyv\u00e4ksymist\u00e4 n\u00e4yttelyist\u00e4. Sertifikaattien on oltava joko poikas- tai nuorten luokasta. Vain Suomessa my\u00f6nnetyt sertifikaatit kelpaavat Suomen Juniorimuotovalion anomiseen. Sertifikaattien &hellip; <a href=\"https:\/\/marsuyhdistys.net\/home\/kaikki-nayttelyista\/nayttelysaannot\/suomen-muotovaliot-2\/\">Lue loppuun <span class=\"meta-nav\">&rarr;<\/span><\/a><\/p>\n","protected":false},"author":10,"featured_media":0,"parent":2534,"menu_order":6,"comment_status":"closed","ping_status":"closed","template":"","meta":{"footnotes":"","_links_to":"","_links_to_target":""},"class_list":["post-249","page","type-page","status-publish","hentry"],"_links":{"self":[{"href":"https:\/\/marsuyhdistys.net\/home\/wp-json\/wp\/v2\/pages\/249","targetHints":{"allow":["GET"]}}],"collection":[{"href":"https:\/\/marsuyhdistys.net\/home\/wp-json\/wp\/v2\/pages"}],"about":[{"href":"https:\/\/marsuyhdistys.net\/home\/wp-json\/wp\/v2\/types\/page"}],"author":[{"embeddable":true,"href":"https:\/\/marsuyhdistys.net\/home\/wp-json\/wp\/v2\/users\/10"}],"replies":[{"embeddable":true,"href":"https:\/\/marsuyhdistys.net\/home\/wp-json\/wp\/v2\/comments?post=249"}],"version-history":[{"count":36,"href":"https:\/\/marsuyhdistys.net\/home\/wp-json\/wp\/v2\/pages\/249\/revisions"}],"predecessor-version":[{"id":13130,"href":"https:\/\/marsuyhdistys.net\/home\/wp-json\/wp\/v2\/pages\/249\/revisions\/13130"}],"up":[{"embeddable":true,"href":"https:\/\/marsuyhdistys.net\/home\/wp-json\/wp\/v2\/pages\/2534"}],"wp:attachment":[{"href":"https:\/\/marsuyhdistys.net\/home\/wp-json\/wp\/v2\/media?parent=249"}],"curies":[{"name":"wp","href":"https:\/\/api.w.org\/{rel}","templated":true}]}}