{"id":25,"date":"2012-07-01T21:42:11","date_gmt":"2012-07-01T19:42:11","guid":{"rendered":"http:\/\/marsuyhdistys.net\/home\/?page_id=25"},"modified":"2022-03-05T14:54:58","modified_gmt":"2022-03-05T12:54:58","slug":"saannot","status":"publish","type":"page","link":"https:\/\/marsuyhdistys.net\/home\/yhdistys\/saannot\/","title":{"rendered":"S\u00e4\u00e4nn\u00f6t"},"content":{"rendered":"<p><a href=\"http:\/\/marsuyhdistys.net\/home\/?page_id=414\">Yhdistyksen s\u00e4\u00e4nn\u00f6t<\/a><br \/><a href=\"http:\/\/marsuyhdistys.net\/home\/?page_id=33\"><\/a><\/p>\n<p><a href=\"http:\/\/marsuyhdistys.net\/home\/?page_id=33\">N\u00e4yttelys\u00e4\u00e4nn\u00f6t<\/a><\/p>\n<p><a href=\"https:\/\/marsuyhdistys.net\/home\/?page_id=8331\">Virtuaalin\u00e4yttelys\u00e4\u00e4nn\u00f6t<\/a><\/p>\n<p><a href=\"http:\/\/marsuyhdistys.net\/home\/?page_id=31\">Rekister\u00f6intis\u00e4\u00e4nn\u00f6t<\/a><\/p>\n<ul class=\"wp-block-list\">\n<li><a href=\"http:\/\/marsuyhdistys.net\/home\/?page_id=7795\">Rekister\u00f6intiohjeet<\/a><\/li>\n<\/ul>\n<p><a href=\"https:\/\/marsuyhdistys.net\/home\/mihin-tulee-tama-on-page\/sertifioitu-kasvattaja-2\/\">Sertifioitu kasvattaja<\/a><\/p>\n<ul class=\"wp-block-list\">\n<li><a href=\"https:\/\/marsuyhdistys.net\/home\/sertifioitu-kasvattaja-ohjeet\/\">Sertifioitu kasvattaja -ohjeet<\/a><\/li>\n<\/ul>\n<p><a href=\"http:\/\/marsuyhdistys.net\/home\/?page_id=427\">Kasvattajanimis\u00e4\u00e4nn\u00f6t<\/a><\/p>\n<ul class=\"wp-block-list\">\n<li><a href=\"http:\/\/marsuyhdistys.net\/home\/?page_id=7810\">Ohjeita jalostussuunnitelmaan<\/a><\/li>\n<\/ul>\n<p><a href=\"http:\/\/marsuyhdistys.net\/home\/?page_id=430\">Suomen Muotovalio- ja Suomen MegaMuotovalios\u00e4\u00e4nn\u00f6t<\/a><\/p>\n<p><a href=\"http:\/\/marsuyhdistys.net\/home\/?page_id=437\">Eliitti-Lemmikki ja MegaEliitti-Lemmikki s\u00e4\u00e4nn\u00f6t<\/a><\/p>\n<p><a href=\"http:\/\/marsuyhdistys.net\/home\/?page_id=7507\">Reilu Peli s\u00e4\u00e4nn\u00f6t<\/a><\/p>\n<p>Sivustomme pyrkii olemaan toimintaamme kuvaava. Yhdistyksen logon k\u00e4ytt\u00f6 ilman lupaa ei ole sallittua. Valokuvat ja artikkelit ovat omistajiensa omaisuutta, joten kaikkia kuvia suojaa tekij\u00e4noikeus, eik\u00e4 niit\u00e4 n\u00e4in ollen anneta ulkopuolisten k\u00e4ytt\u00f6\u00f6n.<\/p>\n","protected":false},"excerpt":{"rendered":"<p>Yhdistyksen s\u00e4\u00e4nn\u00f6t N\u00e4yttelys\u00e4\u00e4nn\u00f6t Virtuaalin\u00e4yttelys\u00e4\u00e4nn\u00f6t Rekister\u00f6intis\u00e4\u00e4nn\u00f6t Rekister\u00f6intiohjeet Sertifioitu kasvattaja Sertifioitu kasvattaja -ohjeet Kasvattajanimis\u00e4\u00e4nn\u00f6t Ohjeita jalostussuunnitelmaan Suomen Muotovalio- ja Suomen MegaMuotovalios\u00e4\u00e4nn\u00f6t Eliitti-Lemmikki ja MegaEliitti-Lemmikki s\u00e4\u00e4nn\u00f6t Reilu Peli s\u00e4\u00e4nn\u00f6t Sivustomme pyrkii olemaan toimintaamme kuvaava. Yhdistyksen logon k\u00e4ytt\u00f6 ilman lupaa ei ole sallittua. Valokuvat &hellip; <a href=\"https:\/\/marsuyhdistys.net\/home\/yhdistys\/saannot\/\">Lue loppuun <span class=\"meta-nav\">&rarr;<\/span><\/a><\/p>\n","protected":false},"author":10,"featured_media":0,"parent":9,"menu_order":40,"comment_status":"closed","ping_status":"closed","template":"","meta":{"footnotes":"","_links_to":"","_links_to_target":""},"class_list":["post-25","page","type-page","status-publish","hentry"],"_links":{"self":[{"href":"https:\/\/marsuyhdistys.net\/home\/wp-json\/wp\/v2\/pages\/25","targetHints":{"allow":["GET"]}}],"collection":[{"href":"https:\/\/marsuyhdistys.net\/home\/wp-json\/wp\/v2\/pages"}],"about":[{"href":"https:\/\/marsuyhdistys.net\/home\/wp-json\/wp\/v2\/types\/page"}],"author":[{"embeddable":true,"href":"https:\/\/marsuyhdistys.net\/home\/wp-json\/wp\/v2\/users\/10"}],"replies":[{"embeddable":true,"href":"https:\/\/marsuyhdistys.net\/home\/wp-json\/wp\/v2\/comments?post=25"}],"version-history":[{"count":30,"href":"https:\/\/marsuyhdistys.net\/home\/wp-json\/wp\/v2\/pages\/25\/revisions"}],"predecessor-version":[{"id":9262,"href":"https:\/\/marsuyhdistys.net\/home\/wp-json\/wp\/v2\/pages\/25\/revisions\/9262"}],"up":[{"embeddable":true,"href":"https:\/\/marsuyhdistys.net\/home\/wp-json\/wp\/v2\/pages\/9"}],"wp:attachment":[{"href":"https:\/\/marsuyhdistys.net\/home\/wp-json\/wp\/v2\/media?parent=25"}],"curies":[{"name":"wp","href":"https:\/\/api.w.org\/{rel}","templated":true}]}}