{"id":252,"date":"2012-09-23T19:00:23","date_gmt":"2012-09-23T17:00:23","guid":{"rendered":"http:\/\/marsuyhdistys.net\/home\/?page_id=252"},"modified":"2013-02-21T18:17:37","modified_gmt":"2013-02-21T16:17:37","slug":"vuosina-2000-2002","status":"publish","type":"page","link":"https:\/\/marsuyhdistys.net\/home\/kaikki-nayttelyista\/nayttelysaannot\/suomen-muotovaliot-2\/vuosina-2000-2002\/","title":{"rendered":"Muotovaliot 2000-2004"},"content":{"rendered":"<p align=\"CENTER\"><strong><br \/>\nSuomen Muotovaliot vuonna 2004<\/strong><\/p>\n<p><strong>MyWay Zappy American Apple Pie\u00a0<\/strong>M384-03<br \/>\nAmerikancrest black naaras<br \/>\nKasvattaja Minna Lintonen Omistaja Katja Kivipuro<\/p>\n<p><strong>JV-04 Aniaras Kelpo Kamina\u00a0<\/strong>M542-02<br \/>\nAbessiinialainen brindle &amp; white uros<br \/>\nKasvattaja &amp; omistaja Katja Kivipuro<\/p>\n<p><strong>S MVA Aniaras Lucky One\u00a0<\/strong>M538-02<br \/>\nEnglannincrest saffron naaras<br \/>\nKasvattja &amp; omistaja Katja Kivipuro<\/p>\n<p><strong>S MVA Aniaras American Gigolo\u00a0<\/strong>M74-04<br \/>\nAmerikancrest p.e.golden uros<br \/>\nKasvattaja &amp; omistaja Katja Kivipuro<\/p>\n<p><strong>Aniaras Abra\u00a0<\/strong>M31-03<br \/>\nSelf saffron naaras<br \/>\nKasvattaja &amp; omistaja Katja Kivipuro<\/p>\n<p><strong>Aniaras Meteoriitti\u00a0<\/strong>M216-02<br \/>\nSelf saffron uros<br \/>\nKasvattaja &amp; omistaja Katja Kivipuro<\/p>\n<p><strong>Princess Madeleine\u00a0<\/strong>M171-03<br \/>\nTeddy black &amp; golden roan\/white\/black naaras<br \/>\nKasvattaja &amp; omistaja Anna &amp; Aleksi Hjerp<\/p>\n<p><strong>GG-03 Saarelman Empire Wampire\u00a0<\/strong>M514-02<br \/>\nTeddy lemon agouti dalmatian uros<br \/>\nKasvattaja &amp; omistaja Tommi L\u00e5ngstr\u00f6m<\/p>\n<p><strong>GG-03 Goldhills A Little Match Girl II\u00a0<\/strong>M224-03<br \/>\nMerino white\/golden naaras<br \/>\nKasvattaja &amp; omistaja Minna Aatela &amp; Raisa Ristim\u00e4ki<\/p>\n<p><strong>MyWay Daisy Jane\u00a0<\/strong>M397-03<br \/>\nSelf black naaras<br \/>\nKasvattaja &amp; omistaja Minna Lintonen<\/p>\n<p><strong>MyWay Itty Bitty\u00a0<\/strong>M592-03<br \/>\nSelf black naaras<br \/>\nKasvattaja &amp; omistaja Minna Lintonen<\/p>\n<p><strong>MyWay Fine&#8217;n Mine\u00a0<\/strong>M396-03<br \/>\nEnglannincrest black naaras<br \/>\nKasvattaja &amp; omistaja Minna Lintonen<\/p>\n<p><strong>GG-04 Tirlittanin Gentleman\u00a0<\/strong>M63-04<br \/>\nAbessiinialainen brindle uros<br \/>\nKasvattaja &amp; omistaja Helena Hakulinen &amp; Arja Kariluoto<\/p>\n<p><strong>Tirlittanin Senor\u00a0<\/strong>M433-03<br \/>\nAbessiinialainen brindle uros<br \/>\nKasvattaja &amp; omistaja Helena Hakulinen &amp; Arja Kariluoto<\/p>\n<p><strong>NordV-05 Tirlittanin Halloween\u00a0<\/strong>M271-04<br \/>\nAbessiinialainen brindle uros<br \/>\nKasvattaja &amp; omistaja Helena Hakulinen &amp; Arja Kariluoto<\/p>\n<p><strong>Tikkitakin Famous Natasha\u00a0<\/strong>M136-04<br \/>\nNonself silver agouti naaras<br \/>\nKasvattaja &amp; omistaja Iina Merjankari &amp; Maria Fredriksson<\/p>\n<p><strong>JV-04 Goldhills Atchafalaya Bay\u00a0<\/strong>M80-04<br \/>\nTexel black\/golden\/white uros<br \/>\nKasvattaja Minna Aatela &amp; Raisa Ristim\u00e4ki Omistaja Tommi L\u00e5ngstr\u00f6m<\/p>\n<p><strong>Birmingham\u00a0<\/strong>M532-03<br \/>\nNonself black roan uros<br \/>\nKasvattaja Simon Neesam Omistaja Mikko Korhonen<\/p>\n<p><strong>Huminan Hell\u00e4\u00a0<\/strong>M291-01<br \/>\nTeddy golden agouti naaras<br \/>\nKasvattaja Hilkka Karhu Omistaja Heli Vaaralahti<\/p>\n<p><strong>Miras Emilia\u00a0<\/strong>M202-03<br \/>\nSelf p.e.white naaras<br \/>\nKasvattaja &amp; omistaja Heli Vaaralahti<\/p>\n<p><strong>Nikean Icy &amp; Spicy\u00a0<\/strong>M340-03<br \/>\nEnglannincrest p.e.white naaras<br \/>\nKasvattaja &amp; omistaja Hanna Lahtinen<\/p>\n<p><strong>Nikean K\u00e4nkk\u00e4r\u00e4nkk\u00e4\u00a0<\/strong>M339-04<br \/>\nEnglannincrest p.e.white naaras<br \/>\nKasvattaja &amp; omistaja Hanna Lahtinen<\/p>\n<p><strong>Miras Astronaut\u00a0<\/strong>M22-04<br \/>\nEnglannincrest black dalmatian uros<br \/>\nKasvattaja &amp; omistaja Heli Vaaralahti<\/p>\n<p><strong>Miras Quantanamera\u00a0<\/strong>M443-03<br \/>\nSelf p.e.golden naaras<br \/>\nKasvattaja &amp; omistaja Heli Vaaralahti<\/p>\n<p><strong>Tikkitakin Tennessee\u00a0<\/strong>M138-04<br \/>\nEnglannincrest silver agouti uros<br \/>\nKasvattaja &amp; omistaja Iina Merjankari &amp; Maria Fredriksson<\/p>\n<p><strong>GG-04 Saarelman La Poeme<\/strong>\u00a0M332-04<br \/>\nTeddy white\/golden roan naaras<br \/>\nKasvattaja &amp; omistaja Tommi L\u00e5ngstr\u00f6m<\/p>\n<p><strong>Natasjas Igroc\u00a0<\/strong>M422-03<br \/>\nTeddy tortoishell&amp;white uros<br \/>\nKasvattaja Ragna Hellberg Omistaja Minna Aatela<\/p>\n<p><strong>Stages Rottweiler AA\u00a0<\/strong>M478-03<br \/>\nAmerikancrest d.e.golden uros<br \/>\nKasvattaja Jeanne Stage Omistaja Minna Aatela<\/p>\n<p><strong>Goldhills Don&#8217;t Give Me Names\u00a0<\/strong>M124-03<br \/>\nAmerikancrest black naaras<br \/>\nKasvattaja &amp; omistaja Minna Aatela &amp; Raisa Ristim\u00e4ki<\/p>\n<p><strong>Emmicas Macreme\u00a0<\/strong>M362-02<br \/>\nRex buff naaras<br \/>\nKasvattaja Ewa Brodin Omistaja Tellu Konttinen<\/p>\n<p><strong>GG-04 Miras Alibaba\u00a0<\/strong>M24-04<br \/>\nNonself black dalmatian uros<br \/>\nKasvattaja &amp; omistaja Heli Vaaralahti<\/p>\n<p><strong>Delfoin Maraschino\u00a0<\/strong>M343-03<br \/>\nSelf black naaras<br \/>\nKasvattaja Kirsi Ruotsalainen &amp; Johanna Niiranen Omistaja Heli Vaaralahti<\/p>\n<p><strong>Delfoin Piccolo\u00a0<\/strong>M272-02<br \/>\nSelf black uros<br \/>\nKasvattaja Kirsi Ruotsalainen &amp; Johanna Niiranen Omistaja Arja Kariluoto &amp; Helena Hakulinen<\/p>\n<p><strong>GG-04 Mimosan \u00c4\u00e4ret\u00f6n\u00a0<\/strong>M47-04<br \/>\nSelf black uros<br \/>\nKasvattaja &amp; omistaja Kirsi Kj\u00e4ll<\/p>\n<p><strong>Tikkitakin Francisco\u00a0<\/strong>M415-03<br \/>\nNonself tortoishell&amp;white uros<br \/>\nKasvattaja &amp; omistaja Iina Merjankari &amp; Maria Fredriksson<\/p>\n<p><strong>Andien Cucunor\u00a0<\/strong>M83-03<br \/>\nTeddy p.e.golden roan uros<br \/>\nKasvattaja Anneli Ceder Omistaja Minna Aatela<\/p>\n<p><strong>GG-03 Goldhills No Speech As Long As I Get Nothing\u00a0<\/strong>M123-03<br \/>\nAmerikancrest black naaras<br \/>\nKasvattaja &amp; omistaja Minna Aatela &amp; Raisa Ristim\u00e4ki<\/p>\n<p><strong>Aniaras Kelpo K\u00f6li\u00a0<\/strong>M535-02<br \/>\nAbessiinialainen brinde uros<br \/>\nKasvattaja Katja Kivipuro Omistaja Janiika Toivoniemi<\/p>\n<p><strong>Aniaras Kelpo Kelmi\u00a0<\/strong>M130-02<br \/>\nAbessiinialainen brindle uros<br \/>\nKasvattaja Katja Kivipuro Omistaja Tinja Lesonen<\/p>\n<p><strong>Aniaras Kelpo Komistus\u00a0<\/strong>M500-03<br \/>\nAbessiinialainen white\/golden\/black uros<br \/>\nKasvattaja Katja Kivipuro Omistaja Marjo Aro<\/p>\n<p><strong>Helminauhan Pieni Onni\u00a0<\/strong>M166-04<br \/>\nTeddy golden roan uros<br \/>\nKasvattaja Tiia Pulkkinen &amp; Kristiina Hyyti\u00e4l\u00e4 Omistaja Marjo Aro<\/p>\n<p>&nbsp;<\/p>\n<p align=\"CENTER\"><strong>Suomen Muotovaliot vuonna 2003<\/strong><\/p>\n<p><strong>Goldhill\u00b4s Totally Perfect<\/strong><br \/>\nAmerikan crest black naaras<br \/>\nKasvattaja &amp; omistaja Minna Aatela<\/p>\n<p><strong>Highhat\u00b4s Happy Go Lucky Me<\/strong><br \/>\nRex cinnamonagouti\/white uros<br \/>\nKasvattaja Bettan Gilleborn-Sundberg Omistaja Maarika Wallenius<\/p>\n<p><strong>Tikkitakin Fairview Classique<\/strong><br \/>\nNonself silver agouti uros, M92-01<br \/>\nKasvattaja &amp; omistaja Iina Merjankari &amp; Maria Fredriksson<\/p>\n<p><strong>S MVA Arions Ghizelle<\/strong><br \/>\nNonself black dalmatian naaras<br \/>\nKasvattaja Anneli &amp; Rune Bertlin Omistaja Heli Vaaralahti<\/p>\n<p><strong>Picantto\u2019s \u00c5i Miten Kaunis\u00a0<\/strong>M350-02<br \/>\nEnglannincrest buff naaras<br \/>\nKasvattaja &amp; omistaja Mikko Korhonen<\/p>\n<p><strong>Tikkitakin Amour De Bahia\u00a0<\/strong>M201-02<br \/>\nNonself silver agouti naaras<br \/>\nKasvattaja &amp; omistaja Iina Merjankari &amp; Maria Fredriksson<\/p>\n<p><strong>Two Towns Shadow\u00a0<\/strong>M436-02<br \/>\nRex cinnamonagouti uros<br \/>\nKasvattaja Ulrica Eder Andersson Omistaja Maarika Wallenius<\/p>\n<p><strong>Miras Victor\u00a0<\/strong>M102-03<br \/>\nNonself black dalmatian uros<br \/>\nKasvattaja &amp; omistaja Heli Vaaralahti<\/p>\n<p><strong>Tikkitakin Chariton\u00a0<\/strong>M244-03<br \/>\nNonself tortoishell &amp; white uros<br \/>\nKasvattaja &amp; omistaja Iina Merjankari &amp; Maria Fredriksson<\/p>\n<p><strong>S MVA GG-03 Picanttos Clyde\u00a0<\/strong>M317-01<br \/>\nEnglannincrest black himalaya uros<br \/>\nKasvattaja &amp; omistaja Mikko Korhonen<\/p>\n<p><strong>Nikean Pikku Pimu\u00a0<\/strong>M153-03<br \/>\nAbessiinialainen brindle naaras<br \/>\nKasvattaja Hanna Lahtinen Omistaja Helena Hakulinen<\/p>\n<p><strong>Saarelman Mikko Mallikas\u00a0<\/strong>M441-02<br \/>\nTeddy cream agouti dalmatian uros<br \/>\nKasvattaja Tommi L\u00e5ngstr\u00f6m Omistaja Essi Karjalainen<\/p>\n<p><strong>Andien Piccolo\u00a0<\/strong>M370-02<br \/>\nSelf p.e.white uros<br \/>\nKasvattaja Anneli Ceder Omistaja Heli Vaaralahti &amp; Kirsi Kj\u00e4ll<\/p>\n<p><strong>Aniaras Musta Topaasi\u00a0<\/strong>M545-02<br \/>\nSelf black naaras<br \/>\nKasvattaja Katja Kivipuro Omistaja Taru Jantunen<\/p>\n<p><strong>JV-03 Tikkitakin Tammen Shah\u00a0<\/strong>M48-03<br \/>\nNonself silver agouti uros<br \/>\nKasvattaja &amp; omistaja Iina Merjankari &amp; Maria Fredriksson<\/p>\n<p><strong>S MVA Aniaras Variaatio\u00a0<\/strong>M299-01<br \/>\nSelf saffron uros<br \/>\nKasvattaja &amp; omistaja Katja Kivipuro<\/p>\n<p><strong>JV-01 JV-02 Passions Knockout\u00a0<\/strong>M132-01<br \/>\nAbessiinialainen brindle uros<br \/>\nKasvattaja Sanna Wrisnig Omistaja Katja Kivipuro<\/p>\n<p><strong>Ashfield Oliver\u00a0<\/strong>M132-02<br \/>\nSelf saffron uros<br \/>\nKasvattaja Oliver Joyce Omistaja Katja Kivipuro<\/p>\n<p><strong>Marshas Classico\u00a0<\/strong>M207-02<br \/>\nSelf black uros<br \/>\nKasvattaja Marita \u00c5hl Omistaja Katja Kivipuro<\/p>\n<p><strong>GG-02 Marshas Cockatoo\u00a0<\/strong>M447-02<br \/>\nEnglannincrest black uros<br \/>\nKasvattaja Marita \u00c5hl Omistaja Katja Kivipuro<\/p>\n<p><strong>S MVA Aniaras Aminohappo\u00a0<\/strong>M79-01<br \/>\nSelf saffron uros<br \/>\nKasvattaja &amp; omistaja Katja Kivipuro<\/p>\n<p><strong>Camomille Stud Sparticus\u00a0<\/strong>M356-02<br \/>\nAmerikancrest black uros<br \/>\nKasvattaja Don Payne Omistaja Katja Kivipuro<\/p>\n<p><strong>GG-02 Camomille Stud Trojan\u00a0<\/strong>M358-02<br \/>\nAmerikancrest black uros<br \/>\nKasvattaja Don Payne Omistaja Katja Kivipuro<\/p>\n<p><strong>S MVA Aniaras Illuusio\u00a0<\/strong>M72-01<br \/>\nEnglannincrest saffron naaras<br \/>\nKasvattaja &amp; omistaja Katja Kivipuro<\/p>\n<p><strong>GG-02 Byh\u00e5lans Interaktiv\u00a0<\/strong>M208-02<br \/>\nAbessiinialainen brindle uros<br \/>\nKasvattaja Laila Sandberg Omistaja Katja Kivipuro<\/p>\n<p><strong>MyWay Incredible American Beauty of Aniara\u00a0<\/strong>M178-03<br \/>\nAmerikancrest black naaras<br \/>\nKasvattaja &amp; omistaja Minna Lintonen<\/p>\n<p>&nbsp;<\/p>\n<p align=\"CENTER\"><strong>Suomen Muotovaliot vuonna 2002 <\/strong><\/p>\n<p lang=\"en-US\"><strong>S MVA Enigmas Black Stone<\/strong> M295-01<br \/>\nSelf black uros<br \/>\nKasvattaja Carina Myrberg Omistaja Katja Kivipuro<\/p>\n<p><strong>Huminan Antti-Jalmari<\/strong> M189-00<br \/>\nTeddy goldenagouti uros<br \/>\nKasvattaja Hilkka Karhu Omistaja Tiia Pulkkinen<\/p>\n<p><strong>Helminauhan Artturi<\/strong> M56-02<br \/>\nTeddy golden&amp;black roan uros<br \/>\nKasvattaja &amp; omistaja Tiia Pulkkinen ja Kristiina Hyyti\u00e4l\u00e4<\/p>\n<p><strong>Base Camp&#8217;s Baby Doll<\/strong> M373-02<br \/>\nNonself lemon agouti naaras<br \/>\nKasvattaja Lena Th\u00f6rn Omistaja Ritva Kajanus<\/p>\n<p><strong>GG-02 Tikkitakin Halim El-Mansour<\/strong> M306-01<br \/>\nNonself silver agouti uros<br \/>\nKasvattaja Iina Merjankari &amp; Maria Fredriksson Omistaja Ritva Kajanus<\/p>\n<p><strong>Tikkitakin Amour De Bahia<\/strong> M201-02<br \/>\nNonself silver agouti naaras<br \/>\nKasvattaja &amp; omistaja Iina Merjankari ja Maria Fredriksson<\/p>\n<p><strong>Aniaras Aa-Aa<\/strong> M236-99<br \/>\nSatiini cream naaras<br \/>\nKasvattaja Katja Kivipuro Omistaja Lea Rahtu<\/p>\n<p><strong>Nikean Pumpulipallo<\/strong> M168-02<br \/>\nEnglannincrest p.e.white naaras<br \/>\nKasvattaja Hanna Lahtinen Omistaja Tiia Pulkkinen<\/p>\n<p><strong>Viby&#8217;s Black Judy<\/strong> M339-01<br \/>\nSelf black naaras<br \/>\nKasvattaja Lena Tysk Omistaja Mikko Korhonen<\/p>\n<p><strong>Nikean Pannukakku<\/strong> M32-01<br \/>\nSelf cream naaras<br \/>\nKasvattaja &amp; omistaja Hanna Lahtinen<\/p>\n<p><strong>GG-01 Nikean Molla Maija<\/strong> M342-01<br \/>\nSelf p.e.white naaras<br \/>\nKasvattaja &amp; omistaja Hanna Lahtinen<\/p>\n<p><strong>GG-01 Nikean Marenki<\/strong> M80-01<br \/>\nSatiini p.e.white naaras<br \/>\nKasvattaja &amp; omistaja Hanna Lahtinen<\/p>\n<p><strong>Nikean Kiilto<\/strong> M334-00<br \/>\nSatiini p.e.white uros<br \/>\nKasvattaja &amp; omistaja Hanna Lahtinen<\/p>\n<p><strong>Nikean Kimallus<\/strong> M210-02<br \/>\nSatiini p.e.white naaras<br \/>\nKasvattaja &amp; omistaja Hanna Lahtinen<\/p>\n<p><strong>NordV-02 Nikean Glamour<\/strong> M202-02<br \/>\nSatiini crest p.e.white naaras<br \/>\nKasvattaja &amp; omistaja Hanna Lahtinen<\/p>\n<p><strong>GG-01 Nikean Zulu<\/strong> M363-01<br \/>\nAbessinialainen brindle naaras<br \/>\nKasvattaja &amp; omistaja Hanna Lahtinen<\/p>\n<p><strong>Nikean Eka Vekara<\/strong> M37-02<br \/>\nAbessinialainen tortoiseshell&amp;white uros<br \/>\nKasvattaja &amp; omistaja Hanna Lahtinen<\/p>\n<p><strong>Nikean Helmi<\/strong> M345-01<br \/>\nSatiini p.e.white naaras<br \/>\nKasvattaja &amp; omistaja Hanna Lahtinen<\/p>\n<p><strong>Nikean Neiti N\u00e4ps\u00e4<\/strong> M82-01<br \/>\nEnglannincrest p.e.white naaras<br \/>\nKasvattaja &amp; omistaja Hanna Lahtinen<\/p>\n<p><strong>Cavantina&#8217;s Quando Quando<\/strong> M210-01<br \/>\nSheltie golden agouti\/golden\/white uros<br \/>\nKasvattaja Anneli Dellemark Omistaja Mikko Korhonen<\/p>\n<p><strong>NordV-01 Aniaras Kelpo Kepponen<\/strong> M296-01<br \/>\nAbessinialainen brindle naaras<br \/>\nKasvattaja &amp; omistaja Katja Kivipuro<\/p>\n<p><strong>Aniaras Marco<\/strong> M80-00<br \/>\nSelf saffron uros<br \/>\nKasvattaja &amp; omistaja Katja Kivipuro<\/p>\n<p><strong>Aniaras Venus<\/strong> M134-01<br \/>\nSelf saffron naaras<br \/>\nKasvattaja Katja Kivipuro Omistaja Ritva Kajanus<\/p>\n<p><strong>DK MVA S MVA Beloxi&#8217;s Armageddon<\/strong> M209-02<br \/>\nSelf saffron uros<br \/>\nKasvattaja Kenneth Hansen Omistaja Katja Kivipuro<\/p>\n<p><strong>Picantto&#8217;s Wilmington Sue<\/strong> M62-01<br \/>\nSelf buff naaras<br \/>\nKasvattaja &amp; omistaja Mikko Korhonen<\/p>\n<p>&nbsp;<\/p>\n<p align=\"CENTER\"><strong>Suomen Muotovaliot vuonna 2001<\/strong><\/p>\n<p><strong>Saarelman Rhododendron<\/strong> M175-00<br \/>\nTeddy goldenagouti roan naaras<br \/>\nKasvattaja &amp; omistaja Tommi L\u00e5ngstr\u00f6m<\/p>\n<p><strong>S MVA Aniara\u2019s Kaliiperi<\/strong> M8-99<br \/>\nSelf saffron naaras<br \/>\nKasvattaja &amp; omistaja Katja Kivipuro<\/p>\n<p><strong>Tikkitakin Silver Sparrow<\/strong> M193-00<br \/>\nNonself silver agouti uros<br \/>\nKasvattaja &amp; omistaja Iina Merjankari &amp; Maria Fredriksson<\/p>\n<p><strong>Tikkitakin King of Hearts<\/strong> M20-00<br \/>\nNonself silver agouti uros<br \/>\nKasvattaja &amp; omistaja Iina Merjankari &amp; Maria Fredriksson<\/p>\n<p><strong>Saarelman Rudolf<\/strong> M174-00<br \/>\nTeddy lemonagouti roan uros<br \/>\nKasvattaja Tommi L\u00e5ngstr\u00f6m Omistaja Marleena Luhtasaari<\/p>\n<p><strong>Picantto\u2019s Hurrigane<\/strong> M196-00<br \/>\nEnglannincrest black himalaya naaras<br \/>\nKasvattaja &amp; omistaja Mikko Korhonen<\/p>\n<p><strong>Picantto\u2019s Harlekine<\/strong> M198-00<br \/>\nNonself black himalaya uros<br \/>\nKasvattaja &amp; omistaja Mikko Korhonen<\/p>\n<p><strong>JV-01 Picantto\u2019s Marionette<\/strong> M306-00<br \/>\nSatiini chocolate himalaya naaras<br \/>\nKasvattaja &amp; omistaja Mikko Korhonen<\/p>\n<p><strong>S MVA Aniara\u2019s Citronella<\/strong> M79-00<br \/>\nEnglannincrest saffron naaras<br \/>\nKasvattaja &amp; omistaja Katja Kivipuro<\/p>\n<p><strong>Malaxi\u2019s Nantro<\/strong> M68-01<br \/>\nAlpakka golden\/white naaras<br \/>\nKasvattaja Jens Lindgren Omistaja Tommi L\u00e5ngstr\u00f6m<\/p>\n<p><strong>JV-01 Malaxi\u2019s Quetara <\/strong>M69-01<br \/>\nAlpakka black\/golden\/white naaras<br \/>\nKasvattaja Jens Lindgren Omistaja Tommi L\u00e5ngstr\u00f6m<\/p>\n<p><strong>Nikean Chrystal<\/strong> M81-01<br \/>\nEnglannincrest p.e.white naaras<br \/>\nKasvattaja &amp; omistaja Hanna Lahtinen<\/p>\n<p><strong>Nikean Hajuherne<\/strong> M208-00<br \/>\nEnglannincrest p.e.white naaras<br \/>\nKasvattaja &amp; omistaja Hanna Lahtinen<\/p>\n<p><strong>Nikean Vanilliini<\/strong> M92-00<br \/>\nSelf white naaras<br \/>\nKasvattaja Hanna Lahtinen Omistaja Veera Hovila<\/p>\n<p><strong>Saarelman Debby<\/strong> M318-00<br \/>\nTeddy white\/cream roan\/lemoanagouti naaras<br \/>\nKasvattaja &amp; omistaja Tommi L\u00e5ngstr\u00f6m<\/p>\n<p><strong>Saarelman Demon<\/strong> M177-00<br \/>\nTeddy white\/creamagoutiroan\/cream uros<br \/>\nKasvattaja &amp; omistaja Tommi L\u00e5ngstr\u00f6m<\/p>\n<p><strong>Saarelman Donitsi<\/strong> M38-01<br \/>\nTeddy white\/buff naaras<br \/>\nKasvattaja &amp; omistaja Tommi L\u00e5ngstr\u00f6m<\/p>\n<p><strong>Nikean Vesihiisi<\/strong> M34-01<br \/>\nEnglannincrest cream naaras<br \/>\nKasvattaja &amp; omistaja Hanna Lahtinen<\/p>\n<p><strong>JV-01 Saarelman Devil<\/strong> M178-00<br \/>\nTeddy white\/black roan uros<br \/>\nKasvattaja Tommi L\u00e5ngstr\u00f6m Omistaja Jukka Viljala<\/p>\n<p><strong>Saarelman Duracell<\/strong> M323-00<br \/>\nTeddy buff roan uros<br \/>\nKasvattaja &amp; omistaja Tommi L\u00e5ngstr\u00f6m<\/p>\n<p><strong>Cakhaya\u2019s Carina<\/strong> M53-01<br \/>\nSelf red naaras<br \/>\nKasvattaja &amp; omistaja Carita Korhonen<\/p>\n<p><strong>Picantto\u2019s Santa Claus<\/strong> M7-01<br \/>\nSatiini black himalaya uros<br \/>\nKasvattaja &amp; omistaja Mikko Korhonen<\/p>\n<p>&nbsp;<\/p>\n<p>&nbsp;<\/p>\n<p align=\"CENTER\"><strong>Suomen Muotovaliot vuonna 2000 <\/strong><\/p>\n<p><strong>Aniara&#8217;s Terracotta<\/strong> M8-98<br \/>\nSelf saffron uros<br \/>\nKasvattaja &amp; omistaja Katja Kivipuro<\/p>\n<p><strong>Tikkitakin Earth Wind &#8216;n Fire<\/strong><br \/>\nNonself silver agouti<br \/>\nKasvattaja &amp; omistaja Iina Merjankari &amp; Maria Fredriksson<\/p>\n<p><strong>JV-00 Tikkitakin Tirnanog<\/strong><br \/>\nNonself silver agouti<br \/>\nKasvattaja &amp; omistaja Iina Merjankari &amp; Maria Fredriksson<\/p>\n<p><strong>GG-99 GG-00 Tikkitakin Tiger Shark<\/strong><br \/>\nNonself silver agouti<br \/>\nKasvattaja &amp; omistaja Iina Merjankari &amp; Maria Fredriksson<\/p>\n<p><strong>Tikkitakin Dreamcatcher<\/strong><br \/>\nNonself silver agouti<br \/>\nKasvattaja &amp; omistaja Iina Merjankari &amp; Maria Fredriksson<\/p>\n<p><strong>JV-00 GG-00 Tikkitakin Kahuna<\/strong><br \/>\nNonself silver agouti<br \/>\nKasvattaja &amp; omistaja Iina Merjankari &amp; Maria Fredriksson<\/p>\n<p><strong>Nikean Vanilja<\/strong> M90-00<br \/>\nSelf p.e.white naaras<br \/>\nKasvattaja &amp; omistaja Hanna Lahtinen<\/p>\n<p><strong>Saarelman Eucaluptus<\/strong> M42-99<br \/>\nEnglannincrest p.e.white uros<br \/>\nKasvattaja Tommi L\u00e5ngstr\u00f6m Omistaja Hanna Lahtinen<\/p>\n<p><strong>S &amp; N MVA GG-00 JV-01 Aniara&#8217;s Analyysi<\/strong> M22-99<br \/>\nEnglannincrest saffron naaras<br \/>\nKasvattaja &amp; omistaja Katja Kivipuro<\/p>\n<p><strong>N MVA Aniara&#8217;s Komponentti<\/strong> M7-99<br \/>\nSelf saffron uros<br \/>\nKasvattaja &amp; omistaja Katja Kivipuro<\/p>\n<p><strong>Aniara&#8217;s Klisee <\/strong>M9-99<br \/>\nSelf saffron naaras<br \/>\nKasvattaja &amp; omistaja Katja Kivipuro<\/p>\n<p><strong>Saarelman Geh\u00e4gugga<\/strong> M45-99<br \/>\nEnglannincrest p.e.white naaras<br \/>\nKasvattaja &amp; omistaja Tommi L\u00e5ngstr\u00f6m<\/p>\n<p><strong>DK &amp; S MVA GG-99 Asterex Ritmann<\/strong> M200-99<br \/>\nTeddy golden&amp;black roan\/white uros<br \/>\nKasvattaja Lene Fog Pedersen Omistaja Tommi L\u00e5ngstr\u00f6m<\/p>\n<p><strong>S MVA GG-00 VV-00 JV-00 Saarelman Ramses<\/strong><br \/>\nTeddy golden roan uros<br \/>\nKasvattaja &amp; omistaja Tommi L\u00e5ngstr\u00f6m<\/p>\n<p><strong>Saarelman Grand Canyon<\/strong> M157-00<br \/>\nEnglannincrest p.e.white uros<br \/>\nKasvattaja &amp; omistaja Tommi L\u00e5ngstr\u00f6m<\/p>\n<p><strong>Astrex Wicky<\/strong><br \/>\nTeddy goldenagouti roan\/white naaras<br \/>\nKasvattaja Lene Fog Pedersen Omistaja Hilkka Karhu<\/p>\n<p><strong>GG-99 Raita<\/strong> M173-99<br \/>\nSatiini d.e.golden naaras<br \/>\nOmistaja Jade Baer<\/p>\n<p><strong>Saarelman Ryan<\/strong><br \/>\nTeddy uros<br \/>\nKasvattaja Tommi L\u00e5ngstr\u00f6m Omistaja Hilkka Karhu<\/p>\n<p><strong>GG-99 Axelina<\/strong> M94-99<br \/>\nTexel golden\/white naaras<br \/>\nOmistaja Tanja Tiensuu<\/p>\n<p><strong>Nikean Soft Ice<\/strong> M143-00<br \/>\nSelf p.e.white naaras<br \/>\nKasvattaja &amp; omistaja Hanna Lahtinen<\/p>\n<p><strong>Saarelman Alabaster<\/strong> M35-00<br \/>\nEnglannincrest p.e.white naaras<br \/>\nKasvattaja Tommi L\u00e5ngstr\u00f6m Omistaja Hanna Lahtinen<\/p>\n<p><strong>Nikean Herra Huu<\/strong> M91-00<br \/>\nEnglannincrest p.e.white uros<br \/>\nKasvattaja &amp; omistaja Hanna Lahtinen<\/p>\n<p><strong>Saarelman Ikebana<\/strong> M44-99<br \/>\nEnglannincrest p.e.white uros<br \/>\nKasvattaja Tommi L\u00e5ngstr\u00f6m Omistaja Hanna Lahtinen<\/p>\n<p><strong>JV-00 Nikean Ziat<\/strong> M126-99<br \/>\nSelf p.e.white naaras<br \/>\nKasvattaja &amp; omistaja Hanna Lahtinen<\/p>\n<p><strong>Asterex Ghost<\/strong> M234-99<br \/>\nTeddy p.e.white uros<br \/>\nKasvattaja Lene Fog Pedersen Omistaja Hilkka Karhu<\/p>\n<p><strong>Tikkitakin Famous Fuga<\/strong><br \/>\nNonself silver agouti<br \/>\nKasvattaja &amp; omistaja Iina Merjankari &amp; Maria Fredriksson<\/p>\n","protected":false},"excerpt":{"rendered":"<p>Suomen Muotovaliot vuonna 2004 MyWay Zappy American Apple Pie\u00a0M384-03 Amerikancrest black naaras Kasvattaja Minna Lintonen Omistaja Katja Kivipuro JV-04 Aniaras Kelpo Kamina\u00a0M542-02 Abessiinialainen brindle &amp; white uros Kasvattaja &amp; omistaja Katja Kivipuro S MVA Aniaras Lucky One\u00a0M538-02 Englannincrest saffron naaras &hellip; <a href=\"https:\/\/marsuyhdistys.net\/home\/kaikki-nayttelyista\/nayttelysaannot\/suomen-muotovaliot-2\/vuosina-2000-2002\/\">Lue loppuun <span class=\"meta-nav\">&rarr;<\/span><\/a><\/p>\n","protected":false},"author":10,"featured_media":0,"parent":249,"menu_order":990,"comment_status":"closed","ping_status":"closed","template":"","meta":{"footnotes":"","_links_to":"","_links_to_target":""},"class_list":["post-252","page","type-page","status-publish","hentry"],"_links":{"self":[{"href":"https:\/\/marsuyhdistys.net\/home\/wp-json\/wp\/v2\/pages\/252","targetHints":{"allow":["GET"]}}],"collection":[{"href":"https:\/\/marsuyhdistys.net\/home\/wp-json\/wp\/v2\/pages"}],"about":[{"href":"https:\/\/marsuyhdistys.net\/home\/wp-json\/wp\/v2\/types\/page"}],"author":[{"embeddable":true,"href":"https:\/\/marsuyhdistys.net\/home\/wp-json\/wp\/v2\/users\/10"}],"replies":[{"embeddable":true,"href":"https:\/\/marsuyhdistys.net\/home\/wp-json\/wp\/v2\/comments?post=252"}],"version-history":[{"count":7,"href":"https:\/\/marsuyhdistys.net\/home\/wp-json\/wp\/v2\/pages\/252\/revisions"}],"predecessor-version":[{"id":694,"href":"https:\/\/marsuyhdistys.net\/home\/wp-json\/wp\/v2\/pages\/252\/revisions\/694"}],"up":[{"embeddable":true,"href":"https:\/\/marsuyhdistys.net\/home\/wp-json\/wp\/v2\/pages\/249"}],"wp:attachment":[{"href":"https:\/\/marsuyhdistys.net\/home\/wp-json\/wp\/v2\/media?parent=252"}],"curies":[{"name":"wp","href":"https:\/\/api.w.org\/{rel}","templated":true}]}}