{"id":2534,"date":"2014-03-17T20:46:41","date_gmt":"2014-03-17T18:46:41","guid":{"rendered":"http:\/\/marsuyhdistys.net\/home\/?page_id=2534"},"modified":"2026-01-29T19:14:24","modified_gmt":"2026-01-29T17:14:24","slug":"nayttelysaannot","status":"publish","type":"page","link":"https:\/\/marsuyhdistys.net\/home\/kaikki-nayttelyista\/nayttelysaannot\/","title":{"rendered":"N\u00e4yttely- ja muotovalios\u00e4\u00e4nn\u00f6t"},"content":{"rendered":"<p><strong><a title=\"N\u00e4yttelys\u00e4\u00e4nn\u00f6t\" href=\"http:\/\/marsuyhdistys.net\/home\/?page_id=33\" target=\"_blank\" rel=\"noopener\">N\u00e4yttelys\u00e4\u00e4nn\u00f6t l\u00f6yd\u00e4t t\u00e4\u00e4lt\u00e4<\/a><br \/><\/strong><\/p>\n<p><strong><a href=\"https:\/\/marsuyhdistys.net\/home\/?page_id=8331\">Virtuaalin\u00e4yttelys\u00e4\u00e4nn\u00f6t l\u00f6yd\u00e4t t\u00e4\u00e4lt\u00e4<\/a><\/p>\n<p><a href=\"https:\/\/marsuyhdistys.net\/home\/yhdistys\/saannot\/suomen-muotovalio-saannot\/\">Suomen Juniori-, Muotovalio-, ja MegaMuotovalios\u00e4\u00e4nn\u00f6t<\/a><\/strong><\/p>\n<p><a href=\"https:\/\/marsuyhdistys.net\/home\/yhdistys\/saannot\/eliittipetsaannot\/\"><strong>EliittiLemmikki ja MegaliittiLemmikki s\u00e4\u00e4nn\u00f6t<\/strong><\/a><\/p>\n<p><strong><a class=\"row-title\" href=\"https:\/\/marsuyhdistys.net\/home\/kaikki-nayttelyista\/nayttelysaannot\/suomen-muotovaliot-2\/\" aria-label=\"\u201dFI JMVA, FI MVA, FI M-MVA ja muut tittelit\u201d (Muokkaa)\">FI JMVA, FI MVA, FI M-MVA ja muut tittelit<\/a><\/strong><\/p><\/p>\n","protected":false},"excerpt":{"rendered":"<p>N\u00e4yttelys\u00e4\u00e4nn\u00f6t l\u00f6yd\u00e4t t\u00e4\u00e4lt\u00e4 Virtuaalin\u00e4yttelys\u00e4\u00e4nn\u00f6t l\u00f6yd\u00e4t t\u00e4\u00e4lt\u00e4 Suomen Juniori-, Muotovalio-, ja MegaMuotovalios\u00e4\u00e4nn\u00f6t EliittiLemmikki ja MegaliittiLemmikki s\u00e4\u00e4nn\u00f6t FI JMVA, FI MVA, FI M-MVA ja muut tittelit<\/p>\n","protected":false},"author":10,"featured_media":0,"parent":51,"menu_order":40,"comment_status":"closed","ping_status":"closed","template":"","meta":{"footnotes":"","_links_to":"","_links_to_target":""},"class_list":["post-2534","page","type-page","status-publish","hentry"],"_links":{"self":[{"href":"https:\/\/marsuyhdistys.net\/home\/wp-json\/wp\/v2\/pages\/2534","targetHints":{"allow":["GET"]}}],"collection":[{"href":"https:\/\/marsuyhdistys.net\/home\/wp-json\/wp\/v2\/pages"}],"about":[{"href":"https:\/\/marsuyhdistys.net\/home\/wp-json\/wp\/v2\/types\/page"}],"author":[{"embeddable":true,"href":"https:\/\/marsuyhdistys.net\/home\/wp-json\/wp\/v2\/users\/10"}],"replies":[{"embeddable":true,"href":"https:\/\/marsuyhdistys.net\/home\/wp-json\/wp\/v2\/comments?post=2534"}],"version-history":[{"count":12,"href":"https:\/\/marsuyhdistys.net\/home\/wp-json\/wp\/v2\/pages\/2534\/revisions"}],"predecessor-version":[{"id":13171,"href":"https:\/\/marsuyhdistys.net\/home\/wp-json\/wp\/v2\/pages\/2534\/revisions\/13171"}],"up":[{"embeddable":true,"href":"https:\/\/marsuyhdistys.net\/home\/wp-json\/wp\/v2\/pages\/51"}],"wp:attachment":[{"href":"https:\/\/marsuyhdistys.net\/home\/wp-json\/wp\/v2\/media?parent=2534"}],"curies":[{"name":"wp","href":"https:\/\/api.w.org\/{rel}","templated":true}]}}