{"id":259,"date":"2012-09-24T12:34:59","date_gmt":"2012-09-24T10:34:59","guid":{"rendered":"http:\/\/marsuyhdistys.net\/home\/?page_id=259"},"modified":"2022-08-18T10:09:48","modified_gmt":"2022-08-18T08:09:48","slug":"259-2","status":"publish","type":"page","link":"https:\/\/marsuyhdistys.net\/home\/kaikki-nayttelyista\/259-2\/","title":{"rendered":"Marsun valmistelu n\u00e4yttelyyn"},"content":{"rendered":"<p><span style=\"color: #000000;\"><strong>Kaikkien marsujen peruskunto<\/strong><\/span><br \/>\n<span style=\"color: #000000;\"> Kaikkien marsujen perusvalmistelu; massan kasvattaminen kunnollisen ajan kanssa ja n\u00e4yttelyalustaan totuttelu ovat pitk\u00e4aikaisia prosesseja, joihin tulee jatkuvasti panostaa. Massaa ja lihaksia marsu saa liikunnasta sek\u00e4 terveellisest\u00e4 ja hyv\u00e4laatuisesta ruoasta. N\u00e4yttelyedustusta kasvattaa my\u00f6s marsun kesyys; k\u00e4sittely ja seurustelu p\u00e4ivitt\u00e4in opettavat tietysti marsua luottamaan ihmisiin. Tietysti n\u00e4yttelyyn tuotavan marsun tulee olla my\u00f6s ehdottoman terve. Terveen marsun turkki on kiilt\u00e4v\u00e4t ja sile\u00e4 (marsun rodusta tietysti riippuen), silm\u00e4t kirkkaat ja k\u00e4ytt\u00e4ytyminen valpasta. T\u00e4rke\u00e4\u00e4 on muistaa, ettei sairasta marsua saa milloinkaan vied\u00e4 n\u00e4yttelyyn.<\/span><\/p>\n<p><span style=\"color: #000000;\"><strong>Lyhytkarvaiset<\/strong><\/span><br \/>\n<span style=\"color: #000000;\"> Lyhytkarvaiset marsut trimmataan n\u00e4yttelyihin. Trimmaus tarkoittaa k\u00e4yt\u00e4nn\u00f6ss\u00e4 pitkien peitinkarvojen poistamista turkista tavoitteena saada se siistiksi ja hyvin palautuvaksi. Yleens\u00e4 lienee helpointa ottaa marsu tukevasti syliin ja trimmata siin\u00e4, n\u00e4in marsu on koko ajan tukevasti, eik\u00e4 p\u00e4\u00e4se rimpuilemaan. My\u00f6s p\u00f6yd\u00e4ll\u00e4 voi trimmauksen hoitaa, mutta varsinkin kokemattoman omistajan kokematon marsu saattaa helposti alkaa rimpuilla ja jopa pudota p\u00f6yd\u00e4lt\u00e4.<\/span><\/p>\n<p><span style=\"color: #000000;\">Keski- ja etusormen v\u00e4liin otetaan hieman turkkia ja nostetaan tupas yl\u00f6s harjaksi, jossa pitk\u00e4t karvat erottuvat selke\u00e4sti lyhyist\u00e4. Kaikki n\u00e4m\u00e4 pitkin\u00e4 erottuvat karvat tulee nyppi\u00e4 pois koko turkista. T\u00e4m\u00e4 on ty\u00f6l\u00e4st\u00e4 ja varsinkin aluksi my\u00f6s hankalaa, joten ei kannata j\u00e4tt\u00e4\u00e4 koko trimmausta viimeiseen n\u00e4yttely\u00e4 edelt\u00e4v\u00e4\u00e4n iltaan, v\u00e4syneen\u00e4 ja kiireell\u00e4 tehdyst\u00e4 trimmauksesta ei ole v\u00e4ltt\u00e4m\u00e4tt\u00e4 lainkaan hy\u00f6ty\u00e4 ja my\u00f6s marsun turkki voi menett\u00e4\u00e4 ominaisuuksiaan koko trimmauksessa.\u00a0Trimmaaminen ei satu marsuun niin paljon, kun ne useimmiten antavat ymm\u00e4rt\u00e4\u00e4 (v\u00e4ite, ett\u00e4 marsut kiljuvat vain \u00e4\u00e4rimm\u00e4isess\u00e4 h\u00e4d\u00e4ss\u00e4 on aivan tuulesta temmattu). Kun marsut tottuvat trimmaamiseen, ne yleens\u00e4 nauttivat syliss\u00e4 olosta hiljaa maaten ja samalla jutellen.<\/span><\/p>\n<p><span style=\"color: #000000;\">Marsun voi halutessaan pest\u00e4 muutamankin kerran ennen n\u00e4yttely\u00e4, on aika yksil\u00f6llist\u00e4 marsujen kesken millainen pesu on paras, omalle marsulle sopivimman tavan l\u00f6yt\u00e4\u00e4 vain kokeilemalla. Yleens\u00e4 sile\u00e4karvaisilla marsuilla paras pesuaika on joko n\u00e4yttely\u00e4 edelt\u00e4v\u00e4n\u00e4 p\u00e4iv\u00e4n\u00e4, n\u00e4yttelyp\u00e4iv\u00e4n aamuna, tai muutamaa p\u00e4iv\u00e4\u00e4 ennen n\u00e4yttely\u00e4.<\/span><\/p>\n<p><span style=\"color: #000000;\">Marsua ei kannata ainakaan ihan ensimm\u00e4iseksi laskea veteen, vaan ainakin kastella se k\u00e4dess\u00e4 pit\u00e4en. Varsinkin tottumattomilla marsuilla veteen joutuminen aiheuttaa usein paniikin. Marsu kastellaan kunnolla p\u00e4\u00e4t\u00e4 lukuun ottamatta ja pest\u00e4\u00e4n sitten ensin rasvarauhanen. Sen pesemiseen k\u00e4y hyvin joku k\u00e4sitiskiaine tai ei-vesiliukoisen meikin meikinpoistoaine. Sitten vaahdotetaan koko marsu jollakin el\u00e4imille tarkoitetulla shampoolla. Huuhdotaan huolella ja kuivataan. Ensin pyyhkeell\u00e4 ja viimeiset kosteudet hiustenkuivaajalla varoen polttamasta marsun ihoa. Ainakin urosmarsujen takamus olisi paras pest\u00e4 viel\u00e4 v\u00e4hint\u00e4\u00e4nkin n\u00e4yttely\u00e4 edelt\u00e4v\u00e4n\u00e4 p\u00e4iv\u00e4n\u00e4, joskus my\u00f6s varsinkin vaaleiden marsujen tassut ja maha voivat kaivata viel\u00e4 uuden pesun. My\u00f6s korvat, silm\u00e4t ja sierainten ymp\u00e4rist\u00f6 tulee putsata. Kynnet tulee leikata siisteiksi.<\/span><\/p>\n<p><span style=\"color: #000000;\">N\u00e4yttely\u00e4 edelt\u00e4v\u00e4n\u00e4 iltana marsu kannattaa tarkastaa l\u00e4pikotaisin ja korjata viel\u00e4 vinossa olevat asiat. Lyhytkarvaisten marsujen n\u00e4yttelykunnostaminen on todella t\u00e4rke\u00e4\u00e4 ja vaikuttaa todella paljon n\u00e4yttelymenestykseen. Huonompikin tasoisen marsun mahdollisuudet kasvavat roimasti, jos se on huolella hoidettu ja valmisteltu. Huippuel\u00e4ink\u00e4\u00e4n ei taatusti p\u00e4rj\u00e4\u00e4 jos se on likainen ja trimmaamaton.<\/span><\/p>\n<p><span style=\"color: #000000;\"><strong>Karkeakarvaisten (teddy, abessinialainen ja rex) marsujen valmistelu<\/strong><\/span><br \/>\n<span style=\"color: #000000;\"> Abessinialaisia marsuja ei miss\u00e4\u00e4n nimess\u00e4 tule ennen n\u00e4yttely\u00e4 trimmata, sill\u00e4 se sekoittaa abyjen rusetit ja harjat aivan varmasti ja pehment\u00e4\u00e4 niit\u00e4. Teddy ja rex sen sijaan kaipaavat turkin tasoitusta. Niiden n\u00e4yttelykunnostamisen t\u00e4rkein v\u00e4line on karkea karsta, jolla turkki suitaan vastakarvaan harjaamalla pystyyn. Harjatessa tulee tietysti varoa marsun ihoa jottei se mene rikki, tai \u00e4rsyynny karstaamisesta. Karva karstataan pystyyn, jolloin sivusta katsottuna n\u00e4kyy tasainen tihe\u00e4 lyhyemm\u00e4n turkin alue ja lis\u00e4ksi harvasti pidempi\u00e4 karvoja. Turkki tulisi nyppi\u00e4 tasaiseksi poistamalla nuo pitk\u00e4t karvat. Valitettavasti juuri nuo pitk\u00e4t karvat ovat niit\u00e4 karkeampia (teddyjen ja rexien turkin tulee olla mahdollisimman karkea ja j\u00e4ykk\u00e4), joten varsinainen trimmaus tuleekin tehd\u00e4 ajoissa, n. 5 viikkoa ennen n\u00e4yttely\u00e4. .<\/span><\/p>\n<p><span style=\"color: #000000;\">Peseminen pehment\u00e4\u00e4 turkkia, joten karkeakarvaisten pesu tulee suorittaa n. 4 viikkoa aikaisemmin.\u00a0Abessinialaisten rusetit harjataan selvemmiksi pienell\u00e4 j\u00e4yk\u00e4ll\u00e4 harjalla, esimerkiksi hammasharja on t\u00e4h\u00e4n todella hyv\u00e4 v\u00e4line. Teddyn ja rexin turkki harjataan karkealla karstalla vastakarvaan per\u00e4p\u00e4\u00e4st\u00e4 p\u00e4\u00e4h\u00e4n p\u00e4in. Harjat on hyv\u00e4 ottaa n\u00e4yttelypaikalle mukaan jotta voi viel\u00e4 ennen arvostelua harjailla turkkia. Sumuttamalla hyvin pieni\u00e4 pisaroita vett\u00e4 turkkiin muutamaa p\u00e4iv\u00e4\u00e4 ennen n\u00e4yttely\u00e4 saa siit\u00e4 entist\u00e4 karkeamman ja helpommin karstattavan. \u00c4l\u00e4 ikin\u00e4 silit\u00e4 teddyn tai rexin turkkia my\u00f6t\u00e4karvaan jolloin se l\u00e4ss\u00e4ht\u00e4\u00e4. Jos k\u00e4yt\u00e4t karstaa, valitsethan muovipiikillisen version. (piikkien p\u00e4\u00e4ss\u00e4 pallot)<\/span><\/p>\n<p><span style=\"color: #000000;\"><strong>Pitk\u00e4karvaiset (peruaani, sheltie, texel, merino, alpakka sek\u00e4 coronet, lunkaryat)<\/strong><\/span><br \/>\n<span style=\"color: #000000;\"> N\u00e4yttelymarsun turkin tulee olla luonnollisen mittainen, marsut, joiden turkki on leikattu lyhyeksi (= klipatut), osallistuvat eri luokkaan kuin marsut joilla on luonnollisen mittainen turkki. Klipatut marsut eiv\u00e4t voi my\u00f6sk\u00e4\u00e4n valmistua muotovalioiksi (MVA). Pitk\u00e4karvaiset marsut yleens\u00e4 pureskelevat toistensa ja itsens\u00e4 turkkeja ja t\u00e4ll\u00f6in joutuvat aina klipattuun luokkaan, sill\u00e4 vaikka turkki olisi pitk\u00e4, karvanp\u00e4iden puuttuminen aiheuttaa varsinaisesta luokasta poistamisen.<\/span><\/p>\n<p><span style=\"color: #000000;\">Kun marsun turkki on niin pitk\u00e4, ettei sit\u00e4 en\u00e4\u00e4 voi pit\u00e4\u00e4 auki takkuuntumatta ja sotkeutumatta, tulee se nyytitt\u00e4\u00e4. Nyytitys aloitetaan pienill\u00e4 nyyteill\u00e4, jotka kasvavat sitten marsun turkin kasvaessa lis\u00e4\u00e4. Nyytit tulee avata p\u00e4ivitt\u00e4in ja harjata turkki kauttaaltaan, sen j\u00e4lkeen taas nyytitet\u00e4\u00e4n.<\/span><\/p>\n<p><span style=\"color: #000000;\">Pitk\u00e4karvaisia marsuja ei tarvitse v\u00e4ltt\u00e4m\u00e4tt\u00e4 joka n\u00e4yttelyyn pest\u00e4. Peseminen on hyvin ty\u00f6l\u00e4st\u00e4 ja vie aikaa, turkin kuivaamiseen voi hyvinkin menn\u00e4 tunteja. Parhaan pesuajankohdan oppii taas vain kokeilemalla, se voi olla ihan yht\u00e4 hyvin kolme viikkoa ennen n\u00e4yttely\u00e4 kuin p\u00e4iv\u00e4 ennen sit\u00e4. Pitk\u00e4karvaiset pest\u00e4\u00e4n kuten sile\u00e4karvaisetkin. Pesun j\u00e4lkeen marsu kuivataan ensin pyyhekuivaksi ja sitten hiustenkuivaajalla. Pyyhekuivauksen j\u00e4lkeen marsu kannattaa harjata. Turkki kuivataan kerroksittain, alimmasta ylimp\u00e4\u00e4n. Jokainen kerros tulee kuivata huolella, t\u00e4m\u00e4 vaihe tulee tehd\u00e4 huolella jotte turkki j\u00e4\u00e4 kosteaksi.<\/span><\/p>\n","protected":false},"excerpt":{"rendered":"<p>Kaikkien marsujen peruskunto Kaikkien marsujen perusvalmistelu; massan kasvattaminen kunnollisen ajan kanssa ja n\u00e4yttelyalustaan totuttelu ovat pitk\u00e4aikaisia prosesseja, joihin tulee jatkuvasti panostaa. Massaa ja lihaksia marsu saa liikunnasta sek\u00e4 terveellisest\u00e4 ja hyv\u00e4laatuisesta ruoasta. N\u00e4yttelyedustusta kasvattaa my\u00f6s marsun kesyys; k\u00e4sittely ja seurustelu &hellip; <a href=\"https:\/\/marsuyhdistys.net\/home\/kaikki-nayttelyista\/259-2\/\">Lue loppuun <span class=\"meta-nav\">&rarr;<\/span><\/a><\/p>\n","protected":false},"author":10,"featured_media":0,"parent":51,"menu_order":30,"comment_status":"closed","ping_status":"closed","template":"","meta":{"footnotes":"","_links_to":"","_links_to_target":""},"class_list":["post-259","page","type-page","status-publish","hentry"],"_links":{"self":[{"href":"https:\/\/marsuyhdistys.net\/home\/wp-json\/wp\/v2\/pages\/259","targetHints":{"allow":["GET"]}}],"collection":[{"href":"https:\/\/marsuyhdistys.net\/home\/wp-json\/wp\/v2\/pages"}],"about":[{"href":"https:\/\/marsuyhdistys.net\/home\/wp-json\/wp\/v2\/types\/page"}],"author":[{"embeddable":true,"href":"https:\/\/marsuyhdistys.net\/home\/wp-json\/wp\/v2\/users\/10"}],"replies":[{"embeddable":true,"href":"https:\/\/marsuyhdistys.net\/home\/wp-json\/wp\/v2\/comments?post=259"}],"version-history":[{"count":6,"href":"https:\/\/marsuyhdistys.net\/home\/wp-json\/wp\/v2\/pages\/259\/revisions"}],"predecessor-version":[{"id":10081,"href":"https:\/\/marsuyhdistys.net\/home\/wp-json\/wp\/v2\/pages\/259\/revisions\/10081"}],"up":[{"embeddable":true,"href":"https:\/\/marsuyhdistys.net\/home\/wp-json\/wp\/v2\/pages\/51"}],"wp:attachment":[{"href":"https:\/\/marsuyhdistys.net\/home\/wp-json\/wp\/v2\/media?parent=259"}],"curies":[{"name":"wp","href":"https:\/\/api.w.org\/{rel}","templated":true}]}}