{"id":261,"date":"2012-09-24T12:38:18","date_gmt":"2012-09-24T10:38:18","guid":{"rendered":"http:\/\/marsuyhdistys.net\/home\/?page_id=261"},"modified":"2014-01-19T00:54:50","modified_gmt":"2014-01-18T22:54:50","slug":"nayttelyn-kulku","status":"publish","type":"page","link":"https:\/\/marsuyhdistys.net\/home\/kaikki-nayttelyista\/nayttelyn-kulku\/","title":{"rendered":"N\u00e4yttelyn kulku"},"content":{"rendered":"<p>N\u00e4yttelyt ovat hauskoja ja mielenkiintoisia tapahtumia, ensimm\u00e4inen n\u00e4yttelyk\u00e4ynti ei v\u00e4ltt\u00e4m\u00e4tt\u00e4 ole niin kovin onnistunut, jos joutuu koko ajan pohtimaan mit\u00e4 seuraavaksi tulisi tehd\u00e4. Murehtimiseen ei ole tarvetta, sill\u00e4 n\u00e4yttelypaikalla neuvotaan kyll\u00e4 apua tarvitsevia ja t\u00e4\u00e4ll\u00e4 voi jo etuk\u00e4teen opiskella n\u00e4yttelyyn l\u00e4htij\u00e4n aakkosia. Varaudu siihen, ett\u00e4 n\u00e4yttely on kokop\u00e4iv\u00e4inen tapahtuma joka saattaa veny\u00e4 my\u00f6h\u00e4iseen iltaan mik\u00e4li el\u00e4inm\u00e4\u00e4r\u00e4 on suuri.<\/p>\n<p><strong>N\u00e4yttelykutsu<\/strong><br \/>\nEnsimm\u00e4inen vaihe n\u00e4yttelymatkalla on n\u00e4yttelykutsu ja ilmoittautuminen. Kutsut n\u00e4yttelyihin julkaistaan p\u00e4\u00e4s\u00e4\u00e4nt\u00f6isesti Suomen Marsuyhdistyksen j\u00e4senlehdess\u00e4, Marsu Magazinessa ja\/tai yhdistyksen kotisivuilla. Marsu Magazinen n\u00e4yttelykutsussa ilmoitetaan n\u00e4yttelypaikka, tuomarit pet- ja virallisille marsuille, ilmoittautumismaksut, ilmoittautumisten vastaanottaja, lis\u00e4tietojen antajan yhteystiedot ja n\u00e4yttelyn alkamisaika. Ilmoittautumiskaavakkeet l\u00e4hetet\u00e4\u00e4n n\u00e4yttelykutsussa ilmoitettuun osoitteeseen, mutta Suomen Marsuyhdistyksen n\u00e4yttelyihin voi pet luokkiin ilmoittautua yleens\u00e4 my\u00f6s vasta n\u00e4yttelypaikalla tavallista n\u00e4yttelymaksua hieman korkeammalla hinnalla. Mik\u00e4li j\u00e4lki-ilmoittautumismahdollisuus ei varmistu n\u00e4yttelykutsusta, voi sit\u00e4 kysy\u00e4 samalta henkil\u00f6lt\u00e4 kuin muitakin lis\u00e4tietoja.<\/p>\n<p><strong>N\u00e4yttelypaikalle saapuminen<\/strong><br \/>\nTarkan valmistautumisen j\u00e4lkeen on n\u00e4yttelyn aika. Ensimm\u00e4iseksi n\u00e4yttelypaikalla saavuttaessa on vuorossa el\u00e4intentarkastus ja ilmoittautuminen. T\u00e4ss\u00e4 marsut tarkastetaan mahdollisten sairauksien, ulkoloisien yms. varalta. Samalla osanottajaluetteloon merkit\u00e4\u00e4n marsu paikallaolijaksi. My\u00f6s j\u00e4lki-ilmoittautuminen on mahdollista, tosin tavallista korkeampaan hintaan. Kun marsu todetaan n\u00e4ytttelykuntoiseksi, p\u00e4\u00e4st\u00e4\u00e4n el\u00e4intentarkastuksesta siirtym\u00e4\u00e4n itse n\u00e4yttelyn puolelle.<\/p>\n<p><strong>Arvostelu<\/strong><br \/>\nArvostelu ei aina ala aivan kutsussa ilmoitettuun aikaan, odotellessa voi tutkia n\u00e4yttelypaikkaa ja jutustella muiden n\u00e4ytteelleasettajien kanssa. Kuitenkaan kovin kauas ei kannata l\u00e4hte\u00e4 etenk\u00e4\u00e4n silloin, kun oma marsu on ensimm\u00e4isten arvosteltavien joukossa. Virallisten luokkien tuomari aloittaa arvostelunsa yleens\u00e4 sile\u00e4karvaisista marsuista ja etenee niin, ett\u00e4 viimeisin\u00e4 arvostelussa ovat jalostus- ja kasvattajaluokat, jotka on tarkoitettu kasvattajanimellisille kasvattajille. Pet-tuomari aloittaa yleens\u00e4 uroksista. N\u00e4m\u00e4 k\u00e4yt\u00e4nn\u00f6t saattavat hieman vaihdella n\u00e4yttelyn ja tuomaritilanteen mukaan.<br \/>\nN\u00e4yttelyluettelosta on helppo seurata vuorossa olevia marsuja, mik\u00e4li hieman tuntee marsujen eri v\u00e4rej\u00e4. Toisilta voi taas kysell\u00e4. Ei tarvitse pel\u00e4t\u00e4, ett\u00e4 oma marsu j\u00e4\u00e4 arvostelematta, jos ei tied\u00e4 miss\u00e4 kohdassa sen tulisi olla tuomarin edess\u00e4, sill\u00e4 jos jotakin marsua ei ala kuulua, sit\u00e4 kuulutetaan niin, ett\u00e4 jos omistaja on jossakin l\u00e4hell\u00e4, h\u00e4n huomaa tuoda marsunsa arvosteluun. Arvostelu kest\u00e4\u00e4 yleens\u00e4 kauan ja n\u00e4yttelypaikalle kannattaakin ottaa ev\u00e4st\u00e4 &#8211; niin marsulle kuin omistajallekin.<\/p>\n<p><strong>Palkitseminen ja BIS-kisa<\/strong><br \/>\nTuomari pyyt\u00e4\u00e4 marsuja takaisin p\u00f6yd\u00e4lle viel\u00e4 arvostelun loppuvaiheessa, silloin tulee olla tarkkana, josko omaa marsua vaikka kutsutaan. Kun tuomari on sijoitellut marsut rotujen sis\u00e4ll\u00e4 paremmuusj\u00e4rjestykseen, h\u00e4n valitsee BIS-voittajat (BIS = Best In Show = n\u00e4yttelyn paras). Kun tuomari on arvostellut loppuun, seuraa palkintojen jako. Tuomarin pohdintaan saattaa menn\u00e4 aikaa, pit\u00e4\u00e4 vain jaksaa odottaa k\u00e4rsiv\u00e4llisesti. Lemmikkiluokassa palkinto saattaa herahtaa jostain erityisominaisuudesta vaikkei ihan korkeimpia pisteit\u00e4 saanutkaan joten aina kannattaa j\u00e4\u00e4d\u00e4 loppuun asti! Tuomaria on kohteliasta kiitt\u00e4\u00e4 marsun saadessa palkinnon ja jos ei voita, ei ole lainkaan asiallista kuuluttaa vihaansa yleisesti n\u00e4yttelypaikalla, eik\u00e4 menn\u00e4 sit\u00e4 my\u00f6sk\u00e4\u00e4n esimerkiksi tuomariin purkamaan. N\u00e4yttelypaikan siivoamiseen osallistuminen ei ole pakollista, mutta toivottavaa, jottei kaikki sotku j\u00e4isi muutaman ihmisen harteille. Jokainen luonnollisesti siivoaa ainakin omat j\u00e4lkens\u00e4 ja auttaa n\u00e4yttelyj\u00e4rjestelij\u00f6it\u00e4 loppusiivouksessa mahdollisuuksiensa mukaan.<\/p>\n","protected":false},"excerpt":{"rendered":"<p>N\u00e4yttelyt ovat hauskoja ja mielenkiintoisia tapahtumia, ensimm\u00e4inen n\u00e4yttelyk\u00e4ynti ei v\u00e4ltt\u00e4m\u00e4tt\u00e4 ole niin kovin onnistunut, jos joutuu koko ajan pohtimaan mit\u00e4 seuraavaksi tulisi tehd\u00e4. Murehtimiseen ei ole tarvetta, sill\u00e4 n\u00e4yttelypaikalla neuvotaan kyll\u00e4 apua tarvitsevia ja t\u00e4\u00e4ll\u00e4 voi jo etuk\u00e4teen opiskella n\u00e4yttelyyn &hellip; <a href=\"https:\/\/marsuyhdistys.net\/home\/kaikki-nayttelyista\/nayttelyn-kulku\/\">Lue loppuun <span class=\"meta-nav\">&rarr;<\/span><\/a><\/p>\n","protected":false},"author":10,"featured_media":0,"parent":51,"menu_order":25,"comment_status":"closed","ping_status":"closed","template":"","meta":{"footnotes":"","_links_to":"","_links_to_target":""},"class_list":["post-261","page","type-page","status-publish","hentry"],"_links":{"self":[{"href":"https:\/\/marsuyhdistys.net\/home\/wp-json\/wp\/v2\/pages\/261","targetHints":{"allow":["GET"]}}],"collection":[{"href":"https:\/\/marsuyhdistys.net\/home\/wp-json\/wp\/v2\/pages"}],"about":[{"href":"https:\/\/marsuyhdistys.net\/home\/wp-json\/wp\/v2\/types\/page"}],"author":[{"embeddable":true,"href":"https:\/\/marsuyhdistys.net\/home\/wp-json\/wp\/v2\/users\/10"}],"replies":[{"embeddable":true,"href":"https:\/\/marsuyhdistys.net\/home\/wp-json\/wp\/v2\/comments?post=261"}],"version-history":[{"count":11,"href":"https:\/\/marsuyhdistys.net\/home\/wp-json\/wp\/v2\/pages\/261\/revisions"}],"predecessor-version":[{"id":2121,"href":"https:\/\/marsuyhdistys.net\/home\/wp-json\/wp\/v2\/pages\/261\/revisions\/2121"}],"up":[{"embeddable":true,"href":"https:\/\/marsuyhdistys.net\/home\/wp-json\/wp\/v2\/pages\/51"}],"wp:attachment":[{"href":"https:\/\/marsuyhdistys.net\/home\/wp-json\/wp\/v2\/media?parent=261"}],"curies":[{"name":"wp","href":"https:\/\/api.w.org\/{rel}","templated":true}]}}