{"id":263,"date":"2012-09-24T12:41:51","date_gmt":"2012-09-24T10:41:51","guid":{"rendered":"http:\/\/marsuyhdistys.net\/home\/?page_id=263"},"modified":"2022-01-26T18:06:26","modified_gmt":"2022-01-26T16:06:26","slug":"nayttelylauda-ja-niiden-varit","status":"publish","type":"page","link":"https:\/\/marsuyhdistys.net\/home\/kaikki-nayttelyista\/nayttelylauda-ja-niiden-varit\/","title":{"rendered":"N\u00e4yttelylaudat ja niiden v\u00e4rit"},"content":{"rendered":"<p>Marsun esitt\u00e4mist\u00e4 n\u00e4yttelyiss\u00e4 helpottaa huomattavasti n\u00e4yttelylauta. Lautahan on pakollinen virallisessa luokassa, mutta lemmikkiluokassa sit\u00e4 ei vaadita. Marsua on kuitenkin helpompi esitell\u00e4 laudalla my\u00f6s lemmikkiluokassa. Marsu my\u00f6s n\u00e4ytt\u00e4\u00e4 paremmalta seistess\u00e4\u00e4n laudalla kuin, jos se seisoisi vain paljaalla p\u00f6yd\u00e4ll\u00e4 tai upottavassa pyyhekasassa.<\/p>\n<p><strong>Laudan tekeminen<\/strong><br \/>\nLauta on my\u00f6s helppo tehd\u00e4 itse. Se ei vaadi kovinkaan paljoa nikkarointitaitoa eik\u00e4 materiaaleihin mene kamalasti rahaakaan. Tarvitset marsua suuremman palan esim. vaneria, kovalevy\u00e4 tai vesivaneria. Hyv\u00e4 mitta olisi esim. 20 cm X 30 cm. Levyn alle kannattaa naulata, ruuvata ja\/tai liimata jalat joko koko pituudelta tai jokaiseen nurkkaan erikseen. Katso kuitenkin tarkkaan, ettei naulat tai ruuvit j\u00e4\u00e4 pahasti n\u00e4kyviin ja raapimaan marsuasi tai itse\u00e4si.<\/p>\n<p>Lopuksi lauta p\u00e4\u00e4llystet\u00e4\u00e4n, jotta se ei olisi liukas eik\u00e4 kova marsun seisoa. Kangas saa my\u00f6s laudan kauniimman n\u00e4k\u00f6iseksi, mik\u00e4 taas parantaa kokonaiskuvaa. Kangas on helppo kiinnitt\u00e4\u00e4 lautaan esim. niittipyssyll\u00e4, mutta t\u00e4ll\u00f6in on taas tarkistettava, ettei niitit j\u00e4\u00e4 n\u00e4kyviin raapimaan ket\u00e4\u00e4n. Kankaan materiaalin ja v\u00e4rin saa omistaja p\u00e4\u00e4tt\u00e4\u00e4 itse, mutta parhaiten laudan p\u00e4\u00e4lle soveltuu karkeat kankaat, jotka antavat pitoa marsun tassuihin. V\u00e4reist\u00e4 lis\u00e4\u00e4 my\u00f6hemmin. Hyv\u00e4 vinkki on laittaa ohut pehmike kankaan ja laudan v\u00e4liin. T\u00e4m\u00e4 antaa marsulle mukavan pehme\u00e4n pohjan seist\u00e4. Voit my\u00f6s tehd\u00e4 lautaan irrotettavan p\u00e4\u00e4llisen, jolloin kankaan puhdistus n\u00e4yttelyiden j\u00e4lkeen on helpompaa. Irrotettavan p\u00e4\u00e4llisen saat, kun laitat kankaan reunataitteeseen kuminauhan, joka vet\u00e4\u00e4 kankaan pussimaiseksi, jolloin laudan voi pujottaa pussin sis\u00e4lle. Kangas voi my\u00f6s olla kokonaan irrallinen, mutta parhaimman n\u00e4k\u00f6inen on kunnolla kiinnitetty p\u00e4\u00e4llinen.<\/p>\n<p><strong>Laudan muoto<\/strong><br \/>\nPerusmuoto on suorakaiteen muotoinen lauta. My\u00f6s neliskulmainen lauta k\u00e4y. Laudan tulisi olla riitt\u00e4v\u00e4n iso, jotta marsu kokee olonsa turvalliseksi sen p\u00e4\u00e4ll\u00e4. Liian suuri lauta saattaa kuitenkin n\u00e4ytt\u00e4\u00e4 hieman hassulta varsinkin babylla. Monella onkin babyille ihan omat laudat ja he k\u00e4ytt\u00e4v\u00e4t isompia lautoja vasta t\u00e4ysikasvuisille marsuille. Liian pieni lauta on my\u00f6s hieman k\u00f6mpel\u00f6n n\u00e4k\u00f6inen. Hyv\u00e4 olisi, jos marsun jokaiselle sivulle j\u00e4isi tilaa noin 10 cm. My\u00f6s py\u00f6reit\u00e4 lautoja n\u00e4kee n\u00e4yttelyiss\u00e4 ja varsinkin pitk\u00e4karvaisilla ne saattavat olla jopa parempia kuin kulmikkaat laudat. Pitk\u00e4karvaisen turkki laskeutuu tasaisesti py\u00f6re\u00e4lle laudalle. T\u00e4m\u00e4kin on kuitenkin mielipidekysymys, joten lyhyt- ja pitk\u00e4karvaisilla n\u00e4kee kaikenmuotoisia lautoja. Laudan mallin ei kuitenkaan pit\u00e4isi haitata lautaan tarttumista tai laudan siirtely\u00e4, joten ihan liian luovaksi ei kannata lautaa leikatessa ryhty\u00e4.<\/p>\n<p>Materiaali, jolla lauta p\u00e4\u00e4llystet\u00e4\u00e4n ei saisi olla liian liukas, sill\u00e4 marsun t\u00e4ytyy saada ote tassuilleen siit\u00e4. Mik\u00e4li marsu pelk\u00e4\u00e4 liukastuvansa se ei seiso kauniisti tuomarin edess\u00e4. S\u00e4kkikangasmateriaali on hyv\u00e4 kuten my\u00f6s perus puuvillakankaat. Liukasta silkki\u00e4, nahkaa ja fleece\u00e4 kannattaa ehk\u00e4 v\u00e4ltell\u00e4. Materiaalin olisi my\u00f6s hyv\u00e4 kest\u00e4\u00e4 kosteutta v\u00e4rin muuttumatta liikaa, sill\u00e4 marsu saattaa pissata kesken kaiken. T\u00e4m\u00e4n vuoksi kannattaa my\u00f6s varata paperia taskuun, jotta voi nopeasti imeytt\u00e4\u00e4 ylim\u00e4\u00e4r\u00e4isen pissan laudalta ennen kuin marsu sotkee siihen itsens\u00e4.<\/p>\n<p><strong>Kankaan v\u00e4ri<\/strong><br \/>\nN\u00e4yttelylaudalla voidaan esillepanoon tehd\u00e4 se viimeinen silaus. Tietyt v\u00e4ri sopivat ja tukevat tiettyj\u00e4 marsuja mahtavasti. Peruss\u00e4\u00e4nt\u00f6 on, ett\u00e4 kangas ei saisi olla r\u00e4ike\u00e4n kirjava. Kirjava kangas saattaa hukuttaa marsun kokonaan n\u00e4kyvist\u00e4, joten yksiv\u00e4riset tai himme\u00e4sti kuvioidut kankaat ovat parhaita. Neutraalit v\u00e4rit, kuten vaalean ruskea, harmaa, beige ym. sopivat melkein kaikille marsuille. Tietyt v\u00e4rit saattavat heijastaa v\u00e4ri\u00e4\u00e4n marsuun, jolloin marsu saattaa vaikuttaa toisen v\u00e4riselt\u00e4 kuin se oikeasti on.<br \/>\nMusta saattaa olla hieman liian synkk\u00e4 ja valkoinen likaantuu helposti. Kuvioiduille marsuille kannattaa hankkia melko neutraalin v\u00e4rinen lauta, sill\u00e4 marsun kuvioinnin pit\u00e4isi erottua selv\u00e4sti. Kirjavat laudat saattavat kuvioidulla marsulla n\u00e4ytt\u00e4\u00e4 hieman sotkuiselta. Yksiv\u00e4risill\u00e4 marsuilla taas hieman kirkkaammat v\u00e4rit korostavat v\u00e4ri\u00e4 mukavasti. Liian r\u00e4ikeit\u00e4 v\u00e4rej\u00e4 kannattaa kuitenkin hieman v\u00e4ltell\u00e4, ettei tuomarin p\u00e4\u00e4t\u00e4 ala s\u00e4rke\u00e4 kirkkaan pinkki\u00e4 kangasta katsoessa. Marsullesi sopivan v\u00e4rin l\u00f6yd\u00e4t kokeilemalla.<\/p>\n<p><strong>Lopuksi\u2026<\/strong><br \/>\nJokaisella harrastajalla on varmasti oma k\u00e4sityksens\u00e4 parhaasta laudasta, joten hyvi\u00e4 vinkkej\u00e4 laudan tekoon saa kysym\u00e4ll\u00e4. T\u00e4ss\u00e4 oli joitain vinkkej\u00e4, joita ei kuitenkaan kannata ottaa liian vakavasti. Tuomari ei kuitenkaan mielipidett\u00e4\u00e4n marsustasi tee laudan perusteella, joten laudalla ei marsun n\u00e4yttelytuloksiin pysty vaikuttamaan. Kokonaiskuvaan se kuitenkin vaikuttaa, sill\u00e4 puhdas ja kaunis lauta on varmasti mukavamman n\u00e4k\u00f6inen kuin liasta laikukas ja rikkin\u00e4inen. Jos teill\u00e4 on hyvi\u00e4 vinkkej\u00e4 laudan tekemisest\u00e4 tai p\u00e4\u00e4llyst\u00e4misest\u00e4 niin laita vinkkej\u00e4 lehteen tulemaan. Jokainen n\u00e4yttelyiss\u00e4 k\u00e4vij\u00e4 lukee varmasti mielell\u00e4\u00e4n parhaimmat vinkit ennen n\u00e4yttelyihin menoa.<\/p>\n<p>Kirjoittanut: Janiika Toivoniemi<\/p>\n","protected":false},"excerpt":{"rendered":"<p>Marsun esitt\u00e4mist\u00e4 n\u00e4yttelyiss\u00e4 helpottaa huomattavasti n\u00e4yttelylauta. Lautahan on pakollinen virallisessa luokassa, mutta lemmikkiluokassa sit\u00e4 ei vaadita. Marsua on kuitenkin helpompi esitell\u00e4 laudalla my\u00f6s lemmikkiluokassa. Marsu my\u00f6s n\u00e4ytt\u00e4\u00e4 paremmalta seistess\u00e4\u00e4n laudalla kuin, jos se seisoisi vain paljaalla p\u00f6yd\u00e4ll\u00e4 tai upottavassa pyyhekasassa. &hellip; <a href=\"https:\/\/marsuyhdistys.net\/home\/kaikki-nayttelyista\/nayttelylauda-ja-niiden-varit\/\">Lue loppuun <span class=\"meta-nav\">&rarr;<\/span><\/a><\/p>\n","protected":false},"author":10,"featured_media":0,"parent":51,"menu_order":50,"comment_status":"closed","ping_status":"closed","template":"","meta":{"footnotes":"","_links_to":"","_links_to_target":""},"class_list":["post-263","page","type-page","status-publish","hentry"],"_links":{"self":[{"href":"https:\/\/marsuyhdistys.net\/home\/wp-json\/wp\/v2\/pages\/263","targetHints":{"allow":["GET"]}}],"collection":[{"href":"https:\/\/marsuyhdistys.net\/home\/wp-json\/wp\/v2\/pages"}],"about":[{"href":"https:\/\/marsuyhdistys.net\/home\/wp-json\/wp\/v2\/types\/page"}],"author":[{"embeddable":true,"href":"https:\/\/marsuyhdistys.net\/home\/wp-json\/wp\/v2\/users\/10"}],"replies":[{"embeddable":true,"href":"https:\/\/marsuyhdistys.net\/home\/wp-json\/wp\/v2\/comments?post=263"}],"version-history":[{"count":5,"href":"https:\/\/marsuyhdistys.net\/home\/wp-json\/wp\/v2\/pages\/263\/revisions"}],"predecessor-version":[{"id":9077,"href":"https:\/\/marsuyhdistys.net\/home\/wp-json\/wp\/v2\/pages\/263\/revisions\/9077"}],"up":[{"embeddable":true,"href":"https:\/\/marsuyhdistys.net\/home\/wp-json\/wp\/v2\/pages\/51"}],"wp:attachment":[{"href":"https:\/\/marsuyhdistys.net\/home\/wp-json\/wp\/v2\/media?parent=263"}],"curies":[{"name":"wp","href":"https:\/\/api.w.org\/{rel}","templated":true}]}}