{"id":272,"date":"2012-09-25T19:06:51","date_gmt":"2012-09-25T17:06:51","guid":{"rendered":"http:\/\/marsuyhdistys.net\/home\/?page_id=272"},"modified":"2013-02-21T23:04:58","modified_gmt":"2013-02-21T21:04:58","slug":"vuosina-2003-ja-2004","status":"publish","type":"page","link":"https:\/\/marsuyhdistys.net\/home\/kaikki-nayttelyista\/nayttelysaannot\/suomen-muotovaliot-2\/vuosina-2003-ja-2004\/","title":{"rendered":"Muotovaliot 2005 &#8211; 2008"},"content":{"rendered":"<p align=\"CENTER\"><strong>Suomen Muotovaliot vuonna 2008<\/strong><\/p>\n<p>Foxy Sadie<br \/>\nNonself black fox naaras M246-07<br \/>\nKasvattaja Tiina Sunila, omistaja Viviann Monni<\/p>\n<p>E-PET, VVPET-07,GGPET-07 Goldhill&#8217;s Mopping Corners<br \/>\nKlipattu coronet black naaras M672-06<br \/>\nKasvattaja Raisa Ristim\u00e4ki, omistaja Annukka Holmroos<\/p>\n<p>Snoop&#8217;s Golden Lullaby<br \/>\nAmerikan Crest naaras de golden M312-07<br \/>\nKasvattaja ja omistaja Minna Aatela<\/p>\n<p>Tirlittanin \u00c4kkijyrkk\u00e4<br \/>\nAbessiinialainen black\/white roan naaras M311-06<br \/>\nKasvattaja Helena Hakulinen, om Miia Tilli<\/p>\n<p>Delfoin Kandi<br \/>\nCoronet chocolate\/white\/red naaras M799-07<br \/>\nKasvattaja Kirsi Ruotsalainen, omistaja Riina Ruuska<\/p>\n<p>Hemg\u00e5rden&#8217;s Omar<br \/>\nSelf de.white uros M464-07<br \/>\nKasvattaja Sofi M\u00e4hlstr\u00f6m, omistaja Susanna Piili<\/p>\n<p>Tirlittanin Qtamo<br \/>\nAbessiinialainen black roan uros M541-07<br \/>\nKasvattaja helena Hakulinen, omistaja Miia Tilli<\/p>\n<p>Amarillon Ekimenko<br \/>\nRex golden agouti\/golden uros M459-06<br \/>\nKasvattaja ja omistaja Elise Feodoroff<\/p>\n<p>Amarillon Ekaterina<br \/>\nRex golden agouti\/golden\/chocolate dalmatian naaras M460-06<br \/>\nKasvattaja ja omistaja Elise Feodoroff<\/p>\n<p>Amarillon Touch-me-not<br \/>\nRex golden agouti\/golden uros M850-07<br \/>\nKasvattaja ja omistaja Elise Feodoroff<\/p>\n<p>Goldhill&#8217;s Cookos<br \/>\nKlipattu merino chocolate\/cream uros M36-06<br \/>\nKasvattaja Raisa Ristim\u00e4ki omistaja Annu Ristim\u00e4ki<\/p>\n<p>Amarillon Sulle-Tan<br \/>\nNonself lilac tan uros M767-07<br \/>\nKasvattaja Elise Feodoroff om Anu Saarela<\/p>\n<p>Aniara&#8217;s Jessica Fletcher<br \/>\nEnglannin crest saffron naaras M594-05<br \/>\nKasvattaja ja omistaja Katja Kivipuro<\/p>\n<p>Aniara&#8217;s Zigmund<br \/>\nSelf saffron uros M804-07<br \/>\nKasvattaja ja omistaja Katja Kivipuro<\/p>\n<p>Aniaras Kreisi Kyn\u00e4niekka<br \/>\nNonself tricolor uros M803-07<br \/>\nKasvattaja ja omistaja Katja Kivipuro<\/p>\n<p>Goldhill\u2019s Princess Sarah<br \/>\nTeddy black\/white naaras M779-07<br \/>\nKasvattaja ja omistaja Raisa Ristim\u00e4ki<\/p>\n<p>Andien Pixi Vamp<br \/>\nTeddy golden agouti\/golden\/white naaras M782-07<br \/>\nKasvattaja Anneli Ceder ja omistaja Heidi Saarela<\/p>\n<p>Cakhaya\u2019s Gotham<br \/>\nSelf red M284-06<br \/>\nKasvattaja Carita Korhonen ja omistaja Elina Vehkam\u00e4ki<\/p>\n<p>Malaxis Hex Mex<br \/>\nAlpakka black\/white\/cream uros M14-08<br \/>\nKasvattaja Jens Lindgren ja omistaja Elina Vehkam\u00e4ki<\/p>\n<p>Conny<br \/>\nSelf red uros M111-08<br \/>\nKasvattaja ja omistaja Elina Vehkam\u00e4ki<\/p>\n<p align=\"CENTER\"><strong>Suomen Muotovaliot vuonna 2007<\/strong><\/p>\n<p>Tikkitakin Seventh Heaven M211-06<br \/>\nNonself silver agouti uros<br \/>\nKasvattaja &amp; omistaja Iina Merjankari<\/p>\n<p><b>Entwine<\/b> M4-07<br \/>\nNonself black dalmatian uros<br \/>\nKasvattaja ? Omistaja Heli Kuoppam\u00e4ki<\/p>\n<p><b>Mira\u2019s Victory<\/b> M163-05<br \/>\nEnglannincrest black dalmatian uros<br \/>\nKasvattaja &amp; omistaja Heli Kuoppam\u00e4ki<\/p>\n<p><b>Lovely Amelie Arctic<\/b> M308-06<br \/>\nSelf cream naaras<br \/>\nKasvattaja &amp; omistaja Anna Lindberg<\/p>\n<p><b>GG-07 Aniara&#8217;s Sinderella<\/b> M571-06<br \/>\nSelf saffron naaras<br \/>\nKasvattaja &amp; omistaja Katja Kivipuro<\/p>\n<p><b>S MVA Amarillon Canadian Kosmic Girl <\/b>M68-07<br \/>\nTeddy naaras black\/white<br \/>\nKasvattaja Elise Feodoroff Omistaja Anu Saarela<\/p>\n<p><b>Vanion Giggling Glamira<\/b> M463-07<br \/>\nNonself silver argente naaras<br \/>\nKasvattaja &amp; omistaja Maria Tuohisto-Kokko<\/p>\n<p><b>Vanion Neat Nemesis <\/b>M267-07<br \/>\nNonself silver agouti uros<br \/>\nKasvattaja ja omistaja Maria Tuohisto-Kokko<\/p>\n<p><b>Wallstreet&#8217;s Zenith<\/b> M281-07<br \/>\nEnglannincrest black tan naaras<br \/>\nKasvattaja &amp; omistaja Kristina Niemel\u00e4<\/p>\n<p><b>Goldhill\u2019s Pretty Pink<\/b> M575-06<br \/>\nAmerikancrest p.e.golden naaras<br \/>\nKasvattaja Minna Aatela Omistaja Jonna Nylund<\/p>\n<p><b>S MVA Snoop\u2019s I Don\u2019t Feel Enough For You To Cry<\/b> M593-07<br \/>\nAmerikancrest black uros<br \/>\nKasvattaja &amp; omistaja Minna Aatela<\/p>\n<p><b>Delfoin Opala<\/b> M195-07<br \/>\nSelf black naaras<br \/>\nKasvattaja Kirsti Ruotsalainen Omistaja Elina Vehkam\u00e4ki<\/p>\n<p><b>S MVA Pesonen<\/b> M195-07<br \/>\nNonself saffron roan uros<br \/>\nKasvattaja Vanhainkoti Wanhala Omistaja Katja Kivipuro<\/p>\n<p><b>Andien White Woopee<\/b> M532-06<br \/>\nTeddy golden\/white naaras<br \/>\nKasvattaja &amp; omistaja Anneli Ceder<\/p>\n<p><b>Snowfall\u2019s Faint <\/b>M214-07<br \/>\nAlpaca golden\/white uros<br \/>\nKasvattaja Satu Sihvo Omistaja Anna Lohi<\/p>\n<p><b>Kuun Lilja<\/b> M467-06<br \/>\nAbessiinialainen tortoiseshell roan naaras<br \/>\nKasvattaja &amp; omistaja Birgitta Korpela<\/p>\n<p><b>Andien Inca Circle<\/b> M740-06<br \/>\nTeddy white\/lemonagouti\/buff naaras<br \/>\nKasvattaja &amp;omistaja Anneli Ceder<\/p>\n<p><b>Aniara&#8217;s Kelpo Kajsa<\/b> M183-07<br \/>\nAbessiinialainen brindle naaras<br \/>\nKasvattaja &amp;omistaja Katja Kivipuro<\/p>\n<p><b>Goldhill&#8217;s Camomile Candy<\/b> M802-06<br \/>\nAmerikancrest black naaras<br \/>\nKasvattaja &amp; omistaja Minna Aatela ja Raisa Ristim\u00e4ki<\/p>\n<p><b>Goldhill&#8217;s Golden Royal<\/b> M804-06<br \/>\nAmerikancrest d.e.golden naaras<br \/>\nKasvattaja &amp; omistaja Minna Aatela ja Raisa Ristim\u00e4ki<\/p>\n<p><b>Nikean Uniikki<\/b> M285-06<br \/>\nTeddy d.e.golden roan uros<br \/>\nKasvattaja Hanna Lahtinen Omistaja Tuula Per\u00e4m\u00e4ki<\/p>\n<p><b>Snoop&#8217;s Akira Yamaoka<\/b> M311-07<br \/>\nAmerikancrest d.e.golden naaras<br \/>\nKasvattaja &amp; omistaja Minna Aatela<\/p>\n<p><b>Alexander&#8217;s Crouching Silvertiger<\/b> M633-06<br \/>\nEnglannincrest silveragouti uros<br \/>\nOmistaja Tiia Hellst\u00e9n<\/p>\n<p><b>Andien King Sice<\/b> M610-04<br \/>\nTeddy golden\/white uros<br \/>\nKasvattaja Anneli Ceder omistaja Juhani Nivala<\/p>\n<p><b>Andien Paz <\/b>M35-05<br \/>\nTeddy naaras<br \/>\nKasvattaja Anneli Ceder Omistaja Sofia Porkka<\/p>\n<p><b>S MVA Aniaras American Sunshine<\/b> M713-06<br \/>\nAmerikancrest saffron naaras<br \/>\nKasvattaja ja omistaja Katja Kivipuro<\/p>\n<p><b>Camomille Captain<\/b> M401-06<br \/>\nAmerikancrest black uros<br \/>\nKasvattaja Don Payne Omistaja Minna Aatela<\/p>\n<p><b>Delfoin Carora<\/b> M314-06<br \/>\nEnglannincrest black naaras<br \/>\nKasvattaja Kirsi Ruotsalainen Omistaja Anu Saarela<\/p>\n<p><b>DK MVA Dixie Chiltepe<\/b> M773-06<br \/>\nNonself black tan uros<br \/>\nKasvattaja ja omistaja Anu Saarela<\/p>\n<p><b>Dixie Guajillo<\/b> M870-06<br \/>\nNonself black tan uros<br \/>\nKasvattaja ja omistaja Anu Saarela<\/p>\n<p><b>S MVA DK MVA Dixie Lord Elwood<\/b> M830-06<br \/>\nEnglannincrest black tan uros<br \/>\nKasvattaja ja omistaja Anu Saarela<\/p>\n<p><b>Goldhill&#8217;s Hali-Nalle<\/b> M117-05<br \/>\nTeddy goldenagouti\/golden\/white uros<br \/>\nKasvattaja Minna Aatela ja Raisa Ristim\u00e4ki Omistaja Susanna ja Saara Sundstr\u00f6m<\/p>\n<p><b>Mimosan \u00c4rripurri<\/b> M357-06<br \/>\nSelf black naaras<br \/>\nKasvattaja Kirsi Kj\u00e4ll Omistaja Heli Kuoppam\u00e4ki<\/p>\n<p><b>Mira&#8217;s Do It Myway<\/b> M719-05<br \/>\nNonself black dalmatian uros<br \/>\nKasvattaja ja omistaja Heli Kuoppam\u00e4ki<\/p>\n<p><b>Mira&#8217;s Jesse<\/b> M448-05<br \/>\nEnglannincrest black dalmatian uros<br \/>\nKasvattaja ja omistaja Heli Kuoppam\u00e4ki<\/p>\n<p><b>Muskotin Sarabel<\/b> M81-05<br \/>\nRex silver agouti naaras<br \/>\nKasvattaja ja omistaja Janiika Toivoniemi<\/p>\n<p><b>Nikean Apricot Fantasy<\/b> M594-06<br \/>\nSelf p.e.golden naaras<br \/>\nKasvattaja Hanna Lahtinen Omistaja Miia Ollikainen<\/p>\n<p><b>Nikean Ekstaasi<\/b> M123-06<br \/>\nEnglannincrest d.e.golden naaras<br \/>\nKasvattaja ja omistaja Hanna Lahtinen<\/p>\n<p><b>Nikean Eqoisimi<\/b> M124-04<br \/>\nSelf p.e.golden naaras<br \/>\nKasvattaja ja omistaja Hanna Lahtinen<\/p>\n<p><b>Nikean Tytt\u00f6 Sin\u00e4 Olet T\u00e4hti<\/b> M303-06<br \/>\nEnglannincrest p.e.white naaras<br \/>\nKasvattaja ja omistaja Hanna Lahtinen<\/p>\n<p><b>Nowhere Land&#8217;s Xerxes Prince<\/b> M627-06<br \/>\nPeruaani black\/white uros<br \/>\nKasvattaja Lotta Ahlfors Omistaja Anna Lohi<\/p>\n<p><b>S MVA Thorgnys Nosy<\/b> M759-05<br \/>\nNonself lemon argente naaras<br \/>\nKasvattaja Maria Olsen Omistaja Katja Kivipuro<\/p>\n<p><b>Tikkitakin Miles<\/b> M77-05<br \/>\nNonself tortoiseshell&amp;white uros<br \/>\nKasvattaja ja omistaja Iina Merjankari<\/p>\n<p><b>Tirlittanin Discopallo<\/b> M550-05<br \/>\nSatiinicrest p.e.golden uros<br \/>\nKasvattaja Helena Hakulinen Omistaja Miia Ollikkala<\/p>\n<p><b>Wallstreet&#8217;s Nina Simone<\/b><br \/>\nSelf black naaras<br \/>\nKasvattaja ja omistaja Kristiina Saajanaho<\/p>\n<p><b>Wallstreet&#8217;s Optimum<\/b> M845-06<br \/>\nNonself chocolate tan naaras<br \/>\nKasvattaja ja omistaja Kristiina Saajanaho<\/p>\n<p><b>Wallstreet&#8217;s Paris<\/b> M848-06<br \/>\nEnglannincrest black naaras<br \/>\nKasvattaja ja omistaja Kristiina Saajanaho<\/p>\n<p><b>Wallstreet&#8217;s Venla<\/b> M623-06<br \/>\nNonself black tan naaras<br \/>\nKasvattaja ja omistaja Kristiina Saajanaho<\/p>\n<p>&nbsp;<\/p>\n<p style=\"text-align: center;\"><strong>\u00a0Klipatut valiot vuonna 2007<\/strong><\/p>\n<p><b>Delfoin Tekla<\/b> M65-05<br \/>\nTexel, golden\/white naaras<br \/>\nKasvattaja Kirsi Ruotsalainen Omistaja Satu Sihvo<\/p>\n<p><b>Wallstreet&#8217;s Ikaros<\/b> M168-07<br \/>\nSheltie black\/golden\/white uros<br \/>\nKasvattaja &amp; omistaja Kristina Niemel\u00e4<\/p>\n<p>&nbsp;<\/p>\n<p align=\"CENTER\"><strong>Suomen Muotovaliot vuonna 2006<\/strong><\/p>\n<p><strong>Ice-Cream And Honey\u00a0<\/strong>M766-05<br \/>\nTeddy white\/cream naaras<br \/>\nKasvattaja Laura Kippo Omistaja Anna Lindberg<\/p>\n<p><strong>\u00d6hk\u00f6\u00a0<\/strong>KM44-06<br \/>\nRex black\/golden uros<br \/>\nKasvattaja Hannele Laihonen Omistaja Janiika Toivoniemi<\/p>\n<p><strong>VV07 Muskotin Someday I&#8217;ll Understand<\/strong>\u00a0M696-05<br \/>\nRex goldenagouti\/golden uros<br \/>\nKasvattaja &amp; omistaja Janiika Toivoniemi<\/p>\n<p><strong>Nikean Karaatti\u00a0<\/strong>M596-05<br \/>\nEnglannincrest p.e.golden naaras<br \/>\nKasvattaja &amp; omistaja Hanna Lahtinen<\/p>\n<p><strong>Nikean J\u00e4yn\u00e4\u00a0<\/strong>M494-05<br \/>\nAbessiinialainen tortoiseshell&amp;white uros<br \/>\nKasvattaja &amp; omistaja Hanna Lahtinen<\/p>\n<p><strong>Nikean Gin<\/strong>\u00a0M305-06<br \/>\nSatiinicrest d.e.golden naaras<br \/>\nKasvattaja &amp; omistaja Hanna Lahtinen<\/p>\n<p><strong>S MVA Notre Dames Out Of Nowhere<\/strong>\u00a0M120-06<br \/>\nNonself p.e.golden roan uros<br \/>\nKasvattaja Linda Jonsson Omistaja Katja Kivipuro<\/p>\n<p><strong>Amarillon Albert<\/strong>\u00a0M454-05<br \/>\nRex orangeagouti uros<br \/>\nKasvattaja &amp; omistaja Elise Feodoroff<\/p>\n<p><strong>Amarillon Alfonso\u00a0<\/strong>M452-05<br \/>\nRex lemonagouti\/lemon uros<br \/>\nKasvattaja &amp; omistaja Elise Feodoroff<\/p>\n<p><strong>Malaxis Vilda\u00a0<\/strong>M540-05<br \/>\nNonself silver argente naaras<br \/>\nKasvattaja Jens Lindgren Omistaja Maria Tuohisto-Kokko<\/p>\n<p><strong>Aimo Ainokainen\u00a0<\/strong>M92-06<br \/>\nTeddy white\/cream roan uros<br \/>\nKasvattaja &amp; omistaja Minna Ilo &amp; Mari Yli-Jaakkola<\/p>\n<p><strong>Andien Bereda Pooh<\/strong>\u00a0M229-05<br \/>\nTeddy goldenagouti\/golden\/white naaras<br \/>\nKasvattaja &amp; omistaja Anneli Ceder<\/p>\n<p><strong>Goldhill&#8217;s Nature Is More Beautiful<\/strong>\u00a0M37-06<br \/>\nMerino golden\/black\/white naaras<br \/>\nKasvattaja Minna Aatela &amp; Raisa Ristim\u00e4ki Omistaja Heini Lahti<\/p>\n<p><strong>S MVA Delfoin Saaga<\/strong>\u00a0M628-05<br \/>\nSelf black naaras<br \/>\nKasvattaja Kirsi Ruotsalainen Omistaja Anu Saarela<\/p>\n<p><strong>S MVA EPET VVPET-06 JVPET-07 Aniaras Hot Buttered Rumba\u00a0<\/strong>M184-06<br \/>\nEnglannincrest buff uros<br \/>\nKasvattaja Katja Kivipuro Omistaja Nora Torkkeli<\/p>\n<p><strong>Thorgnys Nasty<\/strong>\u00a0M757-05<br \/>\nNonself lemon argente uros<br \/>\nKasvattaja Maria Olsen Omistaja Katja Kivipuro<\/p>\n<p><strong>Camomile Defoe<\/strong>\u00a0M403-06<br \/>\nAmerikancrest d.e.golden uros<br \/>\nKasvattaja Don Payne Omistaja Minna Aatela<\/p>\n<p><strong>Andien Divina<\/strong>\u00a0M403-04<br \/>\nTeddy golden\/white naaras<br \/>\nKasvattaja &amp; omistaja Anneli Ceder<\/p>\n<p><strong>S MVA Aniaras Lazarus<\/strong>\u00a0M113-06<br \/>\nAmerikancrest saffron uros<br \/>\nKasvattaja &amp; omistaja Katja Kivipuro<\/p>\n<p><strong>Mira&#8217;s Fantacy<\/strong>\u00a0M608-04<br \/>\nTeddy lemonagouti\/white\/cream naaras<br \/>\nKasvattaja Heli Vaaralahti Omistaja Heidi Saarela<\/p>\n<p><strong>Nikean Luxuria\u00a0<\/strong>M16-06<br \/>\nEnglannincrest p.e.golden naaras<br \/>\nKasvattaja &amp; omistaja Hanna Lahtinen<\/p>\n<p><strong>Nikean Chrystal<\/strong>\u00a0M90-06<br \/>\nSelf white naaras<br \/>\nKasvattaja &amp; omistaja Hanna Lahtinen<\/p>\n<p><strong>Nikean Salarakas<\/strong>\u00a0M489-05<br \/>\nTeddy d.e.golden roan naaras<br \/>\nKasvattaja &amp; omistaja Hanna Lahtinen<\/p>\n<p><strong>S MVA Super Chili to Dixie<\/strong>\u00a0M641-05<br \/>\nNonself black tan naaras<br \/>\nKasvattaja Susanna Sundstr\u00f6m Omistaja Anu Saarela<\/p>\n<p><strong>Mira&#8217;s Alfred\u00a0<\/strong>M329-05<br \/>\nNonself tortoiseshell&amp;white uros<br \/>\nKasvattaja &amp; omistaja Heli Kuoppam\u00e4ki<\/p>\n<p><strong>Tikkitakin Iceman<\/strong>\u00a0M179-05<br \/>\nNonself black dalmatian uros<br \/>\nKasvattaja Iina Merjankari &amp; Maria Forsblom Omistaja Heli Kuoppam\u00e4ki<\/p>\n<p><strong>Mira&#8217;s Patricia<\/strong>\u00a0M438-03<br \/>\nEnglannincrest black naaras<br \/>\nKasvattaja &amp; omistaja Heli Kuoppam\u00e4ki<\/p>\n<p><strong>Goldhill&#8217;s Welcome To My Truth<\/strong>\u00a0M402-05<br \/>\nAmerikancrest d.e.golden uros<br \/>\nKasvattaja &amp; omistaja Minna Aatela<\/p>\n<p><strong>Tikkitakin Pacifique<\/strong>\u00a0M313-05<br \/>\nNonself silver agouti naaras<br \/>\nKasvattaja &amp; omistaja Iina Merjankari &amp; Maria Forsblom<\/p>\n<p><strong>Tikkitakin Bondi Beach<\/strong>\u00a0M79-05<br \/>\nNonself silver agouti uros<br \/>\nKasvattaja &amp; omistaja Iina Merjankari &amp; Maria Forsblom<\/p>\n<p><strong>Tikkitakin Mississippi<\/strong>\u00a0M312-05<br \/>\nNonself silver agouti naaras<br \/>\nKasvattaja &amp; omistaja Iina Merjankari &amp; Maria Forsblom<\/p>\n<p><strong>Nattsmygarn&#8217;s Engessa<\/strong>\u00a0M263-04<br \/>\nRex silver agouti naaras<br \/>\nKasvattaja Michelle Strand Omistaja Janiika Toivoniemi<\/p>\n<p><strong>S MVA Polka Pig&#8217;s Parish<\/strong>\u00a0SM11553\/05<br \/>\nNonself goldenagouti naaras<br \/>\nKasvattaja Ewa Sonesson Omistaja Eva Bj\u00f6rklund<\/p>\n<p><strong>Tirlittanin Qmisaapas<\/strong>\u00a0M514-05<br \/>\nAbessiinialainen brindle uros<br \/>\nKasvattaja &amp; omistaja Helena Hakulinen<\/p>\n<p><strong>Anemone&#8217;s Nemo<\/strong>\u00a0M253-05<br \/>\nNonself d.e.golden roan uros<br \/>\nKasvattaja &amp; omistaja Katriina Hautala<\/p>\n<p><strong>Goldhill&#8217;s I Do What You Want Me To Do<\/strong>\u00a0M401-05<br \/>\nAmerikancrest d.e.golden uros<br \/>\nKasvattaja &amp; omistaja Minna Aatela<\/p>\n<p><strong>Aniara&#8217;s Muskotti<\/strong>\u00a0M293-05<br \/>\nEnglannincrest saffron uros<br \/>\nKasvattaja Katja Kivipuro Omistaja Janiika Toivoniemi<\/p>\n<p><strong>S MVA Aniara&#8217;s American Star<\/strong>\u00a0M505-05<br \/>\nAmerikancrest saffron uros<br \/>\nKasvattaja &amp; omistaja Katja Kivipuro<\/p>\n<p><strong>Nikean Pyry<\/strong>\u00a0M642-05<br \/>\nEnglannincrest d.e.white uros<br \/>\nKasvattaja Hanna Lahtinen Omistaja P\u00e4ivi Laaksonen<\/p>\n<p><strong>S MVA Tirlittanin Dirty Diana<\/strong>\u00a0M393-04<br \/>\nAbessiinialainen brindle naaras<br \/>\nKasvattaja &amp; omistaja Helena Hakulinen<\/p>\n<p><strong>Tirlittanin Haba\u00f1ero<\/strong>\u00a0M182-05<br \/>\nNonself black tan uros<br \/>\nKasvattaja Helena Hakulinen Omistaja Anu Saarela<\/p>\n<p><strong>S MVA Tirlittanin Numur<\/strong>\u00a0M623-04<br \/>\nNonself black tan uros<br \/>\nKasvattaja Helena Hakulinen Omistaja Anu Saarela<\/p>\n<p><strong>Aniara&#8217;s Ted The Teddy<\/strong>\u00a0M670-04<br \/>\nTeddy d.e.golden uros<br \/>\nKasvattaja Katja Kivipuro Omistaja Eemeli Torkkeli<\/p>\n<p><strong>Aniara&#8217;s Kelpo Kupla<\/strong>\u00a0M360-04<br \/>\nAbessiinialainen brindle roan naaras<br \/>\nKasvattaja &amp; omistaja Katja Kivipuro<\/p>\n<p><strong>S MVA Aniara&#8217;s Selina<\/strong>\u00a0M753-05<br \/>\nEnglannincrest saffron naaras<br \/>\nKasvattaja &amp; omistaja Katja Kivipuro<\/p>\n<p><strong>S MVA Aniara&#8217;s Malka<\/strong>\u00a0M752-05<br \/>\nSelf saffron naaras<br \/>\nKasvattaja &amp; omistaja Katja Kivipuro<\/p>\n<p><strong>Tikkitakin Headless Horseman<\/strong>\u00a0M370-06<br \/>\nNonself silver agouti uros<br \/>\nKasvattaja Iina Merjankari &amp; Maria Forsblom Omistaja Tiia Hellst\u00e9n<\/p>\n<p><strong>Goldhill&#8217;s Winter Star<\/strong>\u00a0M203-06<br \/>\nCoronet himalaya naaras<br \/>\nKasvattaja Minna Aatela ja Raisa Ristim\u00e4ki Omistaja Anna Lindberg<\/p>\n<p><strong>Andien Olivia<\/strong>\u00a0M38-05<br \/>\nTeddy golden\/white naaras<br \/>\nKasvattaja Anneli Ceder Omistaja Sofia Porkka<\/p>\n<p>&nbsp;<\/p>\n<p align=\"CENTER\"><strong>Suomen Muotovaliot vuonna 2005<\/strong><\/p>\n<p lang=\"en-US\"><strong>Nikean Cream Dream\u00a0<\/strong>M167-04<br \/>\nSelf cream naaras<br \/>\nKasvattaja Hanna Lahtinen Omistaja Sari Per\u00e4m\u00e4ki<\/p>\n<p><strong>Andien Maximiliano\u00a0<\/strong>M605-04<br \/>\nTeddy white\/goldenagouti\/golden uros<br \/>\nKasvattaja Anneli Ceder Omistaja Hanna Lahtinen<\/p>\n<p><strong>Helminauhan Syysprinsessa\u00a0<\/strong>M541-03<br \/>\nTeddy buff\/white naaras<br \/>\nKasvattaja Tiia Pulkkinen &amp; Kristiina Hyyti\u00e4l\u00e4 Omistaja Nelli Kaulio<\/p>\n<p><strong>Mimosan Herra Huu\u00a0<\/strong>M113-05<br \/>\nNonself black dutch uros<br \/>\nKasvattaja &amp; omistaja Kirsi Kj\u00e4ll<\/p>\n<p><strong>Nikean Kimalle\u00a0<\/strong>M304-05<br \/>\nSatiini pe.white naaras<br \/>\nKasvattaja &amp; omistaja Hanna Lahtinen<\/p>\n<p><strong>Nikean Femme Fatale\u00a0<\/strong>M586-04<br \/>\nSelf d.e.white naaras<br \/>\nKasvattaja &amp; omistaja Hanna Lahtinen<\/p>\n<p><strong>Nikean Kristalli\u00a0<\/strong>M709-04<br \/>\nEnglannincrest p.e.white naaras<br \/>\nKasvattaja &amp; omistaja Hanna Lahtinen<\/p>\n<p><strong>Andien Pandora\u00a0<\/strong>M468-03<br \/>\nTeddy golden dutch naaras<br \/>\nKasvattaja &amp; omistaja Anneli Ceder<\/p>\n<p><strong>Mira&#8217;s Jasminda\u00a0<\/strong>M138-05<br \/>\nSelf p.e.white naaras<br \/>\nKasvattaja Heli Kuoppam\u00e4ki Omistaja Petra Hautanen<\/p>\n<p><strong>Andien Carlitos\u00a0<\/strong>M257-05<br \/>\nTeddy buff roan\/white uros<br \/>\nKasvattaja Anneli Ceder Omistaja Marjo Aro<\/p>\n<p><strong>S MVA Aniaras Kiiltokuvatytt\u00f6\u00a0<\/strong>M459-04<br \/>\nSatiini saffron naaras<br \/>\nKasvattaja &amp; omistaja Katja Kivipuro<\/p>\n<p><strong>Aniaras Christmas Gift\u00a0<\/strong>M101-05<br \/>\nSelf saffron naaras<br \/>\nKasvattaja &amp; omistaja Katja Kivipuro<\/p>\n<p><strong>S MVA Aniaras Huuma\u00a0<\/strong>M291-05<br \/>\nEnglannincrest saffron naaras<br \/>\nKasvattaja &amp; omistaja Katja Kivipuro<\/p>\n<p><strong>Cavy Hearts Daphne\u00a0<\/strong>M292-05<br \/>\nEnglannincrest buff naaras<br \/>\nKasvattaja Carita Malmgren Omistaja Katja Kivipuro<\/p>\n<p><strong>Aniaras Kelpo Kapellimestari\u00a0<\/strong>M359-04<br \/>\nAbessiinialainen tortoishell &amp; white roan uros<br \/>\nKasvattaja Katja Kivipuro Omistaja Marjo Aro<\/p>\n<p lang=\"en-US\"><strong>Tirlittanin Lord From A Land Of Shadows\u00a0<\/strong>M622-04<br \/>\nAbessiinialainen brindle uros<br \/>\nKasvattaja &amp; omistaja Helena Hakulinen<\/p>\n<p><strong>Tirlittanin A Kiss Or Nothing\u00a0<\/strong>M431-03<br \/>\nAbessiinialainen brindle naaras<br \/>\nKasvattaja &amp; omistaja Helena Hakulinen<\/p>\n<p><strong>Mira&#8217;s Winning Star\u00a0<\/strong>M480-04<br \/>\nSelf black naaras<br \/>\nKasvattaja Heli Kuoppam\u00e4ki Omistaja Kirsi Kj\u00e4ll &amp; Heli Kuoppam\u00e4ki<\/p>\n<p><strong>Tikkitakin Titaani\u00a0<\/strong>M282-04<br \/>\nNonself silver agouti uros<br \/>\nKasvattaja &amp; omistaja Iina Merjankari &amp; Maria Forsblom<\/p>\n<p><strong>Brandy\u00a0<\/strong>M723-04<br \/>\nSelf p.e.white naaras<br \/>\nKasvattaja &amp; omistaja Hanne Enqvist<\/p>\n<p><strong>Andien Enzo\u00a0<\/strong>M407-04<br \/>\nTeddy lemon agouti\/lemon uros<br \/>\nKasvattaja Anneli Ceder Omistaja Marjo Aro<\/p>\n<p><strong>GG-04 Picantto&#8217;s Cobacabana\u00a0<\/strong>M490-02<br \/>\nEnglannincrest black himalaya uros<br \/>\nKasvattaja Mikko Korhonen Omistaja Janiika Toivoniemi<\/p>\n<p><strong>Muskotin Me Against The Music\u00a0<\/strong>M731-04<br \/>\nRex silver agouti uros<br \/>\nKasvattaja &amp; omistaja Janiika Toivoniemi<\/p>\n<p><strong>Muskotin Kurojaki\u00a0<\/strong>M376-04<br \/>\nAmerikancrest black uros<br \/>\nKasvattaja &amp; omistaja Janiika Toivoniemi<\/p>\n<p><strong>S MVA Peek-a-boo&#8217;s Pepsi\u00a0<\/strong>R11127-04<br \/>\nRex golden agouti uros<br \/>\nKasvattaja &amp; omistaja Leone Nyman &amp; Annie Ekstr\u00f6m<\/p>\n<p lang=\"en-US\"><strong>S MVA MyWay Home Made American at Aniara\u00a0<\/strong>M38-03<br \/>\nAmerikancrest black uros<br \/>\nKasvattaja Minna Lintonen Omistaja Katja Kivipuro<\/p>\n<p><strong>Aniaras V\u00e4ike P\u00e4ike\u00a0<\/strong>M357-04<br \/>\nEnglannincrest saffron naaras<br \/>\nKasvattaja &amp; omistaja Katja Kivipuro<\/p>\n<p><strong>Goldhill\u2019s Bim Bel Bom\u00a0<\/strong>M318-03<br \/>\nTeddy brindle naaras<br \/>\nKasvattaja Minna Aatela &amp; Raisa Ristim\u00e4ki Omistaja Katja Kivipuro<\/p>\n<p><strong>S MVA NordV-05 Aniaras American Fizz\u00a0<\/strong>M5-05<br \/>\nAmerikancrest saffron uros<br \/>\nKasvattaja &amp; omistaja Katja Kivipuro<\/p>\n<p><strong>Aniaras Pearl\u00a0<\/strong>M674-04<br \/>\nSelf saffron naaras<br \/>\nKasvattaja &amp; omistaja Katja Kivipuro<\/p>\n<p><strong>Aniaras Jade\u00a0<\/strong>M3-05<br \/>\nEnglannincrest saffron naaras<br \/>\nKasvattaja &amp; omistaja Katja Kivipuro<\/p>\n<p><strong>Aniaras Aprikoosi\u00a0<\/strong>M168-05<br \/>\nSelf saffron naaras<br \/>\nKasvattaja &amp; omistaja Katja Kivipuro<\/p>\n<p><strong>Amulet\u00a0<\/strong>M279-04<br \/>\nSelf cream naaras<br \/>\nKasvattaja Krista Myllylahti Omistaja Anna Lindberg<\/p>\n<p><strong>S MVA NordV-05 Nikean Jummi Jammi\u00a0<\/strong>M166-05<br \/>\nEnglannincrest tortoiseshell&amp;white uros<br \/>\nKasvattaja Hanna Lahtinen Omistaja Katja Kivipuro<\/p>\n<p><strong>S MVA Tirlittanin Maya\u00a0<\/strong>M624-04<br \/>\nNonself tortoiseshell&amp;white naaras<br \/>\nKasvattaja &amp; omistaja Helena Hakulinen<\/p>\n<p><strong>NordV-04 SV-05 S &amp; N MVA Happy Days E\u00e4rilmanduil\u00a0<\/strong>SM1274-04<br \/>\nNonself lemon agouti uros<br \/>\nKasvattaja &amp; omistaja Lena &amp; Cornelia Wilhelmsson<\/p>\n<p><strong>S &amp; N MVA Occis Hanky-Panky\u00a0<\/strong>A231080<br \/>\nAbessiinialainen brindle naaras<br \/>\nKasvattaja &amp; omistaja Sofia Dafg\u00e5rd<\/p>\n","protected":false},"excerpt":{"rendered":"<p>Suomen Muotovaliot vuonna 2008 Foxy Sadie Nonself black fox naaras M246-07 Kasvattaja Tiina Sunila, omistaja Viviann Monni E-PET, VVPET-07,GGPET-07 Goldhill&#8217;s Mopping Corners Klipattu coronet black naaras M672-06 Kasvattaja Raisa Ristim\u00e4ki, omistaja Annukka Holmroos Snoop&#8217;s Golden Lullaby Amerikan Crest naaras de &hellip; <a href=\"https:\/\/marsuyhdistys.net\/home\/kaikki-nayttelyista\/nayttelysaannot\/suomen-muotovaliot-2\/vuosina-2003-ja-2004\/\">Lue loppuun <span class=\"meta-nav\">&rarr;<\/span><\/a><\/p>\n","protected":false},"author":10,"featured_media":0,"parent":249,"menu_order":880,"comment_status":"closed","ping_status":"closed","template":"","meta":{"footnotes":"","_links_to":"","_links_to_target":""},"class_list":["post-272","page","type-page","status-publish","hentry"],"_links":{"self":[{"href":"https:\/\/marsuyhdistys.net\/home\/wp-json\/wp\/v2\/pages\/272","targetHints":{"allow":["GET"]}}],"collection":[{"href":"https:\/\/marsuyhdistys.net\/home\/wp-json\/wp\/v2\/pages"}],"about":[{"href":"https:\/\/marsuyhdistys.net\/home\/wp-json\/wp\/v2\/types\/page"}],"author":[{"embeddable":true,"href":"https:\/\/marsuyhdistys.net\/home\/wp-json\/wp\/v2\/users\/10"}],"replies":[{"embeddable":true,"href":"https:\/\/marsuyhdistys.net\/home\/wp-json\/wp\/v2\/comments?post=272"}],"version-history":[{"count":11,"href":"https:\/\/marsuyhdistys.net\/home\/wp-json\/wp\/v2\/pages\/272\/revisions"}],"predecessor-version":[{"id":701,"href":"https:\/\/marsuyhdistys.net\/home\/wp-json\/wp\/v2\/pages\/272\/revisions\/701"}],"up":[{"embeddable":true,"href":"https:\/\/marsuyhdistys.net\/home\/wp-json\/wp\/v2\/pages\/249"}],"wp:attachment":[{"href":"https:\/\/marsuyhdistys.net\/home\/wp-json\/wp\/v2\/media?parent=272"}],"curies":[{"name":"wp","href":"https:\/\/api.w.org\/{rel}","templated":true}]}}