{"id":274,"date":"2012-09-25T19:17:12","date_gmt":"2012-09-25T17:17:12","guid":{"rendered":"http:\/\/marsuyhdistys.net\/home\/?page_id=274"},"modified":"2013-01-18T15:53:15","modified_gmt":"2013-01-18T13:53:15","slug":"vuosina-2005-ja-2006","status":"publish","type":"page","link":"https:\/\/marsuyhdistys.net\/home\/kaikki-nayttelyista\/nayttelysaannot\/suomen-muotovaliot-2\/vuosina-2005-ja-2006\/","title":{"rendered":"Muotovaliot 2009-2011"},"content":{"rendered":"<p style=\"text-align: center;\"><strong>Suomen Muotovaliot 2011<\/strong><\/p>\n<p>Nikkis Kiss n\u2019Tell M620-10<br \/>\ntexel goldenagouti\/white naaras<br \/>\nKasv. Nikki Matthews om. Katja Kivipuro<\/p>\n<p>Luneas Qumina M686-10<br \/>\nself buff naaras<br \/>\nKasv. Sophie Eberhorn om. Pulmu Waitinen<\/p>\n<p>Kismet Kitty M577-10<br \/>\nabessiinialainen brindle naaras<br \/>\nKasv &amp; om. Eva Kalliala<\/p>\n<p>Berenike M124-10<br \/>\nself d.e.golden naaras<br \/>\nKasv &amp; om. Miia Ollikkala<\/p>\n<p>Dixie Athena M409-10<br \/>\nnonself black tan naaras<br \/>\nKasv &amp; om. Anu Saarela<\/p>\n<p>Dixie Daytona M579-10<br \/>\nnonself black tan naaras<br \/>\nKasv &amp; om. Anu Saarela<\/p>\n<p>Dixie Lord Winston M419-10<br \/>\nenglannincrest black tan uros<br \/>\nKasv. Anu Saarela om. Amanda Silver<\/p>\n<p>Aniaras Samson M834-08<br \/>\nenglannincrest saffron uros<br \/>\nKasv &amp; om. Katja Kivipuro<\/p>\n<p>Emmicas Aragon av Midg\u00e5rd M587-10<br \/>\nrex silver argente uros<br \/>\nKasv. Ewa Brodin om. Pauliina Tuppurainen<\/p>\n<p>J-Z M287-10<br \/>\nteddy lilac\/white uros<br \/>\nKasv. Darren Fieldhouse om. Maria Sn\u00e4llstr\u00f6m<\/p>\n<p>Aniaras Olympia M617-10<br \/>\nself saffron naaras<br \/>\nKasv &amp; om. Katja Kivipuro<\/p>\n<p>S MVA Woodside Peter M25-11<br \/>\nrex silveragouti uros<br \/>\nKasv. Bev Carpenter om. Marjo Meuronen<\/p>\n<p>Snoop\u2019s Amazing Emil M550-10<br \/>\namerikancrest d.e.golden uros<br \/>\nKasv &amp; om. Minna Aatela<\/p>\n<p>Snoop\u2019s Beep Be Beep M551-10<br \/>\namerikancrest d.e.golden uros<br \/>\nKasv &amp; om. Minna Aatela<\/p>\n<p>Winniepig\u2019s Peter Pan M818-10<br \/>\nabessiinialainen brindle roan uros<br \/>\nKasv. Catharina Johansson om. Anu Saarela<\/p>\n<p>Dixie Dame Kiki M636-10<br \/>\nenglannincrest black tan naaras<br \/>\nKasv &amp; om. Anu Saarela<\/p>\n<p>Bergatrollets Osvald M586-10<br \/>\nrex cinnamonagouti uros<br \/>\nKasv. A.Pettersson-Berg om. Pauliina Tuppurainen<\/p>\n<p>Aniaras Nita M680-10<br \/>\nenglannincrest saffron naaras<br \/>\nKasv &amp; om. Katja Kivipuro<\/p>\n<p>Aniaras American Kizmet M681-10<br \/>\namerikancrest saffron naaras<br \/>\nKasv &amp; om. Katja Kivipuro<\/p>\n<p>Maailman Hui-Hiippari M416-09<br \/>\nabessiinialainen brindle naaras<br \/>\nKasv &amp; om. Aida Depner<\/p>\n<p>Caviecares Sinikka M8-11<br \/>\nteddy white\/lilac\/golden naaras<br \/>\nKasv. Lena Siversson om. Taina H\u00f6gman<\/p>\n<p>Aniaras Funi M518-11<br \/>\nnonself tortoiseshell&amp;white naaras<br \/>\nKasv &amp; om. Katja Kivipuro<\/p>\n<p>Aniaras Tiramisu M181-11<br \/>\nself saffron naaras<br \/>\nKasv &amp; om. Katja Kivipuro<\/p>\n<p>Aniaras Okra M618-10<br \/>\nnonself saffron roan naaras<br \/>\nKasv &amp; om. Katja Kivipuro<\/p>\n<p>Aspiriini M525-11<br \/>\nnonself black dutch naaras<br \/>\nKasv &amp; om. Carita Sonne<\/p>\n<p>Almond\u2019s Koh-i-noor M180-11<br \/>\nself saffron uros<br \/>\nKasv. Lea Rahtu om. Katja Kivipuro<\/p>\n<p>Caviecares Lenox M437-11<br \/>\nrex p.e.white uros<br \/>\nKasv. Lena Siversson om. Pauliina Tuppurainen<\/p>\n<p>Delfoin Aarre M3-11<br \/>\ntexel black\/golden naaras<br \/>\nKasv. Kirsi Ruotsalainen om. Ruotsalainen&amp;Holmroos<\/p>\n<p>Delfoin Olympia M196-09<br \/>\nself black naaras<br \/>\nKasv &amp; om. Kirsi Ruotsalainen<\/p>\n<p>Delfoin Cocatoo M18-08<br \/>\nenglannincrest black uros<br \/>\nKasv &amp; om. Kirsi Ruotsalainen<\/p>\n<p>Delfoin Robin Hood M826-10<br \/>\ntexel golden uros<br \/>\nKasv. Kirsi Ruotsalainen om. Ruotsalainen&amp;Holmroos<\/p>\n<p>Aniaras Antoinette M311-09<br \/>\nenglanninncrest saffron naaras<br \/>\nKasv &amp; om. Katja Kivipuro<\/p>\n<p>Lovely Sugar and Honey M632-07<br \/>\nteddy lemonagouti\/cream\/white naaras<br \/>\nKasv &amp; om. Anna Lindberg<\/p>\n<p>Dixie BeBePie M353-11<br \/>\nnonself tortoiseshell&amp;white naaras<br \/>\nKasv &amp; om. Anu Saarela<\/p>\n<p>Dixie Wild Obsession M176-11<br \/>\nabessiinialainen black\/golden naaras<br \/>\nKasv &amp; om. Anu Saarela<\/p>\n<p>Define Ice Oni M99-11<br \/>\nself d.e.white uros<br \/>\nKasv. Darren Fieldhouse om. Anu Saarela<\/p>\n<p>Nikean Leia M788-10<br \/>\nself black naaras<br \/>\nKasv. Hanna Lahtinen om. Anu Saarela<\/p>\n<p>NordJV-11 Dixie Wild Racer M351-11<br \/>\nabessiinialainen brindle uros<br \/>\nKasv &amp; om. Anu Saarela<\/p>\n<p style=\"text-align: center;\"><strong>Suomen Muotovaliot 2010<\/strong><\/p>\n<p>&nbsp;<\/p>\n<p style=\"text-align: center;\"><strong>Suomen Muotovaliot 2009<\/strong><\/p>\n<p>Andien BB M412-08<br \/>\nTeddy cream naaras<br \/>\nKasv. Anneli Ceder Om. Juulia Palmqvist<\/p>\n<p>Dixie Choco Quincy M840-07<br \/>\nNonself chocolate tan uros<br \/>\nKasv. Anu Saarela Om. Juulia Palmqvist<\/p>\n<p>Dixie Yuok M113-08<br \/>\nNonself black tan naaras<br \/>\nKasv. Anu Saarela Om. Elise Feodoroff<\/p>\n<p>Fransesca M288-08<br \/>\nSelf red naaras<br \/>\nKasv. &amp; Om. Elina Vehkam\u00e4ki<\/p>\n<p>Nikean Namupala M84-07<br \/>\nSelf p.e.white naaras<br \/>\nKasv. Hanna Lahtinen Om. Petra Hautanen<\/p>\n<p>Dixie Lord George M479-08<br \/>\nNonself black tan uros<br \/>\nKasv. &amp; Om. Anu Saarela<\/p>\n<p>Nikean J\u00e4m\u00e4 M384-06<br \/>\nAbessiinialainen T&amp;W uros<br \/>\nKasv. Hanna Lahtinen Om. Aida Depner<\/p>\n<p>Nikean Africa M552-08<br \/>\nSelf black naaras<br \/>\nKasv. &amp; Om. Hanna Lahtinen<\/p>\n<p>Nikean Voo Doo M549-08<br \/>\nEnglannincrest black naaras<br \/>\nKasv. &amp; Om. Hanna Lahtinen<\/p>\n<p>Nikean T\u00e4htihetki M538-08<br \/>\nEnglannincrest p.e.white naaras<br \/>\nKasv. &amp; Om. Hanna Lahtinen<\/p>\n<p>Nikean Egotrippi M646-07<br \/>\nSelf p.e.golden naaras<br \/>\nKasv. &amp; Om. Hanna Lahtinen<\/p>\n<p>Nikean Eritt\u00e4in Hyv\u00e4 ellei T\u00e4ydellinen M651-07<br \/>\nSelf cream naaras<br \/>\nKasv. &amp; Om. Hanna Lahtinen<\/p>\n<p>Charity M363-08<br \/>\nMerino black\/white naaras<br \/>\nKasv. Riina Ruuska Om. Anna Lohi<\/p>\n<p>Chaviva M635-08<br \/>\nCoronet black\/white uros<br \/>\nKasv. Riina Ruuska Om. Riina Ruuska<\/p>\n<p>Dixie Lil\u2019Ida M667-08<br \/>\nNonself lilac tan naaras<br \/>\nKasv. Anu Saarela Om. Viviann Monni<\/p>\n<p>Tirlittanin Yu Yu Hakusho M250-06<br \/>\nAbessiinialainen brindle uros<br \/>\nKasv. Helena Hakulinen Om. Aida Depner<\/p>\n<p>Kaapo M856-08<br \/>\nrex lemon agouti uros<br \/>\nKasv. P\u00e4ivi Andersson Om. Sofia J\u00e4rnberg<\/p>\n<p>Snoop\u2019s Endless Daydream M828-08<br \/>\nEnglannincrest chocolate naaras<br \/>\nKasv. Minna Aatela Om. Kaisu Karvonen<\/p>\n<p>Akira\u2019s Fernando M289-08<br \/>\nSelf red uros<br \/>\nKasv. &amp; Om. Elina Vehkam\u00e4ki<\/p>\n<p>Wallstreet\u2019s Fantas M879-08<br \/>\nNonself lilac fox uros<br \/>\nKasv. Kristina Niemel\u00e4 Om. Vivian Monni<\/p>\n<p>EPET GGPET-08 MHPC\u2019s Rock With Me! M162-08<br \/>\nSkinny tortoiseshell&amp;white uros<br \/>\nKasv. M. Majchrowicz Om. Vilma Virtanen<\/p>\n<p>Riverside\u2019s Orvokki Online M530-08<br \/>\nTeddy golden\/golden agouti\/white naaras<br \/>\nKasv.&amp; Om. Mari Tyyvi<\/p>\n<p>Snowfall\u2019s Linkin Park M760-08<br \/>\nAlpakka lilac\/golden\/white uros<br \/>\nKasv. Satu Sihvo Om. Elina Vehkam\u00e4ki<\/p>\n<p>Akira\u2019s Darla M75-08<br \/>\nSelf red naaras<br \/>\nKasv.&amp;Om. Elina Vehkam\u00e4ki<\/p>\n<p>Vanion Unique M716-08<br \/>\nNonself silver argente naaras<br \/>\nKasv.&amp;Om. Maria Tuohisto-Kokko<\/p>\n<p>Tikkitakin Lusitania M164-08<br \/>\nNonself silver agouti uros<br \/>\nKasv. Iina Merjankari Om. Maria Tuohisto-Kokko<\/p>\n<p>Tikkitakin Invitation to a Dynamite Party M554-07<br \/>\nNonself silver agouti naaras<br \/>\nKasv.&amp;Om. Iina Merjankari<\/p>\n<p>Snowfall\u2019s Love to Dance M758-08<br \/>\nPeruaani silver argente uros<br \/>\nKasv. Satu Sihvo Om. Anna Lohi<\/p>\n<p>Sarmatian Naoki M894-08<br \/>\nPeruaani golden agouti\/golden\/white uros<br \/>\nKasv. Sarianna Ketola Om. Anna Lohi<\/p>\n<p>Arthur M633-08<br \/>\nTeddy buff agouti uros<br \/>\nKasv.Julia Friman Om. Maria Sn\u00e4llstr\u00f6m<\/p>\n<p>Critters Amanda M574-08<br \/>\nSelf red naaras<br \/>\nKasv. Anne Jalonen Om. Jonna Tikka<\/p>\n<p>Picus Think Pink M684-08<br \/>\nAmerikancrest p.e.golden naaras<br \/>\nKasv.&amp;Om. Jonna Tikka<\/p>\n<p>JGG-08 VV04-08 Picus Hug Me M615-08<br \/>\nNonself black roan naaras<br \/>\nKasv.&amp;Om. Jonna Tikka<\/p>\n<p>Rospiggens Midnight Sun M507-08<br \/>\nEnglannincrest d.e.golden naaras<br \/>\nKasv. Victoria Wrangell Om. Jonna Tikka<\/p>\n<p>Imargos Phantom Girl M325-08<br \/>\nSelf grey naaras<br \/>\nKasv. Helena Rehnstr\u00f6m Om. Jonna Tikka<\/p>\n<p>Picus Choco Cookie M113-09<br \/>\nSelf chocolate naaras<br \/>\nKasv.&amp;Om. Jonna Tikka<\/p>\n<p>Dixie Black Pepper M65-09<br \/>\nSelf black uros<br \/>\nKasv. Anu Saarela Om. Annukka Holmroos<\/p>\n<p>Snoop\u2019s Sparkler M840-08<br \/>\nTexel black roan uros<br \/>\nKasv.&amp;Om. Minna Aatela<\/p>\n<p>Snoop\u2019s Echinaea Purpurea M827-08<br \/>\nNonself d.e.golden roan uros<br \/>\nKasv.&amp;Om. Minna Aatela<\/p>\n<p>Show Me to Right Way to Wrap Me M3-09<br \/>\nSheltie black\/golden\/white uros<br \/>\nKasv. Riina Ruuska Om. Juulia Palmqvist<\/p>\n<p>Youth Gone Wild M858-08<br \/>\nCoronet black\/buff\/white<br \/>\nKasv.&amp;Om. Juulia Palmqvist<\/p>\n<p>Barbaari M75-09<br \/>\nAbessiinialainen brindle uros<br \/>\nKasv.&amp;Om. Aida Depner<\/p>\n<p>Dixie Vallero Jr. M454-09<br \/>\nNonself black tan uros<br \/>\nKasv.&amp;Om. Anu Saarela<\/p>\n<p>PamPam\u2019s Balfour M239-08<br \/>\nSelf cream uros<br \/>\nKasv. Susanna Piili Om. Tuija Kilpinen<\/p>\n<p>Nikean Lara Croft M789-08<br \/>\nSelf cream naaras<br \/>\nKasv. Hanna Lahtinen Om. Tuija Kilpinen<\/p>\n<p>Aniara\u2019s Kelpo Kiia M786-08<br \/>\nAbessiinialainen brindle naaras<br \/>\nKasv. Katja Kivipuro Om. Aida Depner<\/p>\n<p>Arthur M66-09<br \/>\nSelf buff uros<br \/>\nKasv. &amp; Om. Pulmu Waitinen<\/p>\n<p>Goldhill\u2019s Princess Aurora M123-09<br \/>\nTeddy golden agouti naaras<br \/>\nKasv.&amp;Om. Raisa Ristim\u00e4ki<\/p>\n<p>Cappuccino Heart M303-09<br \/>\nSelf p.e.golden naaras<br \/>\nKasv.&amp;Om. Miia Ollikkala<\/p>\n<p>Mira\u2019s Astro M488-09<br \/>\nNonself black dalmatian uros<br \/>\nKasv. Heli Kuoppam\u00e4ki Om. Carita Sonne<\/p>\n<p>Tikkitakin Mauritania M284-08<br \/>\nNonself silver agouti uros<br \/>\nKasv.&amp;Om. Iina Merjankari<\/p>\n<p>Klipatut valiot 2009<\/p>\n<p>Malaxis He Might Bite M414-08<br \/>\nAlpakka white\/goldenagouti uros<br \/>\nKasv. Jens Lindgren Om. Anna Lohi<\/p>\n","protected":false},"excerpt":{"rendered":"<p>Suomen Muotovaliot 2011 Nikkis Kiss n\u2019Tell M620-10 texel goldenagouti\/white naaras Kasv. Nikki Matthews om. Katja Kivipuro Luneas Qumina M686-10 self buff naaras Kasv. Sophie Eberhorn om. Pulmu Waitinen Kismet Kitty M577-10 abessiinialainen brindle naaras Kasv &amp; om. Eva Kalliala Berenike &hellip; <a href=\"https:\/\/marsuyhdistys.net\/home\/kaikki-nayttelyista\/nayttelysaannot\/suomen-muotovaliot-2\/vuosina-2005-ja-2006\/\">Lue loppuun <span class=\"meta-nav\">&rarr;<\/span><\/a><\/p>\n","protected":false},"author":10,"featured_media":0,"parent":249,"menu_order":770,"comment_status":"closed","ping_status":"closed","template":"","meta":{"footnotes":"","_links_to":"","_links_to_target":""},"class_list":["post-274","page","type-page","status-publish","hentry"],"_links":{"self":[{"href":"https:\/\/marsuyhdistys.net\/home\/wp-json\/wp\/v2\/pages\/274","targetHints":{"allow":["GET"]}}],"collection":[{"href":"https:\/\/marsuyhdistys.net\/home\/wp-json\/wp\/v2\/pages"}],"about":[{"href":"https:\/\/marsuyhdistys.net\/home\/wp-json\/wp\/v2\/types\/page"}],"author":[{"embeddable":true,"href":"https:\/\/marsuyhdistys.net\/home\/wp-json\/wp\/v2\/users\/10"}],"replies":[{"embeddable":true,"href":"https:\/\/marsuyhdistys.net\/home\/wp-json\/wp\/v2\/comments?post=274"}],"version-history":[{"count":10,"href":"https:\/\/marsuyhdistys.net\/home\/wp-json\/wp\/v2\/pages\/274\/revisions"}],"predecessor-version":[{"id":276,"href":"https:\/\/marsuyhdistys.net\/home\/wp-json\/wp\/v2\/pages\/274\/revisions\/276"}],"up":[{"embeddable":true,"href":"https:\/\/marsuyhdistys.net\/home\/wp-json\/wp\/v2\/pages\/249"}],"wp:attachment":[{"href":"https:\/\/marsuyhdistys.net\/home\/wp-json\/wp\/v2\/media?parent=274"}],"curies":[{"name":"wp","href":"https:\/\/api.w.org\/{rel}","templated":true}]}}