{"id":31,"date":"2012-07-01T21:47:56","date_gmt":"2012-07-01T19:47:56","guid":{"rendered":"http:\/\/marsuyhdistys.net\/home\/?page_id=31"},"modified":"2023-05-16T18:03:35","modified_gmt":"2023-05-16T16:03:35","slug":"rekisterointisaannot","status":"publish","type":"page","link":"https:\/\/marsuyhdistys.net\/home\/yhdistys\/saannot\/rekisterointisaannot\/","title":{"rendered":"Rekister\u00f6intis\u00e4\u00e4nn\u00f6t"},"content":{"rendered":"<p>N\u00e4it\u00e4 s\u00e4\u00e4nt\u00f6j\u00e4 noudatetaan 1.8.2020 alkaen. <\/p>\n<p>S\u00e4\u00e4nn\u00f6t koskevat Suomessa syntyneit\u00e4 marsuja. Rekister\u00f6inti on puhdasrotuisen marsun sukutaulun kirjaaminen Suomen Marsuyhdistyksen (SMY)rekisteriin. Rekister\u00f6inti todennetaan SMY:n my\u00f6nt\u00e4m\u00e4ll\u00e4 juoksevalla numeroinnilla ja vuosiluvulla (Mxx-vuosiluku). Kun marsu rekister\u00f6id\u00e4\u00e4n, tiedot j\u00e4\u00e4v\u00e4t SMY:n tietokantoihin ja ne ovat yhdistyksen toimihenkil\u00f6iden k\u00e4yt\u00f6ss\u00e4 sek\u00e4 voidaan julkaista yhdistyksen julkaisussa ja sukutietokannassa<\/p>\n<p>Rekister\u00f6idess\u00e4 marsun sukutaulusta tarkastetaan kahden sukupolven rotujen, v\u00e4rien ja kuvioiden rekister\u00f6intis\u00e4\u00e4nt\u00f6jen noudattaminen yhdistyksen jalostusohjeiden mukaisesti. Eri turkkimuunnoksista k\u00e4ytet\u00e4\u00e4n s\u00e4\u00e4nn\u00f6iss\u00e4 nimityst\u00e4 rotu, v\u00e4rit ja kuviot mainitaan sellaisinaan. Yhden isovanhemman poikkeama jalostuss\u00e4\u00e4nt\u00f6ihin sallitaan. Vanhempien tulee aina noudattaa jalostuss\u00e4\u00e4nt\u00f6j\u00e4. Mik\u00e4li poikkeama jalostuss\u00e4\u00e4nn\u00f6ist\u00e4 on suurempi, tulee sit\u00e4 perustella rekister\u00f6intihakemuksen yhteydess\u00e4. Rekister\u00f6ij\u00e4 voi halutessaan puolta tai olla puoltamatta rekister\u00f6intihakemusta. P\u00e4\u00e4t\u00f6ksen rekister\u00f6innist\u00e4 tekee hallitus. Rekister\u00f6ij\u00e4 ilmoittaa p\u00e4\u00e4t\u00f6ksest\u00e4 hakijalle.<\/p>\n<p>Tuontimarsujen rekister\u00f6intiin vaaditaan marsun nimi, sukupuoli, syntym\u00e4aika tai arvio siit\u00e4, rotu\/v\u00e4ri\/kuvio sek\u00e4 toivotaan lis\u00e4ksi kasvattajan nime\u00e4 ja marsun alkuper\u00e4maata. <\/p>\n<p><em>*Kev\u00e4tkokous 2022 p\u00e4\u00e4t\u00f6ksell\u00e4 SMY ei rekister\u00f6i toistaiseksi lainkaan tuontimarsuja Ven\u00e4j\u00e4lt\u00e4 hy\u00f6kk\u00e4yssodan vuoksi.<\/em><\/p>\n<p><strong>Jalostuss\u00e4\u00e4nn\u00f6t<\/strong><\/p>\n<p><strong>Sile\u00e4karvaiset marsut<\/strong><\/p>\n<p>Seuraavia marsurotuja saa jalostaa kesken\u00e4\u00e4n, kunhan v\u00e4ri- ja kuvios\u00e4\u00e4nn\u00f6t toteutuvat:<\/p>\n<p>Self eli yksiv\u00e4rinen, nonself eli kuvioitu, englannincrest yksiv\u00e4rinen, englannicrest kuvioitu, amerikancrest yksiv\u00e4rinen sek\u00e4 amerikancrest kuvioitu.<\/p>\n<p>Seuraavat yhdistelm\u00e4t eiv\u00e4t ole sallittuja: roan &#8211; roan, dalmatialainen &#8211; dalmatialainen tai roan \u2013 dalmatialainen.<\/p>\n<p><strong>V\u00e4ris\u00e4\u00e4nn\u00f6t<\/strong><\/p>\n<p>Samanv\u00e4riset<\/p>\n<p>* Pe white \u2013 d.e.white \u2013 cream \u2013 lemon \u2013 buff \u2013 saffron \u2013 buff \u2013 p.e. golden \u2013 d.e. golden \u2013 red<\/p>\n<p>* Black \u2013 red<\/p>\n<p>* Black \u2013 grey \u2013 lilac \u2013 chocolate \u2013 beige<\/p>\n<p><strong>Kuvios\u00e4\u00e4nn\u00f6t<\/strong><\/p>\n<p>Saman kuvioisia marsuja saa jalostaa kesken\u00e4\u00e4n erikseen mainituin poikkeuksin ilman v\u00e4ris\u00e4\u00e4nt\u00f6\u00e4<\/p>\n<p>tan \u2013 fox \u2013 otter \u2013 self<\/p>\n<p>agouti \u2013 argente \u2013 solid agouti \u2013 solid argente \u2013 self (diluutti)<\/p>\n<p>tortoiseshell \u2013 tortoiseshell &amp; white \u2013 tricolor \u2013 bicolor<\/p>\n<p>himalaya \u2013 self<\/p>\n<p>dutch<\/p>\n<p>brindle \u2013 tortoiseshell \u2013 magpie \u2013 harlekiini \u2013 bicolor<\/p>\n<p>roan &#8211; sallittu ainoastaan yhdistettyn\u00e4 self-marsuun<\/p>\n<p>dalmatialainen &#8211; sallittu ainoastaan yhdistettyn\u00e4<br \/>\nself-marsuun<\/p>\n<p>California \u2013 california roan \u2013 self<\/p>\n<p><strong>Karkeakarvaiset ja karvattomat<\/strong><\/p>\n<p>Saman rotuisia marsuja saa jalostaa kesken\u00e4\u00e4n ja kaikki v\u00e4ri -ja kuvioyhdistelm\u00e4t ovat sallittuja, paitsi roan \u2013 roan, dalmatialainen \u2013 dalmatialainen tai roan \u2013 dalmatialainen.<\/p>\n<p>teddy<\/p>\n<p>rex \u2013 rex crest<\/p>\n<p>abessiinialainen<\/p>\n<p>skinny \u2013 skinnykantaja<\/p>\n<p>baldwin \u2013 baldwinkantaja<\/p>\n<p>ridgeback<\/p>\n<p>ch-teddy \u2013<br \/>\nch-teddycrest<\/p>\n<p><strong>Pitk\u00e4karvaiset<\/strong><\/p>\n<p>Saman rotuisia marsuja saa jalostaa kesken\u00e4\u00e4n ja kaikki v\u00e4ri -ja kuvioyhdistelm\u00e4t ovat sallittuja, paitsi roan \u2013 roan, dalmatialainen \u2013 dalmatialainen tai roan \u2013 dalmatialainen.<\/p>\n<p>&nbsp;sheltie \u2013 texel \u2013<br \/>\ncoronet \u2013 merino \u2013 peruaani \u2013 alpakka<\/p>\n<p>lunkaryaperuaani \u2013 lunkaryasheltie \u2013 lunkaryacoronet \u2013<br \/>\ncoronet \u2013 sheltie \u2013 peruaani<\/p>\n<p>ei-standardi:<\/p>\n<p>Toimitaan standarditoimikunnan antaman ohjeistuksen mukaan. Toimita sukupaperit sek\u00e4 ehdotus rodun rekister\u00f6innist\u00e4 standarditoimikunnalle. Standarditoimikunta k\u00e4sittelee asian ja toimittaa asiakirjat rekister\u00f6ij\u00e4lle p\u00e4\u00e4t\u00f6ksen tehty\u00e4\u00e4n.<\/p>\n<p><strong>Satiinimarsuja ei rekister\u00f6id\u00e4<\/strong>.<\/p>\n<p><strong>HAKEMUS<\/strong><\/p>\n<p>Rekister\u00f6intihakemukseen ilmoitetaan rekister\u00f6it\u00e4v\u00e4n marsun virallinen nimi. Mik\u00e4li marsun kasvattajalla on hyv\u00e4ksytty kasvattajanimi, se kirjoitetaan varsinaisen nimen eteen. Muutoin marsun nimess\u00e4 ei saa esiinty\u00e4 kasvattajanimeen viittaavaa etu -tai j\u00e4lkiliitett\u00e4. Lis\u00e4ksi hakemuksessa tulee olla marsun syntym\u00e4aika, rotu, v\u00e4ri, kuvio, sukupuoli. Marsun vanhempien sek\u00e4 isovanhempien tiedoista vaaditaan nimet, mik\u00e4li ne ovat tiedossa, rekisterinumerot mik\u00e4li ne ovat tiedossa ja rodut, v\u00e4rit ja kuviot. Mik\u00e4li marsun kasvattajalla on marsuille hyv\u00e4ksytty kasvattajanimi, se kirjoitetaan varsinaisen nimen eteen. Muutoin marsun nimess\u00e4 ei saa esiinty\u00e4 kasvattajanimeen viittaavaa etu -tai j\u00e4lkiliitett\u00e4. Suomessa syntyneen el\u00e4imen rekister\u00f6inniss\u00e4 vanhempien tiedot tulee olla t\u00e4ydellisesti. Isovanhempien tiedot voivat olla puutteelliset, mik\u00e4li rekister\u00f6iv\u00e4n marsun vanhemmat ovat tuontiel\u00e4imi\u00e4 Lis\u00e4ksi ilmoitetaan kasvattaja ja mik\u00e4li mahdollista niin kasvattaja allekirjoittaa hakemuksen.<\/p>\n<p>Paperiset rekister\u00f6intihakemukset tehd\u00e4\u00e4n kolmena kappaleena, joista kaksi l\u00e4hetet\u00e4\u00e4n rekister\u00f6ij\u00e4lle. Rekister\u00f6intimaksu maksetaan etuk\u00e4teen ja todiste suorituksesta l\u00e4hetet\u00e4\u00e4n hakemuksen liitteen\u00e4 tai s\u00e4hk\u00f6isesti rekister\u00f6ij\u00e4lle.<\/p>\n<p>S\u00e4hk\u00f6iseen rekister\u00f6intihakemukseen liitet\u00e4\u00e4n maksukuitti.<\/p>\n<p>S\u00e4hk\u00f6isiss\u00e4 rekister\u00f6inneiss\u00e4 marsun rekister\u00f6intinumero ilmoitetaan s\u00e4hk\u00f6isesti hakemuksen l\u00e4hett\u00e4j\u00e4lle ja sukutietokantaan, paperihakemuksista toinen palautuu hakijalle rekister\u00f6intinumeron ja yhdistyksen leiman kanssa.<\/p>\n<p>Mik\u00e4li erikseen ilmoitetaan, rekister\u00f6iminen on mahdollista my\u00f6s yhdistyksen tapahtumista. Rekister\u00f6intiaika on erityisi\u00e4 poikkeuksia lukuun ottamatta 4 viikkoa.<\/p>\n<p>Rekister\u00f6intimaksun m\u00e4\u00e4r\u00e4 vahvistetaan vuosittain ja tarvittavat tiedot hakemuksen l\u00e4hett\u00e4miseen ja maksun suorittamiseen l\u00f6ytyv\u00e4t yhdistyksen julkaisuista.<\/p>\n<p>Jos n\u00e4it\u00e4 rekister\u00f6intiohjeita ei noudateta, marsua ei rekister\u00f6id\u00e4 eik\u00e4 SMY ole velvollinen palauttamaan maksuja. Virheellisesti tai puutteellisesti t\u00e4ytetty rekister\u00f6intihakemus palautetaan korjattavaksi. SMY ei korvaa t\u00e4st\u00e4 aiheutuvia kuluja.<\/p>\n<p>Henkil\u00f6tietojen k\u00e4sittelyss\u00e4 noudatetaan voimassa olevaa tietosuojas\u00e4\u00e4ntely\u00e4.&nbsp; <\/p>\n","protected":false},"excerpt":{"rendered":"<p>N\u00e4it\u00e4 s\u00e4\u00e4nt\u00f6j\u00e4 noudatetaan 1.8.2020 alkaen. S\u00e4\u00e4nn\u00f6t koskevat Suomessa syntyneit\u00e4 marsuja. Rekister\u00f6inti on puhdasrotuisen marsun sukutaulun kirjaaminen Suomen Marsuyhdistyksen (SMY)rekisteriin. Rekister\u00f6inti todennetaan SMY:n my\u00f6nt\u00e4m\u00e4ll\u00e4 juoksevalla numeroinnilla ja vuosiluvulla (Mxx-vuosiluku). Kun marsu rekister\u00f6id\u00e4\u00e4n, tiedot j\u00e4\u00e4v\u00e4t SMY:n tietokantoihin ja ne ovat yhdistyksen toimihenkil\u00f6iden &hellip; <a href=\"https:\/\/marsuyhdistys.net\/home\/yhdistys\/saannot\/rekisterointisaannot\/\">Lue loppuun <span class=\"meta-nav\">&rarr;<\/span><\/a><\/p>\n","protected":false},"author":10,"featured_media":0,"parent":25,"menu_order":30,"comment_status":"closed","ping_status":"closed","template":"","meta":{"footnotes":"","_links_to":"","_links_to_target":""},"class_list":["post-31","page","type-page","status-publish","hentry"],"_links":{"self":[{"href":"https:\/\/marsuyhdistys.net\/home\/wp-json\/wp\/v2\/pages\/31","targetHints":{"allow":["GET"]}}],"collection":[{"href":"https:\/\/marsuyhdistys.net\/home\/wp-json\/wp\/v2\/pages"}],"about":[{"href":"https:\/\/marsuyhdistys.net\/home\/wp-json\/wp\/v2\/types\/page"}],"author":[{"embeddable":true,"href":"https:\/\/marsuyhdistys.net\/home\/wp-json\/wp\/v2\/users\/10"}],"replies":[{"embeddable":true,"href":"https:\/\/marsuyhdistys.net\/home\/wp-json\/wp\/v2\/comments?post=31"}],"version-history":[{"count":31,"href":"https:\/\/marsuyhdistys.net\/home\/wp-json\/wp\/v2\/pages\/31\/revisions"}],"predecessor-version":[{"id":11111,"href":"https:\/\/marsuyhdistys.net\/home\/wp-json\/wp\/v2\/pages\/31\/revisions\/11111"}],"up":[{"embeddable":true,"href":"https:\/\/marsuyhdistys.net\/home\/wp-json\/wp\/v2\/pages\/25"}],"wp:attachment":[{"href":"https:\/\/marsuyhdistys.net\/home\/wp-json\/wp\/v2\/media?parent=31"}],"curies":[{"name":"wp","href":"https:\/\/api.w.org\/{rel}","templated":true}]}}