{"id":3267,"date":"2014-11-11T08:28:45","date_gmt":"2014-11-11T06:28:45","guid":{"rendered":"http:\/\/marsuyhdistys.net\/home\/?page_id=3267"},"modified":"2015-02-02T00:06:33","modified_gmt":"2015-02-01T22:06:33","slug":"suomen-muotovaliot-2014","status":"publish","type":"page","link":"https:\/\/marsuyhdistys.net\/home\/suomen-muotovaliot-2014\/","title":{"rendered":"Suomen Muotovaliot 2014"},"content":{"rendered":"<p><span style=\"color: #000000;\">\u2022 Almond\u2019s Auringonkukka M364-11<\/span><br \/>\n<span style=\"color: #000000;\">self buff naaras<\/span><br \/>\n<span style=\"color: #000000;\">Kasv. Lea Rahtu-Korpela&amp;Elisa Svento om. Kerttu Saarnisaari<\/span><\/p>\n<p><span style=\"color: #000000;\">\u2022 Almond\u2019s Miss SamiJo Grace M303-13<\/span><br \/>\n<span style=\"color: #000000;\">englannincrest naaras cream<\/span><br \/>\n<span style=\"color: #000000;\">Kasv. Elisa Svento&amp;Lea Rahtu-Korpela om. Elisa Svento<\/span><\/p>\n<p><span style=\"color: #000000;\">\u2022 Almond\u2019s Notorious Carrot Thief of Winter M238-13<\/span><br \/>\n<span style=\"color: #000000;\">englannincrest dew uros<\/span><br \/>\n<span style=\"color: #000000;\">Kasv. Lea Rahtu-Korpela&amp;Elisa Svento om. Elisa Svento<\/span><\/p>\n<p><span style=\"color: #000000;\">\u2022 Almond\u2019s Saint Lucia M31-14<\/span><br \/>\n<span style=\"color: #000000;\">self cream naaras<\/span><br \/>\n<span style=\"color: #000000;\">Kasv. Elisa Svento &amp; Lea Rahtu-Korpela om. Lara Alasaarela<\/span><\/p>\n<p><span style=\"color: #000000;\">\u2022 Almond\u2019s Ultimate Grand Supreme M277-13<\/span><br \/>\n<span style=\"color: #000000;\">self pink eyed white naaras<\/span><br \/>\n<span style=\"color: #000000;\">Kasv. Lea Rahtu-Korpela&amp;Elisa Svento om. Daniela Vainionp\u00e4\u00e4<\/span><\/p>\n<p><span style=\"color: #000000;\">\u2022 Amarillon Cr Caballero M255-13<\/span><br \/>\n<span style=\"color: #000000;\">englannincrest p.e. golden uros<\/span><br \/>\n<span style=\"color: #000000;\">Kasv. Elise Feodoroff om. Katja Kivipuro<\/span><\/p>\n<p><span style=\"color: #000000;\">\u2022 Amazing Bubble M437-13<\/span><br \/>\n<span style=\"color: #000000;\">nonself black tan naaras<\/span><br \/>\n<span style=\"color: #000000;\">Kasv. &amp; om. Anu Saarela<\/span><\/p>\n<p><span style=\"color: #000000;\">\u2022 Amazing Lulu M438-13<\/span><br \/>\n<span style=\"color: #000000;\">nonself black tan naaras<\/span><br \/>\n<span style=\"color: #000000;\">Kasv. &amp; om. Anu Saarela<\/span><\/p>\n<p><span style=\"color: #000000;\">\u2022 Aniaras American Benny M517-13<\/span><br \/>\n<span style=\"color: #000000;\">amerikancrest saffron uros<\/span><br \/>\n<span style=\"color: #000000;\">Kasv. &amp; om. Katja Kivipuro<\/span><\/p>\n<p><span style=\"color: #000000;\">\u2022 Aniaras American Dancer M134-13<\/span><br \/>\n<span style=\"color: #000000;\">amerikancrest saffron naaras<\/span><br \/>\n<span style=\"color: #000000;\">Kasv. &amp; om. Katja Kivipuro<\/span><\/p>\n<p><span style=\"color: #000000;\">\u2022 Aniaras American Elmo M392-13<\/span><br \/>\n<span style=\"color: #000000;\">amerikancrest saffron uros<\/span><br \/>\n<span style=\"color: #000000;\">Kasv. &amp; om. Katja Kivipuro<\/span><\/p>\n<p><span style=\"color: #000000;\">\u2022 Aniaras American Happy Hulda M109-14<\/span><br \/>\n<span style=\"color: #000000;\">amerikancrest saffron naaras<\/span><br \/>\n<span style=\"color: #000000;\">Kasv. &amp; om. Katja Kivipuro<\/span><\/p>\n<p><span style=\"color: #000000;\">\u2022 Aniaras American Siri M107-13<\/span><br \/>\n<span style=\"color: #000000;\">amerikancrest saffron naaras<\/span><br \/>\n<span style=\"color: #000000;\">Kasv. &amp; om. Katja Kivipuro<\/span><\/p>\n<p><span style=\"color: #000000;\">\u2022 Aniaras Huutokauppakeisari M519-13<\/span><br \/>\n<span style=\"color: #000000;\">self saffron uros<\/span><br \/>\n<span style=\"color: #000000;\">Kasv. &amp; om. Katja Kivipuro<\/span><\/p>\n<p><span style=\"color: #000000;\">\u2022 Aniaras Joku M106-14<\/span><br \/>\n<span style=\"color: #000000;\">englannincrest saffron naaras<\/span><br \/>\n<span style=\"color: #000000;\">Kasv. &amp; om. Katja Kivipuro<\/span><\/p>\n<p><span style=\"color: #000000;\">\u2022 Aniaras Koivuniemen Herra M375-13<\/span><br \/>\n<span style=\"color: #000000;\">self saffron uros<\/span><br \/>\n<span style=\"color: #000000;\">Kasv. &amp; om. Katja Kivipuro<\/span><\/p>\n<p><span style=\"color: #000000;\">\u2022 Aniaras Kuka Muu Muka M108-14<\/span><br \/>\n<span style=\"color: #000000;\">englannincrest saffron naaras<\/span><br \/>\n<span style=\"color: #000000;\">Kasv. &amp; om. Katja Kivipuro<\/span><\/p>\n<p><span style=\"color: #000000;\">\u2022 Aniaras Lilian M105-14<\/span><br \/>\n<span style=\"color: #000000;\">texel golden agouti\/white M105-14<\/span><br \/>\n<span style=\"color: #000000;\">Kasv. &amp; om. Katja Kivipuro<\/span><\/p>\n<p><span style=\"color: #000000;\">\u2022 Aniaras Lotus M51-14<\/span><br \/>\n<span style=\"color: #000000;\">texel golden agouti naaras<\/span><br \/>\n<span style=\"color: #000000;\">Kasv. &amp; om. Katja Kivipuro<\/span><\/p>\n<p><span style=\"color: #000000;\">\u2022 Aniaras Olkinainen M487-13<\/span><br \/>\n<span style=\"color: #000000;\">self saffron naaras<\/span><br \/>\n<span style=\"color: #000000;\">Kasv. &amp; om. Katja Kivipuro<\/span><\/p>\n<p><span style=\"color: #000000;\">\u2022 Aniaras Roihu M222-13<\/span><br \/>\n<span style=\"color: #000000;\">texel golden\/white uros<\/span><br \/>\n<span style=\"color: #000000;\">Kasv. &amp; om. Katja Kivipuro<\/span><\/p>\n<p><span style=\"color: #000000;\">\u2022 Aniaras Sillanrakentaja M486-13<\/span><br \/>\n<span style=\"color: #000000;\">self saffron uros<\/span><br \/>\n<span style=\"color: #000000;\">Kasv. &amp; om. Katja Kivipuro<\/span><\/p>\n<p><span style=\"color: #000000;\">\u2022 Aniaras Teresa M111-14<\/span><br \/>\n<span style=\"color: #000000;\">self saffron naaras<\/span><br \/>\n<span style=\"color: #000000;\">Kasv. &amp; om. Katja Kivipuro<\/span><\/p>\n<p><span style=\"color: #000000;\">\u2022 Ashfield Peardrop M451-13<\/span><br \/>\n<span style=\"color: #000000;\">self lemon uros<\/span><br \/>\n<span style=\"color: #000000;\">Kasv. Jan Alston om. Katja Kivipuro<\/span><\/p>\n<p><span style=\"color: #000000;\">\u2022 CD\u2019s Night And Day M300-13<\/span><br \/>\n<span style=\"color: #000000;\">alpakka black\/white naaras<\/span><br \/>\n<span style=\"color: #000000;\">Kasv. Natalia Volkova om. Katja Kivipuro<\/span><\/p>\n<p><span style=\"color: #000000;\">\u2022 Charmtrollet\u2019s Ikaros M34-14<\/span><br \/>\n<span style=\"color: #000000;\">abessiinialainen golden agouti\/golden\/white uros<\/span><br \/>\n<span style=\"color: #000000;\">Kasv. Eivor R\u00f6nnholm om. Katja Nystr\u00f6m<\/span><\/p>\n<p><span style=\"color: #000000;\">\u2022 Delfoin Mahatha Kandhi M257-13<\/span><br \/>\n<span style=\"color: #000000;\">self black uros<\/span><br \/>\n<span style=\"color: #000000;\">Kasv. Kirsi Ruotsalainen om. Anu Saarela<\/span><\/p>\n<p><span style=\"color: #000000;\">\u2022 Delfoin Prisilla M132-14<\/span><br \/>\n<span style=\"color: #000000;\">self black naaras<\/span><br \/>\n<span style=\"color: #000000;\">Kasv. Kirsi Ruotsalainen om. Anu Saarela<\/span><\/p>\n<p><span style=\"color: #000000;\">\u2022 Fagur M381-13<\/span><br \/>\n<span style=\"color: #000000;\">abessiinialainen brindle\/white uros<\/span><br \/>\n<span style=\"color: #000000;\">Kasv. &amp; om. Katja Nystr\u00f6m<\/span><\/p>\n<p><span style=\"color: #000000;\">\u2022 Flo Rida M284-13<\/span><br \/>\n<span style=\"color: #000000;\">merino black\/buff\/white uros<\/span><br \/>\n<span style=\"color: #000000;\">Kasv. Anni Pohjanvuo om. Anu Saarela<\/span><\/p>\n<p><span style=\"color: #000000;\">\u2022 Flying Rudder M384-13<\/span><br \/>\n<span style=\"color: #000000;\">nonself brindle uros<\/span><br \/>\n<span style=\"color: #000000;\">Kasv. &amp; om. Annukka Juntunen<\/span><\/p>\n<p><span style=\"color: #000000;\">\u2022 Goldhill\u2019s Chiquita M116-14<\/span><br \/>\n<span style=\"color: #000000;\">alpakka chocolate\/golden\/white naaras<\/span><br \/>\n<span style=\"color: #000000;\">Kasv. Raisa Ristim\u00e4ki om. Anu Saarela<\/span><\/p>\n<p><span style=\"color: #000000;\">\u2022 Goldhill\u2019s La-Luna M506-13<\/span><br \/>\n<span style=\"color: #000000;\">teddy white\/black\/golden roan naaras<\/span><br \/>\n<span style=\"color: #000000;\">Kasv. Raisa Ristim\u00e4ki om. Inka J\u00e4rvel\u00e4<\/span><\/p>\n<p><span style=\"color: #000000;\">\u2022 Goldhill\u2019s Magic-Moon M311-13<\/span><br \/>\n<span style=\"color: #000000;\">abessiinialainen tortoiseshell&amp;white uros<\/span><br \/>\n<span style=\"color: #000000;\">Kasv. Raisa Ristim\u00e4ki om. Anu Saarela<\/span><\/p>\n<p><span style=\"color: #000000;\">\u2022 Goldhill\u2019s Princes Final Fantacy M305-13<\/span><br \/>\n<span style=\"color: #000000;\">teddy black\/golden\/white tan naaras<\/span><br \/>\n<span style=\"color: #000000;\">Kasv. Raisa Ristim\u00e4ki om. Daniela Vainionp\u00e4\u00e4<\/span><\/p>\n<p><span style=\"color: #000000;\">\u2022 Hamilton M294-13<\/span><br \/>\n<span style=\"color: #000000;\">abessiinialainen brindle roan uros<\/span><br \/>\n<span style=\"color: #000000;\">Kasv. Simon Neesam om. Katja Nystr\u00f6m<\/span><\/p>\n<p><span style=\"color: #000000;\">\u2022 Handsome Bob M298-13<\/span><br \/>\n<span style=\"color: #000000;\">nonself black fox uros<\/span><br \/>\n<span style=\"color: #000000;\">Kasv. Tony Cooke om. Laura Rajala<\/span><\/p>\n<p><span style=\"color: #000000;\">\u2022 Hanna M317-13<\/span><br \/>\n<span style=\"color: #000000;\">englannincrest black tan naaras<\/span><br \/>\n<span style=\"color: #000000;\">Kasv. Maria Erlandsson om. Anu Saarela<\/span><\/p>\n<p><span style=\"color: #000000;\">\u2022 Inky Charlotte M11-14<\/span><br \/>\n<span style=\"color: #000000;\">self black naaras<\/span><br \/>\n<span style=\"color: #000000;\">Kasv. &amp; om. Anu Saarela<\/span><\/p>\n<p><span style=\"color: #000000;\">\u2022 Iron Luna M133-14<\/span><br \/>\n<span style=\"color: #000000;\">englannincrest grey tan naaras<\/span><br \/>\n<span style=\"color: #000000;\">Kasv. &amp; om. Anu Saarela<\/span><\/p>\n<p><span style=\"color: #000000;\">\u2022 Ixias Going the Distance M138-14<\/span><br \/>\n<span style=\"color: #000000;\">englannincrest p.e. golden uros<\/span><br \/>\n<span style=\"color: #000000;\">Kasv. Emma S\u00f6rensson om. Johanna Hiekkamies<\/span><\/p>\n<p><span style=\"color: #000000;\">\u2022 Jeronas Grey Star M214-14<\/span><br \/>\n<span style=\"color: #000000;\">englannincrest grey uros<\/span><br \/>\n<span style=\"color: #000000;\">Kasv. Jerry&amp;Veronika St\u00e5hl om. Katja Kivipuro<\/span><\/p>\n<p><span style=\"color: #000000;\">\u2022 Katinkas Hrimfaxi M37-14<\/span><br \/>\n<span style=\"color: #000000;\">abessiinialainen brindle\/white roan uros<\/span><br \/>\n<span style=\"color: #000000;\">Kasv. &amp; om. Katja Nystr\u00f6m<\/span><\/p>\n<p><span style=\"color: #000000;\">\u2022 Krantun Neblos M364-12<\/span><br \/>\n<span style=\"color: #000000;\">teddy black\/golden\/white uros<\/span><br \/>\n<span style=\"color: #000000;\">Kasv. Taina H\u00f6gman om. Jarna Jansson<\/span><\/p>\n<p><span style=\"color: #000000;\">\u2022 Krantun Niine M368-12<\/span><br \/>\n<span style=\"color: #000000;\">teddy cream\/white naaras<\/span><br \/>\n<span style=\"color: #000000;\">Kasv. &amp; om. Taina H\u00f6gman<\/span><\/p>\n<p><span style=\"color: #000000;\">\u2022 Limetta M18-14<\/span><br \/>\n<span style=\"color: #000000;\">self d.e. white naaras<\/span><br \/>\n<span style=\"color: #000000;\">Kasv. &amp; om. Sanni Taimioja<\/span><\/p>\n<p><span style=\"color: #000000;\">\u2022 Maailman Aleksanteri M108-13<\/span><br \/>\n<span style=\"color: #000000;\">nonself black himalayan uros<\/span><br \/>\n<span style=\"color: #000000;\">Kasv. &amp; om. Aida Depner<\/span><\/p>\n<p><span style=\"color: #000000;\">\u2022 Maailman Huippukondiittori M193-13<\/span><br \/>\n<span style=\"color: #000000;\">abessiinialainen chocolate naaras<\/span><br \/>\n<span style=\"color: #000000;\">Kasv. &amp; om. Aida Depner<\/span><\/p>\n<p><span style=\"color: #000000;\">\u2022 Maailman Iloinen Inkeri M195-13<\/span><br \/>\n<span style=\"color: #000000;\">nonself black himalayan naaras<\/span><br \/>\n<span style=\"color: #000000;\">Kasv. &amp; om. Aida Depner<\/span><\/p>\n<p><span style=\"color: #000000;\">\u2022 Maailman Meteori M275-11<\/span><br \/>\n<span style=\"color: #000000;\">abessiinialainen brindle uros<\/span><br \/>\n<span style=\"color: #000000;\">Kasv. &amp; om. Aida Depner<\/span><\/p>\n<p><span style=\"color: #000000;\">\u2022 Maailman Oikeusl\u00e4\u00e4k\u00e4ri M188-12<\/span><br \/>\n<span style=\"color: #000000;\">abessiinialainen brindle naaras<\/span><br \/>\n<span style=\"color: #000000;\">Kasv. &amp; om. Aida Depner<\/span><\/p>\n<p><span style=\"color: #000000;\">\u2022 Maailman Sopupeluri M250-12<\/span><br \/>\n<span style=\"color: #000000;\">abessiinialainen brindle naaras<\/span><br \/>\n<span style=\"color: #000000;\">Kasv. &amp; om. Aida Depner<\/span><\/p>\n<p><span style=\"color: #000000;\">\u2022 Malloween M494-13<\/span><br \/>\n<span style=\"color: #000000;\">abessiinialainen brindle uros<\/span><br \/>\n<span style=\"color: #000000;\">Kasv. Helena Hakulinen om. Jarna Jansson<\/span><\/p>\n<p><span style=\"color: #000000;\">\u2022 Mamuts Zantana M355-13<\/span><br \/>\n<span style=\"color: #000000;\">skinny black\/golden naaras<\/span><br \/>\n<span style=\"color: #000000;\">Kasv. Dorte Hansen om. Henna Rinta-Kiikka<\/span><\/p>\n<p><span style=\"color: #000000;\">\u2022 Marsyas Andalusia M33-13<\/span><br \/>\n<span style=\"color: #000000;\">self cream naaras<\/span><br \/>\n<span style=\"color: #000000;\">Kasv. Barbora Matejovcova om. Elisa Svento<\/span><\/p>\n<p><span style=\"color: #000000;\">\u2022 Nukkumatti M370-13<\/span><br \/>\n<span style=\"color: #000000;\">skinny white uros<\/span><br \/>\n<span style=\"color: #000000;\">Kasv. &amp; om. Henna Rinta-Kiikka<\/span><\/p>\n<p><span style=\"color: #000000;\">\u2022 Satukallion Faarao Kheops M378-12<\/span><br \/>\n<span style=\"color: #000000;\">baldwin solid golden agouti\/white uros<\/span><br \/>\n<span style=\"color: #000000;\">Kasv. &amp; om. Susanna Piili<\/span><\/p>\n<p><span style=\"color: #000000;\">\u2022 Satukallion Surkeiden Sattumusten Sunny M405-13<\/span><br \/>\n<span style=\"color: #000000;\">teddy black\/golden naaras<\/span><br \/>\n<span style=\"color: #000000;\">Kasv. &amp; om. Susanna Piili<\/span><\/p>\n<p><span style=\"color: #000000;\">\u2022 Tornado\u2019s Stuart M262-13<\/span><br \/>\n<span style=\"color: #000000;\">abessiinialainen tsw uros<\/span><br \/>\n<span style=\"color: #000000;\">Kasv. Agneta Johansson om. Jessica Nurmiranta<\/span><\/p>\n<p><span style=\"color: #000000;\">\u2022 Treleaver Xero M435-13<\/span><br \/>\n<span style=\"color: #000000;\">nonself d.e. golden dutch uros<\/span><br \/>\n<span style=\"color: #000000;\">Kasv. Sarah Stribley om. Anu Saarela<\/span><\/p>\n<p><span style=\"color: #000000;\">\u2022 Wallhamra CD \u00d6nskedr\u00f6m M490-13<\/span><br \/>\n<span style=\"color: #000000;\">abessiinialainen brindle uros<\/span><br \/>\n<span style=\"color: #000000;\">Kasv. Martin Franz\u00e9n om. Katja Nystr\u00f6m<\/span><\/p>\n","protected":false},"excerpt":{"rendered":"<p>\u2022 Almond\u2019s Auringonkukka M364-11 self buff naaras Kasv. Lea Rahtu-Korpela&amp;Elisa Svento om. Kerttu Saarnisaari \u2022 Almond\u2019s Miss SamiJo Grace M303-13 englannincrest naaras cream Kasv. Elisa Svento&amp;Lea Rahtu-Korpela om. Elisa Svento \u2022 Almond\u2019s Notorious Carrot Thief of Winter M238-13 englannincrest dew &hellip; <a href=\"https:\/\/marsuyhdistys.net\/home\/suomen-muotovaliot-2014\/\">Lue loppuun <span class=\"meta-nav\">&rarr;<\/span><\/a><\/p>\n","protected":false},"author":10,"featured_media":0,"parent":0,"menu_order":0,"comment_status":"closed","ping_status":"open","template":"","meta":{"footnotes":"","_links_to":"","_links_to_target":""},"class_list":["post-3267","page","type-page","status-publish","hentry"],"_links":{"self":[{"href":"https:\/\/marsuyhdistys.net\/home\/wp-json\/wp\/v2\/pages\/3267","targetHints":{"allow":["GET"]}}],"collection":[{"href":"https:\/\/marsuyhdistys.net\/home\/wp-json\/wp\/v2\/pages"}],"about":[{"href":"https:\/\/marsuyhdistys.net\/home\/wp-json\/wp\/v2\/types\/page"}],"author":[{"embeddable":true,"href":"https:\/\/marsuyhdistys.net\/home\/wp-json\/wp\/v2\/users\/10"}],"replies":[{"embeddable":true,"href":"https:\/\/marsuyhdistys.net\/home\/wp-json\/wp\/v2\/comments?post=3267"}],"version-history":[{"count":5,"href":"https:\/\/marsuyhdistys.net\/home\/wp-json\/wp\/v2\/pages\/3267\/revisions"}],"predecessor-version":[{"id":3829,"href":"https:\/\/marsuyhdistys.net\/home\/wp-json\/wp\/v2\/pages\/3267\/revisions\/3829"}],"wp:attachment":[{"href":"https:\/\/marsuyhdistys.net\/home\/wp-json\/wp\/v2\/media?parent=3267"}],"curies":[{"name":"wp","href":"https:\/\/api.w.org\/{rel}","templated":true}]}}