{"id":3490,"date":"2014-12-10T14:51:05","date_gmt":"2014-12-10T12:51:05","guid":{"rendered":"http:\/\/marsuyhdistys.net\/home\/?page_id=3490"},"modified":"2024-02-28T13:45:24","modified_gmt":"2024-02-28T11:45:24","slug":"varatut-kasvattajanimet","status":"publish","type":"page","link":"https:\/\/marsuyhdistys.net\/home\/yhdistys\/historiaa\/varatut-kasvattajanimet\/","title":{"rendered":"Kasvattajanimet kautta aikain"},"content":{"rendered":"<p><span style=\"color: #000000;\">T\u00e4ss\u00e4 lista nimist\u00e4 joilla on ikuinen suoja, eli niit\u00e4, eik\u00e4 liian samankaltaisia, my\u00f6nnet\u00e4 uudelle kasvattajalle.<\/span><\/p>\n<ul>\n<li><span style=\"color: #000000;\">Abracadabra\u00b4s<\/span><\/li>\n<li><span style=\"color: #000000;\">Absolute Poppet\u00b4s<\/span><\/li>\n<li><span style=\"color: #000000;\">Af Ludendorf<\/span><\/li>\n<li><span style=\"color: #000000;\">Akira&#8217;s<\/span><\/li>\n<li><span style=\"color: #000000;\">Aleksia\u00b4&#8217;s<\/span><\/li>\n<li><span style=\"color: #000000;\">Almond\u00b4&#8217;s<\/span><\/li>\n<li><span style=\"color: #000000;\">Amarillon<\/span><\/li>\n<li><span style=\"color: #000000;\">Andien<\/span><\/li>\n<li><span style=\"color: #000000;\">Anemone\u00b4s<\/span><\/li>\n<li><span style=\"color: #000000;\"><span style=\"color: #000000;\"><span style=\"color: #000000;\"><span style=\"color: #000000;\">Aniaras<\/span><\/span><\/span><\/span><\/li>\n<li><span style=\"color: #000000;\">Arjuska<\/span><\/li>\n<li><span style=\"color: initial;\">Arctic rose<\/span><\/li>\n<li><span style=\"color: #000000;\"><span style=\"color: #000000;\"><span style=\"color: #000000;\"><span style=\"color: #000000;\">Asterixin<\/span><\/span><\/span><\/span><\/li>\n<li><span style=\"color: initial;\">Blue Moon&#8217;s<\/span><\/li>\n<li><span style=\"color: #000000;\"><span style=\"color: #000000;\"><span style=\"color: #000000;\">Bonbon&#8217;s<\/span><\/span><\/span><\/li>\n<li><span style=\"color: #000000;\"><span style=\"color: #000000;\"><span style=\"color: #000000;\"><span style=\"color: #000000;\">Bubble&#8217;s<\/span><\/span><\/span><\/span><\/li>\n<li><span style=\"color: #000000;\">Cakhaya\u00b4s<\/span><\/li>\n<li><span style=\"color: #000000;\">Cheerful<\/span><\/li>\n<li><span style=\"color: #000000;\">Chevys<\/span><\/li>\n<li><span style=\"color: #000000;\">Cinderella&#8217;s<\/span><\/li>\n<li><span style=\"color: #000000;\"><span style=\"color: #000000;\"><span style=\"color: #000000;\"><span style=\"color: #000000;\"><span style=\"color: #000000;\"><span style=\"color: #000000;\">Critters<\/span><\/span><\/span><\/span><\/span><\/span><\/li>\n<li><span style=\"color: #000000;\">Dammefann&#8217;s<\/span><\/li>\n<li><span style=\"color: #000000;\">Delfoin<\/span><\/li>\n<li><span style=\"color: #000000;\"><span style=\"color: #000000;\"><span style=\"color: #000000;\">Dixie<\/span><\/span><\/span><\/li>\n<li><span style=\"color: #000000;\"><span style=\"color: #000000;\"><span style=\"color: #000000;\">Dimle<\/span><\/span><\/span><\/li>\n<li><span style=\"color: #000000;\"><span style=\"color: #000000;\">Ekliptikan<\/span><\/span><\/li>\n<li><span style=\"color: #000000;\"><span style=\"color: #000000;\"><span style=\"color: #000000;\">El\u00e4insopin<\/span><\/span><\/span><\/li>\n<li><span style=\"color: initial;\">Ennenkuulumatoon<\/span><\/li>\n<li><span style=\"color: #000000;\">Farms<\/span><\/li>\n<li><span style=\"color: initial;\">Favoloso<\/span><\/li>\n<\/ul>\n<ul>\n<li><span style=\"color: #000000;\"><span style=\"color: #000000;\"><span style=\"color: #000000;\"><span style=\"color: #000000;\">Flying<\/span><\/span><\/span><\/span><\/li>\n<li><span style=\"color: #000000;\"><span style=\"color: #000000;\"><span style=\"color: #000000;\">Fun Fun&#8217;s<\/span><\/span><\/span><\/li>\n<li><span style=\"color: #000000;\"><span style=\"color: #000000;\"><span style=\"color: #000000;\"><span style=\"color: #000000;\">Goldhill\u00b4s<\/span><\/span><\/span><\/span><\/li>\n<li><span style=\"color: #000000;\"><span style=\"color: #000000;\"><span style=\"color: #000000;\">Grove<\/span><\/span><\/span><\/li>\n<li><span style=\"color: #000000;\">Halluraitin<\/span><\/li>\n<li><span style=\"color: #000000;\"><span style=\"color: #000000;\">Helminauhan<\/span><\/span><\/li>\n<li><span style=\"color: #000000;\">Hopeak\u00e4p\u00e4l\u00e4n<\/span><\/li>\n<li><span style=\"color: #000000;\">Hug&#8217;Alan<\/span><\/li>\n<li><span style=\"color: #000000;\"><span style=\"color: #000000;\"><span style=\"color: #000000;\"><span style=\"color: #000000;\">Huminan<\/span><\/span><\/span><\/span><\/li>\n<li><span style=\"color: #000000;\"><span style=\"color: #000000;\"><span style=\"color: #000000;\">Ikihiipin<\/span><\/span><\/span><\/li>\n<li><span style=\"color: #000000;\"><span style=\"color: #000000;\"><span style=\"color: #000000;\"><span style=\"color: #000000;\"><span style=\"color: #000000;\"><span style=\"color: #000000;\">Jaanuskan<\/span><\/span><\/span><\/span><\/span><\/span><\/li>\n<li><span style=\"color: #000000;\">Katinkas<\/span><\/li>\n<li>Kes\u00e4illan<\/li>\n<li><span style=\"color: #000000;\">Kotikummun<\/span><\/li>\n<li><span style=\"color: #000000;\"><span style=\"color: #000000;\">Krantun<\/span><\/span><\/li>\n<li><span style=\"color: #000000;\"><span style=\"color: #000000;\"><span style=\"color: #000000;\"><span style=\"color: #000000;\">K\u00e4nkk\u00e4r\u00e4nk\u00e4n<\/span><\/span><\/span><\/span><\/li>\n<li><span style=\"color: #000000;\">Lapaz<\/span><\/li>\n<li><span style=\"color: #000000;\">Larkete&#8217;s<\/span><\/li>\n<li>Limetta&#8217;s<\/li>\n<li><span style=\"color: #000000;\">Lemmikkifarmin<\/span><\/li>\n<li><span style=\"color: #000000;\"><span style=\"color: #000000;\"><span style=\"color: #000000;\"><span style=\"color: #000000;\">Lovely<\/span><\/span><\/span><\/span><\/li>\n<li><span style=\"color: #000000;\"><span style=\"color: #000000;\"><span style=\"color: #000000;\"><span style=\"color: #000000;\">Lyckebo<\/span><\/span><\/span><\/span><\/li>\n<li><span style=\"color: #000000;\">Maailman<\/span><\/li>\n<li><span style=\"color: #000000;\">Marzunin<\/span><\/li>\n<li><span style=\"color: #000000;\">Metal Star&#8217;s<\/span><\/li>\n<li><span style=\"color: #000000;\">Miltons<\/span><\/li>\n<li><span style=\"color: #000000;\">Mimosan<\/span><\/li>\n<li>Minicandy<\/li>\n<li><span style=\"color: #000000;\">Mira\u00b4s<\/span><\/li>\n<li><span style=\"color: #000000;\">Mission&#8217;s<\/span><\/li>\n<li><span style=\"color: #000000;\">Misty Meadows<\/span><\/li>\n<li><span style=\"color: #000000;\">Mozartin<\/span><\/li>\n<li><span style=\"color: #000000;\">Muskotin<\/span><\/li>\n<li><span style=\"color: #000000;\"><span style=\"color: #000000;\"><span style=\"color: #000000;\"><span style=\"color: #000000;\"><span style=\"color: #000000;\">Myway<\/span><\/span><\/span><\/span><\/span><\/li>\n<li><span style=\"color: #000000;\">Nappisilm\u00e4n<\/span><\/li>\n<li><span style=\"color: #000000;\">Nasun<\/span><\/li>\n<li><span style=\"color: #000000;\">Neptuksen<\/span><\/li>\n<li><span style=\"color: #000000;\">Nevian<\/span><\/li>\n<li><span style=\"color: #000000;\">Nicarao<\/span><\/li>\n<li><span style=\"color: #000000;\">Nikean<\/span><\/li>\n<li><span style=\"color: #000000;\"><span style=\"color: #000000;\"><span style=\"color: #000000;\"><span style=\"color: #000000;\"><span style=\"color: #000000;\">Nowhere Land\u00b4&#8217;s<\/span><\/span><\/span><\/span><\/span><\/li>\n<li><span style=\"color: #000000;\">Of Shooting Star<\/span><\/li>\n<li><span style=\"color: #000000;\"><span style=\"color: #000000;\">Oliver\u00b4s<\/span><\/span><\/li>\n<li><span style=\"color: #000000;\">Onnenk\u00e4p\u00e4l\u00e4n<\/span><\/li>\n<li><span style=\"color: #000000;\"><span style=\"color: #000000;\"><span style=\"color: #000000;\"><span style=\"color: #000000;\">Oregano&#8217;s<\/span><\/span><\/span><\/span><\/li>\n<li><span style=\"color: #000000;\">PamPam\u00b4s<\/span><\/li>\n<li><span style=\"color: #000000;\">Pandoras&#8217;s<\/span><\/li>\n<li><span style=\"color: #000000;\">Paperilumen<\/span><\/li>\n<li><span style=\"color: #000000;\">Penelope&#8217;s<\/span><\/li>\n<li><span style=\"color: #000000;\">Pepper&#8217;s<\/span><\/li>\n<li><span style=\"color: #000000;\">Picantto\u00b4&#8217;s<\/span><\/li>\n<li><span style=\"color: #000000;\"><span style=\"color: #000000;\"><span style=\"color: #000000;\">Picu\u00b4s<\/span><\/span><\/span><\/li>\n<li><span style=\"color: #000000;\">Pillipiiparin<\/span><\/li>\n<li><span style=\"color: #000000;\">Porkkananpurijan<\/span><\/li>\n<li><span style=\"color: #000000;\">Poutapilven<\/span><\/li>\n<li><span style=\"color: #000000;\"><span style=\"color: #000000;\"><span style=\"color: #000000;\"><span style=\"color: #000000;\">P\u00e4hkin\u00e4n<\/span><\/span><\/span><\/span><\/li>\n<li><span style=\"color: #000000;\">Reviirin<\/span><\/li>\n<li><span style=\"color: #000000;\">Riippakorvan<\/span><\/li>\n<li><span style=\"color: #000000;\">Ringlets<\/span><\/li>\n<li><span style=\"color: #000000;\">Rivendell&#8217;s<\/span><\/li>\n<li><span style=\"color: #000000;\"><span style=\"color: #000000;\"><span style=\"color: #000000;\"><span style=\"color: #000000;\">Riverside\u00b4s<\/span><\/span><\/span><\/span><\/li>\n<li><span style=\"color: #000000;\"><span style=\"color: #000000;\"><span style=\"color: #000000;\"><span style=\"color: #000000;\">Rococans<\/span><\/span><\/span><\/span><\/li>\n<li><span style=\"color: #000000;\">Saarelman<\/span><\/li>\n<li><span style=\"color: #000000;\">Sangin<\/span><\/li>\n<li><span style=\"color: #000000;\">Sarmatian<\/span><\/li>\n<li><span style=\"color: #000000;\">Satukallion<\/span><\/li>\n<li><span style=\"color: #000000;\">Silkkitien<\/span><\/li>\n<li><span style=\"color: #000000;\">Snoop\u00b4s<\/span><\/li>\n<li><span style=\"color: #000000;\"><span style=\"color: #000000;\">Snowfall\u00b4s<\/span><\/span><\/li>\n<li><span style=\"color: #000000;\">So Sweet<\/span><\/li>\n<li><span style=\"color: #000000;\"><span style=\"color: #000000;\"><span style=\"color: #000000;\">Suhmuran<\/span><\/span><\/span><\/li>\n<li><span style=\"color: initial;\">Sweet Bum&#8217;s<\/span><\/li>\n<\/ul>\n<ul>\n<li><span style=\"color: #000000;\"><span style=\"color: #000000;\"><span style=\"color: #000000;\">Sweet Dreams<\/span><\/span><\/span><\/li>\n<li>St\u00f6pseln\u00e4sans<\/li>\n<li><span style=\"color: #000000;\">Tallinparven<\/span><\/li>\n<li><span style=\"color: #000000;\">Texas<\/span><\/li>\n<li><span style=\"color: #000000;\">Tikkitakin<\/span><\/li>\n<li><span style=\"color: #000000;\">Timotein<\/span><\/li>\n<li><span style=\"color: #000000;\">Tindales<\/span><\/li>\n<li><span style=\"color: #000000;\"><span style=\"color: #000000;\">Tirlittanin<\/span><\/span><\/li>\n<li><span style=\"color: #000000;\">Tiukun<\/span><\/li>\n<li><span style=\"color: #000000;\"><span style=\"color: #000000;\">Topaacio<\/span><\/span><\/li>\n<li><span style=\"color: #000000;\"><span style=\"color: #000000;\"><span style=\"color: #000000;\"><span style=\"color: #000000;\">Towerhill&#8217;s<\/span><\/span><\/span><\/span><\/li>\n<li><span style=\"color: #000000;\"><span style=\"color: #000000;\">Underground\u2019s<\/span><\/span><\/li>\n<li><span style=\"color: #000000;\"><span style=\"color: #000000;\"><span style=\"color: #000000;\"><span style=\"color: #000000;\"><span style=\"color: #000000;\">Uniikin<\/span><\/span><\/span><\/span><\/span><\/li>\n<li><span style=\"color: #000000;\">Vanion<\/span><\/li>\n<li><span style=\"color: #000000;\">Varan<\/span><\/li>\n<li><span style=\"color: #000000;\">Viikan<\/span><\/li>\n<li><span style=\"color: #000000;\">Villman&#8217;s<\/span><\/li>\n<li><span style=\"color: #000000;\">Vintin Vipelt\u00e4j\u00e4n<\/span><\/li>\n<li><span style=\"color: #000000;\"><span style=\"color: #000000;\"><span style=\"color: #000000;\"><span style=\"color: #000000;\"><span style=\"color: #000000;\"><span style=\"color: #000000;\">Vital&#8217;s<\/span><\/span><\/span><\/span><\/span><\/span><\/li>\n<li><span style=\"color: #000000;\">Wallstreet\u00b4s<\/span><\/li>\n<li><span style=\"color: #000000;\">Waltzing Matilda&#8217;s<\/span><\/li>\n<li><span style=\"color: #000000;\">Wannabe<\/span><\/li>\n<li><span style=\"color: #000000;\"><span style=\"color: #000000;\"><span style=\"color: #000000;\"><span style=\"color: #000000;\">White Houses<\/span><\/span><\/span><\/span><\/li>\n<li><span style=\"color: #000000;\">Zazoos<\/span><\/li>\n<li><span style=\"color: #000000;\">Zeelands<\/span><\/li>\n<li><span style=\"color: #000000;\">Zinfandelin<\/span><\/li>\n<\/ul>\n","protected":false},"excerpt":{"rendered":"<p>T\u00e4ss\u00e4 lista nimist\u00e4 joilla on ikuinen suoja, eli niit\u00e4, eik\u00e4 liian samankaltaisia, my\u00f6nnet\u00e4 uudelle kasvattajalle. Abracadabra\u00b4s Absolute Poppet\u00b4s Af Ludendorf Akira&#8217;s Aleksia\u00b4&#8217;s Almond\u00b4&#8217;s Amarillon Andien Anemone\u00b4s Aniaras Arjuska Arctic rose Asterixin Blue Moon&#8217;s Bonbon&#8217;s Bubble&#8217;s Cakhaya\u00b4s Cheerful Chevys Cinderella&#8217;s Critters &hellip; <a href=\"https:\/\/marsuyhdistys.net\/home\/yhdistys\/historiaa\/varatut-kasvattajanimet\/\">Lue loppuun <span class=\"meta-nav\">&rarr;<\/span><\/a><\/p>\n","protected":false},"author":10,"featured_media":0,"parent":3503,"menu_order":50,"comment_status":"closed","ping_status":"open","template":"","meta":{"footnotes":"","_links_to":"","_links_to_target":""},"class_list":["post-3490","page","type-page","status-publish","hentry"],"_links":{"self":[{"href":"https:\/\/marsuyhdistys.net\/home\/wp-json\/wp\/v2\/pages\/3490","targetHints":{"allow":["GET"]}}],"collection":[{"href":"https:\/\/marsuyhdistys.net\/home\/wp-json\/wp\/v2\/pages"}],"about":[{"href":"https:\/\/marsuyhdistys.net\/home\/wp-json\/wp\/v2\/types\/page"}],"author":[{"embeddable":true,"href":"https:\/\/marsuyhdistys.net\/home\/wp-json\/wp\/v2\/users\/10"}],"replies":[{"embeddable":true,"href":"https:\/\/marsuyhdistys.net\/home\/wp-json\/wp\/v2\/comments?post=3490"}],"version-history":[{"count":20,"href":"https:\/\/marsuyhdistys.net\/home\/wp-json\/wp\/v2\/pages\/3490\/revisions"}],"predecessor-version":[{"id":11954,"href":"https:\/\/marsuyhdistys.net\/home\/wp-json\/wp\/v2\/pages\/3490\/revisions\/11954"}],"up":[{"embeddable":true,"href":"https:\/\/marsuyhdistys.net\/home\/wp-json\/wp\/v2\/pages\/3503"}],"wp:attachment":[{"href":"https:\/\/marsuyhdistys.net\/home\/wp-json\/wp\/v2\/media?parent=3490"}],"curies":[{"name":"wp","href":"https:\/\/api.w.org\/{rel}","templated":true}]}}