{"id":3545,"date":"2014-12-14T11:06:25","date_gmt":"2014-12-14T09:06:25","guid":{"rendered":"http:\/\/marsuyhdistys.net\/home\/?page_id=3545"},"modified":"2014-12-14T11:06:25","modified_gmt":"2014-12-14T09:06:25","slug":"vuoden-voittajat-2009","status":"publish","type":"page","link":"https:\/\/marsuyhdistys.net\/home\/vuoden-voittajat-2009\/","title":{"rendered":"Vuoden Voittajat 2009"},"content":{"rendered":"<p><strong>Vuoden voittaja:<\/strong><br \/>\n<strong>1. Tikkitakin Charnika M om. Iina Merjankari 162p.<\/strong><br \/>\n2. Kaapo om. Sofia J\u00e4rnberg 156p.<br \/>\n3. Delfoin Merry Mistral om. Ruuska &amp; Ruotsalainen 122p.<br \/>\nDixie Lord George om. Anu Saarela 122p.<br \/>\nSnoop\u00b4s John Depp om. Minna Aatela 122p.<br \/>\n6. Nikean Jungle Fever om. Hanna Lahtinen 116p.<br \/>\n7. Arthur om. Maria Sn\u00e4llstr\u00f6m 110p.<br \/>\n8. MHPC\u00b4s Rock With Me! Om. Vilma Virtanen 108p.<br \/>\n9. Charity om. Anna Lohi 104p.<br \/>\n10. Emerald om. Riina Ruuska 98p.<\/p>\n<p><strong>Vuoden Jalostusel\u00e4in:<\/strong><br \/>\n<strong>1.Nikean Tytt\u00f6 Sin\u00e4 Olet T\u00e4hti<\/strong><\/p>\n<p><strong>Paras ei-standardi:<\/strong><br \/>\n<strong>1. Messina om. Aida Depner<\/strong><\/p>\n<p><strong>Paras klipattu:<\/strong><br \/>\n<strong>1. Wallstreet\u00b4s Love Me Tender om. Maria Sn\u00e4str\u00f6m<\/strong><\/p>\n<p>Vuoden kasvattaja:<\/p>\n<p>&nbsp;<\/p>\n<p><strong>Paras pet:<\/strong><br \/>\n<strong>1. MHPC\u00b4s Rock With Me om. Vilma Virtanen 108p.<\/strong><br \/>\n2. Mira\u00b4s Komea Wiljam om. Carita Sonne 73p.<br \/>\n3. Tirlittanin Yu Yu Hakusho om. Aida Depner 54p.<br \/>\n4. Marsesteri om. Aida Depner 49p.<br \/>\n5. Maailman Impaktori om. Aida Depner 45p.<br \/>\n6. Wallstreet\u00b4s Love Me Tender om. Maria Sn\u00e4llstr\u00f6m 42p.<br \/>\n7. Minni om. Sanna Laaksonen 30p.<br \/>\nVilma om. Sanna Laaksonen 30p.<br \/>\n9. Dixie Black Pepper om. Annukka Holmroos 28p.<br \/>\nMira\u00b4s Patriot om. Carita Sonne 28p.<br \/>\nSnoop\u00b4s Brindle Batman om Vilma Virtanen 28p.<\/p>\n","protected":false},"excerpt":{"rendered":"<p>Vuoden voittaja: 1. Tikkitakin Charnika M om. Iina Merjankari 162p. 2. Kaapo om. Sofia J\u00e4rnberg 156p. 3. Delfoin Merry Mistral om. Ruuska &amp; Ruotsalainen 122p. Dixie Lord George om. Anu Saarela 122p. Snoop\u00b4s John Depp om. Minna Aatela 122p. 6. &hellip; <a href=\"https:\/\/marsuyhdistys.net\/home\/vuoden-voittajat-2009\/\">Lue loppuun <span class=\"meta-nav\">&rarr;<\/span><\/a><\/p>\n","protected":false},"author":10,"featured_media":0,"parent":0,"menu_order":0,"comment_status":"closed","ping_status":"open","template":"","meta":{"footnotes":"","_links_to":"","_links_to_target":""},"class_list":["post-3545","page","type-page","status-publish","hentry"],"_links":{"self":[{"href":"https:\/\/marsuyhdistys.net\/home\/wp-json\/wp\/v2\/pages\/3545","targetHints":{"allow":["GET"]}}],"collection":[{"href":"https:\/\/marsuyhdistys.net\/home\/wp-json\/wp\/v2\/pages"}],"about":[{"href":"https:\/\/marsuyhdistys.net\/home\/wp-json\/wp\/v2\/types\/page"}],"author":[{"embeddable":true,"href":"https:\/\/marsuyhdistys.net\/home\/wp-json\/wp\/v2\/users\/10"}],"replies":[{"embeddable":true,"href":"https:\/\/marsuyhdistys.net\/home\/wp-json\/wp\/v2\/comments?post=3545"}],"version-history":[{"count":1,"href":"https:\/\/marsuyhdistys.net\/home\/wp-json\/wp\/v2\/pages\/3545\/revisions"}],"predecessor-version":[{"id":3546,"href":"https:\/\/marsuyhdistys.net\/home\/wp-json\/wp\/v2\/pages\/3545\/revisions\/3546"}],"wp:attachment":[{"href":"https:\/\/marsuyhdistys.net\/home\/wp-json\/wp\/v2\/media?parent=3545"}],"curies":[{"name":"wp","href":"https:\/\/api.w.org\/{rel}","templated":true}]}}